{"id":4868,"date":"2023-07-30T03:57:50","date_gmt":"2023-07-30T03:57:50","guid":{"rendered":"https:\/\/yume-silm.com\/?post_type=product&#038;p=4868"},"modified":"2024-01-10T07:36:06","modified_gmt":"2024-01-10T07:36:06","slug":"eleganter-nahtloser-figurbetonter-bodysuit-in-t-form","status":"publish","type":"product","link":"https:\/\/yume-silm.com\/de\/produkt\/eleganter-nahtloser-figurbetonter-bodysuit-in-t-form\/","title":{"rendered":"Eleganter T-f\u00f6rmiger, nahtloser Shapewear-Body im Gro\u00dfhandel"},"content":{"rendered":"<h5><span data-slate-fragment=\"JTVCJTdCJTIydHlwZSUyMiUzQSUyMnBhcmFncmFwaCUyMiUyQyUyMmNoaWxkcmVuJTIyJTNBJTVCJTdCJTIydGV4dCUyMiUzQSUyMkRlc2lnbiUyMGZlYXR1cmVzJTIyJTJDJTIyc2VudGVuY2UlMjIlM0EyJTJDJTIyY2hpbGRTZW50ZW5jZSUyMiUzQTElN0QlNUQlN0QlNUQ=\">Design-Merkmale<\/span><\/h5>\n<ul>\n<li><strong>Nahtloses T-f\u00f6rmiges Design:<\/strong> Der nahtlose Shapewear-Tanga eliminiert Linien und W\u00f6lbungen und sorgt f\u00fcr einen glatten Look unter jedem Outfit, der sich leicht unter Ihren sch\u00f6nen Kleidungsst\u00fccken verstecken l\u00e4sst.<\/li>\n<li><strong>EINTEILIGER SCHULTERGURT:<\/strong> Der k\u00f6rperformende Damen-Body in \u00dcbergr\u00f6\u00dfe bietet hervorragenden Halt und einen schlanken, eleganten Look. Shapewear garantiert ein angenehmes Tragegef\u00fchl.<\/li>\n<li><strong>ABNEHMBARER SCHRITT:<\/strong> Die besten Shapewear-Jumpsuits bieten un\u00fcbertroffenen Komfort f\u00fcr den Alltag. Gute Bauchkontrolle, formen Sie Ihre Sanduhrfigur selbstbewusst.<\/li>\n<li><strong>KOMFORTABEL UND STILVOLL:<\/strong> Das schlichte Design des \u00e4rmellosen Tangas in T-Form vereint \u00c4sthetik und Komfort. Mit diesem schlichten und eleganten Schlankheits-Body-Shapewear k\u00f6nnen Sie bequem arbeiten, zu einem Date gehen oder sch\u00f6n feiern.<\/li>\n<li><strong>VIELSEITIGKEIT ENTSCHEIDEN:<\/strong> Maidenform-Shapewear ist ein vielseitiges Kleidungsst\u00fcck f\u00fcr alle Jahreszeiten, das Halt bietet und gleichzeitig Ihre nat\u00fcrlichen Kurven betont.<\/li>\n<\/ul>\n<h6><em>Damen-Body mit T-Shirt, \u00e4rmellos, nahtlos, Tanga und Bauchkontrolle<\/em><\/h6>\n<ul>\n<li>Unser eleganter, nahtloser Shapewear-Body in T-Form ist eine Mischung aus Eleganz, Komfort und Funktionalit\u00e4t. F\u00fcr Gro\u00dfh\u00e4ndler, die Premium-Shapewear-L\u00f6sungen anbieten m\u00f6chten, ist dieses Produkt ein Muss. Tauchen Sie mit diesem au\u00dfergew\u00f6hnlichen St\u00fcck in die Welt des Gro\u00dfhandels ein. Bestellen Sie heute!<\/li>\n<\/ul>","protected":false},"excerpt":{"rendered":"<p>Werten Sie Ihr Shapewear-Angebot mit unserem eleganten T-f\u00f6rmigen, nahtlosen Shapewear-Body auf. Dieser Body mit integrierten Spaghettitr\u00e4gern und abnehmbarem Schritt bietet eine nahtlose Silhouette und sorgt daf\u00fcr, dass Ihre Kunden Selbstvertrauen und Stil ausstrahlen.<\/p>","protected":false},"featured_media":4891,"comment_status":"open","ping_status":"closed","template":"","meta":{"site-sidebar-layout":"default","site-content-layout":"default","ast-site-content-layout":"default","site-content-style":"default","site-sidebar-style":"default","ast-global-header-display":"","ast-banner-title-visibility":"","ast-main-header-display":"","ast-hfb-above-header-display":"","ast-hfb-below-header-display":"","ast-hfb-mobile-header-display":"","site-post-title":"","ast-breadcrumbs-content":"","ast-featured-img":"","footer-sml-layout":"","ast-disable-related-posts":"","theme-transparent-header-meta":"default","adv-header-id-meta":"","stick-header-meta":"default","header-above-stick-meta":"","header-main-stick-meta":"","header-below-stick-meta":"","astra-migrate-meta-layouts":"set","ast-page-background-enabled":"default","ast-page-background-meta":{"desktop":{"background-color":"","background-image":"","background-repeat":"repeat","background-position":"center center","background-size":"auto","background-attachment":"scroll","background-type":"","background-media":"","overlay-type":"","overlay-color":"","overlay-opacity":"","overlay-gradient":""},"tablet":{"background-color":"","background-image":"","background-repeat":"repeat","background-position":"center center","background-size":"auto","background-attachment":"scroll","background-type":"","background-media":"","overlay-type":"","overlay-color":"","overlay-opacity":"","overlay-gradient":""},"mobile":{"background-color":"","background-image":"","background-repeat":"repeat","background-position":"center center","background-size":"auto","background-attachment":"scroll","background-type":"","background-media":"","overlay-type":"","overlay-color":"","overlay-opacity":"","overlay-gradient":""}},"ast-content-background-meta":{"desktop":{"background-color":"var(--ast-global-color-5)","background-image":"","background-repeat":"repeat","background-position":"center center","background-size":"auto","background-attachment":"scroll","background-type":"","background-media":"","overlay-type":"","overlay-color":"","overlay-opacity":"","overlay-gradient":""},"tablet":{"background-color":"var(--ast-global-color-5)","background-image":"","background-repeat":"repeat","background-position":"center center","background-size":"auto","background-attachment":"scroll","background-type":"","background-media":"","overlay-type":"","overlay-color":"","overlay-opacity":"","overlay-gradient":""},"mobile":{"background-color":"var(--ast-global-color-5)","background-image":"","background-repeat":"repeat","background-position":"center center","background-size":"auto","background-attachment":"scroll","background-type":"","background-media":"","overlay-type":"","overlay-color":"","overlay-opacity":"","overlay-gradient":""}}},"product_brand":[],"product_cat":[65,76,77,79,82],"product_tag":[511,419,136,510,141,491,509,138,500,512],"class_list":{"0":"post-4868","1":"product","2":"type-product","3":"status-publish","4":"has-post-thumbnail","6":"product_cat-best-sellers","7":"product_cat-new-arrivels","8":"product_cat-wholesale-womens-shapewear","9":"product_cat-wholesale-seemless-shaperwear","10":"product_cat-wholesale-shapewear-bodysuit","11":"product_tag-black","12":"product_tag-bodysuit","13":"product_tag-bridal","14":"product_tag-maidenform","15":"product_tag-plus-size","16":"product_tag-seamless","17":"product_tag-spanx","18":"product_tag-thong","19":"product_tag-tummy-control","20":"product_tag-yellow","21":"pa_color-beige","22":"pa_color-black","23":"pa_color-yellow","24":"pa_size-l","25":"pa_size-m","26":"pa_size-s","27":"pa_size-xl","28":"pa_size-xxl","29":"pa_size-xxxl","30":"desktop-align-center","31":"tablet-align-left","32":"mobile-align-left","33":"ast-product-gallery-layout-horizontal-slider","34":"ast-product-single-variable","35":"ast-product-tabs-layout-horizontal","36":"ast-qv-on-image","38":"first","39":"instock","40":"shipping-taxable","41":"purchasable","42":"product-type-variable"},"tiered_pricing_type":"fixed","tiered_pricing_fixed_rules":{"2":4.69,"30":4.39,"500":3.59},"tiered_pricing_product_settings":{"layout":"default","base_unit_name":{"singular":null,"plural":null},"default_variation":{}},"tiered_pricing_minimum_quantity":null,"tiered_pricing_roles_data":[],"tiered_pricing_percentage_rules":[],"_links":{"self":[{"href":"https:\/\/yume-silm.com\/de\/wp-json\/wp\/v2\/product\/4868","targetHints":{"allow":["GET"]}}],"collection":[{"href":"https:\/\/yume-silm.com\/de\/wp-json\/wp\/v2\/product"}],"about":[{"href":"https:\/\/yume-silm.com\/de\/wp-json\/wp\/v2\/types\/product"}],"replies":[{"embeddable":true,"href":"https:\/\/yume-silm.com\/de\/wp-json\/wp\/v2\/comments?post=4868"}],"wp:featuredmedia":[{"embeddable":true,"href":"https:\/\/yume-silm.com\/de\/wp-json\/wp\/v2\/media\/4891"}],"wp:attachment":[{"href":"https:\/\/yume-silm.com\/de\/wp-json\/wp\/v2\/media?parent=4868"}],"wp:term":[{"taxonomy":"product_brand","embeddable":true,"href":"https:\/\/yume-silm.com\/de\/wp-json\/wp\/v2\/product_brand?post=4868"},{"taxonomy":"product_cat","embeddable":true,"href":"https:\/\/yume-silm.com\/de\/wp-json\/wp\/v2\/product_cat?post=4868"},{"taxonomy":"product_tag","embeddable":true,"href":"https:\/\/yume-silm.com\/de\/wp-json\/wp\/v2\/product_tag?post=4868"}],"curies":[{"name":"wp","href":"https:\/\/api.w.org\/{rel}","templated":true}]}}