{"id":5004,"date":"2023-07-31T09:17:36","date_gmt":"2023-07-31T09:17:36","guid":{"rendered":"https:\/\/yume-silm.com\/?post_type=product&#038;p=5004"},"modified":"2024-05-11T05:47:27","modified_gmt":"2024-05-11T05:47:27","slug":"hochelastischer-sportschutzgurtel","status":"publish","type":"product","link":"https:\/\/yume-silm.com\/de\/produkt\/hochelastischer-sportschutzgurtel\/","title":{"rendered":"Gro\u00dfhandel Taillentrimmer-Wickelschwei\u00dfg\u00fcrtel"},"content":{"rendered":"<h5>Design-Merkmale<\/h5>\n<ul>\n<li><strong>BAUCHFORMUNG UND R\u00dcCKENST\u00dcTZE:<\/strong> Der Taillentrimmerg\u00fcrtel mit 5 befestigten Knochen sorgt f\u00fcr Halt und Schutz Ihres unteren R\u00fcckens w\u00e4hrend des Trainings und verbessert die Formung Ihres Bauches. Es hilft auch, die K\u00f6rperhaltung zu korrigieren und Beschwerden durch R\u00fcckenschmerzen zu lindern.<\/li>\n<li><strong>F\u00d6RDERT GEWICHTSVERLUST UND ERHOLUNG NACH DER PRODUKTION:<\/strong> Tragen Sie dieses Schwei\u00dfband zur Gewichtsreduktion jeden Tag beim Laufen, Fitness, Yoga und anderen \u00dcbungen, um die Fettverbrennung im Bauchbereich zu beschleunigen. Der Taillentrimmerg\u00fcrtel verf\u00fcgt \u00fcber eine Anti-Rutsch-Funktion. Sie k\u00f6nnen sicher sein, dass er w\u00e4hrend des Trainings nicht so leicht abrutscht. Der Bandbauch-Bauchwickel hilft Frauen auch dabei, ihre durch die Geburt aus der Form geratene K\u00f6rperform wiederherzustellen, die Haut zu straffen und den Bauch f\u00fcr eine ideale Konturierung zu kontrollieren. Nat\u00fcrlich k\u00f6nnen Sie es zu jedem Anlass verwenden, einschlie\u00dflich Arbeit, Alltag, Training, Fitness oder Yoga.<\/li>\n<li><strong>AUSGEZEICHNETE QUALIT\u00c4T UND KOMFORTABLE PASSFORM:<\/strong> Der schlankmachende Sauna-Taillenschneider besteht aus hochwertigem Neoprenmaterial, ist bequem und elastisch, er nimmt au\u00dferdem schneller an Schwei\u00df zu und verliert Gewicht. Sportg\u00fcrtel mit gleichm\u00e4\u00dfig verteilten kleinen Maschen, um Atmungsaktivit\u00e4t zu gew\u00e4hrleisten. Es kann die Atmung Ihrer Bauchhaut verst\u00e4rken, wenn Sie stark schwitzen.<\/li>\n<li><strong>Fr\u00f6hliches Training und mehr Selbstvertrauen:<\/strong> Das Tragen dieses schlankmachenden Sauna-Taillentrimmers erm\u00f6glicht es Ihnen, viele \u00dcbungen mit Freude zu machen und bietet Sportbegeisterten eine gro\u00dfe Auswahl. Einschlie\u00dflich Gewichtheben, Radfahren, Laufen, Yoga und andere Sportarten. Sie k\u00f6nnen das Tragen unseres Taillentrimmer-Schwei\u00dfg\u00fcrtels nutzen, um alle Arten von \u00dcbungen durchzuf\u00fchren und Ihre Sanduhrkurve so schnell wie m\u00f6glich zu formen. Finden Sie Ihre eigene Sch\u00f6nheit.<\/li>\n<\/ul>\n<h6><em>Taillentrimmer f\u00fcr Damen und Herren zur Fitness-Gewichtsabnahme und R\u00fcckenunterst\u00fctzung<\/em><\/h6>\n<ul>\n<li>Unsere Taillentrimmer-Schwei\u00dfg\u00fcrtel vereinen Komfort, Schutz und Funktionalit\u00e4t. Dieses Produkt ist ein Muss f\u00fcr Gro\u00dfh\u00e4ndler, die hochwertige Sportausr\u00fcstungsl\u00f6sungen anbieten m\u00f6chten. Betreten Sie die Welt des Gro\u00dfhandels mit diesem au\u00dfergew\u00f6hnlichen Produkt. Jetzt bestellen!<\/li>\n<\/ul>","protected":false},"excerpt":{"rendered":"<p>Werten Sie Ihre Sportausr\u00fcstungskollektion mit unserem Taillentrimmer-Schwei\u00dfg\u00fcrtel auf. Dieser G\u00fcrtel besteht aus sieben Stahlst\u00fctzen und atmungsaktivem Stoff und gew\u00e4hrleistet optimale Leistung, Komfort und Schutz bei intensiven k\u00f6rperlichen Aktivit\u00e4ten.<\/p>","protected":false},"featured_media":5036,"comment_status":"open","ping_status":"closed","template":"","meta":{"site-sidebar-layout":"default","site-content-layout":"default","ast-site-content-layout":"default","site-content-style":"default","site-sidebar-style":"default","ast-global-header-display":"","ast-banner-title-visibility":"","ast-main-header-display":"","ast-hfb-above-header-display":"","ast-hfb-below-header-display":"","ast-hfb-mobile-header-display":"","site-post-title":"","ast-breadcrumbs-content":"","ast-featured-img":"","footer-sml-layout":"","ast-disable-related-posts":"","theme-transparent-header-meta":"default","adv-header-id-meta":"","stick-header-meta":"default","header-above-stick-meta":"","header-main-stick-meta":"","header-below-stick-meta":"","astra-migrate-meta-layouts":"set","ast-page-background-enabled":"default","ast-page-background-meta":{"desktop":{"background-color":"","background-image":"","background-repeat":"repeat","background-position":"center center","background-size":"auto","background-attachment":"scroll","background-type":"","background-media":"","overlay-type":"","overlay-color":"","overlay-opacity":"","overlay-gradient":""},"tablet":{"background-color":"","background-image":"","background-repeat":"repeat","background-position":"center center","background-size":"auto","background-attachment":"scroll","background-type":"","background-media":"","overlay-type":"","overlay-color":"","overlay-opacity":"","overlay-gradient":""},"mobile":{"background-color":"","background-image":"","background-repeat":"repeat","background-position":"center center","background-size":"auto","background-attachment":"scroll","background-type":"","background-media":"","overlay-type":"","overlay-color":"","overlay-opacity":"","overlay-gradient":""}},"ast-content-background-meta":{"desktop":{"background-color":"var(--ast-global-color-5)","background-image":"","background-repeat":"repeat","background-position":"center center","background-size":"auto","background-attachment":"scroll","background-type":"","background-media":"","overlay-type":"","overlay-color":"","overlay-opacity":"","overlay-gradient":""},"tablet":{"background-color":"var(--ast-global-color-5)","background-image":"","background-repeat":"repeat","background-position":"center center","background-size":"auto","background-attachment":"scroll","background-type":"","background-media":"","overlay-type":"","overlay-color":"","overlay-opacity":"","overlay-gradient":""},"mobile":{"background-color":"var(--ast-global-color-5)","background-image":"","background-repeat":"repeat","background-position":"center center","background-size":"auto","background-attachment":"scroll","background-type":"","background-media":"","overlay-type":"","overlay-color":"","overlay-opacity":"","overlay-gradient":""}}},"product_brand":[],"product_cat":[65,76,90,96,92],"product_tag":[424,415,140,214,191],"class_list":{"0":"post-5004","1":"product","2":"type-product","3":"status-publish","4":"has-post-thumbnail","6":"product_cat-best-sellers","7":"product_cat-new-arrivels","8":"product_cat-wholesale-waist-trainer","9":"product_cat-sweat-waist-trainer","10":"product_cat-wholesale-waist-girdle","11":"product_tag-customizable-logos","12":"product_tag-lose-weight","13":"product_tag-strapless","14":"product_tag-waist-trainer","15":"product_tag-waist-trainer-with-straps","16":"pa_color-black","17":"pa_color-blue","18":"pa_color-pink","19":"pa_color-yellow","20":"pa_size-l","21":"pa_size-m","22":"pa_size-s","23":"pa_size-xl","24":"pa_size-xxl","25":"desktop-align-center","26":"tablet-align-left","27":"mobile-align-left","28":"ast-product-gallery-layout-horizontal-slider","29":"ast-product-single-variable","30":"ast-product-tabs-layout-horizontal","31":"ast-qv-on-image","33":"first","34":"instock","35":"shipping-taxable","36":"purchasable","37":"product-type-variable"},"tiered_pricing_type":"fixed","tiered_pricing_fixed_rules":{"2":6.19,"30":5.79,"100":4.79},"tiered_pricing_product_settings":{"layout":"default","base_unit_name":{"singular":null,"plural":null},"default_variation":{}},"tiered_pricing_minimum_quantity":null,"tiered_pricing_roles_data":[],"tiered_pricing_percentage_rules":[],"_links":{"self":[{"href":"https:\/\/yume-silm.com\/de\/wp-json\/wp\/v2\/product\/5004","targetHints":{"allow":["GET"]}}],"collection":[{"href":"https:\/\/yume-silm.com\/de\/wp-json\/wp\/v2\/product"}],"about":[{"href":"https:\/\/yume-silm.com\/de\/wp-json\/wp\/v2\/types\/product"}],"replies":[{"embeddable":true,"href":"https:\/\/yume-silm.com\/de\/wp-json\/wp\/v2\/comments?post=5004"}],"wp:featuredmedia":[{"embeddable":true,"href":"https:\/\/yume-silm.com\/de\/wp-json\/wp\/v2\/media\/5036"}],"wp:attachment":[{"href":"https:\/\/yume-silm.com\/de\/wp-json\/wp\/v2\/media?parent=5004"}],"wp:term":[{"taxonomy":"product_brand","embeddable":true,"href":"https:\/\/yume-silm.com\/de\/wp-json\/wp\/v2\/product_brand?post=5004"},{"taxonomy":"product_cat","embeddable":true,"href":"https:\/\/yume-silm.com\/de\/wp-json\/wp\/v2\/product_cat?post=5004"},{"taxonomy":"product_tag","embeddable":true,"href":"https:\/\/yume-silm.com\/de\/wp-json\/wp\/v2\/product_tag?post=5004"}],"curies":[{"name":"wp","href":"https:\/\/api.w.org\/{rel}","templated":true}]}}