{"id":5349,"date":"2023-08-08T06:40:51","date_gmt":"2023-08-08T06:40:51","guid":{"rendered":"https:\/\/yume-silm.com\/?post_type=product&#038;p=5349"},"modified":"2024-11-06T01:48:56","modified_gmt":"2024-11-06T01:48:56","slug":"langarmlige-2-in-1-shapewear-mit-huftwickelrock","status":"publish","type":"product","link":"https:\/\/yume-silm.com\/de\/produkt\/langarmlige-2-in-1-shapewear-mit-huftwickelrock\/","title":{"rendered":"Gro\u00dfhandels-Langarm-Doppelschichtkleid in \u00dcbergr\u00f6\u00dfe"},"content":{"rendered":"<h5>Design-Merkmale<\/h5>\n<ul>\n<li>Weicher und schmeichelhafter Stoff: Das lang\u00e4rmlige doppellagige Kleid in \u00dcbergr\u00f6\u00dfe besteht aus Modalstoff, Modalfasern sind weich, gl\u00e4nzend und farbenfroh, der Stoff f\u00fchlt sich au\u00dfergew\u00f6hnlich glatt an und hat eine tolle drapierende Textur, es ist ein nat\u00fcrlicher merzerisierter Stoff.<\/li>\n<li>8-in-1-VIELSEITIGKEIT: Integrierte Shapewear erm\u00f6glicht sofort eine Ganzk\u00f6rperformung und betont die perfekten K\u00f6rperkurven. Es bewirkt eine Straffung der Brust und der H\u00fcften sowie eine bessere Gl\u00e4ttung des Bauches f\u00fcr eine schmeichelnde Silhouette. Der quadratische Ausschnitt des Freizeitkleides soll die Hals- und Schulterlinie hervorheben und es gro\u00dfz\u00fcgiger und sch\u00f6ner machen.<\/li>\n<li>Integrierter BH: Dies ist ein sexy Kleid. Der hautfreundliche Stoff der integrierten Shapewear ist leicht und atmungsaktiv. Es sorgt daf\u00fcr, dass Sie sich bequem und wohl f\u00fchlen, auch wenn Sie es den ganzen Tag tragen.<\/li>\n<li>OFFENES FORM-DESIGN: Das k\u00f6rperformende Korsett hat ein wendiges Design mit offenem Schritt, das praktisch ist und sehr schmeichelhaft ist. Damit k\u00f6nnen Sie auf die Toilette gehen, ohne das ganze Kleid ausziehen zu m\u00fcssen.<\/li>\n<li>VIELSEITIGE MODE-KLEIDUNG: Das angesagte Wickelkleid kann nicht nur einfach als modisches Wickelkleid verwendet werden, die integrierte, eng anliegende Bauchstraffungs-Shapewear kann auch mit anderen modischen Blazern, Jeans und eleganten Kleidern kombiniert werden. Das sexy Damenkleid macht es Ihnen leicht, eine Woche lang eine Vielzahl von Outfits zu kreieren. Tragen Sie ein lang\u00e4rmliges, doppellagiges Kleid in \u00dcbergr\u00f6\u00dfe, um bei Ihrem Date, Ihrer Gala, Ihrer Party, Ihrem Club und mehr f\u00fcr Furore zu sorgen.<\/li>\n<\/ul>\n<h6><em>Figurformendes Bodykleid mit integriertem BH<\/em><\/h6>\n<div class=\"ast-oembed-container\" style=\"height: 100%;\"><iframe title=\"Lang\u00e4rmlige 2-in-1-Shapewear mit H\u00fcftwickelrock und atmungsaktivem Mesh\" width=\"500\" height=\"281\" src=\"https:\/\/www.youtube.com\/embed\/v4qhRhvceok?feature=oembed\" frameborder=\"0\" allow=\"accelerometer; autoplay; clipboard-write; encrypted-media; gyroscope; picture-in-picture; web-share\" referrerpolicy=\"strict-origin-when-cross-origin\" allowfullscreen><\/iframe><\/div>","protected":false},"excerpt":{"rendered":"<p>Unser doppellagiges Langarmkleid in \u00dcbergr\u00f6\u00dfe ist mehr als nur ein Kleidungsst\u00fcck, es ist ein Ausdruck von Eleganz und St\u00e4rke. Das innovative Design vereint Form, Stil und Komfort. Werten Sie Ihre Garderobe noch heute auf!<\/p>","protected":false},"featured_media":5361,"comment_status":"open","ping_status":"closed","template":"","meta":{"site-sidebar-layout":"default","site-content-layout":"default","ast-site-content-layout":"default","site-content-style":"default","site-sidebar-style":"default","ast-global-header-display":"","ast-banner-title-visibility":"","ast-main-header-display":"","ast-hfb-above-header-display":"","ast-hfb-below-header-display":"","ast-hfb-mobile-header-display":"","site-post-title":"","ast-breadcrumbs-content":"","ast-featured-img":"","footer-sml-layout":"","ast-disable-related-posts":"","theme-transparent-header-meta":"default","adv-header-id-meta":"","stick-header-meta":"default","header-above-stick-meta":"","header-main-stick-meta":"","header-below-stick-meta":"","astra-migrate-meta-layouts":"set","ast-page-background-enabled":"default","ast-page-background-meta":{"desktop":{"background-color":"","background-image":"","background-repeat":"repeat","background-position":"center center","background-size":"auto","background-attachment":"scroll","background-type":"","background-media":"","overlay-type":"","overlay-color":"","overlay-opacity":"","overlay-gradient":""},"tablet":{"background-color":"","background-image":"","background-repeat":"repeat","background-position":"center center","background-size":"auto","background-attachment":"scroll","background-type":"","background-media":"","overlay-type":"","overlay-color":"","overlay-opacity":"","overlay-gradient":""},"mobile":{"background-color":"","background-image":"","background-repeat":"repeat","background-position":"center center","background-size":"auto","background-attachment":"scroll","background-type":"","background-media":"","overlay-type":"","overlay-color":"","overlay-opacity":"","overlay-gradient":""}},"ast-content-background-meta":{"desktop":{"background-color":"var(--ast-global-color-5)","background-image":"","background-repeat":"repeat","background-position":"center center","background-size":"auto","background-attachment":"scroll","background-type":"","background-media":"","overlay-type":"","overlay-color":"","overlay-opacity":"","overlay-gradient":""},"tablet":{"background-color":"var(--ast-global-color-5)","background-image":"","background-repeat":"repeat","background-position":"center center","background-size":"auto","background-attachment":"scroll","background-type":"","background-media":"","overlay-type":"","overlay-color":"","overlay-opacity":"","overlay-gradient":""},"mobile":{"background-color":"var(--ast-global-color-5)","background-image":"","background-repeat":"repeat","background-position":"center center","background-size":"auto","background-attachment":"scroll","background-type":"","background-media":"","overlay-type":"","overlay-color":"","overlay-opacity":"","overlay-gradient":""}}},"product_brand":[],"product_cat":[76,77,79,78],"product_tag":[187,135,136,426,183,415,427],"class_list":{"0":"post-5349","1":"product","2":"type-product","3":"status-publish","4":"has-post-thumbnail","6":"product_cat-new-arrivels","7":"product_cat-wholesale-womens-shapewear","8":"product_cat-wholesale-seemless-shaperwear","9":"product_cat-wholesale-full-body-shaper","10":"product_tag-2-in-1","11":"product_tag-all-in-one","12":"product_tag-bridal","13":"product_tag-jumpsuit","14":"product_tag-long-sleeve","15":"product_tag-lose-weight","16":"product_tag-shaping-bodysuit-dress","17":"pa_color-black","18":"pa_size-l","19":"pa_size-m","20":"pa_size-s","21":"pa_size-xl","22":"pa_size-xxl","23":"pa_size-xxxl","24":"desktop-align-center","25":"tablet-align-left","26":"mobile-align-left","27":"ast-product-gallery-layout-horizontal-slider","28":"ast-product-single-variable","29":"ast-product-tabs-layout-horizontal","30":"ast-qv-on-image","32":"first","33":"instock","34":"shipping-taxable","35":"purchasable","36":"product-type-variable"},"tiered_pricing_type":"fixed","tiered_pricing_fixed_rules":{"2":19.59,"30":18.29,"500":15.29},"tiered_pricing_product_settings":{"layout":"default","base_unit_name":{"singular":null,"plural":null},"default_variation":null},"tiered_pricing_minimum_quantity":null,"tiered_pricing_roles_data":[],"tiered_pricing_percentage_rules":[],"_links":{"self":[{"href":"https:\/\/yume-silm.com\/de\/wp-json\/wp\/v2\/product\/5349","targetHints":{"allow":["GET"]}}],"collection":[{"href":"https:\/\/yume-silm.com\/de\/wp-json\/wp\/v2\/product"}],"about":[{"href":"https:\/\/yume-silm.com\/de\/wp-json\/wp\/v2\/types\/product"}],"replies":[{"embeddable":true,"href":"https:\/\/yume-silm.com\/de\/wp-json\/wp\/v2\/comments?post=5349"}],"wp:featuredmedia":[{"embeddable":true,"href":"https:\/\/yume-silm.com\/de\/wp-json\/wp\/v2\/media\/5361"}],"wp:attachment":[{"href":"https:\/\/yume-silm.com\/de\/wp-json\/wp\/v2\/media?parent=5349"}],"wp:term":[{"taxonomy":"product_brand","embeddable":true,"href":"https:\/\/yume-silm.com\/de\/wp-json\/wp\/v2\/product_brand?post=5349"},{"taxonomy":"product_cat","embeddable":true,"href":"https:\/\/yume-silm.com\/de\/wp-json\/wp\/v2\/product_cat?post=5349"},{"taxonomy":"product_tag","embeddable":true,"href":"https:\/\/yume-silm.com\/de\/wp-json\/wp\/v2\/product_tag?post=5349"}],"curies":[{"name":"wp","href":"https:\/\/api.w.org\/{rel}","templated":true}]}}