{"id":5985,"date":"2023-09-14T07:13:07","date_gmt":"2023-09-14T07:13:07","guid":{"rendered":"https:\/\/yume-silm.com\/?post_type=product&#038;p=5985"},"modified":"2024-05-11T06:24:20","modified_gmt":"2024-05-11T06:24:20","slug":"groshandel-bedruckter-elegance-e-cup-der-ultimative-illusion-bh","status":"publish","type":"product","link":"https:\/\/yume-silm.com\/de\/produkt\/groshandel-bedruckter-elegance-e-cup-der-ultimative-illusion-bh\/","title":{"rendered":"Bedruckter E-Cup-BH in \u00dcbergr\u00f6\u00dfe im Gro\u00dfhandel"},"content":{"rendered":"<h5>Design-Merkmale<\/h5>\n<ul>\n<li><strong>E-CUP:<\/strong> Damen-BHs in \u00dcbergr\u00f6\u00dfen sind in verschiedenen Gr\u00f6\u00dfen erh\u00e4ltlich und so konzipiert, dass sie jede Kurve der E-Cup-Tr\u00e4gerin st\u00fctzen, anheben und betonen und gleichzeitig die Br\u00fcste kleiner erscheinen lassen.<\/li>\n<li><strong>UNTERST\u00dcTZUNG:<\/strong> Dieser bedruckte, elegante E-Cup-BH in \u00dcbergr\u00f6\u00dfe mit subtiler Push-up-Unterst\u00fctzung bietet genau das richtige Ma\u00df an Auftrieb, um die nat\u00fcrlichen Konturen des K\u00f6rpers f\u00fcr ultimativen Komfort und Selbstvertrauen zu betonen.<\/li>\n<li><strong>DRUCKEN:<\/strong> Elegante Damenunterw\u00e4sche mit modernen Drucken verleiht einen stilvollen Touch und tr\u00e4gt dazu bei, die Brust zu verkleinern.<\/li>\n<li><strong>LEICHT UND KOMFORTABEL:<\/strong> Diese Damenunterw\u00e4sche mit Druckdesign besteht aus atmungsaktiven Materialien, die den ganzen Tag \u00fcber Komfort bieten.<\/li>\n<\/ul>\n<h6><em>Bedruckter St\u00fctz-BH f\u00fcr Damen in \u00dcbergr\u00f6\u00dfe f\u00fcr gro\u00dfe K\u00f6rbchengr\u00f6\u00dfen<\/em><\/h6>\n<ul>\n<li><span data-slate-fragment=\"JTVCJTdCJTIydHlwZSUyMiUzQSUyMnBhcmFncmFwaCUyMiUyQyUyMmNoaWxkcmVuJTIyJTNBJTVCJTdCJTIydGV4dCUyMiUzQSUyMlRoZSUyMHByaW50ZWQlMjBlbGVnYW5jZSUyMGUtY3VwJTIwcGx1cyUyMHNpemUlMjBicmElMjBhbGxvd3MlMjB5b3UlMjB0byUyMGVudGVyJTIwYSUyMHdvcmxkJTIwb2YlMjBmYXNoaW9uJTIwYW5kJTIwc3Vic3RhbmNlLiUyMFRoaXMlMjB3b21lbidzJTIwbGluZ2VyaWUlMjBjb2xsZWN0aW9uJTIwd2lsbCUyMHJldm9sdXRpb25pemUlMjB5b3VyJTIwbGluZ2VyaWUlMjB3ZWFyaW5nJTIwZXhwZXJpZW5jZSUyMGFuZCUyMG1ha2UlMjB5b3UlMjBsb29rJTIweW91ciUyMGJlc3QuJTIwRW5qb3klMjB0d28lMjB3b3JsZHMlM0ElMjB0aGUlMjBwZXJmZWN0JTIwY29tYmluYXRpb24lMjBvZiUyMHVwbGlmdCUyMGFuZCUyMGVsZWdhbnQlMjBwcmludHMhJTIyJTdEJTVEJTdEJTVE\">Der bedruckte Eleganz-E-Cup-BH in \u00dcbergr\u00f6\u00dfe erm\u00f6glicht Ihnen den Eintritt in eine Welt voller Mode und Substanz. Diese Damen-Dessous-Kollektion wird Ihr Dessous-Trageerlebnis revolutionieren und Sie gro\u00dfartig aussehen lassen. Genie\u00dfen Sie zwei Welten: die perfekte Kombination aus Auftrieb und eleganten Drucken!<\/span><\/li>\n<\/ul>","protected":false},"excerpt":{"rendered":"<p>Tauchen Sie ein in die Welt des Stils und der Raffinesse mit dem \u201ePrinted Elegance E-Cup\u201c-BH. Der bedruckte, elegante E-Cup-BH in \u00dcbergr\u00f6\u00dfe wurde speziell entwickelt, um die Illusion kleinerer Br\u00fcste zu erzeugen. Er kombiniert luxuri\u00f6se Push-up-Unterst\u00fctzung mit einem auff\u00e4lligen Druckmuster f\u00fcr einen unwiderstehlich schicken Look, den E-Cup-Tr\u00e4gerinnen f\u00fcr einen elegant-dezenten Auftritt genie\u00dfen k\u00f6nnen.<\/p>","protected":false},"featured_media":6012,"comment_status":"open","ping_status":"closed","template":"","meta":{"site-sidebar-layout":"default","site-content-layout":"","ast-site-content-layout":"default","site-content-style":"default","site-sidebar-style":"default","ast-global-header-display":"","ast-banner-title-visibility":"","ast-main-header-display":"","ast-hfb-above-header-display":"","ast-hfb-below-header-display":"","ast-hfb-mobile-header-display":"","site-post-title":"","ast-breadcrumbs-content":"","ast-featured-img":"","footer-sml-layout":"","ast-disable-related-posts":"","theme-transparent-header-meta":"default","adv-header-id-meta":"","stick-header-meta":"default","header-above-stick-meta":"","header-main-stick-meta":"","header-below-stick-meta":"","astra-migrate-meta-layouts":"set","ast-page-background-enabled":"default","ast-page-background-meta":{"desktop":{"background-color":"","background-image":"","background-repeat":"repeat","background-position":"center center","background-size":"auto","background-attachment":"scroll","background-type":"","background-media":"","overlay-type":"","overlay-color":"","overlay-opacity":"","overlay-gradient":""},"tablet":{"background-color":"","background-image":"","background-repeat":"repeat","background-position":"center center","background-size":"auto","background-attachment":"scroll","background-type":"","background-media":"","overlay-type":"","overlay-color":"","overlay-opacity":"","overlay-gradient":""},"mobile":{"background-color":"","background-image":"","background-repeat":"repeat","background-position":"center center","background-size":"auto","background-attachment":"scroll","background-type":"","background-media":"","overlay-type":"","overlay-color":"","overlay-opacity":"","overlay-gradient":""}},"ast-content-background-meta":{"desktop":{"background-color":"var(--ast-global-color-5)","background-image":"","background-repeat":"repeat","background-position":"center center","background-size":"auto","background-attachment":"scroll","background-type":"","background-media":"","overlay-type":"","overlay-color":"","overlay-opacity":"","overlay-gradient":""},"tablet":{"background-color":"var(--ast-global-color-5)","background-image":"","background-repeat":"repeat","background-position":"center center","background-size":"auto","background-attachment":"scroll","background-type":"","background-media":"","overlay-type":"","overlay-color":"","overlay-opacity":"","overlay-gradient":""},"mobile":{"background-color":"var(--ast-global-color-5)","background-image":"","background-repeat":"repeat","background-position":"center center","background-size":"auto","background-attachment":"scroll","background-type":"","background-media":"","overlay-type":"","overlay-color":"","overlay-opacity":"","overlay-gradient":""}}},"product_brand":[],"product_cat":[259,583],"product_tag":[407,400,397,472,402,396],"class_list":{"0":"post-5985","1":"product","2":"type-product","3":"status-publish","4":"has-post-thumbnail","6":"product_cat-lingerie","7":"product_cat-plus-size-underwear","8":"product_tag-full-cup-bra","9":"product_tag-plus-size-bra","10":"product_tag-plus-size-underwear","11":"product_tag-printing","12":"product_tag-womens-bra","13":"product_tag-womens-underwear","14":"pa_color-black","15":"pa_color-blue","16":"pa_color-khaki","17":"pa_color-pink","18":"pa_size-38e-85e","19":"pa_size-40e-90e","20":"pa_size-42e-95e","21":"pa_size-44e-100e","22":"pa_size-46e-105e","23":"pa_size-48e-110e","24":"desktop-align-center","25":"tablet-align-left","26":"mobile-align-left","27":"ast-product-gallery-layout-horizontal-slider","28":"ast-product-single-variable","29":"ast-product-tabs-layout-horizontal","30":"ast-qv-on-image","32":"first","33":"instock","34":"shipping-taxable","35":"purchasable","36":"product-type-variable"},"tiered_pricing_type":"fixed","tiered_pricing_fixed_rules":{"2":4.19,"30":3.59,"100":3.09},"tiered_pricing_product_settings":{"layout":"default","base_unit_name":{"singular":null,"plural":null},"default_variation":null},"tiered_pricing_minimum_quantity":null,"tiered_pricing_roles_data":[],"tiered_pricing_percentage_rules":[],"_links":{"self":[{"href":"https:\/\/yume-silm.com\/de\/wp-json\/wp\/v2\/product\/5985","targetHints":{"allow":["GET"]}}],"collection":[{"href":"https:\/\/yume-silm.com\/de\/wp-json\/wp\/v2\/product"}],"about":[{"href":"https:\/\/yume-silm.com\/de\/wp-json\/wp\/v2\/types\/product"}],"replies":[{"embeddable":true,"href":"https:\/\/yume-silm.com\/de\/wp-json\/wp\/v2\/comments?post=5985"}],"wp:featuredmedia":[{"embeddable":true,"href":"https:\/\/yume-silm.com\/de\/wp-json\/wp\/v2\/media\/6012"}],"wp:attachment":[{"href":"https:\/\/yume-silm.com\/de\/wp-json\/wp\/v2\/media?parent=5985"}],"wp:term":[{"taxonomy":"product_brand","embeddable":true,"href":"https:\/\/yume-silm.com\/de\/wp-json\/wp\/v2\/product_brand?post=5985"},{"taxonomy":"product_cat","embeddable":true,"href":"https:\/\/yume-silm.com\/de\/wp-json\/wp\/v2\/product_cat?post=5985"},{"taxonomy":"product_tag","embeddable":true,"href":"https:\/\/yume-silm.com\/de\/wp-json\/wp\/v2\/product_tag?post=5985"}],"curies":[{"name":"wp","href":"https:\/\/api.w.org\/{rel}","templated":true}]}}