{"id":6176,"date":"2023-09-15T03:29:17","date_gmt":"2023-09-15T03:29:17","guid":{"rendered":"https:\/\/yume-silm.com\/?post_type=product&#038;p=6176"},"modified":"2024-05-11T06:35:19","modified_gmt":"2024-05-11T06:35:19","slug":"groshandel-eleganz-plus-size-ultradunnes-spitzen-bh-set","status":"publish","type":"product","link":"https:\/\/yume-silm.com\/de\/produkt\/groshandel-eleganz-plus-size-ultradunnes-spitzen-bh-set\/","title":{"rendered":"Gro\u00dfhandels-Unterw\u00e4scheset aus Spitze und Baumwolle in \u00dcbergr\u00f6\u00dfe"},"content":{"rendered":"<h5>Design-Merkmale<\/h5>\n<ul>\n<li><strong>SEXY ZWEITEILIGES UNTERW\u00c4SCHE-SET:<\/strong> Schmeichelhaftes und bequemes zweiteiliges Damen-Dessous-Set. Das halbtransparente Spitzendesign ist genau das richtige Ma\u00df, um das Herz zu ber\u00fchren, und die Baumwolle ist hautfreundlich, um die Atmungsaktivit\u00e4t der Haut zu verbessern. Diese zweiteilige Damenunterw\u00e4sche-Kollektion aus Baumwollspitze ist eine perfekte Mischung aus Bescheidenheit und Verf\u00fchrung.<\/li>\n<li><strong>Dessous f\u00fcr gro\u00dfe Damen:<\/strong> Unsere passende Unterw\u00e4sche mit vollem K\u00f6rbchen ist auf die besonderen Bed\u00fcrfnisse von Frauen mit \u00dcbergr\u00f6\u00dfen zugeschnitten und bietet eine gro\u00dfe Auswahl an Gr\u00f6\u00dfen. Es passt sich leicht Ihren nat\u00fcrlichen Kurven an und verleiht jedem Look und Outfit Selbstvertrauen und Sinnlichkeit.<\/li>\n<li><strong>KOMFORT &amp; UNTERST\u00dcTZUNG:<\/strong> Mit unserem gro\u00dfen BH- und Unterw\u00e4sche-Set k\u00f6nnen Sie Luxus und Natur erleben. Es bietet sanften, praktisch schwerelosen Halt und bietet gleichzeitig die n\u00f6tige Polsterung f\u00fcr unvergleichlichen Komfort.<\/li>\n<li><strong>VERF\u00dcGBARKEIT IM GRO\u00dfHANDEL:<\/strong> F\u00fcr Unternehmen und Einzelh\u00e4ndler ist die Tatsache, dass jetzt Gro\u00dfhandelsk\u00e4ufe m\u00f6glich sind, ein Beweis f\u00fcr unser Engagement, jeder Frau, die danach sucht, hochwertige Dessous-Produkte anzubieten. Bestellen Sie Ihr ganz pers\u00f6nliches Spitzen-Unterw\u00e4sche-Set aus Baumwolle in gro\u00dfen Gr\u00f6\u00dfen!<\/li>\n<\/ul>\n<h6><em>Damenunterw\u00e4sche-Set aus Spitze in gro\u00dfen Gr\u00f6\u00dfen<\/em><\/h6>\n<ul>\n<li>Mit ultrad\u00fcnnen K\u00f6rbchen ist dieses Unterw\u00e4scheset aus Spitzenbaumwolle in \u00dcbergr\u00f6\u00dfe nicht nur bequem, sondern hat auch ein verf\u00fchrerisches Spitzendesign. Entwickelt, um den Bed\u00fcrfnissen der modernen Frau in \u00dcbergr\u00f6\u00dfe gerecht zu werden. Sie weigern sich, Stil oder Komfort zugunsten von Mode oder Aussehen zu opfern. Sie werden bei jedem Tragen in eine Welt voller Luxus und Selbstvertrauen eintauchen!<\/li>\n<\/ul>","protected":false},"excerpt":{"rendered":"<p>Erleben Sie ultimative Eleganz mit dem Spitzen-Unterw\u00e4sche-Set aus Baumwolle in \u00dcbergr\u00f6\u00dfe! Mit seinem ultrad\u00fcnnen K\u00f6rbchen und dem verf\u00fchrerischen, halbtransparenten Spitzendesign strahlt dieses Ensemble nicht nur einen unvergleichlichen Reiz aus, sondern erm\u00f6glicht auch eine sekund\u00e4re Brustverkleinerung f\u00fcr eine \u00e4sthetisch ansprechende Silhouette \u2013 was dieses Set perfekt f\u00fcr Frauen macht, die Stil und Komfort gleicherma\u00dfen suchen!<\/p>","protected":false},"featured_media":6191,"comment_status":"open","ping_status":"closed","template":"","meta":{"site-sidebar-layout":"default","site-content-layout":"","ast-site-content-layout":"default","site-content-style":"default","site-sidebar-style":"default","ast-global-header-display":"","ast-banner-title-visibility":"","ast-main-header-display":"","ast-hfb-above-header-display":"","ast-hfb-below-header-display":"","ast-hfb-mobile-header-display":"","site-post-title":"","ast-breadcrumbs-content":"","ast-featured-img":"","footer-sml-layout":"","ast-disable-related-posts":"","theme-transparent-header-meta":"default","adv-header-id-meta":"","stick-header-meta":"default","header-above-stick-meta":"","header-main-stick-meta":"","header-below-stick-meta":"","astra-migrate-meta-layouts":"set","ast-page-background-enabled":"default","ast-page-background-meta":{"desktop":{"background-color":"","background-image":"","background-repeat":"repeat","background-position":"center center","background-size":"auto","background-attachment":"scroll","background-type":"","background-media":"","overlay-type":"","overlay-color":"","overlay-opacity":"","overlay-gradient":""},"tablet":{"background-color":"","background-image":"","background-repeat":"repeat","background-position":"center center","background-size":"auto","background-attachment":"scroll","background-type":"","background-media":"","overlay-type":"","overlay-color":"","overlay-opacity":"","overlay-gradient":""},"mobile":{"background-color":"","background-image":"","background-repeat":"repeat","background-position":"center center","background-size":"auto","background-attachment":"scroll","background-type":"","background-media":"","overlay-type":"","overlay-color":"","overlay-opacity":"","overlay-gradient":""}},"ast-content-background-meta":{"desktop":{"background-color":"var(--ast-global-color-5)","background-image":"","background-repeat":"repeat","background-position":"center center","background-size":"auto","background-attachment":"scroll","background-type":"","background-media":"","overlay-type":"","overlay-color":"","overlay-opacity":"","overlay-gradient":""},"tablet":{"background-color":"var(--ast-global-color-5)","background-image":"","background-repeat":"repeat","background-position":"center center","background-size":"auto","background-attachment":"scroll","background-type":"","background-media":"","overlay-type":"","overlay-color":"","overlay-opacity":"","overlay-gradient":""},"mobile":{"background-color":"var(--ast-global-color-5)","background-image":"","background-repeat":"repeat","background-position":"center center","background-size":"auto","background-attachment":"scroll","background-type":"","background-media":"","overlay-type":"","overlay-color":"","overlay-opacity":"","overlay-gradient":""}}},"product_brand":[],"product_cat":[259,583],"product_tag":[397,438],"class_list":{"0":"post-6176","1":"product","2":"type-product","3":"status-publish","4":"has-post-thumbnail","6":"product_cat-lingerie","7":"product_cat-plus-size-underwear","8":"product_tag-plus-size-underwear","9":"product_tag-sexy-lingerie","10":"pa_color-black","11":"pa_color-red","12":"pa_size-38-85d","13":"pa_size-40-90d","14":"pa_size-42-95d","15":"pa_size-44-100d","16":"pa_size-46-105d","17":"pa_size-48-110d","18":"desktop-align-center","19":"tablet-align-left","20":"mobile-align-left","21":"ast-product-gallery-layout-horizontal-slider","22":"ast-product-single-variable","23":"ast-product-tabs-layout-horizontal","24":"ast-qv-on-image","26":"first","27":"instock","28":"shipping-taxable","29":"purchasable","30":"product-type-variable"},"tiered_pricing_type":"fixed","tiered_pricing_fixed_rules":{"2":7.19,"30":6.19,"100":5.39},"tiered_pricing_product_settings":{"layout":"default","base_unit_name":{"singular":null,"plural":null},"default_variation":null},"tiered_pricing_minimum_quantity":null,"tiered_pricing_roles_data":[],"tiered_pricing_percentage_rules":[],"_links":{"self":[{"href":"https:\/\/yume-silm.com\/de\/wp-json\/wp\/v2\/product\/6176","targetHints":{"allow":["GET"]}}],"collection":[{"href":"https:\/\/yume-silm.com\/de\/wp-json\/wp\/v2\/product"}],"about":[{"href":"https:\/\/yume-silm.com\/de\/wp-json\/wp\/v2\/types\/product"}],"replies":[{"embeddable":true,"href":"https:\/\/yume-silm.com\/de\/wp-json\/wp\/v2\/comments?post=6176"}],"wp:featuredmedia":[{"embeddable":true,"href":"https:\/\/yume-silm.com\/de\/wp-json\/wp\/v2\/media\/6191"}],"wp:attachment":[{"href":"https:\/\/yume-silm.com\/de\/wp-json\/wp\/v2\/media?parent=6176"}],"wp:term":[{"taxonomy":"product_brand","embeddable":true,"href":"https:\/\/yume-silm.com\/de\/wp-json\/wp\/v2\/product_brand?post=6176"},{"taxonomy":"product_cat","embeddable":true,"href":"https:\/\/yume-silm.com\/de\/wp-json\/wp\/v2\/product_cat?post=6176"},{"taxonomy":"product_tag","embeddable":true,"href":"https:\/\/yume-silm.com\/de\/wp-json\/wp\/v2\/product_tag?post=6176"}],"curies":[{"name":"wp","href":"https:\/\/api.w.org\/{rel}","templated":true}]}}