{"id":6350,"date":"2023-09-21T07:30:02","date_gmt":"2023-09-21T07:30:02","guid":{"rendered":"https:\/\/yume-silm.com\/?post_type=product&#038;p=6350"},"modified":"2024-05-11T06:38:50","modified_gmt":"2024-05-11T06:38:50","slug":"vielseitiger-bandeau-hochzeits-bh-fur-grose-grosen-im-groshandel","status":"publish","type":"product","link":"https:\/\/yume-silm.com\/de\/produkt\/vielseitiger-bandeau-hochzeits-bh-fur-grose-grosen-im-groshandel\/","title":{"rendered":"Silikonfreier Hochzeits-BH in \u00dcbergr\u00f6\u00dfe im Gro\u00dfhandel"},"content":{"rendered":"<h5>Design-Merkmale<\/h5>\n<ul>\n<li><strong>ABNEHMBARE SCHULTERRIEMEN:<\/strong> Unser neuester Damen-BH in \u00dcbergr\u00f6\u00dfe mit abnehmbaren Tr\u00e4gern kann klassisch und tr\u00e4gerlos als Hochzeitsmode getragen werden. Durch das klassische Design und den hervorragenden Halt eignet es sich f\u00fcr jeden Anlass, von formellen Veranstaltungen bis hin zu Freizeitausfl\u00fcgen. Sie alle sind ein St\u00fcck, das Sie zufriedenstellen wird.<\/li>\n<li><strong>D\u00dcNNES BECHER-DESIGN:<\/strong> Bei unserer Damenunterw\u00e4sche stehen Komfort und Zweckm\u00e4\u00dfigkeit im Vordergrund. Die d\u00fcnnen Cups unserer Damen <span data-slate-node=\"text\"><span class=\"00\" data-slate-leaf=\"true\">Silikonfreier Hochzeits-BH in \u00dcbergr\u00f6\u00dfe<\/span><\/span> geben Ihnen die Freiheit, ein leichtes Tragegef\u00fchl zu genie\u00dfen, ohne Kompromisse beim Halt einzugehen. Die d\u00fcnnen K\u00f6rbchen konturieren und heben den Busen an und sorgen so f\u00fcr eine elegante Silhouette.<\/li>\n<li><strong>SILIKONFREIE SICHERHEIT:<\/strong> Verabschieden Sie sich von den Unannehmlichkeiten von Silikongriffen. Dieser BH setzt auf innovative Stofftechnologie, um einen sicheren, rutschfesten Sitz zu gew\u00e4hrleisten, ohne dass Silikon erforderlich ist.<\/li>\n<li><strong>HOCHZEIT MUSS HABEN:<\/strong> Dieser silikonfreie Hochzeits-BH in \u00dcbergr\u00f6\u00dfe ist der beste Freund der Braut. Der silikonfreie Hochzeits-BH in \u00dcbergr\u00f6\u00dfe passt nahtlos unter Ihr Hochzeitskleid und sorgt f\u00fcr Komfort und Stil, sodass Sie an Ihrem gro\u00dfen Tag der Star der Show bleiben.<\/li>\n<\/ul>\n<h6><em>Tr\u00e4gerloser Braut-BH im klassischen Stil, Hochzeits-BH<\/em><\/h6>\n<ul>\n<li>Die Farben sind klassisch: Beige und Schwarz. Verschiedene Gr\u00f6\u00dfen bieten mehr Auswahl und Sie m\u00fcssen sich keine Sorgen um die Gr\u00f6\u00dfe machen.<\/li>\n<\/ul>","protected":false},"excerpt":{"rendered":"<p><span data-slate-node=\"text\"><span class=\"00\" data-slate-leaf=\"true\">Versch\u00f6nern Sie jeden Anlass mit Zuversicht mit unserem silikonfreien Hochzeits-BH in \u00dcbergr\u00f6\u00dfe. <\/span><\/span><span class=\"\" data-slate-node=\"text\"><span class=\"01\" data-slate-leaf=\"true\"><span data-slate-string=\"true\">Es wurde speziell f\u00fcr gr\u00f6\u00dfere Gr\u00f6\u00dfen entwickelt und bietet einen silikonfreien, rutschfesten Griff und einen d\u00fcnnen, aber dennoch st\u00fctzenden K\u00f6rbchen. <\/span><\/span><\/span><span class=\"\" data-slate-node=\"text\" data-slate-fragment=\"JTVCJTdCJTIydHlwZSUyMiUzQSUyMnBhcmFncmFwaCUyMiUyQyUyMmNoaWxkcmVuJTIyJTNBJTVCJTdCJTIydGV4dCUyMiUzQSUyMkdyYWNlJTIwZXZlcnklMjBvY2Nhc2lvbiUyMHdpdGglMjBjb25maWRlbmNlJTIwaW4lMjBvdXIlMjBzaWxpY29uZSUyMGZyZWUlMjBwbHVzJTIwc2l6ZSUyMHdlZGRpbmclMjBicmEuJTIwJTIyJTJDJTIyc2VudGVuY2UlMjIlM0EwJTJDJTIyY2hpbGRTZW50ZW5jZSUyMiUzQTAlN0QlMkMlN0IlMjJ0ZXh0JTIyJTNBJTIyU3BlY2lmaWNhbGx5JTIwY3JhZnRlZCUyMGZvciUyMGxhcmdlciUyMHNpemVzJTJDJTIwaXQlMjBvZmZlcnMlMjBhJTIwc2lsaWNvbmUtZnJlZSUyQyUyMG5vbi1zbGlwJTIwZ3JpcCUyQyUyMGFuZCUyMGElMjB0aGluJTIweWV0JTIwc3VwcG9ydGl2ZSUyMGN1cC4lMjAlMjIlMkMlMjJzZW50ZW5jZSUyMiUzQTAlMkMlMjJjaGlsZFNlbnRlbmNlJTIyJTNBMSU3RCUyQyU3QiUyMnRleHQlMjIlM0ElMjJQZXJmZWN0JTIwZm9yJTIwYnJpZGVzJTJDJTIwYnJpZGVzbWFpZHMlMkMlMjBvciUyMGFueSUyMGVsZWdhbnQlMjBhZmZhaXIuJTIyJTJDJTIyc2VudGVuY2UlMjIlM0EwJTJDJTIyY2hpbGRTZW50ZW5jZSUyMiUzQTIlN0QlNUQlN0QlNUQ=\"><span class=\"02\" data-slate-leaf=\"true\"><span data-slate-string=\"true\">Perfekt f\u00fcr Br\u00e4ute, Brautjungfern oder andere elegante Anl\u00e4sse.<\/span><\/span><\/span><\/p>","protected":false},"featured_media":6409,"comment_status":"open","ping_status":"closed","template":"","meta":{"site-sidebar-layout":"default","site-content-layout":"","ast-site-content-layout":"default","site-content-style":"default","site-sidebar-style":"default","ast-global-header-display":"","ast-banner-title-visibility":"","ast-main-header-display":"","ast-hfb-above-header-display":"","ast-hfb-below-header-display":"","ast-hfb-mobile-header-display":"","site-post-title":"","ast-breadcrumbs-content":"","ast-featured-img":"","footer-sml-layout":"","ast-disable-related-posts":"","theme-transparent-header-meta":"default","adv-header-id-meta":"","stick-header-meta":"default","header-above-stick-meta":"","header-main-stick-meta":"","header-below-stick-meta":"","astra-migrate-meta-layouts":"set","ast-page-background-enabled":"default","ast-page-background-meta":{"desktop":{"background-color":"","background-image":"","background-repeat":"repeat","background-position":"center center","background-size":"auto","background-attachment":"scroll","background-type":"","background-media":"","overlay-type":"","overlay-color":"","overlay-opacity":"","overlay-gradient":""},"tablet":{"background-color":"","background-image":"","background-repeat":"repeat","background-position":"center center","background-size":"auto","background-attachment":"scroll","background-type":"","background-media":"","overlay-type":"","overlay-color":"","overlay-opacity":"","overlay-gradient":""},"mobile":{"background-color":"","background-image":"","background-repeat":"repeat","background-position":"center center","background-size":"auto","background-attachment":"scroll","background-type":"","background-media":"","overlay-type":"","overlay-color":"","overlay-opacity":"","overlay-gradient":""}},"ast-content-background-meta":{"desktop":{"background-color":"var(--ast-global-color-5)","background-image":"","background-repeat":"repeat","background-position":"center center","background-size":"auto","background-attachment":"scroll","background-type":"","background-media":"","overlay-type":"","overlay-color":"","overlay-opacity":"","overlay-gradient":""},"tablet":{"background-color":"var(--ast-global-color-5)","background-image":"","background-repeat":"repeat","background-position":"center center","background-size":"auto","background-attachment":"scroll","background-type":"","background-media":"","overlay-type":"","overlay-color":"","overlay-opacity":"","overlay-gradient":""},"mobile":{"background-color":"var(--ast-global-color-5)","background-image":"","background-repeat":"repeat","background-position":"center center","background-size":"auto","background-attachment":"scroll","background-type":"","background-media":"","overlay-type":"","overlay-color":"","overlay-opacity":"","overlay-gradient":""}}},"product_brand":[],"product_cat":[65,76,259,583],"product_tag":[445,400,446],"class_list":{"0":"post-6350","1":"product","2":"type-product","3":"status-publish","4":"has-post-thumbnail","6":"product_cat-best-sellers","7":"product_cat-new-arrivels","8":"product_cat-lingerie","9":"product_cat-plus-size-underwear","10":"product_tag-bridal-bra","11":"product_tag-plus-size-bra","12":"product_tag-wedding-bra","13":"pa_color-beige","14":"pa_color-black","15":"pa_size-100d","16":"pa_size-100e","17":"pa_size-100f","18":"pa_size-100g","19":"pa_size-105d","20":"pa_size-105e","21":"pa_size-105f","22":"pa_size-105g","23":"pa_size-75e","24":"pa_size-75f","25":"pa_size-75g","26":"pa_size-80d","27":"pa_size-80e","28":"pa_size-80f","29":"pa_size-80g","30":"pa_size-85e","31":"pa_size-85f","32":"pa_size-85g","33":"pa_size-90e","34":"pa_size-90f","35":"pa_size-90g","36":"pa_size-95d","37":"pa_size-95e","38":"pa_size-95f","39":"pa_size-95g","40":"desktop-align-center","41":"tablet-align-left","42":"mobile-align-left","43":"ast-product-gallery-layout-horizontal-slider","44":"ast-product-single-variable","45":"ast-product-tabs-layout-horizontal","46":"ast-qv-on-image","48":"first","49":"instock","50":"shipping-taxable","51":"purchasable","52":"product-type-variable"},"tiered_pricing_type":"fixed","tiered_pricing_fixed_rules":{"2":12.59,"30":10.79,"100":9.49},"tiered_pricing_product_settings":{"layout":"default","base_unit_name":{"singular":null,"plural":null},"default_variation":{}},"tiered_pricing_minimum_quantity":null,"tiered_pricing_roles_data":[],"tiered_pricing_percentage_rules":[],"_links":{"self":[{"href":"https:\/\/yume-silm.com\/de\/wp-json\/wp\/v2\/product\/6350","targetHints":{"allow":["GET"]}}],"collection":[{"href":"https:\/\/yume-silm.com\/de\/wp-json\/wp\/v2\/product"}],"about":[{"href":"https:\/\/yume-silm.com\/de\/wp-json\/wp\/v2\/types\/product"}],"replies":[{"embeddable":true,"href":"https:\/\/yume-silm.com\/de\/wp-json\/wp\/v2\/comments?post=6350"}],"wp:featuredmedia":[{"embeddable":true,"href":"https:\/\/yume-silm.com\/de\/wp-json\/wp\/v2\/media\/6409"}],"wp:attachment":[{"href":"https:\/\/yume-silm.com\/de\/wp-json\/wp\/v2\/media?parent=6350"}],"wp:term":[{"taxonomy":"product_brand","embeddable":true,"href":"https:\/\/yume-silm.com\/de\/wp-json\/wp\/v2\/product_brand?post=6350"},{"taxonomy":"product_cat","embeddable":true,"href":"https:\/\/yume-silm.com\/de\/wp-json\/wp\/v2\/product_cat?post=6350"},{"taxonomy":"product_tag","embeddable":true,"href":"https:\/\/yume-silm.com\/de\/wp-json\/wp\/v2\/product_tag?post=6350"}],"curies":[{"name":"wp","href":"https:\/\/api.w.org\/{rel}","templated":true}]}}