{"id":6416,"date":"2023-09-22T06:23:46","date_gmt":"2023-09-22T06:23:46","guid":{"rendered":"https:\/\/yume-silm.com\/?post_type=product&#038;p=6416"},"modified":"2024-05-11T06:41:28","modified_gmt":"2024-05-11T06:41:28","slug":"groshandel-seidene-eleganz-glanzender-plus-size-bh-fur-ghij-cup","status":"publish","type":"product","link":"https:\/\/yume-silm.com\/de\/produkt\/groshandel-seidene-eleganz-glanzender-plus-size-bh-fur-ghij-cup\/","title":{"rendered":"Gro\u00dfhandel mit ultrad\u00fcnnem, gl\u00e4nzendem BH in \u00dcbergr\u00f6\u00dfe f\u00fcr GHIJ-Cup"},"content":{"rendered":"<h5>Design-Merkmale<\/h5>\n<ul>\n<li><strong>ULTRA D\u00dcNN GL\u00c4NZEND:<\/strong> Unsere ultrad\u00fcnnen Plus-Size-BHs, die haupts\u00e4chlich aus Polyester bestehen, sind seidig und gl\u00e4nzend, ohne dass hohe Wartungskosten anfallen. Der ultrad\u00fcnne BH kann den ganzen Tag \u00fcber bequem getragen werden, sodass Sie sich jederzeit entspannt und stressfrei f\u00fchlen. Auch die d\u00fcnnen K\u00f6rbchen bieten Halt und sorgen daf\u00fcr, dass Sie den ganzen Tag \u00fcber bequem und sch\u00f6n gebettet sind. F\u00fcgen Sie Ihrer Dessous-Kollektion ein raffiniertes Element hinzu, damit Sie sich bei jedem Tragen eleganter f\u00fchlen.<\/li>\n<li><strong>ANGEPASST F\u00dcR GHIJ-BECHER:<\/strong> Die Dessous sind f\u00fcr extragro\u00dfe K\u00f6rbchen konzipiert, um den individuellen Bed\u00fcrfnissen von Frauen mit \u00dcbergr\u00f6\u00dfen gerecht zu werden und sicherzustellen, dass Frauen mit volleren Br\u00fcsten keine Kompromisse zwischen Stil und Passform eingehen m\u00fcssen. Eine Damen-Dessous-Kollektion, die gr\u00f6\u00dfere Br\u00fcste perfekt unterst\u00fctzt, ohne sie einzuengen. Sei dein strahlendstes Selbst.<\/li>\n<li><strong>LEICHT UND KOMFORTABEL:<\/strong> Die Damen-Vollschalen-BH-Kollektion ist leicht und angenehm zu tragen, feuchtigkeitstransportierend und atmungsaktiv und passt sich Ihren sch\u00f6nen Br\u00fcsten an. Raffungs-BHs haben au\u00dferdem eine gewisse Elastizit\u00e4t und sind verstellbar, um mehr M\u00f6glichkeiten zu schaffen.<\/li>\n<li><strong>MEHRERE GR\u00d6SSENWAHL:<\/strong> Unser schlichter und nat\u00fcrlicher, ultrad\u00fcnner, gl\u00e4nzender Damen-BH in \u00dcbergr\u00f6\u00dfe erf\u00fcllt die Bed\u00fcrfnisse von Frauen mit unterschiedlichen Brustgr\u00f6\u00dfen und bietet Ihnen eine gro\u00dfe Auswahl an Gr\u00f6\u00dfen.<\/li>\n<\/ul>\n<h6><em>Ultrad\u00fcnne, glatte, geraffte BH-Unterw\u00e4sche f\u00fcr Damen in gro\u00dfen Gr\u00f6\u00dfen<\/em><\/h6>\n<ul>\n<li>Unsere ultrad\u00fcnnen, gl\u00e4nzenden BHs in \u00dcbergr\u00f6\u00dfe vereinen Komfort, Halt und zeitlose Eleganz f\u00fcr Frauen mit einzigartigem Geschmack und volleren Br\u00fcsten, sodass Sie die Welt des Luxus genie\u00dfen k\u00f6nnen. Jede Kurve verdient es, den besten BH zu tragen.<\/li>\n<\/ul>","protected":false},"excerpt":{"rendered":"<p>G\u00f6nnen Sie sich den schimmernden Reiz unseres BHs aus simulierter Seide, der speziell f\u00fcr die exquisiten GHIJ-K\u00f6rbchengr\u00f6\u00dfen entwickelt wurde. Dieser ultrad\u00fcnne, gl\u00e4nzende BH in \u00dcbergr\u00f6\u00dfe bietet ein luxuri\u00f6ses Aussehen und Gef\u00fchl und h\u00fcllt Sie in Eleganz und kompromisslosen Komfort.<\/p>","protected":false},"featured_media":6472,"comment_status":"open","ping_status":"closed","template":"","meta":{"site-sidebar-layout":"default","site-content-layout":"","ast-site-content-layout":"default","site-content-style":"default","site-sidebar-style":"default","ast-global-header-display":"","ast-banner-title-visibility":"","ast-main-header-display":"","ast-hfb-above-header-display":"","ast-hfb-below-header-display":"","ast-hfb-mobile-header-display":"","site-post-title":"","ast-breadcrumbs-content":"","ast-featured-img":"","footer-sml-layout":"","ast-disable-related-posts":"","theme-transparent-header-meta":"default","adv-header-id-meta":"","stick-header-meta":"default","header-above-stick-meta":"","header-main-stick-meta":"","header-below-stick-meta":"","astra-migrate-meta-layouts":"set","ast-page-background-enabled":"default","ast-page-background-meta":{"desktop":{"background-color":"","background-image":"","background-repeat":"repeat","background-position":"center center","background-size":"auto","background-attachment":"scroll","background-type":"","background-media":"","overlay-type":"","overlay-color":"","overlay-opacity":"","overlay-gradient":""},"tablet":{"background-color":"","background-image":"","background-repeat":"repeat","background-position":"center center","background-size":"auto","background-attachment":"scroll","background-type":"","background-media":"","overlay-type":"","overlay-color":"","overlay-opacity":"","overlay-gradient":""},"mobile":{"background-color":"","background-image":"","background-repeat":"repeat","background-position":"center center","background-size":"auto","background-attachment":"scroll","background-type":"","background-media":"","overlay-type":"","overlay-color":"","overlay-opacity":"","overlay-gradient":""}},"ast-content-background-meta":{"desktop":{"background-color":"var(--ast-global-color-5)","background-image":"","background-repeat":"repeat","background-position":"center center","background-size":"auto","background-attachment":"scroll","background-type":"","background-media":"","overlay-type":"","overlay-color":"","overlay-opacity":"","overlay-gradient":""},"tablet":{"background-color":"var(--ast-global-color-5)","background-image":"","background-repeat":"repeat","background-position":"center center","background-size":"auto","background-attachment":"scroll","background-type":"","background-media":"","overlay-type":"","overlay-color":"","overlay-opacity":"","overlay-gradient":""},"mobile":{"background-color":"var(--ast-global-color-5)","background-image":"","background-repeat":"repeat","background-position":"center center","background-size":"auto","background-attachment":"scroll","background-type":"","background-media":"","overlay-type":"","overlay-color":"","overlay-opacity":"","overlay-gradient":""}}},"product_brand":[],"product_cat":[65,259,583],"product_tag":[435,400,434],"class_list":{"0":"post-6416","1":"product","2":"type-product","3":"status-publish","4":"has-post-thumbnail","6":"product_cat-best-sellers","7":"product_cat-lingerie","8":"product_cat-plus-size-underwear","9":"product_tag-glossy-underwear","10":"product_tag-plus-size-bra","11":"product_tag-womens-full-cup-bra","12":"pa_color-beige","13":"pa_color-black","14":"pa_size-100g","15":"pa_size-100h","16":"pa_size-100i","17":"pa_size-100j","18":"pa_size-105h","19":"pa_size-105i","20":"pa_size-105j","21":"pa_size-110g","22":"pa_size-110h","23":"pa_size-110i","24":"pa_size-110j","25":"pa_size-75i","26":"pa_size-75j","27":"pa_size-80h","28":"pa_size-80i","29":"pa_size-80j","30":"pa_size-85g","31":"pa_size-85h","32":"pa_size-85i","33":"pa_size-85j","34":"pa_size-90h","35":"pa_size-90i","36":"pa_size-90j","37":"pa_size-95h","38":"pa_size-95i","39":"pa_size-95j","40":"desktop-align-center","41":"tablet-align-left","42":"mobile-align-left","43":"ast-product-gallery-layout-horizontal-slider","44":"ast-product-single-variable","45":"ast-product-tabs-layout-horizontal","46":"ast-qv-on-image","48":"first","49":"instock","50":"shipping-taxable","51":"purchasable","52":"product-type-variable"},"tiered_pricing_type":"fixed","tiered_pricing_fixed_rules":{"2":4.69,"30":3.99,"100":3.49},"tiered_pricing_product_settings":{"layout":"default","base_unit_name":{"singular":null,"plural":null},"default_variation":{}},"tiered_pricing_minimum_quantity":null,"tiered_pricing_roles_data":[],"tiered_pricing_percentage_rules":[],"_links":{"self":[{"href":"https:\/\/yume-silm.com\/de\/wp-json\/wp\/v2\/product\/6416","targetHints":{"allow":["GET"]}}],"collection":[{"href":"https:\/\/yume-silm.com\/de\/wp-json\/wp\/v2\/product"}],"about":[{"href":"https:\/\/yume-silm.com\/de\/wp-json\/wp\/v2\/types\/product"}],"replies":[{"embeddable":true,"href":"https:\/\/yume-silm.com\/de\/wp-json\/wp\/v2\/comments?post=6416"}],"wp:featuredmedia":[{"embeddable":true,"href":"https:\/\/yume-silm.com\/de\/wp-json\/wp\/v2\/media\/6472"}],"wp:attachment":[{"href":"https:\/\/yume-silm.com\/de\/wp-json\/wp\/v2\/media?parent=6416"}],"wp:term":[{"taxonomy":"product_brand","embeddable":true,"href":"https:\/\/yume-silm.com\/de\/wp-json\/wp\/v2\/product_brand?post=6416"},{"taxonomy":"product_cat","embeddable":true,"href":"https:\/\/yume-silm.com\/de\/wp-json\/wp\/v2\/product_cat?post=6416"},{"taxonomy":"product_tag","embeddable":true,"href":"https:\/\/yume-silm.com\/de\/wp-json\/wp\/v2\/product_tag?post=6416"}],"curies":[{"name":"wp","href":"https:\/\/api.w.org\/{rel}","templated":true}]}}