{"id":6504,"date":"2023-09-22T07:13:17","date_gmt":"2023-09-22T07:13:17","guid":{"rendered":"https:\/\/yume-silm.com\/?post_type=product&#038;p=6504"},"modified":"2024-05-11T06:46:32","modified_gmt":"2024-05-11T06:46:32","slug":"groshandel-extra-groser-bh-ohne-bugel-volle-korbchen-breite-tragerunterstutzung","status":"publish","type":"product","link":"https:\/\/yume-silm.com\/de\/produkt\/groshandel-extra-groser-bh-ohne-bugel-volle-korbchen-breite-tragerunterstutzung\/","title":{"rendered":"Gro\u00dfhandel mit weichen Baumwoll-BHs in \u00dcbergr\u00f6\u00dfe mit breiten Tr\u00e4gern"},"content":{"rendered":"<h5>Design-Merkmale<\/h5>\n<ul>\n<li><strong>KOMFORTABEL OHNE STAHLRINGE:<\/strong> Unsere bequeme Unterw\u00e4sche ohne Stahlringe. Das ringlose Design sorgt f\u00fcr eine nahtlose Passform und sorgt f\u00fcr Bewegungsfreiheit. Sp\u00fcren Sie den Unterschied an Ihrem Tag und \u00e4ndern Sie das Stochern und Dr\u00fccken, das bei herk\u00f6mmlichen BHs \u00fcblich ist.<\/li>\n<li><strong>F\u00dcR EXTRA GROSSE GR\u00d6SSEN ENTWICKELT:<\/strong> Dieser BH wurde f\u00fcr Frauen mit voller Figur entwickelt und ber\u00fccksichtigt die individuellen Bed\u00fcrfnisse der Tr\u00e4gerin. Unsere BHs in \u00dcbergr\u00f6\u00dfe bieten die perfekte Mischung aus Halt und Stil. Sie k\u00f6nnen aus einer gro\u00dfen Auswahl an Gr\u00f6\u00dfen w\u00e4hlen, sodass Sie sich keine Gedanken mehr \u00fcber die Gr\u00f6\u00dfe machen m\u00fcssen.<\/li>\n<li><strong>VOLLST\u00c4NDIGE BECHERGARANTIE:<\/strong> Baumwollunterw\u00e4sche mit vollst\u00e4ndiger K\u00f6rbchenabdeckung. Dieser BH sorgt f\u00fcr Bescheidenheit, ohne auf Stil zu verzichten, und eignet sich perfekt f\u00fcr den Alltag oder besondere Anl\u00e4sse. Dar\u00fcber hinaus verbessert es den Halt und sorgt daf\u00fcr, dass Ihre Br\u00fcste an Ort und Stelle bleiben.<\/li>\n<li><strong>UNTERST\u00dcTZENDE BREITE TR\u00c4GER:<\/strong> Schultererm\u00fcdung geh\u00f6rt der Vergangenheit an. Die breiten Tr\u00e4ger der leichten Unterw\u00e4sche verteilen das Gewicht gleichm\u00e4\u00dfig und sorgen f\u00fcr ganzt\u00e4gigen Tragekomfort. Die breiten Tr\u00e4ger sorgen au\u00dferdem daf\u00fcr, dass die Schultergurte nicht einsinken und so unsch\u00f6ne Schulterabdr\u00fccke vermieden werden.<\/li>\n<\/ul>\n<h6><em>Damen-Unterw\u00e4sche aus Baumwolle in gro\u00dfen Gr\u00f6\u00dfen mit vollem K\u00f6rbchen<\/em><\/h6>\n<ul>\n<li>Dieser gut gestaltete Baumwoll-Komfort-BH f\u00fcr Damen f\u00fcgt sich nahtlos in jeden Kleiderschrank ein und bietet Eleganz und unvergleichlichen Halt. Ideal f\u00fcr alle, denen Mode und Komfort wichtig sind.<\/li>\n<li>Der BH in \u00dcbergr\u00f6\u00dfe aus weicher Baumwolle mit breiten Tr\u00e4gern hat einen modernen und stilvollen Look und ist ein Must-Have f\u00fcr den Alltag, das auch ein Statement setzt. Genie\u00dfen Sie den eleganten Look und genie\u00dfen Sie gleichzeitig erstklassigen Komfort.<\/li>\n<\/ul>","protected":false},"excerpt":{"rendered":"<p>Entdecken Sie unvergleichlichen Komfort mit diesem weichen Baumwoll-BH in gro\u00dfen Gr\u00f6\u00dfen mit breiten Tr\u00e4gern. Ausgestattet mit breiten Tr\u00e4gern garantiert es die ideale Balance zwischen Halt und \u00e4sthetischer Eleganz.<\/p>","protected":false},"featured_media":6529,"comment_status":"open","ping_status":"closed","template":"","meta":{"site-sidebar-layout":"default","site-content-layout":"","ast-site-content-layout":"default","site-content-style":"default","site-sidebar-style":"default","ast-global-header-display":"","ast-banner-title-visibility":"","ast-main-header-display":"","ast-hfb-above-header-display":"","ast-hfb-below-header-display":"","ast-hfb-mobile-header-display":"","site-post-title":"","ast-breadcrumbs-content":"","ast-featured-img":"","footer-sml-layout":"","ast-disable-related-posts":"","theme-transparent-header-meta":"default","adv-header-id-meta":"","stick-header-meta":"default","header-above-stick-meta":"","header-main-stick-meta":"","header-below-stick-meta":"","astra-migrate-meta-layouts":"set","ast-page-background-enabled":"default","ast-page-background-meta":{"desktop":{"background-color":"","background-image":"","background-repeat":"repeat","background-position":"center center","background-size":"auto","background-attachment":"scroll","background-type":"","background-media":"","overlay-type":"","overlay-color":"","overlay-opacity":"","overlay-gradient":""},"tablet":{"background-color":"","background-image":"","background-repeat":"repeat","background-position":"center center","background-size":"auto","background-attachment":"scroll","background-type":"","background-media":"","overlay-type":"","overlay-color":"","overlay-opacity":"","overlay-gradient":""},"mobile":{"background-color":"","background-image":"","background-repeat":"repeat","background-position":"center center","background-size":"auto","background-attachment":"scroll","background-type":"","background-media":"","overlay-type":"","overlay-color":"","overlay-opacity":"","overlay-gradient":""}},"ast-content-background-meta":{"desktop":{"background-color":"var(--ast-global-color-5)","background-image":"","background-repeat":"repeat","background-position":"center center","background-size":"auto","background-attachment":"scroll","background-type":"","background-media":"","overlay-type":"","overlay-color":"","overlay-opacity":"","overlay-gradient":""},"tablet":{"background-color":"var(--ast-global-color-5)","background-image":"","background-repeat":"repeat","background-position":"center center","background-size":"auto","background-attachment":"scroll","background-type":"","background-media":"","overlay-type":"","overlay-color":"","overlay-opacity":"","overlay-gradient":""},"mobile":{"background-color":"var(--ast-global-color-5)","background-image":"","background-repeat":"repeat","background-position":"center center","background-size":"auto","background-attachment":"scroll","background-type":"","background-media":"","overlay-type":"","overlay-color":"","overlay-opacity":"","overlay-gradient":""}}},"product_brand":[],"product_cat":[65,259,583],"product_tag":[433,407,397],"class_list":{"0":"post-6504","1":"product","2":"type-product","3":"status-publish","4":"has-post-thumbnail","6":"product_cat-best-sellers","7":"product_cat-lingerie","8":"product_cat-plus-size-underwear","9":"product_tag-cotton-underwear","10":"product_tag-full-cup-bra","11":"product_tag-plus-size-underwear","12":"pa_color-beige","13":"pa_size-100g","14":"pa_size-105f","15":"pa_size-105g","16":"pa_size-110b","17":"pa_size-110c","18":"pa_size-110d","19":"pa_size-110e","20":"pa_size-115b","21":"pa_size-115c","22":"pa_size-115d","23":"pa_size-115e","24":"pa_size-115g","25":"pa_size-120b","26":"pa_size-120c","27":"pa_size-120d","28":"pa_size-120e","29":"pa_size-120f","30":"pa_size-120g","31":"pa_size-125b","32":"pa_size-125c","33":"pa_size-125d","34":"pa_size-125f","35":"desktop-align-center","36":"tablet-align-left","37":"mobile-align-left","38":"ast-product-gallery-layout-horizontal-slider","39":"ast-product-single-variable","40":"ast-product-tabs-layout-horizontal","41":"ast-qv-on-image","43":"first","44":"instock","45":"shipping-taxable","46":"purchasable","47":"product-type-variable"},"tiered_pricing_type":"fixed","tiered_pricing_fixed_rules":{"2":2.09,"30":1.79,"100":1.59},"tiered_pricing_product_settings":{"layout":"default","base_unit_name":{"singular":null,"plural":null},"default_variation":{}},"tiered_pricing_minimum_quantity":null,"tiered_pricing_roles_data":[],"tiered_pricing_percentage_rules":[],"_links":{"self":[{"href":"https:\/\/yume-silm.com\/de\/wp-json\/wp\/v2\/product\/6504","targetHints":{"allow":["GET"]}}],"collection":[{"href":"https:\/\/yume-silm.com\/de\/wp-json\/wp\/v2\/product"}],"about":[{"href":"https:\/\/yume-silm.com\/de\/wp-json\/wp\/v2\/types\/product"}],"replies":[{"embeddable":true,"href":"https:\/\/yume-silm.com\/de\/wp-json\/wp\/v2\/comments?post=6504"}],"wp:featuredmedia":[{"embeddable":true,"href":"https:\/\/yume-silm.com\/de\/wp-json\/wp\/v2\/media\/6529"}],"wp:attachment":[{"href":"https:\/\/yume-silm.com\/de\/wp-json\/wp\/v2\/media?parent=6504"}],"wp:term":[{"taxonomy":"product_brand","embeddable":true,"href":"https:\/\/yume-silm.com\/de\/wp-json\/wp\/v2\/product_brand?post=6504"},{"taxonomy":"product_cat","embeddable":true,"href":"https:\/\/yume-silm.com\/de\/wp-json\/wp\/v2\/product_cat?post=6504"},{"taxonomy":"product_tag","embeddable":true,"href":"https:\/\/yume-silm.com\/de\/wp-json\/wp\/v2\/product_tag?post=6504"}],"curies":[{"name":"wp","href":"https:\/\/api.w.org\/{rel}","templated":true}]}}