{"id":7418,"date":"2024-01-26T08:17:59","date_gmt":"2024-01-26T08:17:59","guid":{"rendered":"https:\/\/yume-silm.com\/?post_type=product&#038;p=7418"},"modified":"2024-11-08T08:53:59","modified_gmt":"2024-11-08T08:53:59","slug":"groshandel-verstellbare-shapewear-mit-haken-und-osenverschluss-vorne","status":"publish","type":"product","link":"https:\/\/yume-silm.com\/de\/produkt\/groshandel-verstellbare-shapewear-mit-haken-und-osenverschluss-vorne\/","title":{"rendered":"Gro\u00dfhandel mit verstellbarem Haken- und \u00d6senverschluss vorne"},"content":{"rendered":"<h5>Design-Merkmale<\/h5>\n<ul>\n<li><strong>VERSTELLBARE BREITE RIEMEN:<\/strong> Die breiten Tr\u00e4ger unserer \u00e4rmellosen Shapewear sollen den Schulterdruck besser entlasten. Der verstellbare Klettverschluss erm\u00f6glicht eine freie Anpassung nach Bedarf. Hervorragende Flexibilit\u00e4t, um sich perfekt an Ihren K\u00f6rper anzupassen.<\/li>\n<li><strong>SPITZENBESATZ:<\/strong> Die Beine der Ganzk\u00f6rper-Shapewear in \u00dcbergr\u00f6\u00dfe sind mit Spitzendesign versehen, um einen eleganten Touch zu verleihen und sicherzustellen, dass der Kontakt mit der Haut weich und nicht reizend ist.<\/li>\n<li><strong>GANZK\u00d6RPERFORMUNG:<\/strong> Diese Bauchkontroll-Fajas von uns bieten vollst\u00e4ndige Abdeckung und Kontrolle. Die vollst\u00e4ndige Abdeckung des R\u00fcckens tr\u00e4gt zur Verbesserung der K\u00f6rperhaltung bei und vermeidet die Lendenwirbels\u00e4ule. Es kann helfen, gleichzeitig eine Brustunterst\u00fctzung, eine R\u00fcckenkorrektur, eine Anhebung des Ges\u00e4\u00dfes und eine Beinformung zu erreichen, um eine stromlinienf\u00f6rmigere Silhouette zu schaffen.<\/li>\n<li><strong>OFFENES SCHRITT-DESIGN:<\/strong> Das Design der Shapewear mit offenem Schritt ist sehr praktisch, um das Problem des Toilettengangs zu l\u00f6sen. Seine praktische Funktion bringt Ihnen mehr Komfort und erm\u00f6glicht Ihnen, sich m\u00fchelos auf der Toilette auszuruhen.<\/li>\n<li><strong>KOMFORTABEL UND STILVOLL:<\/strong> Die verstellbare Damen-Shapewear mit BH mit Haken- und \u00d6senverschluss vorne ist bequem und stilvoll und sorgt f\u00fcr Selbstvertrauen und Sch\u00f6nheit von innen nach au\u00dfen. Die Elastizit\u00e4t entspricht Ihren normalen Bed\u00fcrfnissen und l\u00e4sst sich leicht an- und ausziehen. Hilft Ihnen, sich bei jedem Anlass sicher in Ihrem sch\u00f6nen, kurvigen K\u00f6rper zu f\u00fchlen.<\/li>\n<\/ul>\n<h6><em>Verstellbare Haken- und \u00d6sen-Fajas zur Bauchkontrolle vorne <\/em><\/h6>\n<ul>\n<li>Unsere verstellbare Shapewear mit Haken- und \u00d6senverschluss vorne ist eine Mischung aus Eleganz, Komfort und Funktionalit\u00e4t. F\u00fcr Gro\u00dfh\u00e4ndler, die erstklassige Shapewear-L\u00f6sungen anbieten m\u00f6chten, ist dieses Produkt ein Muss. Tauchen Sie mit diesem au\u00dfergew\u00f6hnlichen St\u00fcck in die Welt des Gro\u00dfhandels ein. Bestellen Sie heute!<\/li>\n<\/ul>","protected":false},"excerpt":{"rendered":"<p>Erleben Sie Eleganz und Komfort mit unserer verstellbaren Shapewear mit Haken- und \u00d6senverschluss vorne. Mit langreihigem Stretch-Mesh und Spitzenbesatz an den B\u00fcndchen definiert dieses St\u00fcck ohne Schritt Ihre Silhouette neu und sorgt daf\u00fcr, dass sich Ihre Kunden sowohl selbstbewusst als auch feminin f\u00fchlen.<\/p>","protected":false},"featured_media":7437,"comment_status":"open","ping_status":"closed","template":"","meta":{"site-sidebar-layout":"default","site-content-layout":"","ast-site-content-layout":"default","site-content-style":"default","site-sidebar-style":"default","ast-global-header-display":"","ast-banner-title-visibility":"","ast-main-header-display":"","ast-hfb-above-header-display":"","ast-hfb-below-header-display":"","ast-hfb-mobile-header-display":"","site-post-title":"","ast-breadcrumbs-content":"","ast-featured-img":"","footer-sml-layout":"","ast-disable-related-posts":"","theme-transparent-header-meta":"default","adv-header-id-meta":"","stick-header-meta":"default","header-above-stick-meta":"","header-main-stick-meta":"","header-below-stick-meta":"","astra-migrate-meta-layouts":"set","ast-page-background-enabled":"default","ast-page-background-meta":{"desktop":{"background-color":"","background-image":"","background-repeat":"repeat","background-position":"center center","background-size":"auto","background-attachment":"scroll","background-type":"","background-media":"","overlay-type":"","overlay-color":"","overlay-opacity":"","overlay-gradient":""},"tablet":{"background-color":"","background-image":"","background-repeat":"repeat","background-position":"center center","background-size":"auto","background-attachment":"scroll","background-type":"","background-media":"","overlay-type":"","overlay-color":"","overlay-opacity":"","overlay-gradient":""},"mobile":{"background-color":"","background-image":"","background-repeat":"repeat","background-position":"center center","background-size":"auto","background-attachment":"scroll","background-type":"","background-media":"","overlay-type":"","overlay-color":"","overlay-opacity":"","overlay-gradient":""}},"ast-content-background-meta":{"desktop":{"background-color":"var(--ast-global-color-5)","background-image":"","background-repeat":"repeat","background-position":"center center","background-size":"auto","background-attachment":"scroll","background-type":"","background-media":"","overlay-type":"","overlay-color":"","overlay-opacity":"","overlay-gradient":""},"tablet":{"background-color":"var(--ast-global-color-5)","background-image":"","background-repeat":"repeat","background-position":"center center","background-size":"auto","background-attachment":"scroll","background-type":"","background-media":"","overlay-type":"","overlay-color":"","overlay-opacity":"","overlay-gradient":""},"mobile":{"background-color":"var(--ast-global-color-5)","background-image":"","background-repeat":"repeat","background-position":"center center","background-size":"auto","background-attachment":"scroll","background-type":"","background-media":"","overlay-type":"","overlay-color":"","overlay-opacity":"","overlay-gradient":""}}},"product_brand":[],"product_cat":[78,77,1092],"product_tag":[137,141,134,154],"class_list":{"0":"post-7418","1":"product","2":"type-product","3":"status-publish","4":"has-post-thumbnail","6":"product_cat-wholesale-full-body-shaper","7":"product_cat-wholesale-womens-shapewear","8":"product_cat-plus-size-shapewear","9":"product_tag-butt-lift","10":"product_tag-plus-size","11":"product_tag-tummy-tucker","12":"product_tag-with-hooks","13":"pa_color-beige","14":"pa_color-black","15":"pa_size-4xl","16":"pa_size-5xl","17":"pa_size-6xl","18":"pa_size-l","19":"pa_size-m","20":"pa_size-s","21":"pa_size-xl","22":"pa_size-xxl","23":"pa_size-xxxl","24":"desktop-align-center","25":"tablet-align-left","26":"mobile-align-left","27":"ast-product-gallery-layout-horizontal-slider","28":"ast-product-single-variable","29":"ast-product-tabs-layout-horizontal","30":"ast-qv-on-image","32":"first","33":"instock","34":"shipping-taxable","35":"purchasable","36":"product-type-variable"},"tiered_pricing_type":"fixed","tiered_pricing_fixed_rules":{"2":15.39,"30":14.39,"500":11.99},"tiered_pricing_product_settings":{"layout":"default","base_unit_name":{"singular":null,"plural":null},"default_variation":null},"tiered_pricing_minimum_quantity":null,"tiered_pricing_roles_data":[],"tiered_pricing_percentage_rules":[],"_links":{"self":[{"href":"https:\/\/yume-silm.com\/de\/wp-json\/wp\/v2\/product\/7418","targetHints":{"allow":["GET"]}}],"collection":[{"href":"https:\/\/yume-silm.com\/de\/wp-json\/wp\/v2\/product"}],"about":[{"href":"https:\/\/yume-silm.com\/de\/wp-json\/wp\/v2\/types\/product"}],"replies":[{"embeddable":true,"href":"https:\/\/yume-silm.com\/de\/wp-json\/wp\/v2\/comments?post=7418"}],"wp:featuredmedia":[{"embeddable":true,"href":"https:\/\/yume-silm.com\/de\/wp-json\/wp\/v2\/media\/7437"}],"wp:attachment":[{"href":"https:\/\/yume-silm.com\/de\/wp-json\/wp\/v2\/media?parent=7418"}],"wp:term":[{"taxonomy":"product_brand","embeddable":true,"href":"https:\/\/yume-silm.com\/de\/wp-json\/wp\/v2\/product_brand?post=7418"},{"taxonomy":"product_cat","embeddable":true,"href":"https:\/\/yume-silm.com\/de\/wp-json\/wp\/v2\/product_cat?post=7418"},{"taxonomy":"product_tag","embeddable":true,"href":"https:\/\/yume-silm.com\/de\/wp-json\/wp\/v2\/product_tag?post=7418"}],"curies":[{"name":"wp","href":"https:\/\/api.w.org\/{rel}","templated":true}]}}