{"id":7634,"date":"2024-04-27T01:28:04","date_gmt":"2024-04-27T01:28:04","guid":{"rendered":"https:\/\/yume-silm.com\/?post_type=product&#038;p=7634"},"modified":"2025-09-23T01:28:36","modified_gmt":"2025-09-23T01:28:36","slug":"groshandel-pvc-fettverbrennung-ubung-schweis-set","status":"publish","type":"product","link":"https:\/\/yume-silm.com\/de\/produkt\/groshandel-pvc-fettverbrennung-ubung-schweis-set\/","title":{"rendered":"Gro\u00dfhandel PVC Fettverbrennungs-Trainings-Schwei\u00dfset"},"content":{"rendered":"<h5>Design-Merkmale<\/h5>\n<ul>\n<li><strong>SCHWEISS:<\/strong> Dieser Anzug zur Gewichtsabnahme ist mit PVC-Material versehen, das den K\u00f6rper effektiv zum Schwitzen anregt. Holen Sie sich den besten Saunaeffekt w\u00e4hrend des Trainings, sodass Giftstoffe und Abfallprodukte schnell aus dem K\u00f6rper ausgeschieden werden, wodurch K\u00f6rper und Geist erfrischt werden und mehr Energie haben.<\/li>\n<li><strong>KOMFORTABLE PASSFORM:<\/strong> Durch das benutzerfreundliche Design und den ergonomischen Schnitt liegt der Sauna-Fitness-Trainingsanzug eng am K\u00f6rper an. Die elastische, enge \u00d6ffnung an H\u00e4nden und Kn\u00f6cheln h\u00e4lt den Schwei\u00df sehr effektiv zur\u00fcck. Unsere PVC-Saunaanzug-Sportbekleidung besteht aus wasser- und winddichtem Material, ist f\u00fcr alle Jahreszeiten geeignet und f\u00fcr jedes Wetter und jede Sportart geeignet.<\/li>\n<li><strong>STOFFWECHSEL BESCHLEUNIGEN:<\/strong> Das Tragen eines Sauna-Trainingsanzugs zur Gewichtsabnahme f\u00fcr M\u00e4nner und Frauen unter hei\u00dfen Bedingungen f\u00f6rdert die Durchblutung und beschleunigt den Stoffwechsel. Dies hilft nicht nur beim Abnehmen, sondern verbessert auch die Immunit\u00e4t, die Hautstruktur und die Jugendlichkeit.<\/li>\n<li><strong>MODE-DESIGN:<\/strong> Sehen Sie? Unser Sauna-Sweatshirt und unsere Sauna-Hose sind nicht nur praktisch, sondern auch modisch. Sie sind sehr modisch und in vielen Farben erh\u00e4ltlich. Sie bleiben garantiert stilvoll und selbstbewusst, w\u00e4hrend Sie Ihre Saunamomente genie\u00dfen und zu einer Fashionista mit einem gesunden Lebensstil werden.<\/li>\n<\/ul>\n<p><img fetchpriority=\"high\" decoding=\"async\" class=\"alignnone size-medium wp-image-7974\" src=\"https:\/\/yume-silm.com\/wp-content\/uploads\/2024\/04\/wholesale-PVC-fat-burning-exercise-sweat-sauna-suit-set-300x300.jpg\" alt=\"Gro\u00dfhandel PVC Fettverbrennungs-Trainings-Schwei\u00dfset\" width=\"300\" height=\"300\" title=\"\" srcset=\"https:\/\/yume-silm.com\/wp-content\/uploads\/2024\/04\/wholesale-PVC-fat-burning-exercise-sweat-sauna-suit-set-300x300.jpg 300w, https:\/\/yume-silm.com\/wp-content\/uploads\/2024\/04\/wholesale-PVC-fat-burning-exercise-sweat-sauna-suit-set-150x150.jpg 150w, https:\/\/yume-silm.com\/wp-content\/uploads\/2024\/04\/wholesale-PVC-fat-burning-exercise-sweat-sauna-suit-set-768x768.jpg 768w, https:\/\/yume-silm.com\/wp-content\/uploads\/2024\/04\/wholesale-PVC-fat-burning-exercise-sweat-sauna-suit-set-12x12.jpg 12w, https:\/\/yume-silm.com\/wp-content\/uploads\/2024\/04\/wholesale-PVC-fat-burning-exercise-sweat-sauna-suit-set-800x800.jpg 800w, https:\/\/yume-silm.com\/wp-content\/uploads\/2024\/04\/wholesale-PVC-fat-burning-exercise-sweat-sauna-suit-set-100x100.jpg 100w, https:\/\/yume-silm.com\/wp-content\/uploads\/2024\/04\/wholesale-PVC-fat-burning-exercise-sweat-sauna-suit-set.jpg 1000w\" sizes=\"(max-width: 300px) 100vw, 300px\" \/><\/p>\n<p>&nbsp;<\/p>\n<h6><em>Saunaanzug-Set f\u00fcr M\u00e4nner und Frauen im Fitnessstudio, Fitnesstraining, Schwitzen, Gewichtsverlust<\/em><\/h6>\n<ul>\n<li><strong>F\u00dcR VIELE GELEGENHEITEN ANWENDBAR:<\/strong> Wenn Sie sich f\u00fcr ein PVC-Schwitzset zum Fettverbrennen entscheiden, entscheiden Sie sich f\u00fcr einen gesunden Lebensstil. Saunakleidung baut Stress ab und l\u00e4sst Sie beim Saunatraining strahlen; Sie k\u00f6nnen durch das Schwitzen in der Sauna auch Gewicht verlieren. Perfekt f\u00fcr die Saunazeit in der Privatsph\u00e4re Ihres Zuhauses, das Training im Fitnessstudio, das Laufen im Freien und vieles mehr.<\/li>\n<\/ul>","protected":false},"excerpt":{"rendered":"<ul>\n<li>Whether you&#8217;re looking to get healthy, lose weight, or relieve stress, our range of PVC fat-burning exercise sweat sets will fulfill your exercise and weight loss needs.<\/li>\n<li>Come and choose our PVC fat-burning exercise sweat set for a healthier, more comfortable stylish life! New products are here, order today!<\/li>\n<\/ul>","protected":false},"featured_media":7972,"comment_status":"open","ping_status":"closed","template":"","meta":{"site-sidebar-layout":"default","site-content-layout":"","ast-site-content-layout":"default","site-content-style":"default","site-sidebar-style":"default","ast-global-header-display":"","ast-banner-title-visibility":"","ast-main-header-display":"","ast-hfb-above-header-display":"","ast-hfb-below-header-display":"","ast-hfb-mobile-header-display":"","site-post-title":"","ast-breadcrumbs-content":"","ast-featured-img":"","footer-sml-layout":"","ast-disable-related-posts":"","theme-transparent-header-meta":"default","adv-header-id-meta":"","stick-header-meta":"default","header-above-stick-meta":"","header-main-stick-meta":"","header-below-stick-meta":"","astra-migrate-meta-layouts":"set","ast-page-background-enabled":"default","ast-page-background-meta":{"desktop":{"background-color":"","background-image":"","background-repeat":"repeat","background-position":"center center","background-size":"auto","background-attachment":"scroll","background-type":"","background-media":"","overlay-type":"","overlay-color":"","overlay-opacity":"","overlay-gradient":""},"tablet":{"background-color":"","background-image":"","background-repeat":"repeat","background-position":"center center","background-size":"auto","background-attachment":"scroll","background-type":"","background-media":"","overlay-type":"","overlay-color":"","overlay-opacity":"","overlay-gradient":""},"mobile":{"background-color":"","background-image":"","background-repeat":"repeat","background-position":"center center","background-size":"auto","background-attachment":"scroll","background-type":"","background-media":"","overlay-type":"","overlay-color":"","overlay-opacity":"","overlay-gradient":""}},"ast-content-background-meta":{"desktop":{"background-color":"var(--ast-global-color-5)","background-image":"","background-repeat":"repeat","background-position":"center center","background-size":"auto","background-attachment":"scroll","background-type":"","background-media":"","overlay-type":"","overlay-color":"","overlay-opacity":"","overlay-gradient":""},"tablet":{"background-color":"var(--ast-global-color-5)","background-image":"","background-repeat":"repeat","background-position":"center center","background-size":"auto","background-attachment":"scroll","background-type":"","background-media":"","overlay-type":"","overlay-color":"","overlay-opacity":"","overlay-gradient":""},"mobile":{"background-color":"var(--ast-global-color-5)","background-image":"","background-repeat":"repeat","background-position":"center center","background-size":"auto","background-attachment":"scroll","background-type":"","background-media":"","overlay-type":"","overlay-color":"","overlay-opacity":"","overlay-gradient":""}}},"product_brand":[],"product_cat":[97,65,76,102,98,99],"product_tag":[421,549,569,570,548,185],"class_list":{"0":"post-7634","1":"product","2":"type-product","3":"status-publish","4":"has-post-thumbnail","6":"product_cat-sauna-suit","7":"product_cat-best-sellers","8":"product_cat-new-arrivels","9":"product_cat-full-body-sweat-suit","10":"product_cat-sauna-jacket","11":"product_cat-sauna-pants","12":"product_tag-fashions","13":"product_tag-gym","14":"product_tag-pvc","15":"product_tag-sauna-set","16":"product_tag-sauna-sweat","17":"product_tag-workout","18":"pa_color-black","19":"pa_color-silver","20":"pa_size-4xl","21":"pa_size-l","22":"pa_size-m","23":"pa_size-s","24":"pa_size-xl","25":"pa_size-xxl","26":"pa_size-xxxl","27":"desktop-align-center","28":"tablet-align-left","29":"mobile-align-left","30":"ast-product-gallery-layout-horizontal-slider","31":"ast-product-single-variable","32":"ast-product-tabs-layout-horizontal","33":"ast-qv-on-image","35":"first","36":"instock","37":"shipping-taxable","38":"purchasable","39":"product-type-variable"},"tiered_pricing_type":"fixed","tiered_pricing_fixed_rules":{"5":5.8,"50":5.15,"100":4.5},"tiered_pricing_product_settings":{"layout":"default","base_unit_name":{"singular":null,"plural":null},"default_variation":null},"tiered_pricing_minimum_quantity":null,"tiered_pricing_roles_data":[],"tiered_pricing_percentage_rules":[],"_links":{"self":[{"href":"https:\/\/yume-silm.com\/de\/wp-json\/wp\/v2\/product\/7634","targetHints":{"allow":["GET"]}}],"collection":[{"href":"https:\/\/yume-silm.com\/de\/wp-json\/wp\/v2\/product"}],"about":[{"href":"https:\/\/yume-silm.com\/de\/wp-json\/wp\/v2\/types\/product"}],"replies":[{"embeddable":true,"href":"https:\/\/yume-silm.com\/de\/wp-json\/wp\/v2\/comments?post=7634"}],"wp:featuredmedia":[{"embeddable":true,"href":"https:\/\/yume-silm.com\/de\/wp-json\/wp\/v2\/media\/7972"}],"wp:attachment":[{"href":"https:\/\/yume-silm.com\/de\/wp-json\/wp\/v2\/media?parent=7634"}],"wp:term":[{"taxonomy":"product_brand","embeddable":true,"href":"https:\/\/yume-silm.com\/de\/wp-json\/wp\/v2\/product_brand?post=7634"},{"taxonomy":"product_cat","embeddable":true,"href":"https:\/\/yume-silm.com\/de\/wp-json\/wp\/v2\/product_cat?post=7634"},{"taxonomy":"product_tag","embeddable":true,"href":"https:\/\/yume-silm.com\/de\/wp-json\/wp\/v2\/product_tag?post=7634"}],"curies":[{"name":"wp","href":"https:\/\/api.w.org\/{rel}","templated":true}]}}