{"id":7736,"date":"2024-05-06T03:03:06","date_gmt":"2024-05-06T03:03:06","guid":{"rendered":"https:\/\/yume-silm.com\/?post_type=product&#038;p=7736"},"modified":"2025-05-24T00:40:18","modified_gmt":"2025-05-24T00:40:18","slug":"groshandel-selbstklebender-push-up-bh-aus-silikon-verdickter-transparenter-bh","status":"publish","type":"product","link":"https:\/\/yume-silm.com\/de\/produkt\/groshandel-selbstklebender-push-up-bh-aus-silikon-verdickter-transparenter-bh\/","title":{"rendered":"Gro\u00dfhandel Selbstklebender Push-Up-BH aus Silikon Verdickter transparenter BH"},"content":{"rendered":"<h5>Design-Merkmale<\/h5>\n<ul>\n<li><strong>NAHTLOSE UNSICHTBARKEIT:<\/strong> Unsere selbstklebenden, wiederverwendbaren Push-up-BHs aus Silikon sind weich und transparent und liegen bequem und ohne Druck auf der Haut, sodass Sie Ihre attraktiven Kurven zur Geltung bringen k\u00f6nnen. Und das optionale tr\u00e4gerlose Mikrokanten-Design und das hautfarbene Silikon machen ihn bequem und nat\u00fcrlich nahtlos unsichtbar unter Ihrer Kleidung. Sie k\u00f6nnen sicher sein, dass niemand bemerkt, dass Sie unseren BH tragen.<\/li>\n<li><strong>TIEFE V-VERSAMMLUNG:<\/strong> Unsere V-f\u00f6rmigen Bikini-BHs zeichnen sich durch ein einzigartiges Verschlussdesign vorne aus, das Sie mit nur wenig Druck \u00f6ffnen oder schlie\u00dfen k\u00f6nnen. Die starke Dehnbarkeit hilft dabei, Ihre Br\u00fcste zu raffen und Ihnen ein volles und attraktives tiefes V-Dekollet\u00e9 zu verleihen.<\/li>\n<li><strong>MEHRERE ANL\u00c4SSE:<\/strong> Der selbstklebende Push-up-BH f\u00fcr Damen ist bequem, praktisch und zeitsparend. Sie k\u00f6nnen ihn im Alltag selbstbewusst tragen oder ihn zu wichtigen Anl\u00e4ssen wie Abendessen und Partys verwenden, beispielsweise zu Hochzeitskleidern, Abendkleidern, tiefen V-Kleidern, Bustierkleidern, r\u00fcckenfreien Kleidern usw. Da er leicht zu tragen ist, strahlen Sie mit den transparenten selbstklebenden BHs jederzeit ein selbstbewusstes und dynamisches Temperament aus.<\/li>\n<\/ul>\n<h6><em>Hei\u00dfe sexy Bikini-BH-Nippelpasties aus Silikon f\u00fcr Damen<\/em><\/h6>\n<ul>\n<li><strong>HOHE HAFTUNG, KEIN RUTSCH:<\/strong> Der klebrige, tr\u00e4gerlose, r\u00fcckenfreie, unsichtbare Push-up-BH aus Silikon mit guter Haftung l\u00e4sst Ihre Br\u00fcste frei, Sie m\u00fcssen sich keine Sorgen machen, dass sie bei gr\u00f6\u00dferen Aktivit\u00e4ten abfallen k\u00f6nnten. Tragen Sie den BH bedenkenlos, da er bequem und weich ist und Ihre Haut nicht reizt, sodass Sie ein angenehmes Tragegef\u00fchl haben.<\/li>\n<li><strong>EINFACH ZU REINIGEN UND WIEDERVERWENDBAR:<\/strong> Unsere transparenten Silikon-BHs in Abalone-Form sind pflegeleicht. Sie k\u00f6nnen sie normal waschen, sanft abwischen und dann nat\u00fcrlich trocknen lassen. Nach dem Trocknen befestigen Sie die angebrachte Folie wieder am besten weichen Silikon-BH und bewahren Sie sie f\u00fcr das n\u00e4chste Mal auf.<\/li>\n<\/ul>","protected":false},"excerpt":{"rendered":"<p><span data-slate-fragment=\"JTVCJTdCJTIydHlwZSUyMiUzQSUyMnBhcmFncmFwaCUyMiUyQyUyMmNoaWxkcmVuJTIyJTNBJTVCJTdCJTIydGV4dCUyMiUzQSUyMldvbWVuJ3MlMjBwdXNoLXVwJTIwc2VsZi1hZGhlc2l2ZSUyMGJyYSUyMGlzJTIwY29tZm9ydGFibGUlMkMlMjBjb252ZW5pZW50JTJDJTIwYW5kJTIwdGltZS1zYXZpbmcuJTIwWW91JTIwY2FuJTIwd2VhciUyMGl0JTIwZm9yJTIwZGFpbHklMjB3ZWFyJTIwd2l0aCUyMGNvbmZpZGVuY2UlMkMlMjBvciUyMHVzZSUyMGl0JTIwZm9yJTIwaW1wb3J0YW50JTIwb2NjYXNpb25zJTIwc3VjaCUyMGFzJTIwZGlubmVycyUyMGFuZCUyMHBhcnRpZXMlMkMlMjBzdWNoJTIwYXMlMjB3ZWRkaW5nJTIwZHJlc3NlcyUyQyUyMGV2ZW5pbmclMjBkcmVzc2VzJTJDJTIwZGVlcCUyMFYlMjBkcmVzc2VzJTJDJTIwYnVzdGllciUyMGRyZXNzZXMlMkMlMjBiYWNrbGVzcyUyMGRyZXNzZXMlMkMlMjBhbmQlMjBzbyUyMG9uLiUyMEJlY2F1c2UlMjBpdCUyMGlzJTIwZWFzeSUyMHRvJTIwY2FycnklMkMlMjBBZGhlc2l2ZSUyMGNsZWFyJTIwYnJhcyUyMHdpbGwlMjBtYWtlJTIweW91JTIwZXh1ZGUlMjBhJTIwY29uZmlkZW50JTIwYW5kJTIwZHluYW1pYyUyMHRlbXBlcmFtZW50JTIwYXQlMjBhbGwlMjB0aW1lcy4lMjIlMkMlMjJzZW50ZW5jZSUyMiUzQTUlMkMlMjJjaGlsZFNlbnRlbmNlJTIyJTNBMCU3RCU1RCU3RCU1RA==\">Der verdickte transparente Push-up-BH aus Silikon f\u00fcr Damen ist bequem, praktisch und zeitsparend. Sie k\u00f6nnen ihn im Alltag selbstbewusst tragen oder ihn zu wichtigen Anl\u00e4ssen wie Abendessen und Partys verwenden, beispielsweise zu Hochzeitskleidern, Abendkleidern, tiefen V-Kleidern, Bustierkleidern, r\u00fcckenfreien Kleidern usw. Da er leicht zu tragen ist, strahlen Sie mit den transparenten selbstklebenden BHs jederzeit ein selbstbewusstes und dynamisches Temperament aus.<\/span><\/p>","protected":false},"featured_media":8022,"comment_status":"open","ping_status":"closed","template":"","meta":{"site-sidebar-layout":"default","site-content-layout":"","ast-site-content-layout":"default","site-content-style":"default","site-sidebar-style":"default","ast-global-header-display":"","ast-banner-title-visibility":"","ast-main-header-display":"","ast-hfb-above-header-display":"","ast-hfb-below-header-display":"","ast-hfb-mobile-header-display":"","site-post-title":"","ast-breadcrumbs-content":"","ast-featured-img":"","footer-sml-layout":"","ast-disable-related-posts":"","theme-transparent-header-meta":"default","adv-header-id-meta":"","stick-header-meta":"default","header-above-stick-meta":"","header-main-stick-meta":"","header-below-stick-meta":"","astra-migrate-meta-layouts":"set","ast-page-background-enabled":"default","ast-page-background-meta":{"desktop":{"background-color":"","background-image":"","background-repeat":"repeat","background-position":"center center","background-size":"auto","background-attachment":"scroll","background-type":"","background-media":"","overlay-type":"","overlay-color":"","overlay-opacity":"","overlay-gradient":""},"tablet":{"background-color":"","background-image":"","background-repeat":"repeat","background-position":"center center","background-size":"auto","background-attachment":"scroll","background-type":"","background-media":"","overlay-type":"","overlay-color":"","overlay-opacity":"","overlay-gradient":""},"mobile":{"background-color":"","background-image":"","background-repeat":"repeat","background-position":"center center","background-size":"auto","background-attachment":"scroll","background-type":"","background-media":"","overlay-type":"","overlay-color":"","overlay-opacity":"","overlay-gradient":""}},"ast-content-background-meta":{"desktop":{"background-color":"var(--ast-global-color-5)","background-image":"","background-repeat":"repeat","background-position":"center center","background-size":"auto","background-attachment":"scroll","background-type":"","background-media":"","overlay-type":"","overlay-color":"","overlay-opacity":"","overlay-gradient":""},"tablet":{"background-color":"var(--ast-global-color-5)","background-image":"","background-repeat":"repeat","background-position":"center center","background-size":"auto","background-attachment":"scroll","background-type":"","background-media":"","overlay-type":"","overlay-color":"","overlay-opacity":"","overlay-gradient":""},"mobile":{"background-color":"var(--ast-global-color-5)","background-image":"","background-repeat":"repeat","background-position":"center center","background-size":"auto","background-attachment":"scroll","background-type":"","background-media":"","overlay-type":"","overlay-color":"","overlay-opacity":"","overlay-gradient":""}}},"product_brand":[],"product_cat":[65,76,259,584],"product_tag":[598,600,601,597,599],"class_list":{"0":"post-7736","1":"product","2":"type-product","3":"status-publish","4":"has-post-thumbnail","6":"product_cat-best-sellers","7":"product_cat-new-arrivels","8":"product_cat-lingerie","9":"product_cat-adhesive-bras","10":"product_tag-adhesive-bra","11":"product_tag-bikini","12":"product_tag-silicone","13":"product_tag-stick-on-bras","14":"product_tag-sticky-bras","15":"pa_size-a","16":"pa_size-b","17":"pa_size-c","18":"pa_size-d","19":"desktop-align-center","20":"tablet-align-left","21":"mobile-align-left","22":"ast-product-gallery-layout-horizontal-slider","23":"ast-product-single-variable","24":"ast-product-tabs-layout-horizontal","25":"ast-qv-on-image","27":"first","28":"instock","29":"shipping-taxable","30":"purchasable","31":"product-type-variable"},"tiered_pricing_type":"fixed","tiered_pricing_fixed_rules":[],"tiered_pricing_product_settings":{"layout":"default","base_unit_name":{"singular":null,"plural":null},"default_variation":null},"tiered_pricing_minimum_quantity":null,"tiered_pricing_roles_data":[],"tiered_pricing_percentage_rules":[],"_links":{"self":[{"href":"https:\/\/yume-silm.com\/de\/wp-json\/wp\/v2\/product\/7736","targetHints":{"allow":["GET"]}}],"collection":[{"href":"https:\/\/yume-silm.com\/de\/wp-json\/wp\/v2\/product"}],"about":[{"href":"https:\/\/yume-silm.com\/de\/wp-json\/wp\/v2\/types\/product"}],"replies":[{"embeddable":true,"href":"https:\/\/yume-silm.com\/de\/wp-json\/wp\/v2\/comments?post=7736"}],"wp:featuredmedia":[{"embeddable":true,"href":"https:\/\/yume-silm.com\/de\/wp-json\/wp\/v2\/media\/8022"}],"wp:attachment":[{"href":"https:\/\/yume-silm.com\/de\/wp-json\/wp\/v2\/media?parent=7736"}],"wp:term":[{"taxonomy":"product_brand","embeddable":true,"href":"https:\/\/yume-silm.com\/de\/wp-json\/wp\/v2\/product_brand?post=7736"},{"taxonomy":"product_cat","embeddable":true,"href":"https:\/\/yume-silm.com\/de\/wp-json\/wp\/v2\/product_cat?post=7736"},{"taxonomy":"product_tag","embeddable":true,"href":"https:\/\/yume-silm.com\/de\/wp-json\/wp\/v2\/product_tag?post=7736"}],"curies":[{"name":"wp","href":"https:\/\/api.w.org\/{rel}","templated":true}]}}