{"id":7842,"date":"2024-05-06T08:08:06","date_gmt":"2024-05-06T08:08:06","guid":{"rendered":"https:\/\/yume-silm.com\/?post_type=product&#038;p=7842"},"modified":"2025-05-29T03:34:53","modified_gmt":"2025-05-29T03:34:53","slug":"groshandel-silikon-kaninchen-ohr-lift-bh-patch-brust-patch","status":"publish","type":"product","link":"https:\/\/yume-silm.com\/de\/produkt\/groshandel-silikon-kaninchen-ohr-lift-bh-patch-brust-patch\/","title":{"rendered":"Gro\u00dfhandel Silikon Kaninchen Ohr Lift BH Patch Brust Patch"},"content":{"rendered":"<h5 data-slate-node=\"element\"><span data-slate-node=\"text\"><span class=\"21\" data-slate-leaf=\"true\">Design-Merkmale<\/span><\/span><\/h5>\n<ul>\n<li data-slate-node=\"element\"><span data-slate-node=\"text\"><span class=\"31\" data-slate-leaf=\"true\"><strong>NAHTLOSE UNSICHTBARKEIT:<\/strong> Unsere Silikon-Brustpatches mit Hasenohren-Lift-BH sind weich und schmiegen sich angenehm und ohne Druck an Ihre Haut, sodass Sie Ihre attraktiven Kurven zur Geltung bringen k\u00f6nnen. <\/span><\/span><span class=\"\" data-slate-node=\"text\"><span class=\"32\" data-slate-leaf=\"true\"><span data-slate-string=\"true\">Wenn Sie unsere Push-up-BHs f\u00fcr Damen tragen, f\u00fchlen Sie sich frei und unsichtbar. Niemand wird bemerken, dass Sie diesen tr\u00e4gerlosen, r\u00fcckenfreien und selbstklebenden Push-up-BH aus Spitze tragen.<\/span><\/span><\/span><\/li>\n<li data-slate-node=\"element\"><span class=\"\" data-slate-node=\"text\"><span class=\"51\" data-slate-leaf=\"true\"><span data-slate-string=\"true\"><strong>NEUER HASENOHREN-KLEBEN-BH:<\/strong> Diese Serie unsichtbarer BHs mit Cupid-Pads ist sehr verspielt und s\u00fc\u00df und bietet Spitzendesigns, die Ihrer Spitzenverlockung gerecht werden. <\/span><\/span><\/span><span data-slate-node=\"text\"><span class=\"52\" data-slate-leaf=\"true\">Der bahnbrechende Wandel ist modisch und richtungsweisend. <\/span><\/span><span data-slate-node=\"text\"><span class=\"53\" data-slate-leaf=\"true\">Beginnen Sie Ihren neuen unbeschwerten Sommer mit diesem neuesten Klebe-BH in Hasenohrenform f\u00fcr Damen auf dem Markt! <\/span><\/span><span data-slate-node=\"text\"><span class=\"54\" data-slate-leaf=\"true\">Sie m\u00fcssen das sch\u00f6nste M\u00e4dchen am Strand und das charmanteste auf der Abendparty sein!<\/span><\/span><\/li>\n<li data-slate-node=\"element\"><span data-slate-node=\"text\"><span class=\"71\" data-slate-leaf=\"true\"><strong>MEHRERE ANL\u00c4SSE:<\/strong> Tr\u00e4gerlose, selbstklebende Silikon-BHs f\u00fcr Damen sind bequem, praktisch und zeitsparend. <\/span><\/span><span data-slate-node=\"text\"><span class=\"72\" data-slate-leaf=\"true\">Sie k\u00f6nnen es selbstbewusst im Alltag tragen oder es zu wichtigen Anl\u00e4ssen wie Abendessen und Partys verwenden, beispielsweise als Brautkleid, Abendkleid, tiefes V-Kleid, Bustierkleid, r\u00fcckenfreies Kleid usw. <\/span><\/span><span data-slate-node=\"text\"><span class=\"73\" data-slate-leaf=\"true\">Der weiche und bequeme Klebe-BH aus Silikon ist leicht zu tragen und verleiht Ihnen jederzeit ein selbstbewusstes und dynamisches Temperament.<\/span><\/span><\/li>\n<\/ul>\n<p><img fetchpriority=\"high\" decoding=\"async\" class=\"alignnone size-medium wp-image-7843\" src=\"https:\/\/yume-silm.com\/wp-content\/uploads\/2024\/05\/wholesale-silicone-rabbit-ear-lift-bra-patch-breast-patch-white-lace-02-300x300.jpg\" alt=\"Gro\u00dfhandel Silikon Kaninchen Ohr Lift BH Patch Brust Patch\" width=\"300\" height=\"300\" title=\"\" srcset=\"https:\/\/yume-silm.com\/wp-content\/uploads\/2024\/05\/wholesale-silicone-rabbit-ear-lift-bra-patch-breast-patch-white-lace-02-300x300.jpg 300w, https:\/\/yume-silm.com\/wp-content\/uploads\/2024\/05\/wholesale-silicone-rabbit-ear-lift-bra-patch-breast-patch-white-lace-02-150x150.jpg 150w, https:\/\/yume-silm.com\/wp-content\/uploads\/2024\/05\/wholesale-silicone-rabbit-ear-lift-bra-patch-breast-patch-white-lace-02-768x768.jpg 768w, https:\/\/yume-silm.com\/wp-content\/uploads\/2024\/05\/wholesale-silicone-rabbit-ear-lift-bra-patch-breast-patch-white-lace-02-12x12.jpg 12w, https:\/\/yume-silm.com\/wp-content\/uploads\/2024\/05\/wholesale-silicone-rabbit-ear-lift-bra-patch-breast-patch-white-lace-02-100x100.jpg 100w, https:\/\/yume-silm.com\/wp-content\/uploads\/2024\/05\/wholesale-silicone-rabbit-ear-lift-bra-patch-breast-patch-white-lace-02.jpg 800w\" sizes=\"(max-width: 300px) 100vw, 300px\" \/><img decoding=\"async\" class=\"alignnone size-medium wp-image-7844\" src=\"https:\/\/yume-silm.com\/wp-content\/uploads\/2024\/05\/wholesale-silicone-rabbit-ear-lift-bra-patch-breast-patch-white-lace-05-300x300.jpg\" alt=\"Gro\u00dfhandel Silikon Kaninchen Ohr Lift BH Patch Brust Patch\" width=\"300\" height=\"300\" title=\"\" srcset=\"https:\/\/yume-silm.com\/wp-content\/uploads\/2024\/05\/wholesale-silicone-rabbit-ear-lift-bra-patch-breast-patch-white-lace-05-300x300.jpg 300w, https:\/\/yume-silm.com\/wp-content\/uploads\/2024\/05\/wholesale-silicone-rabbit-ear-lift-bra-patch-breast-patch-white-lace-05-150x150.jpg 150w, https:\/\/yume-silm.com\/wp-content\/uploads\/2024\/05\/wholesale-silicone-rabbit-ear-lift-bra-patch-breast-patch-white-lace-05-768x768.jpg 768w, https:\/\/yume-silm.com\/wp-content\/uploads\/2024\/05\/wholesale-silicone-rabbit-ear-lift-bra-patch-breast-patch-white-lace-05-12x12.jpg 12w, https:\/\/yume-silm.com\/wp-content\/uploads\/2024\/05\/wholesale-silicone-rabbit-ear-lift-bra-patch-breast-patch-white-lace-05-100x100.jpg 100w, https:\/\/yume-silm.com\/wp-content\/uploads\/2024\/05\/wholesale-silicone-rabbit-ear-lift-bra-patch-breast-patch-white-lace-05.jpg 800w\" sizes=\"(max-width: 300px) 100vw, 300px\" \/><\/p>\n<h6><em>Wiederverwendbarer, selbstklebender Spitzen-BH mit Bruststraffungsgurt f\u00fcr Damen mit Kaninchen-Nippelabdeckung<\/em><\/h6>\n<ul>\n<li data-slate-node=\"element\"><span data-slate-node=\"text\"><span class=\"91\" data-slate-leaf=\"true\"><strong>HOHE HAFTUNG, KEIN RUTSCH:<\/strong> Der klebrige, tr\u00e4gerlose, r\u00fcckenfreie, unsichtbare Push-Up-BH aus Silikon mit guter Haftung l\u00e4sst Ihre Br\u00fcste frei, Sie m\u00fcssen sich keine Sorgen machen, dass sie bei gr\u00f6\u00dferen Aktivit\u00e4ten abfallen k\u00f6nnten. <\/span><\/span><span data-slate-node=\"text\"><span class=\"92\" data-slate-leaf=\"true\">Bitte tragen Sie den Damen-Raff-BH in Hasenohrenform bedenkenlos, da er bequem und weich ist und Ihre Haut nicht reizt und Ihnen ein angenehmes Tragegef\u00fchl bietet.<\/span><\/span><\/li>\n<li data-slate-node=\"element\" data-slate-fragment=\"JTVCJTdCJTIydHlwZSUyMiUzQSUyMnBhcmFncmFwaCUyMiUyQyUyMmNoaWxkcmVuJTIyJTNBJTVCJTdCJTIydGV4dCUyMiUzQSUyMkRlc2lnbiUyMGZlYXR1cmVzJTIyJTJDJTIyc2VudGVuY2UlMjIlM0EyJTJDJTIyY2hpbGRTZW50ZW5jZSUyMiUzQTElN0QlNUQlN0QlMkMlN0IlMjJ0eXBlJTIyJTNBJTIycGFyYWdyYXBoJTIyJTJDJTIyY2hpbGRyZW4lMjIlM0ElNUIlN0IlMjJ0ZXh0JTIyJTNBJTIyU0VBTUxFU1MlMjBJTlZJU0lCSUxJVFklM0ElMjBPdXIlMjBzaWxpY29uZSUyMHJhYmJpdCUyMGVhciUyMGxpZnQlMjBicmElMjBwYXRjaCUyMGJyZWFzdCUyMHBhdGNoZXMlMjBhcmUlMjBzb2Z0JTIwYW5kJTIwZml0JTIweW91ciUyMHNraW4lMjBjb21mb3J0YWJseSUyMGFuZCUyMHdpdGhvdXQlMjBwcmVzc3VyZSUyQyUyMGFsbG93aW5nJTIweW91JTIwdG8lMjBzaG93JTIwb2ZmJTIweW91ciUyMGF0dHJhY3RpdmUlMjBjdXJ2ZXMuJTIwJTIyJTJDJTIyc2VudGVuY2UlMjIlM0EzJTJDJTIyY2hpbGRTZW50ZW5jZSUyMiUzQTElN0QlMkMlN0IlMjJ0ZXh0JTIyJTNBJTIyV2VhcmluZyUyMG91ciUyMHdvbWVuJ3MlMjBwdXNoLXVwJTIwYnJhcyUyMHdpbGwlMjBtYWtlJTIweW91JTIwZmVlbCUyMGZyZWUlMjBhbmQlMjBpbnZpc2libGUlMkMlMjBubyUyMG9uZSUyMHdpbGwlMjBub3RpY2UlMjB0aGF0JTIweW91JTIwYXJlJTIwd2VhcmluZyUyMHRoaXMlMjBsYWNlJTIwc3RyYXBsZXNzJTIwYmFja2xlc3MlMjBwdXNoLXVwJTIwc2VsZi1hZGhlc2l2ZSUyMGJyYS4lMjIlMkMlMjJzZW50ZW5jZSUyMiUzQTMlMkMlMjJjaGlsZFNlbnRlbmNlJTIyJTNBMiU3RCU1RCU3RCUyQyU3QiUyMnR5cGUlMjIlM0ElMjJwYXJhZ3JhcGglMjIlMkMlMjJjaGlsZHJlbiUyMiUzQSU1QiU3QiUyMnRleHQlMjIlM0ElMjIlMjIlMkMlMjJzZW50ZW5jZSUyMiUzQTQlMkMlMjJjaGlsZFNlbnRlbmNlJTIyJTNBMSU3RCU1RCU3RCUyQyU3QiUyMnR5cGUlMjIlM0ElMjJwYXJhZ3JhcGglMjIlMkMlMjJjaGlsZHJlbiUyMiUzQSU1QiU3QiUyMnRleHQlMjIlM0ElMjJORVclMjBSQUJCSVQlMjBFQVJTJTIwU1RJQ0tZJTIwQlJBJTNBJTIwVGhpcyUyMGN1cGlkJTIwcGFkcyUyMGludmlzaWJsZSUyMGJyYSUyMHNlcmllcyUyMG9mJTIwb3VycyUyMGlzJTIwdmVyeSUyMHBsYXlmdWwlMjBhbmQlMjBjdXRlJTJDJTIwd2l0aCUyMGxhY2UlMjBkZXNpZ24lMjBzdHlsZXMlMjBhdmFpbGFibGUlMjB0byUyMG1lZXQlMjB5b3VyJTIwbGFjZSUyMHRlbXB0YXRpb24uJTIwJTIyJTJDJTIyc2VudGVuY2UlMjIlM0E1JTJDJTIyY2hpbGRTZW50ZW5jZSUyMiUzQTElN0QlMkMlN0IlMjJ0ZXh0JTIyJTNBJTIyVGhlJTIwYnJlYWt0aHJvdWdoJTIwY2hhbmdlJTIwaXMlMjBmYXNoaW9uYWJsZSUyMGFuZCUyMHRyZW5kLXNldHRpbmcuJTIwJTIyJTJDJTIyc2VudGVuY2UlMjIlM0E1JTJDJTIyY2hpbGRTZW50ZW5jZSUyMiUzQTIlN0QlMkMlN0IlMjJ0ZXh0JTIyJTNBJTIyS2ljayUyMG9mZiUyMHlvdXIlMjBuZXclMjBjYXJlZnJlZSUyMHN1bW1lciUyMHdpdGglMjB0aGlzJTIwbmV3ZXN0JTIwcmFiYml0JTIwZWFyLXNoYXBlZCUyMGFkaGVzaXZlJTIwYnJhJTIwZm9yJTIwd29tZW4lMjBvbiUyMHRoZSUyMG1hcmtldCElMjAlMjIlMkMlMjJzZW50ZW5jZSUyMiUzQTUlMkMlMjJjaGlsZFNlbnRlbmNlJTIyJTNBMyU3RCUyQyU3QiUyMnRleHQlMjIlM0ElMjJZb3UlMjBtdXN0JTIwYmUlMjB0aGUlMjBtb3N0JTIwYmVhdXRpZnVsJTIwZ2lybCUyMGF0JTIwdGhlJTIwYmVhY2glMjBhbmQlMjB0aGUlMjBtb3N0JTIwY2hhcm1pbmclMjBhdCUyMHRoZSUyMGV2ZW5pbmclMjBwYXJ0eSElMjIlMkMlMjJzZW50ZW5jZSUyMiUzQTUlMkMlMjJjaGlsZFNlbnRlbmNlJTIyJTNBNCU3RCU1RCU3RCUyQyU3QiUyMnR5cGUlMjIlM0ElMjJwYXJhZ3JhcGglMjIlMkMlMjJjaGlsZHJlbiUyMiUzQSU1QiU3QiUyMnRleHQlMjIlM0ElMjIlMjIlMkMlMjJzZW50ZW5jZSUyMiUzQTYlMkMlMjJjaGlsZFNlbnRlbmNlJTIyJTNBMSU3RCU1RCU3RCUyQyU3QiUyMnR5cGUlMjIlM0ElMjJwYXJhZ3JhcGglMjIlMkMlMjJjaGlsZHJlbiUyMiUzQSU1QiU3QiUyMnRleHQlMjIlM0ElMjJNVUxUSVBMRSUyME9DQ0FTSU9OUyUzQSUyMFdvbWVuJ3MlMjBzdHJhcGxlc3MlMjBzdGlja3klMjBzaWxpY29uZSUyMGJyYXMlMjBhcmUlMjBjb21mb3J0YWJsZSUyQyUyMGNvbnZlbmllbnQlMkMlMjBhbmQlMjB0aW1lLXNhdmluZy4lMjAlMjIlMkMlMjJzZW50ZW5jZSUyMiUzQTclMkMlMjJjaGlsZFNlbnRlbmNlJTIyJTNBMSU3RCUyQyU3QiUyMnRleHQlMjIlM0ElMjJZb3UlMjBjYW4lMjB3ZWFyJTIwaXQlMjBmb3IlMjBkYWlseSUyMHdlYXIlMjB3aXRoJTIwY29uZmlkZW5jZSUyQyUyMG9yJTIwdXNlJTIwaXQlMjBmb3IlMjBpbXBvcnRhbnQlMjBvY2Nhc2lvbnMlMjBzdWNoJTIwYXMlMjBkaW5uZXJzJTIwYW5kJTIwcGFydGllcyUyQyUyMHN1Y2glMjBhcyUyMHdlZGRpbmclMjBkcmVzc2VzJTJDJTIwZXZlbmluZyUyMGRyZXNzZXMlMkMlMjBkZWVwJTIwViUyMGRyZXNzZXMlMkMlMjBidXN0aWVyJTIwZHJlc3NlcyUyQyUyMGJhY2tsZXNzJTIwZHJlc3NlcyUyQyUyMGFuZCUyMHNvJTIwb24uJTIwJTIyJTJDJTIyc2VudGVuY2UlMjIlM0E3JTJDJTIyY2hpbGRTZW50ZW5jZSUyMiUzQTIlN0QlMkMlN0IlMjJ0ZXh0JTIyJTNBJTIyQmVjYXVzZSUyMGl0JTIwaXMlMjBlYXN5JTIwdG8lMjBjYXJyeSUyQyUyMGhvdCUyMHNlbGxpbmclMjBzb2Z0JTIwY29tZm9ydGFibGUlMjBzdGljay1vbiUyMHNpbGljb25lJTIwYnJhJTIwd2lsbCUyMG1ha2UlMjB5b3UlMjBleHVkZSUyMGElMjBjb25maWRlbnQlMjBhbmQlMjBkeW5hbWljJTIwdGVtcGVyYW1lbnQlMjBhdCUyMGFsbCUyMHRpbWVzLiUyMiUyQyUyMnNlbnRlbmNlJTIyJTNBNyUyQyUyMmNoaWxkU2VudGVuY2UlMjIlM0EzJTdEJTVEJTdEJTJDJTdCJTIydHlwZSUyMiUzQSUyMnBhcmFncmFwaCUyMiUyQyUyMmNoaWxkcmVuJTIyJTNBJTVCJTdCJTIydGV4dCUyMiUzQSUyMiUyMiUyQyUyMnNlbnRlbmNlJTIyJTNBOCUyQyUyMmNoaWxkU2VudGVuY2UlMjIlM0ExJTdEJTVEJTdEJTJDJTdCJTIydHlwZSUyMiUzQSUyMnBhcmFncmFwaCUyMiUyQyUyMmNoaWxkcmVuJTIyJTNBJTVCJTdCJTIydGV4dCUyMiUzQSUyMkhJR0glMjBBREhFU0lPTiUyQyUyME5PJTIwU0xJUFBJTkclM0ElMjBUaGUlMjBzdGlja3klMjBzdHJhcGxlc3MlMjBiYWNrbGVzcyUyMGludmlzaWJsZSUyMHB1c2gtdXAlMjBzaWxpY29uZSUyMGJyYSUyMHdpdGglMjBnb29kJTIwYWRoZXNpb24lMjB3aWxsJTIwbWFrZSUyMHlvdXIlMjBicmVhc3RzJTIwZnJlZSUyQyUyMG5vJTIwbmVlZCUyMHRvJTIwd29ycnklMjBhYm91dCUyMGxhcmdlciUyMGFjdGl2aXRpZXMlMjB0aGF0JTIwd2lsbCUyMGNhdXNlJTIwdGhlbSUyMHRvJTIwZmFsbCUyMG9mZi4lMjAlMjIlMkMlMjJzZW50ZW5jZSUyMiUzQTklMkMlMjJjaGlsZFNlbnRlbmNlJTIyJTNBMSU3RCUyQyU3QiUyMnRleHQlMjIlM0ElMjJQbGVhc2UlMjBmZWVsJTIwZnJlZSUyMHRvJTIwd2VhciUyMHRoZSUyMHdvbWVuJ3MlMjBnYXRoZXJpbmclMjBicmElMjByYWJiaXQlMjBlYXIlMjBzaGFwZSUyMGFzJTIwaXQlMjBpcyUyMGNvbWZvcnRhYmxlJTJDJTIwYW5kJTIwc29mdCUyMGFuZCUyMGRvZXMlMjBub3QlMjBpcnJpdGF0ZSUyMHlvdXIlMjBza2luJTJDJTIwcHJvdmlkaW5nJTIweW91JTIwd2l0aCUyMGElMjBjb21mb3J0YWJsZSUyMHdlYXJpbmclMjBleHBlcmllbmNlLiUyMiUyQyUyMnNlbnRlbmNlJTIyJTNBOSUyQyUyMmNoaWxkU2VudGVuY2UlMjIlM0EyJTdEJTVEJTdEJTJDJTdCJTIydHlwZSUyMiUzQSUyMnBhcmFncmFwaCUyMiUyQyUyMmNoaWxkcmVuJTIyJTNBJTVCJTdCJTIydGV4dCUyMiUzQSUyMiUyMiUyQyUyMnNlbnRlbmNlJTIyJTNBMTAlMkMlMjJjaGlsZFNlbnRlbmNlJTIyJTNBMSU3RCU1RCU3RCUyQyU3QiUyMnR5cGUlMjIlM0ElMjJwYXJhZ3JhcGglMjIlMkMlMjJjaGlsZHJlbiUyMiUzQSU1QiU3QiUyMnRleHQlMjIlM0ElMjJOTyUyMFNIT1VMREVSJTIwU1RSQVBTJTIwUkVRVUlSRUQlM0ElMjBvdXIlMjBsYWNlJTIwbm8lMjB0cmFjZSUyMGJyZWF0aGFibGUlMjBhZGhlc2l2ZSUyMHNpbGljb25lJTIwc3RpY2t5JTIwcmFiYml0JTIwZWFyJTIwc2hhcGUlMjBicmFzJTIwaGF2ZSUyMGRpcmVjdCUyMGNvbnRhY3QlMjBhbmQlMjB3cmFwJTIwdGlnaHRseSUyMGFyb3VuZCUyMHlvdXIlMjBzb2Z0JTIwYnJlYXN0cy4lMjAlMjIlMkMlMjJzZW50ZW5jZSUyMiUzQTExJTJDJTIyY2hpbGRTZW50ZW5jZSUyMiUzQTElN0QlMkMlN0IlMjJ0ZXh0JTIyJTNBJTIySXQlMjBpcyUyMHZlcnklMjBicmVhdGhhYmxlJTIwYW5kJTIwY29tZm9ydGFibGUlMkMlMjBhbmQlMjB3aWxsJTIwbm90JTIwY2F1c2UlMjBzdHJhbmd1bGF0aW9uJTIwb24lMjB5b3VyJTIwc2hvdWxkZXJzLiUyMCUyMiUyQyUyMnNlbnRlbmNlJTIyJTNBMTElMkMlMjJjaGlsZFNlbnRlbmNlJTIyJTNBMiU3RCUyQyU3QiUyMnRleHQlMjIlM0ElMjJQZXJmZWN0JTIwZm9yJTIwc3VtbWVyJTIwb3V0aW5ncy4lMjIlMkMlMjJzZW50ZW5jZSUyMiUzQTExJTJDJTIyY2hpbGRTZW50ZW5jZSUyMiUzQTMlN0QlNUQlN0QlNUQ=\"><span data-slate-node=\"text\"><span class=\"111\" data-slate-leaf=\"true\"><strong>KEINE SCHULTERGURTE ERFORDERLICH:<\/strong> Unsere spurlosen, atmungsaktiven Spitzen-BHs mit klebrigem Silikon in Hasenohrform haben direkten Kontakt und schmiegen sich eng um Ihre weichen Br\u00fcste. <\/span><\/span><span data-slate-node=\"text\"><span class=\"112\" data-slate-leaf=\"true\">Es ist sehr atmungsaktiv und komfortabel und verursacht keine Strangulation an Ihren Schultern. <\/span><\/span><span data-slate-node=\"text\"><span class=\"113\" data-slate-leaf=\"true\">Perfekt f\u00fcr Sommerausfl\u00fcge.<\/span><\/span><\/li>\n<\/ul>","protected":false},"excerpt":{"rendered":"<ul>\n<li>Das neueste Produkt auf dem Markt \u2013 ein Silikon-Brustpflaster in Hasenohrform! Mit seiner verspielten und niedlichen Form sowie der Spitzenverzierung setzt es einen neuen Trend in Sachen Mode! Egal, ob Sie Ihr Selbstbewusstsein st\u00e4rken, glamour\u00f6s aussehen oder fleckenfreie Kleidung tragen m\u00f6chten, unser Silikon-Brustpflaster in Hasenohrform wird Ihren Anforderungen gerecht.<\/li>\n<li>Einzigartiges Design, um die Differenzierung von anderen Produkten auf dem Markt sicherzustellen. Dar\u00fcber hinaus kann unser Sortiment an BH-Patches mit einer Vielzahl unterschiedlicher Farben und Gr\u00f6\u00dfen den Bed\u00fcrfnissen unterschiedlicher Personen gerecht werden und Ihnen mehr Verkaufschancen bieten.<\/li>\n<\/ul>","protected":false},"featured_media":7845,"comment_status":"open","ping_status":"closed","template":"","meta":{"site-sidebar-layout":"default","site-content-layout":"","ast-site-content-layout":"default","site-content-style":"default","site-sidebar-style":"default","ast-global-header-display":"","ast-banner-title-visibility":"","ast-main-header-display":"","ast-hfb-above-header-display":"","ast-hfb-below-header-display":"","ast-hfb-mobile-header-display":"","site-post-title":"","ast-breadcrumbs-content":"","ast-featured-img":"","footer-sml-layout":"","ast-disable-related-posts":"","theme-transparent-header-meta":"default","adv-header-id-meta":"","stick-header-meta":"default","header-above-stick-meta":"","header-main-stick-meta":"","header-below-stick-meta":"","astra-migrate-meta-layouts":"set","ast-page-background-enabled":"default","ast-page-background-meta":{"desktop":{"background-color":"","background-image":"","background-repeat":"repeat","background-position":"center center","background-size":"auto","background-attachment":"scroll","background-type":"","background-media":"","overlay-type":"","overlay-color":"","overlay-opacity":"","overlay-gradient":""},"tablet":{"background-color":"","background-image":"","background-repeat":"repeat","background-position":"center center","background-size":"auto","background-attachment":"scroll","background-type":"","background-media":"","overlay-type":"","overlay-color":"","overlay-opacity":"","overlay-gradient":""},"mobile":{"background-color":"","background-image":"","background-repeat":"repeat","background-position":"center center","background-size":"auto","background-attachment":"scroll","background-type":"","background-media":"","overlay-type":"","overlay-color":"","overlay-opacity":"","overlay-gradient":""}},"ast-content-background-meta":{"desktop":{"background-color":"var(--ast-global-color-5)","background-image":"","background-repeat":"repeat","background-position":"center center","background-size":"auto","background-attachment":"scroll","background-type":"","background-media":"","overlay-type":"","overlay-color":"","overlay-opacity":"","overlay-gradient":""},"tablet":{"background-color":"var(--ast-global-color-5)","background-image":"","background-repeat":"repeat","background-position":"center center","background-size":"auto","background-attachment":"scroll","background-type":"","background-media":"","overlay-type":"","overlay-color":"","overlay-opacity":"","overlay-gradient":""},"mobile":{"background-color":"var(--ast-global-color-5)","background-image":"","background-repeat":"repeat","background-position":"center center","background-size":"auto","background-attachment":"scroll","background-type":"","background-media":"","overlay-type":"","overlay-color":"","overlay-opacity":"","overlay-gradient":""}}},"product_brand":[],"product_cat":[65,76,259,584],"product_tag":[598,473,612,459],"class_list":{"0":"post-7842","1":"product","2":"type-product","3":"status-publish","4":"has-post-thumbnail","6":"product_cat-best-sellers","7":"product_cat-new-arrivels","8":"product_cat-lingerie","9":"product_cat-adhesive-bras","10":"product_tag-adhesive-bra","11":"product_tag-lace","12":"product_tag-rabbit-ear-shape","13":"product_tag-silica-gel","14":"pa_color-beige","15":"pa_color-beige-with-lace","16":"pa_color-black","17":"pa_color-black-lace","18":"pa_color-white-lace","19":"pa_size-11cm","20":"pa_size-13cm","21":"pa_size-9-5cm","22":"desktop-align-center","23":"tablet-align-left","24":"mobile-align-left","25":"ast-product-gallery-layout-horizontal-slider","26":"ast-product-single-variable","27":"ast-product-tabs-layout-horizontal","28":"ast-qv-on-image","30":"first","31":"instock","32":"shipping-taxable","33":"purchasable","34":"product-type-variable"},"tiered_pricing_type":"fixed","tiered_pricing_fixed_rules":[],"tiered_pricing_product_settings":{"layout":"default","base_unit_name":{"singular":null,"plural":null},"default_variation":null},"tiered_pricing_minimum_quantity":null,"tiered_pricing_roles_data":[],"tiered_pricing_percentage_rules":[],"_links":{"self":[{"href":"https:\/\/yume-silm.com\/de\/wp-json\/wp\/v2\/product\/7842","targetHints":{"allow":["GET"]}}],"collection":[{"href":"https:\/\/yume-silm.com\/de\/wp-json\/wp\/v2\/product"}],"about":[{"href":"https:\/\/yume-silm.com\/de\/wp-json\/wp\/v2\/types\/product"}],"replies":[{"embeddable":true,"href":"https:\/\/yume-silm.com\/de\/wp-json\/wp\/v2\/comments?post=7842"}],"wp:featuredmedia":[{"embeddable":true,"href":"https:\/\/yume-silm.com\/de\/wp-json\/wp\/v2\/media\/7845"}],"wp:attachment":[{"href":"https:\/\/yume-silm.com\/de\/wp-json\/wp\/v2\/media?parent=7842"}],"wp:term":[{"taxonomy":"product_brand","embeddable":true,"href":"https:\/\/yume-silm.com\/de\/wp-json\/wp\/v2\/product_brand?post=7842"},{"taxonomy":"product_cat","embeddable":true,"href":"https:\/\/yume-silm.com\/de\/wp-json\/wp\/v2\/product_cat?post=7842"},{"taxonomy":"product_tag","embeddable":true,"href":"https:\/\/yume-silm.com\/de\/wp-json\/wp\/v2\/product_tag?post=7842"}],"curies":[{"name":"wp","href":"https:\/\/api.w.org\/{rel}","templated":true}]}}