{"id":8060,"date":"2024-05-16T07:02:32","date_gmt":"2024-05-16T07:02:32","guid":{"rendered":"https:\/\/yume-silm.com\/?post_type=product&#038;p=8060"},"modified":"2025-05-26T00:52:36","modified_gmt":"2025-05-26T00:52:36","slug":"groshandel-sauna-schweis-anzug-gym-fitness-mit-kapuze-gewicht-verlust","status":"publish","type":"product","link":"https:\/\/yume-silm.com\/de\/produkt\/groshandel-sauna-schweis-anzug-gym-fitness-mit-kapuze-gewicht-verlust\/","title":{"rendered":"Gro\u00dfhandel Sauna Sweat Suit Gym Fitness Kapuzen Gewichtsverlust"},"content":{"rendered":"<h5>Design-Merkmale<\/h5>\n<ul>\n<li><strong>INNOVATIVES DESIGN:<\/strong>\u00a0Ein Saunashirt f\u00fcr Damen ist der beste Helfer zur K\u00f6rperformung und Gewichtsabnahme. Das Funktionsprinzip eines Saunaanzugs zur Gewichtsabnahme bei Frauen besteht darin, das Schwitzen zu beschleunigen, die Durchblutung zu f\u00f6rdern, Muskelerm\u00fcdung zu reduzieren und durch angemessene Kompression und angemessenen begrenzten Raum eine effektive Gewichtsabnahme und K\u00f6rperformung zu erreichen.<\/li>\n<li><strong>T\u00c4GLICHE SAUNAKLEIDUNG ZUR GEWICHTSABNAHME:<\/strong> Rosa, lang\u00e4rmlige Sportoberteile f\u00fcrs Training, perfekt f\u00fcr Yoga zu Hause im Fitnessstudio oder Lauftraining im Freien, aber auch f\u00fcr die Arbeit. Sie k\u00f6nnen dieses figurformende Sauna-Set zur Gewichtsabnahme tragen. Es h\u00e4lt im kalten Winter effektiv die K\u00e4lte ab und kann im Fr\u00fchling, Sommer und Herbst verwendet werden, um das Schwitzen zur Gewichtsabnahme zu beschleunigen.<\/li>\n<li><strong>KOMFORTABEL UND PRAKTISCH:<\/strong>\u00a0Das lang\u00e4rmelige, w\u00e4rmespeichernde Sweat-Shirt mit durchgehendem Rei\u00dfverschluss und leichtem Sweatshirt ist aus hochwertigem Stoff gefertigt, der angenehmer f\u00fcr die Haut ist. Es l\u00e4sst sich wie Alltagskleidung leicht tragen und muss nur mit einem Rei\u00dfverschluss ge\u00f6ffnet und geschlossen werden. Es ist leicht, bequem und stressfrei, sodass Sie es flexibel ausf\u00fchren k\u00f6nnen, egal welche Art von \u00dcbung Sie machen.<\/li>\n<\/ul>\n<p><img fetchpriority=\"high\" decoding=\"async\" class=\"alignnone size-medium wp-image-8059\" src=\"https:\/\/yume-silm.com\/wp-content\/uploads\/2024\/05\/wholesale-sauna-sweat-workout-sports-suit-pink-pvc-300x300.jpg\" alt=\"Sauna-Trainingsanzug f\u00fcr Fitnessstudio, Fitness, Gewichtsverlust mit Kapuze f\u00fcr M\u00e4nner und Frauen\" width=\"300\" height=\"300\" title=\"\" srcset=\"https:\/\/yume-silm.com\/wp-content\/uploads\/2024\/05\/wholesale-sauna-sweat-workout-sports-suit-pink-pvc-300x300.jpg 300w, https:\/\/yume-silm.com\/wp-content\/uploads\/2024\/05\/wholesale-sauna-sweat-workout-sports-suit-pink-pvc-150x150.jpg 150w, https:\/\/yume-silm.com\/wp-content\/uploads\/2024\/05\/wholesale-sauna-sweat-workout-sports-suit-pink-pvc-768x768.jpg 768w, https:\/\/yume-silm.com\/wp-content\/uploads\/2024\/05\/wholesale-sauna-sweat-workout-sports-suit-pink-pvc-12x12.jpg 12w, https:\/\/yume-silm.com\/wp-content\/uploads\/2024\/05\/wholesale-sauna-sweat-workout-sports-suit-pink-pvc-800x800.jpg 800w, https:\/\/yume-silm.com\/wp-content\/uploads\/2024\/05\/wholesale-sauna-sweat-workout-sports-suit-pink-pvc-100x100.jpg 100w, https:\/\/yume-silm.com\/wp-content\/uploads\/2024\/05\/wholesale-sauna-sweat-workout-sports-suit-pink-pvc.jpg 1000w\" sizes=\"(max-width: 300px) 100vw, 300px\" \/><\/p>\n<h6>Sauna-Trainingsanz\u00fcge mit individuellem Logo, Sportbekleidung, Boxbekleidung, Laufsaunaanzug<\/h6>\n<ul>\n<li><strong>MODISCHE FORM:<\/strong> Das Rei\u00dfverschlussdesign des Sauna-Trainingsanzugs f\u00fcr M\u00e4nner und Frauen mit Kapuze zum Abnehmen ist modisch und sportlich. Sie k\u00f6nnen beim Training Ihre sch\u00f6ne Taille und Ihren Halsausschnitt trainieren. Lila Anzug<\/li>\n<\/ul>","protected":false},"excerpt":{"rendered":"<ul>\n<li>Egal, ob Sie gesund werden, abnehmen oder Stress abbauen m\u00f6chten.<\/li>\n<li>Kommen Sie und w\u00e4hlen Sie unsere Sauna-Trainingsanz\u00fcge f\u00fcr Damen und Herren mit Kapuze zum Abnehmen f\u00fcr ein ges\u00fcnderes, bequemeres und stilvolleres Leben! Neue Produkte sind da, bestellen Sie noch heute!<\/li>\n<\/ul>","protected":false},"featured_media":8075,"comment_status":"open","ping_status":"closed","template":"","meta":{"site-sidebar-layout":"default","site-content-layout":"","ast-site-content-layout":"default","site-content-style":"default","site-sidebar-style":"default","ast-global-header-display":"","ast-banner-title-visibility":"","ast-main-header-display":"","ast-hfb-above-header-display":"","ast-hfb-below-header-display":"","ast-hfb-mobile-header-display":"","site-post-title":"","ast-breadcrumbs-content":"","ast-featured-img":"","footer-sml-layout":"","ast-disable-related-posts":"","theme-transparent-header-meta":"default","adv-header-id-meta":"","stick-header-meta":"default","header-above-stick-meta":"","header-main-stick-meta":"","header-below-stick-meta":"","astra-migrate-meta-layouts":"set","ast-page-background-enabled":"default","ast-page-background-meta":{"desktop":{"background-color":"","background-image":"","background-repeat":"repeat","background-position":"center center","background-size":"auto","background-attachment":"scroll","background-type":"","background-media":"","overlay-type":"","overlay-color":"","overlay-opacity":"","overlay-gradient":""},"tablet":{"background-color":"","background-image":"","background-repeat":"repeat","background-position":"center center","background-size":"auto","background-attachment":"scroll","background-type":"","background-media":"","overlay-type":"","overlay-color":"","overlay-opacity":"","overlay-gradient":""},"mobile":{"background-color":"","background-image":"","background-repeat":"repeat","background-position":"center center","background-size":"auto","background-attachment":"scroll","background-type":"","background-media":"","overlay-type":"","overlay-color":"","overlay-opacity":"","overlay-gradient":""}},"ast-content-background-meta":{"desktop":{"background-color":"var(--ast-global-color-5)","background-image":"","background-repeat":"repeat","background-position":"center center","background-size":"auto","background-attachment":"scroll","background-type":"","background-media":"","overlay-type":"","overlay-color":"","overlay-opacity":"","overlay-gradient":""},"tablet":{"background-color":"var(--ast-global-color-5)","background-image":"","background-repeat":"repeat","background-position":"center center","background-size":"auto","background-attachment":"scroll","background-type":"","background-media":"","overlay-type":"","overlay-color":"","overlay-opacity":"","overlay-gradient":""},"mobile":{"background-color":"var(--ast-global-color-5)","background-image":"","background-repeat":"repeat","background-position":"center center","background-size":"auto","background-attachment":"scroll","background-type":"","background-media":"","overlay-type":"","overlay-color":"","overlay-opacity":"","overlay-gradient":""}}},"product_brand":[],"product_cat":[65,76,97,102,98,99],"product_tag":[413,618,617,563,548,615,185,616],"class_list":{"0":"post-8060","1":"product","2":"type-product","3":"status-publish","4":"has-post-thumbnail","6":"product_cat-best-sellers","7":"product_cat-new-arrivels","8":"product_cat-sauna-suit","9":"product_cat-full-body-sweat-suit","10":"product_cat-sauna-jacket","11":"product_cat-sauna-pants","12":"product_tag-fitness","13":"product_tag-pink-suit","14":"product_tag-purple-suit","15":"product_tag-running","16":"product_tag-sauna-sweat","17":"product_tag-sportswear","18":"product_tag-workout","19":"product_tag-workout-set","20":"pa_color-pink","21":"pa_color-purple","22":"pa_size-4xl","23":"pa_size-l","24":"pa_size-m","25":"pa_size-s","26":"pa_size-xl","27":"pa_size-xxl","28":"pa_size-xxxl","29":"desktop-align-center","30":"tablet-align-left","31":"mobile-align-left","32":"ast-product-gallery-layout-horizontal-slider","33":"ast-product-single-variable","34":"ast-product-tabs-layout-horizontal","35":"ast-qv-on-image","37":"first","38":"instock","39":"sale","40":"shipping-taxable","41":"purchasable","42":"product-type-variable"},"tiered_pricing_type":"fixed","tiered_pricing_fixed_rules":{"5":18,"50":16,"100":14},"tiered_pricing_product_settings":{"layout":"default","base_unit_name":{"singular":null,"plural":null},"default_variation":null},"tiered_pricing_minimum_quantity":null,"tiered_pricing_roles_data":[],"tiered_pricing_percentage_rules":[],"_links":{"self":[{"href":"https:\/\/yume-silm.com\/de\/wp-json\/wp\/v2\/product\/8060","targetHints":{"allow":["GET"]}}],"collection":[{"href":"https:\/\/yume-silm.com\/de\/wp-json\/wp\/v2\/product"}],"about":[{"href":"https:\/\/yume-silm.com\/de\/wp-json\/wp\/v2\/types\/product"}],"replies":[{"embeddable":true,"href":"https:\/\/yume-silm.com\/de\/wp-json\/wp\/v2\/comments?post=8060"}],"wp:featuredmedia":[{"embeddable":true,"href":"https:\/\/yume-silm.com\/de\/wp-json\/wp\/v2\/media\/8075"}],"wp:attachment":[{"href":"https:\/\/yume-silm.com\/de\/wp-json\/wp\/v2\/media?parent=8060"}],"wp:term":[{"taxonomy":"product_brand","embeddable":true,"href":"https:\/\/yume-silm.com\/de\/wp-json\/wp\/v2\/product_brand?post=8060"},{"taxonomy":"product_cat","embeddable":true,"href":"https:\/\/yume-silm.com\/de\/wp-json\/wp\/v2\/product_cat?post=8060"},{"taxonomy":"product_tag","embeddable":true,"href":"https:\/\/yume-silm.com\/de\/wp-json\/wp\/v2\/product_tag?post=8060"}],"curies":[{"name":"wp","href":"https:\/\/api.w.org\/{rel}","templated":true}]}}