{"id":8078,"date":"2024-05-16T07:35:26","date_gmt":"2024-05-16T07:35:26","guid":{"rendered":"https:\/\/yume-silm.com\/?post_type=product&#038;p=8078"},"modified":"2024-05-16T07:44:10","modified_gmt":"2024-05-16T07:44:10","slug":"sauna-jogginghose-fitnessstudio-fitness-gewichtsverlust","status":"publish","type":"product","link":"https:\/\/yume-silm.com\/de\/produkt\/sauna-jogginghose-fitnessstudio-fitness-gewichtsverlust\/","title":{"rendered":"Gro\u00dfhandel Schwarze Sauna-Trainingshose f\u00fcr Fitnessstudio und Fitness"},"content":{"rendered":"<h5>Design-Merkmale<\/h5>\n<ul>\n<li><strong>INNOVATIVES DESIGN:<\/strong> Eine Saunahose f\u00fcr Damen ist der beste Helfer zur K\u00f6rperformung und Gewichtsabnahme. Das Funktionsprinzip eines Saunaanzugs zur Gewichtsabnahme bei Frauen besteht darin, das Schwitzen zu beschleunigen, die Durchblutung zu f\u00f6rdern, Muskelerm\u00fcdung zu reduzieren und durch angemessene Kompression und angemessenen begrenzten Raum eine effektive Gewichtsabnahme und K\u00f6rperformung zu erreichen.<\/li>\n<li><strong>T\u00c4GLICHE SAUNAKLEIDUNG ZUR GEWICHTSABNAHME:<\/strong> Schwarze lang\u00e4rmelige Trainingssporthosen eignen sich perfekt f\u00fcr Yoga zu Hause im Fitnessstudio oder Lauf\u00fcbungen im Freien sowie f\u00fcr die Arbeit. Sie k\u00f6nnen dieses k\u00f6rperformende Sauna-Set zur Gewichtsabnahme tragen. Es kann die K\u00e4lte im kalten Winter effektiv abhalten und kann im Fr\u00fchling, Sommer und Herbst verwendet werden, um das Schwitzen zur Gewichtsabnahme zu beschleunigen.<\/li>\n<li><strong>KOMFORTABEL UND PRAKTISCH:<\/strong> Die dampfende, w\u00e4rmeabsorbierende, leichte Jogginghose in Schwarz f\u00fcr den Freizeitbereich besteht aus hochwertigem Stoff, der angenehmer f\u00fcr die Haut ist. Sie l\u00e4sst sich wie Alltagskleidung leicht tragen. Sie ist leicht, bequem und stressfrei, sodass Sie sie flexibel ausf\u00fchren k\u00f6nnen, egal welche Art von \u00dcbung Sie machen.<\/li>\n<\/ul>\n<h6><em>Sauna-Schwitzanzug Sporthose f\u00fcr Damen und Herren<\/em><\/h6>\n<ul>\n<li><strong>MODISCHE FORM:<\/strong> Das Rei\u00dfverschlussdesign der Sauna-Trainingshosen f\u00fcr M\u00e4nner und Frauen zum Abnehmen im Fitnessstudio ist modisch und sportlich. Sie k\u00f6nnen beim Training Ihre sch\u00f6ne Taille und Ihren Halsausschnitt trainieren.<\/li>\n<\/ul>","protected":false},"excerpt":{"rendered":"<ul>\n<li>Egal, ob Sie gesund werden, abnehmen oder Stress abbauen m\u00f6chten.<\/li>\n<li>W\u00e4hlen Sie unsere Sauna-Trainingshosen f\u00fcr Damen und Herren zum Abnehmen und f\u00fcr ein ges\u00fcnderes, bequemeres und stilvolleres Leben! Neue Produkte sind da, bestellen Sie noch heute!<\/li>\n<\/ul>","protected":false},"featured_media":8081,"comment_status":"open","ping_status":"closed","template":"","meta":{"site-sidebar-layout":"default","site-content-layout":"","ast-site-content-layout":"default","site-content-style":"default","site-sidebar-style":"default","ast-global-header-display":"","ast-banner-title-visibility":"","ast-main-header-display":"","ast-hfb-above-header-display":"","ast-hfb-below-header-display":"","ast-hfb-mobile-header-display":"","site-post-title":"","ast-breadcrumbs-content":"","ast-featured-img":"","footer-sml-layout":"","ast-disable-related-posts":"","theme-transparent-header-meta":"default","adv-header-id-meta":"","stick-header-meta":"default","header-above-stick-meta":"","header-main-stick-meta":"","header-below-stick-meta":"","astra-migrate-meta-layouts":"set","ast-page-background-enabled":"default","ast-page-background-meta":{"desktop":{"background-color":"","background-image":"","background-repeat":"repeat","background-position":"center center","background-size":"auto","background-attachment":"scroll","background-type":"","background-media":"","overlay-type":"","overlay-color":"","overlay-opacity":"","overlay-gradient":""},"tablet":{"background-color":"","background-image":"","background-repeat":"repeat","background-position":"center center","background-size":"auto","background-attachment":"scroll","background-type":"","background-media":"","overlay-type":"","overlay-color":"","overlay-opacity":"","overlay-gradient":""},"mobile":{"background-color":"","background-image":"","background-repeat":"repeat","background-position":"center center","background-size":"auto","background-attachment":"scroll","background-type":"","background-media":"","overlay-type":"","overlay-color":"","overlay-opacity":"","overlay-gradient":""}},"ast-content-background-meta":{"desktop":{"background-color":"var(--ast-global-color-5)","background-image":"","background-repeat":"repeat","background-position":"center center","background-size":"auto","background-attachment":"scroll","background-type":"","background-media":"","overlay-type":"","overlay-color":"","overlay-opacity":"","overlay-gradient":""},"tablet":{"background-color":"var(--ast-global-color-5)","background-image":"","background-repeat":"repeat","background-position":"center center","background-size":"auto","background-attachment":"scroll","background-type":"","background-media":"","overlay-type":"","overlay-color":"","overlay-opacity":"","overlay-gradient":""},"mobile":{"background-color":"var(--ast-global-color-5)","background-image":"","background-repeat":"repeat","background-position":"center center","background-size":"auto","background-attachment":"scroll","background-type":"","background-media":"","overlay-type":"","overlay-color":"","overlay-opacity":"","overlay-gradient":""}}},"product_brand":[],"product_cat":[65,76,97,99],"product_tag":[460,548],"class_list":{"0":"post-8078","1":"product","2":"type-product","3":"status-publish","4":"has-post-thumbnail","6":"product_cat-best-sellers","7":"product_cat-new-arrivels","8":"product_cat-sauna-suit","9":"product_cat-sauna-pants","10":"product_tag-high-elasticity","11":"product_tag-sauna-sweat","12":"pa_color-black","13":"pa_size-4xl","14":"pa_size-l","15":"pa_size-m","16":"pa_size-s","17":"pa_size-xl","18":"pa_size-xxl","19":"pa_size-xxxl","20":"desktop-align-center","21":"tablet-align-left","22":"mobile-align-left","23":"ast-product-gallery-layout-horizontal-slider","24":"ast-product-tabs-layout-horizontal","25":"ast-qv-on-image","27":"first","28":"instock","29":"shipping-taxable","30":"purchasable","31":"product-type-simple"},"tiered_pricing_type":"fixed","tiered_pricing_fixed_rules":{"2":5.5,"30":5,"100":4.5},"tiered_pricing_product_settings":{"layout":"default","base_unit_name":{"singular":null,"plural":null},"default_variation":null},"tiered_pricing_minimum_quantity":null,"tiered_pricing_roles_data":[],"tiered_pricing_percentage_rules":[],"_links":{"self":[{"href":"https:\/\/yume-silm.com\/de\/wp-json\/wp\/v2\/product\/8078","targetHints":{"allow":["GET"]}}],"collection":[{"href":"https:\/\/yume-silm.com\/de\/wp-json\/wp\/v2\/product"}],"about":[{"href":"https:\/\/yume-silm.com\/de\/wp-json\/wp\/v2\/types\/product"}],"replies":[{"embeddable":true,"href":"https:\/\/yume-silm.com\/de\/wp-json\/wp\/v2\/comments?post=8078"}],"wp:featuredmedia":[{"embeddable":true,"href":"https:\/\/yume-silm.com\/de\/wp-json\/wp\/v2\/media\/8081"}],"wp:attachment":[{"href":"https:\/\/yume-silm.com\/de\/wp-json\/wp\/v2\/media?parent=8078"}],"wp:term":[{"taxonomy":"product_brand","embeddable":true,"href":"https:\/\/yume-silm.com\/de\/wp-json\/wp\/v2\/product_brand?post=8078"},{"taxonomy":"product_cat","embeddable":true,"href":"https:\/\/yume-silm.com\/de\/wp-json\/wp\/v2\/product_cat?post=8078"},{"taxonomy":"product_tag","embeddable":true,"href":"https:\/\/yume-silm.com\/de\/wp-json\/wp\/v2\/product_tag?post=8078"}],"curies":[{"name":"wp","href":"https:\/\/api.w.org\/{rel}","templated":true}]}}