{"id":8176,"date":"2024-05-24T02:55:32","date_gmt":"2024-05-24T02:55:32","guid":{"rendered":"https:\/\/yume-silm.com\/?post_type=product&#038;p=8176"},"modified":"2024-07-04T01:12:25","modified_gmt":"2024-07-04T01:12:25","slug":"armelloses-one-shoulder-tanktop-mit-cut-outs-fur-damen-im-tanga-stil%ef%bc%88%e6%b5%8b%e8%af%95%ef%bc%89","status":"publish","type":"product","link":"https:\/\/yume-silm.com\/de\/produkt\/armelloses-one-shoulder-tanktop-mit-cut-outs-fur-damen-im-tanga-stil%ef%bc%88%e6%b5%8b%e8%af%95%ef%bc%89\/","title":{"rendered":"\u00c4rmelloses One-Shoulder-Cutout-Tanga-Bodysuit-Tanktop f\u00fcr Damen"},"content":{"rendered":"<h5>Design-Merkmale<\/h5>\n<ul>\n<li><strong>NETZ-TANGA-BODYSUIT:<\/strong> Der One-Shoulder-Ausschnitt der Tanga-Bodysuit-Shapewear ist asymmetrisch schick. Der Tanga-Schnitt der Tanga-Bodysuit-Dessous und das untere Druckknopfdesign sind sehr praktisch.<\/li>\n<li><strong>MODISCHES OUTFIT:<\/strong> Der sexy Ausschnitt der bauchkontrollierenden, Po-hebenden Shapewear und die \u00e4rmellose, schmale Passform sind s\u00fc\u00df und modisch und bieten Ihnen unbegrenzte Outfit-Inspiration. Sie k\u00f6nnen es problemlos mit jeder Jeans, Shorts, h\u00fcbschen Kleidern usw. kombinieren. Der einteilige Tanga-Bodysuit bietet gro\u00dfartige Versteckm\u00f6glichkeiten und ist perfekt f\u00fcr t\u00e4gliche Ausfl\u00fcge, Verabredungen oder sogar Abendpartys, Cocktailpartys, Urlaube, Partys usw. Ein Kleiderschrank ist ein Muss f\u00fcr alle Jahreszeiten, Tag und Nacht!<\/li>\n<li><strong>HOFFNUNGSSCHIMMER:<\/strong> Unser neuster sexy tr\u00e4gerloser Tanga-Bodysuit 2024 ist vom \u201eLicht der Hoffnung\u201c inspiriert. W\u00fcnschen Sie sich eine Starfigur, eine schillernde Sanduhrfigur, die die Blicke auf sich zieht!<\/li>\n<li><strong>DEHNBAR UND KOMFORTABEL:<\/strong> Der Stoff des \u00e4rmellosen One-Shoulder-Cutout-Tanga-Bodysuit-Tanktops f\u00fcr Damen ist atmungsaktiv, leicht und sehr hautfreundlich. Es ist sehr elastisch, mehrfach waschbar, verformt sich nicht und fusselt nicht. Sie m\u00fcssen keine andere Unterw\u00e4sche tragen, da es blickdicht und gepolstert ist.<\/li>\n<\/ul>\n<h6><em>Sexy One-Shoulder-V-R\u00fcckenfrei-Tanktops f\u00fcr Damen<\/em><\/h6>\n<ul>\n<li>\u00c4rmelloses One-Shoulder-Tanga-Bodysuit-Tanktop mit Cut-outs f\u00fcr ein stylischeres, schickeres und sexyeres Gef\u00fchl.<\/li>\n<li>Am besten zum Ausgehen, f\u00fcr Partys, Urlaub, Ferien, den Alltag usw. geeignet.<\/li>\n<li><span data-slate-fragment=\"JTVCJTdCJTIydHlwZSUyMiUzQSUyMnBhcmFncmFwaCUyMiUyQyUyMmNoaWxkcmVuJTIyJTNBJTVCJTdCJTIydGV4dCUyMiUzQSUyMlRoZSUyMHNsZWV2ZWxlc3MlMjBvbmUtc2hvdWxkZXIlMjBjdXRvdXQlMjB0aG9uZyUyMGJvZHlzdWl0JTIwdGFuayUyMHRvcCUyMHBlcmZlY3RseSUyMG91dGxpbmVzJTIwdGhlJTIwY2hhcm1pbmclMjBjdXJ2ZS4lMjBUaGUlMjB1bmlxdWUlMjBvbmUtc2hvdWxkZXIlMjBkZXNpZ24lMjBpcyUyMGZhc2hpb25hYmxlJTIwYW5kJTIwbW9kZXJuJTJDJTIwc2hvd2luZyUyMHNleGluZXNzJTIwYW5kJTIwY29uZmlkZW5jZS4lMjBXaGV0aGVyJTIweW91JTIwcGFpciUyMGl0JTIwd2l0aCUyMGplYW5zJTJDJTIwc2tpcnRzJTJDJTIwb3IlMjBldmVuaW5nJTIwZHJlc3NlcyUyQyUyMHlvdSUyMGNhbiUyMGluc3RhbnRseSUyMGVuaGFuY2UlMjB5b3VyJTIwbG9vayUyMGFuZCUyMGJlY29tZSUyMHRoZSUyMGNlbnRlciUyMG9mJTIwYXR0ZW50aW9uLiUyMiU3RCU1RCU3RCU1RA==\">Das \u00e4rmellose One-Shoulder-Cutout-Tanga-Bodysuit-Tanktop betont die bezaubernden Kurven perfekt.<\/span><\/li>\n<\/ul>","protected":false},"excerpt":{"rendered":"<ul>\n<li><span data-slate-fragment=\"JTVCJTdCJTIydHlwZSUyMiUzQSUyMnBhcmFncmFwaCUyMiUyQyUyMmNoaWxkcmVuJTIyJTNBJTVCJTdCJTIydGV4dCUyMiUzQSUyMlRoZSUyMHNsZWV2ZWxlc3MlMjBvbmUtc2hvdWxkZXIlMjBjdXRvdXQlMjB0aG9uZyUyMGJvZHlzdWl0JTIwdGFuayUyMHRvcCUyMHBlcmZlY3RseSUyMG91dGxpbmVzJTIwdGhlJTIwY2hhcm1pbmclMjBjdXJ2ZS4lMjBUaGUlMjB1bmlxdWUlMjBvbmUtc2hvdWxkZXIlMjBkZXNpZ24lMjBpcyUyMGZhc2hpb25hYmxlJTIwYW5kJTIwbW9kZXJuJTJDJTIwc2hvd2luZyUyMHNleGluZXNzJTIwYW5kJTIwY29uZmlkZW5jZS4lMjBXaGV0aGVyJTIweW91JTIwcGFpciUyMGl0JTIwd2l0aCUyMGplYW5zJTJDJTIwc2tpcnRzJTJDJTIwb3IlMjBldmVuaW5nJTIwZHJlc3NlcyUyQyUyMHlvdSUyMGNhbiUyMGluc3RhbnRseSUyMGVuaGFuY2UlMjB5b3VyJTIwbG9vayUyMGFuZCUyMGJlY29tZSUyMHRoZSUyMGNlbnRlciUyMG9mJTIwYXR0ZW50aW9uLiUyMiU3RCU1RCU3RCU1RA==\">Das einzigartige \u00e4rmellose One-Shoulder-Tanga-Bodysuit-Tanktop-Design mit Cut-outs ist modisch und modern und strahlt Sexyness und Selbstbewusstsein aus. <\/span><\/li>\n<li><span data-slate-fragment=\"JTVCJTdCJTIydHlwZSUyMiUzQSUyMnBhcmFncmFwaCUyMiUyQyUyMmNoaWxkcmVuJTIyJTNBJTVCJTdCJTIydGV4dCUyMiUzQSUyMlRoZSUyMHNsZWV2ZWxlc3MlMjBvbmUtc2hvdWxkZXIlMjBjdXRvdXQlMjB0aG9uZyUyMGJvZHlzdWl0JTIwdGFuayUyMHRvcCUyMHBlcmZlY3RseSUyMG91dGxpbmVzJTIwdGhlJTIwY2hhcm1pbmclMjBjdXJ2ZS4lMjBUaGUlMjB1bmlxdWUlMjBvbmUtc2hvdWxkZXIlMjBkZXNpZ24lMjBpcyUyMGZhc2hpb25hYmxlJTIwYW5kJTIwbW9kZXJuJTJDJTIwc2hvd2luZyUyMHNleGluZXNzJTIwYW5kJTIwY29uZmlkZW5jZS4lMjBXaGV0aGVyJTIweW91JTIwcGFpciUyMGl0JTIwd2l0aCUyMGplYW5zJTJDJTIwc2tpcnRzJTJDJTIwb3IlMjBldmVuaW5nJTIwZHJlc3NlcyUyQyUyMHlvdSUyMGNhbiUyMGluc3RhbnRseSUyMGVuaGFuY2UlMjB5b3VyJTIwbG9vayUyMGFuZCUyMGJlY29tZSUyMHRoZSUyMGNlbnRlciUyMG9mJTIwYXR0ZW50aW9uLiUyMiU3RCU1RCU3RCU1RA==\">Egal, ob Sie es mit Jeans, R\u00f6cken oder Abendkleidern kombinieren, Sie k\u00f6nnen Ihren Look sofort aufwerten und im Mittelpunkt der Aufmerksamkeit stehen.<\/span><\/li>\n<\/ul>","protected":false},"featured_media":8165,"comment_status":"open","ping_status":"closed","template":"","meta":{"site-sidebar-layout":"default","site-content-layout":"","ast-site-content-layout":"default","site-content-style":"default","site-sidebar-style":"default","ast-global-header-display":"","ast-banner-title-visibility":"","ast-main-header-display":"","ast-hfb-above-header-display":"","ast-hfb-below-header-display":"","ast-hfb-mobile-header-display":"","site-post-title":"","ast-breadcrumbs-content":"","ast-featured-img":"","footer-sml-layout":"","ast-disable-related-posts":"","theme-transparent-header-meta":"default","adv-header-id-meta":"","stick-header-meta":"default","header-above-stick-meta":"","header-main-stick-meta":"","header-below-stick-meta":"","astra-migrate-meta-layouts":"set","ast-page-background-enabled":"default","ast-page-background-meta":{"desktop":{"background-color":"","background-image":"","background-repeat":"repeat","background-position":"center center","background-size":"auto","background-attachment":"scroll","background-type":"","background-media":"","overlay-type":"","overlay-color":"","overlay-opacity":"","overlay-gradient":""},"tablet":{"background-color":"","background-image":"","background-repeat":"repeat","background-position":"center center","background-size":"auto","background-attachment":"scroll","background-type":"","background-media":"","overlay-type":"","overlay-color":"","overlay-opacity":"","overlay-gradient":""},"mobile":{"background-color":"","background-image":"","background-repeat":"repeat","background-position":"center center","background-size":"auto","background-attachment":"scroll","background-type":"","background-media":"","overlay-type":"","overlay-color":"","overlay-opacity":"","overlay-gradient":""}},"ast-content-background-meta":{"desktop":{"background-color":"var(--ast-global-color-5)","background-image":"","background-repeat":"repeat","background-position":"center center","background-size":"auto","background-attachment":"scroll","background-type":"","background-media":"","overlay-type":"","overlay-color":"","overlay-opacity":"","overlay-gradient":""},"tablet":{"background-color":"var(--ast-global-color-5)","background-image":"","background-repeat":"repeat","background-position":"center center","background-size":"auto","background-attachment":"scroll","background-type":"","background-media":"","overlay-type":"","overlay-color":"","overlay-opacity":"","overlay-gradient":""},"mobile":{"background-color":"var(--ast-global-color-5)","background-image":"","background-repeat":"repeat","background-position":"center center","background-size":"auto","background-attachment":"scroll","background-type":"","background-media":"","overlay-type":"","overlay-color":"","overlay-opacity":"","overlay-gradient":""}}},"product_brand":[],"product_cat":[77,65,76,82,81],"product_tag":[421,621,145,213],"class_list":{"0":"post-8176","1":"product","2":"type-product","3":"status-publish","4":"has-post-thumbnail","6":"product_cat-wholesale-womens-shapewear","7":"product_cat-best-sellers","8":"product_cat-new-arrivels","9":"product_cat-wholesale-shapewear-bodysuit","10":"product_cat-wholesale-slimming-tank-top","11":"product_tag-fashions","12":"product_tag-one-shoulder","13":"product_tag-sexy","14":"product_tag-sleeveless","15":"pa_color-beige","16":"pa_color-black","17":"pa_color-blue","18":"pa_color-brown","19":"pa_color-dark-brown","20":"pa_size-l","21":"pa_size-m","22":"pa_size-s","23":"pa_size-xl","24":"pa_size-xxl","25":"desktop-align-center","26":"tablet-align-left","27":"mobile-align-left","28":"ast-product-gallery-layout-horizontal-slider","29":"ast-product-single-variable","30":"ast-product-tabs-layout-horizontal","31":"ast-qv-on-image","33":"first","34":"instock","35":"shipping-taxable","36":"purchasable","37":"product-type-variable"},"tiered_pricing_type":"fixed","tiered_pricing_fixed_rules":{"2":7.4,"50":6.6,"100":5.8},"tiered_pricing_product_settings":{"layout":"default","base_unit_name":{"singular":null,"plural":null},"default_variation":null},"tiered_pricing_minimum_quantity":null,"tiered_pricing_roles_data":[],"tiered_pricing_percentage_rules":[],"_links":{"self":[{"href":"https:\/\/yume-silm.com\/de\/wp-json\/wp\/v2\/product\/8176","targetHints":{"allow":["GET"]}}],"collection":[{"href":"https:\/\/yume-silm.com\/de\/wp-json\/wp\/v2\/product"}],"about":[{"href":"https:\/\/yume-silm.com\/de\/wp-json\/wp\/v2\/types\/product"}],"replies":[{"embeddable":true,"href":"https:\/\/yume-silm.com\/de\/wp-json\/wp\/v2\/comments?post=8176"}],"wp:featuredmedia":[{"embeddable":true,"href":"https:\/\/yume-silm.com\/de\/wp-json\/wp\/v2\/media\/8165"}],"wp:attachment":[{"href":"https:\/\/yume-silm.com\/de\/wp-json\/wp\/v2\/media?parent=8176"}],"wp:term":[{"taxonomy":"product_brand","embeddable":true,"href":"https:\/\/yume-silm.com\/de\/wp-json\/wp\/v2\/product_brand?post=8176"},{"taxonomy":"product_cat","embeddable":true,"href":"https:\/\/yume-silm.com\/de\/wp-json\/wp\/v2\/product_cat?post=8176"},{"taxonomy":"product_tag","embeddable":true,"href":"https:\/\/yume-silm.com\/de\/wp-json\/wp\/v2\/product_tag?post=8176"}],"curies":[{"name":"wp","href":"https:\/\/api.w.org\/{rel}","templated":true}]}}