{"id":8220,"date":"2024-05-24T07:22:56","date_gmt":"2024-05-24T07:22:56","guid":{"rendered":"https:\/\/yume-silm.com\/?post_type=product&#038;p=8220"},"modified":"2024-12-12T02:55:47","modified_gmt":"2024-12-12T02:55:47","slug":"strapazierfahiger-saunaanzug-fur-damen-und-herren","status":"publish","type":"product","link":"https:\/\/yume-silm.com\/de\/produkt\/strapazierfahiger-saunaanzug-fur-damen-und-herren\/","title":{"rendered":"Strapazierf\u00e4higer Saunaanzug zur Gewichtsabnahme f\u00fcr M\u00e4nner und Frauen"},"content":{"rendered":"<h5 data-slate-node=\"element\"><span data-slate-node=\"text\"><span class=\"21\" data-slate-leaf=\"true\">Design-Merkmale<\/span><\/span><\/h5>\n<ul>\n<li data-slate-node=\"element\"><strong>Saunaeffekt:<\/strong> Der strapazierf\u00e4hige Saunaanzug f\u00fcr M\u00e4nner und Frauen kann als wandelnde Sauna verwendet werden. Er hilft dabei, das Schwitzen zu beschleunigen, einen Saunaeffekt zu erzeugen, den Stoffwechsel anzukurbeln, die Entgiftung zu f\u00f6rdern und Ihnen dabei zu helfen, ganz einfach einen perfekten K\u00f6rper aufzubauen.<\/li>\n<li data-slate-node=\"element\"><strong>MODISCHES DESIGN:<\/strong> Der neue rei\u00dffeste Sauna-Trainingsanzug zum Abnehmen f\u00fcr das Fitnessstudio ist im modischen Mix-and-Match-Stil in Wei\u00df und Schwarz gehalten. Die klassische Farbkombination macht Sie im Fitnessstudio zum Blickfang und zeigt im Alltag modischen Geschmack, sodass Sie auf der Stra\u00dfe im Mittelpunkt stehen.<\/li>\n<li data-slate-node=\"element\"><strong>KOMFORTABLE PASSFORM:<\/strong> Der Schlankheits-Saunaanzug mit Kapuze schlie\u00dft den Schwei\u00df gut ein, was nicht nur ein angenehmes Tragegef\u00fchl bietet und Beschwerden beim Training wirksam verringert, sondern auch Ihren ganzen K\u00f6rper besser schwitzen l\u00e4sst, was den Stoffwechsel beschleunigt und zu einer gesunden Gewichtsabnahme f\u00fchrt.<\/li>\n<li data-slate-node=\"element\"><strong>MULTIFUNKTIONALE \u00dcBUNG:<\/strong> Ob Laufen, Yoga oder Fitnesstraining, strapazierf\u00e4hige Saunaanz\u00fcge f\u00fcr M\u00e4nner und Frauen sind die perfekte Wahl, um Ihre Trainingsziele zu erreichen und den Weg zu einem ges\u00fcnderen und selbstbewussteren Leben zu ebnen.<\/li>\n<\/ul>\n<p><img fetchpriority=\"high\" decoding=\"async\" class=\"alignnone size-medium wp-image-8221\" src=\"https:\/\/yume-silm.com\/wp-content\/uploads\/2024\/05\/heavy-duty-sauna-suit-for-mena-nd-women-weight-loss-detail-show-01-300x300.jpg\" alt=\"strapazierf\u00e4higer Saunaanzug zur Gewichtsabnahme f\u00fcr M\u00e4nner und Frauen\" width=\"300\" height=\"300\" title=\"\" srcset=\"https:\/\/yume-silm.com\/wp-content\/uploads\/2024\/05\/heavy-duty-sauna-suit-for-mena-nd-women-weight-loss-detail-show-01-300x300.jpg 300w, https:\/\/yume-silm.com\/wp-content\/uploads\/2024\/05\/heavy-duty-sauna-suit-for-mena-nd-women-weight-loss-detail-show-01-150x150.jpg 150w, https:\/\/yume-silm.com\/wp-content\/uploads\/2024\/05\/heavy-duty-sauna-suit-for-mena-nd-women-weight-loss-detail-show-01-768x768.jpg 768w, https:\/\/yume-silm.com\/wp-content\/uploads\/2024\/05\/heavy-duty-sauna-suit-for-mena-nd-women-weight-loss-detail-show-01-12x12.jpg 12w, https:\/\/yume-silm.com\/wp-content\/uploads\/2024\/05\/heavy-duty-sauna-suit-for-mena-nd-women-weight-loss-detail-show-01-100x100.jpg 100w, https:\/\/yume-silm.com\/wp-content\/uploads\/2024\/05\/heavy-duty-sauna-suit-for-mena-nd-women-weight-loss-detail-show-01.jpg 800w\" sizes=\"(max-width: 300px) 100vw, 300px\" \/><img decoding=\"async\" class=\"alignnone size-medium wp-image-8222\" src=\"https:\/\/yume-silm.com\/wp-content\/uploads\/2024\/05\/heavy-duty-sauna-suit-for-mena-nd-women-weight-loss-detail-show-04-300x300.jpg\" alt=\"strapazierf\u00e4higer Saunaanzug zur Gewichtsabnahme f\u00fcr M\u00e4nner und Frauen\" width=\"300\" height=\"300\" title=\"\" srcset=\"https:\/\/yume-silm.com\/wp-content\/uploads\/2024\/05\/heavy-duty-sauna-suit-for-mena-nd-women-weight-loss-detail-show-04-300x300.jpg 300w, https:\/\/yume-silm.com\/wp-content\/uploads\/2024\/05\/heavy-duty-sauna-suit-for-mena-nd-women-weight-loss-detail-show-04-150x150.jpg 150w, https:\/\/yume-silm.com\/wp-content\/uploads\/2024\/05\/heavy-duty-sauna-suit-for-mena-nd-women-weight-loss-detail-show-04-12x12.jpg 12w, https:\/\/yume-silm.com\/wp-content\/uploads\/2024\/05\/heavy-duty-sauna-suit-for-mena-nd-women-weight-loss-detail-show-04-100x100.jpg 100w, https:\/\/yume-silm.com\/wp-content\/uploads\/2024\/05\/heavy-duty-sauna-suit-for-mena-nd-women-weight-loss-detail-show-04.jpg 600w\" sizes=\"(max-width: 300px) 100vw, 300px\" \/><\/p>\n<h6 data-slate-node=\"element\"><em>Sauna-Sweatshirt und -Hose zum Abnehmen, Fitness-Training im Fitnessstudio<\/em><\/h6>\n<ul>\n<li data-slate-node=\"element\" data-slate-fragment=\"JTVCJTdCJTIydHlwZSUyMiUzQSUyMnBhcmFncmFwaCUyMiUyQyUyMmNoaWxkcmVuJTIyJTNBJTVCJTdCJTIydGV4dCUyMiUzQSUyMkRlc2lnbiUyMGZlYXR1cmVzJTIyJTJDJTIyc2VudGVuY2UlMjIlM0EyJTJDJTIyY2hpbGRTZW50ZW5jZSUyMiUzQTElN0QlNUQlN0QlMkMlN0IlMjJ0eXBlJTIyJTNBJTIycGFyYWdyYXBoJTIyJTJDJTIyY2hpbGRyZW4lMjIlM0ElNUIlN0IlMjJ0ZXh0JTIyJTNBJTIyJTIyJTJDJTIyc2VudGVuY2UlMjIlM0EzJTJDJTIyY2hpbGRTZW50ZW5jZSUyMiUzQTElN0QlNUQlN0QlMkMlN0IlMjJ0eXBlJTIyJTNBJTIycGFyYWdyYXBoJTIyJTJDJTIyY2hpbGRyZW4lMjIlM0ElNUIlN0IlMjJ0ZXh0JTIyJTNBJTIyU0FVTkElMjBFRkZFQ1QlM0ElMjBIZWF2eSUyMGR1dHklMjBzYXVuYSUyMHN1aXQlMjBmb3IlMjBtZW4lMjAlMjBhbmQlMjB3b21lbiUyMGNhbiUyMGJlJTIwYSUyMHdhbGtpbmclMjBzYXVuYS4lMjAlMjIlMkMlMjJzZW50ZW5jZSUyMiUzQTQlMkMlMjJjaGlsZFNlbnRlbmNlJTIyJTNBMSU3RCUyQyU3QiUyMnRleHQlMjIlM0ElMjJJdCUyMGlzJTIwZ29vZCUyMHRvJTIwaGVscCUyMGFjY2VsZXJhdGUlMjBzd2VhdGluZyUyQyUyMGNyZWF0ZSUyMHNhdW5hJTIwZWZmZWN0JTJDJTIwYWNjZWxlcmF0ZSUyMG1ldGFib2xpc20lMkMlMjBwcm9tb3RlJTIwYm9keSUyMGRldG94aWZpY2F0aW9uJTJDJTIwYW5kJTIwaGVscCUyMHlvdSUyMGJ1aWxkJTIwYSUyMHBlcmZlY3QlMjBib2R5JTIwZWFzaWx5LiUyMiUyQyUyMnNlbnRlbmNlJTIyJTNBNCUyQyUyMmNoaWxkU2VudGVuY2UlMjIlM0EyJTdEJTVEJTdEJTJDJTdCJTIydHlwZSUyMiUzQSUyMnBhcmFncmFwaCUyMiUyQyUyMmNoaWxkcmVuJTIyJTNBJTVCJTdCJTIydGV4dCUyMiUzQSUyMiUyMiUyQyUyMnNlbnRlbmNlJTIyJTNBNSUyQyUyMmNoaWxkU2VudGVuY2UlMjIlM0ExJTdEJTVEJTdEJTJDJTdCJTIydHlwZSUyMiUzQSUyMnBhcmFncmFwaCUyMiUyQyUyMmNoaWxkcmVuJTIyJTNBJTVCJTdCJTIydGV4dCUyMiUzQSUyMkZBU0hJT05BQkxFJTIwREVTSUdOJTNBJTIwVGhlJTIwbmV3JTIwYW50aS1yaXAlMjB3ZWlnaHQlMjBsb3NzJTIwc2F1bmElMjBzd2VhdCUyMHN1aXQlMjBmb3IlMjBleGVyY2lzZSUyMHNsaW1taW5nJTIwZ3ltJTIwYWRvcHRzJTIwZmFzaGlvbmFibGUlMjB3aGl0ZSUyMCUyQiUyMGJsYWNrJTIwbWl4JTIwYW5kJTIwbWF0Y2glMjBzdHlsZS4lMjAlMjIlMkMlMjJzZW50ZW5jZSUyMiUzQTYlMkMlMjJjaGlsZFNlbnRlbmNlJTIyJTNBMSU3RCUyQyU3QiUyMnRleHQlMjIlM0ElMjJUaGUlMjBjbGFzc2ljJTIwY29sb3IlMjB0b25lJTIwbWF0Y2hpbmclMjBub3QlMjBvbmx5JTIwbWFrZXMlMjB5b3UlMjBleWUtY2F0Y2hpbmclMjBpbiUyMHRoZSUyMGd5bSUyQyUyMGJ1dCUyMGFsc28lMjBzaG93cyUyMGZhc2hpb25hYmxlJTIwdGFzdGUlMjBpbiUyMGRhaWx5JTIwbGlmZSUyQyUyMG1ha2luZyUyMHlvdSUyMHRoZSUyMGZvY3VzJTIwb2YlMjB0aGUlMjBzdHJlZXQuJTIyJTJDJTIyc2VudGVuY2UlMjIlM0E2JTJDJTIyY2hpbGRTZW50ZW5jZSUyMiUzQTIlN0QlNUQlN0QlMkMlN0IlMjJ0eXBlJTIyJTNBJTIycGFyYWdyYXBoJTIyJTJDJTIyY2hpbGRyZW4lMjIlM0ElNUIlN0IlMjJ0ZXh0JTIyJTNBJTIyJTIyJTJDJTIyc2VudGVuY2UlMjIlM0E3JTJDJTIyY2hpbGRTZW50ZW5jZSUyMiUzQTElN0QlNUQlN0QlMkMlN0IlMjJ0eXBlJTIyJTNBJTIycGFyYWdyYXBoJTIyJTJDJTIyY2hpbGRyZW4lMjIlM0ElNUIlN0IlMjJ0ZXh0JTIyJTNBJTIyQ09NRk9SVEFCTEUlMjBGSVQlM0ElMjBUaGUlMjBob29kZWQlMjBzbGltbWluZyUyMHNhdW5hJTIwc3VpdCUyMHdpbGwlMjBsb2NrJTIwdGhlJTIwc3dlYXQlMjB3ZWxsJTJDJTIwd2hpY2glMjBub3QlMjBvbmx5JTIwcHJvdmlkZXMlMjBhJTIwZ29vZCUyMHdlYXJpbmclMjBleHBlcmllbmNlJTIwYW5kJTIwZWZmZWN0aXZlbHklMjByZWR1Y2VzJTIwZGlzY29tZm9ydCUyMGR1cmluZyUyMGV4ZXJjaXNlJTJDJTIwYnV0JTIwYWxzbyUyMGJldHRlciUyMGFsbG93cyUyMHlvdXIlMjB3aG9sZSUyMGJvZHklMjB0byUyMHN3ZWF0JTJDJTIwYWNjZWxlcmF0aW5nJTIwbWV0YWJvbGlzbSUyMGFuZCUyMGhlYWx0aHklMjB3ZWlnaHQlMjBsb3NzLiUyMiUyQyUyMnNlbnRlbmNlJTIyJTNBOCUyQyUyMmNoaWxkU2VudGVuY2UlMjIlM0ExJTdEJTVEJTdEJTJDJTdCJTIydHlwZSUyMiUzQSUyMnBhcmFncmFwaCUyMiUyQyUyMmNoaWxkcmVuJTIyJTNBJTVCJTdCJTIydGV4dCUyMiUzQSUyMiUyMiUyQyUyMnNlbnRlbmNlJTIyJTNBOSUyQyUyMmNoaWxkU2VudGVuY2UlMjIlM0ExJTdEJTVEJTdEJTJDJTdCJTIydHlwZSUyMiUzQSUyMnBhcmFncmFwaCUyMiUyQyUyMmNoaWxkcmVuJTIyJTNBJTVCJTdCJTIydGV4dCUyMiUzQSUyMk1VTFRJRlVOQ1RJT05BTCUyMEVYRVJDSVNFJTNBJTIwV2hldGhlciUyMGl0J3MlMjBydW5uaW5nJTJDJTIweW9nYSUyMG9yJTIwZml0bmVzcyUyMHRyYWluaW5nJTJDJTIwaGVhdnklMjBkdXR5JTIwc2F1bmElMjBzdWl0JTIwZm9yJTIwbWVuJTIwYW5kJTIwd29tZW4lMjBhcmUlMjB0aGUlMjBwZXJmZWN0JTIwY2hvaWNlJTIwdG8lMjBoZWxwJTIweW91JTIwYWNoaWV2ZSUyMHlvdXIlMjB3b3Jrb3V0JTIwZ29hbHMlMjBhbmQlMjBtb3ZlJTIwdG93YXJkcyUyMGElMjBoZWFsdGhpZXIlMjBhbmQlMjBtb3JlJTIwY29uZmlkZW50JTIwbGlmZS4lMjIlMkMlMjJzZW50ZW5jZSUyMiUzQTEwJTJDJTIyY2hpbGRTZW50ZW5jZSUyMiUzQTElN0QlNUQlN0QlMkMlN0IlMjJ0eXBlJTIyJTNBJTIycGFyYWdyYXBoJTIyJTJDJTIyY2hpbGRyZW4lMjIlM0ElNUIlN0IlMjJ0ZXh0JTIyJTNBJTIyJTIyJTJDJTIyc2VudGVuY2UlMjIlM0ExMSUyQyUyMmNoaWxkU2VudGVuY2UlMjIlM0ExJTdEJTVEJTdEJTJDJTdCJTIydHlwZSUyMiUzQSUyMnBhcmFncmFwaCUyMiUyQyUyMmNoaWxkcmVuJTIyJTNBJTVCJTdCJTIydGV4dCUyMiUzQSUyMlB1dCUyMG9uJTIwdGhlJTIwZmFzaGlvbiUyMGhlYXZ5JTIwZHV0eSUyMHNhdW5hJTIwc3VpdCUyMGZvciUyMG1lbiUyMHdvbWVuJTIwd2VpZ2h0JTIwbG9zcyUyQyUyMHJlbGVhc2UlMjBzd2VhdCUyQyUyMGdhaW4lMjBjb25maWRlbmNlJTIwYW5kJTIwcmVkZWZpbmUlMjB5b3VyJTIwaGVhbHRoeSUyMGxpZmUhJTIyJTJDJTIyc2VudGVuY2UlMjIlM0ExMiUyQyUyMmNoaWxkU2VudGVuY2UlMjIlM0ExJTdEJTVEJTdEJTVE\"><span data-slate-node=\"text\"><span class=\"121\" data-slate-leaf=\"true\">Ziehen Sie den modischen, strapazierf\u00e4higen Saunaanzug f\u00fcr M\u00e4nner und Frauen zum Abnehmen an, lassen Sie den Schwei\u00df ab, gewinnen Sie Selbstvertrauen und definieren Sie Ihr gesundes Leben neu!\u00a0<\/span><\/span><\/li>\n<li data-slate-node=\"element\" data-slate-fragment=\"JTVCJTdCJTIydHlwZSUyMiUzQSUyMnBhcmFncmFwaCUyMiUyQyUyMmNoaWxkcmVuJTIyJTNBJTVCJTdCJTIydGV4dCUyMiUzQSUyMkRlc2lnbiUyMGZlYXR1cmVzJTIyJTJDJTIyc2VudGVuY2UlMjIlM0EyJTJDJTIyY2hpbGRTZW50ZW5jZSUyMiUzQTElN0QlNUQlN0QlMkMlN0IlMjJ0eXBlJTIyJTNBJTIycGFyYWdyYXBoJTIyJTJDJTIyY2hpbGRyZW4lMjIlM0ElNUIlN0IlMjJ0ZXh0JTIyJTNBJTIyJTIyJTJDJTIyc2VudGVuY2UlMjIlM0EzJTJDJTIyY2hpbGRTZW50ZW5jZSUyMiUzQTElN0QlNUQlN0QlMkMlN0IlMjJ0eXBlJTIyJTNBJTIycGFyYWdyYXBoJTIyJTJDJTIyY2hpbGRyZW4lMjIlM0ElNUIlN0IlMjJ0ZXh0JTIyJTNBJTIyU0FVTkElMjBFRkZFQ1QlM0ElMjBIZWF2eSUyMGR1dHklMjBzYXVuYSUyMHN1aXQlMjBmb3IlMjBtZW4lMjAlMjBhbmQlMjB3b21lbiUyMGNhbiUyMGJlJTIwYSUyMHdhbGtpbmclMjBzYXVuYS4lMjAlMjIlMkMlMjJzZW50ZW5jZSUyMiUzQTQlMkMlMjJjaGlsZFNlbnRlbmNlJTIyJTNBMSU3RCUyQyU3QiUyMnRleHQlMjIlM0ElMjJJdCUyMGlzJTIwZ29vZCUyMHRvJTIwaGVscCUyMGFjY2VsZXJhdGUlMjBzd2VhdGluZyUyQyUyMGNyZWF0ZSUyMHNhdW5hJTIwZWZmZWN0JTJDJTIwYWNjZWxlcmF0ZSUyMG1ldGFib2xpc20lMkMlMjBwcm9tb3RlJTIwYm9keSUyMGRldG94aWZpY2F0aW9uJTJDJTIwYW5kJTIwaGVscCUyMHlvdSUyMGJ1aWxkJTIwYSUyMHBlcmZlY3QlMjBib2R5JTIwZWFzaWx5LiUyMiUyQyUyMnNlbnRlbmNlJTIyJTNBNCUyQyUyMmNoaWxkU2VudGVuY2UlMjIlM0EyJTdEJTVEJTdEJTJDJTdCJTIydHlwZSUyMiUzQSUyMnBhcmFncmFwaCUyMiUyQyUyMmNoaWxkcmVuJTIyJTNBJTVCJTdCJTIydGV4dCUyMiUzQSUyMiUyMiUyQyUyMnNlbnRlbmNlJTIyJTNBNSUyQyUyMmNoaWxkU2VudGVuY2UlMjIlM0ExJTdEJTVEJTdEJTJDJTdCJTIydHlwZSUyMiUzQSUyMnBhcmFncmFwaCUyMiUyQyUyMmNoaWxkcmVuJTIyJTNBJTVCJTdCJTIydGV4dCUyMiUzQSUyMkZBU0hJT05BQkxFJTIwREVTSUdOJTNBJTIwVGhlJTIwbmV3JTIwYW50aS1yaXAlMjB3ZWlnaHQlMjBsb3NzJTIwc2F1bmElMjBzd2VhdCUyMHN1aXQlMjBmb3IlMjBleGVyY2lzZSUyMHNsaW1taW5nJTIwZ3ltJTIwYWRvcHRzJTIwZmFzaGlvbmFibGUlMjB3aGl0ZSUyMCUyQiUyMGJsYWNrJTIwbWl4JTIwYW5kJTIwbWF0Y2glMjBzdHlsZS4lMjAlMjIlMkMlMjJzZW50ZW5jZSUyMiUzQTYlMkMlMjJjaGlsZFNlbnRlbmNlJTIyJTNBMSU3RCUyQyU3QiUyMnRleHQlMjIlM0ElMjJUaGUlMjBjbGFzc2ljJTIwY29sb3IlMjB0b25lJTIwbWF0Y2hpbmclMjBub3QlMjBvbmx5JTIwbWFrZXMlMjB5b3UlMjBleWUtY2F0Y2hpbmclMjBpbiUyMHRoZSUyMGd5bSUyQyUyMGJ1dCUyMGFsc28lMjBzaG93cyUyMGZhc2hpb25hYmxlJTIwdGFzdGUlMjBpbiUyMGRhaWx5JTIwbGlmZSUyQyUyMG1ha2luZyUyMHlvdSUyMHRoZSUyMGZvY3VzJTIwb2YlMjB0aGUlMjBzdHJlZXQuJTIyJTJDJTIyc2VudGVuY2UlMjIlM0E2JTJDJTIyY2hpbGRTZW50ZW5jZSUyMiUzQTIlN0QlNUQlN0QlMkMlN0IlMjJ0eXBlJTIyJTNBJTIycGFyYWdyYXBoJTIyJTJDJTIyY2hpbGRyZW4lMjIlM0ElNUIlN0IlMjJ0ZXh0JTIyJTNBJTIyJTIyJTJDJTIyc2VudGVuY2UlMjIlM0E3JTJDJTIyY2hpbGRTZW50ZW5jZSUyMiUzQTElN0QlNUQlN0QlMkMlN0IlMjJ0eXBlJTIyJTNBJTIycGFyYWdyYXBoJTIyJTJDJTIyY2hpbGRyZW4lMjIlM0ElNUIlN0IlMjJ0ZXh0JTIyJTNBJTIyQ09NRk9SVEFCTEUlMjBGSVQlM0ElMjBUaGUlMjBob29kZWQlMjBzbGltbWluZyUyMHNhdW5hJTIwc3VpdCUyMHdpbGwlMjBsb2NrJTIwdGhlJTIwc3dlYXQlMjB3ZWxsJTJDJTIwd2hpY2glMjBub3QlMjBvbmx5JTIwcHJvdmlkZXMlMjBhJTIwZ29vZCUyMHdlYXJpbmclMjBleHBlcmllbmNlJTIwYW5kJTIwZWZmZWN0aXZlbHklMjByZWR1Y2VzJTIwZGlzY29tZm9ydCUyMGR1cmluZyUyMGV4ZXJjaXNlJTJDJTIwYnV0JTIwYWxzbyUyMGJldHRlciUyMGFsbG93cyUyMHlvdXIlMjB3aG9sZSUyMGJvZHklMjB0byUyMHN3ZWF0JTJDJTIwYWNjZWxlcmF0aW5nJTIwbWV0YWJvbGlzbSUyMGFuZCUyMGhlYWx0aHklMjB3ZWlnaHQlMjBsb3NzLiUyMiUyQyUyMnNlbnRlbmNlJTIyJTNBOCUyQyUyMmNoaWxkU2VudGVuY2UlMjIlM0ExJTdEJTVEJTdEJTJDJTdCJTIydHlwZSUyMiUzQSUyMnBhcmFncmFwaCUyMiUyQyUyMmNoaWxkcmVuJTIyJTNBJTVCJTdCJTIydGV4dCUyMiUzQSUyMiUyMiUyQyUyMnNlbnRlbmNlJTIyJTNBOSUyQyUyMmNoaWxkU2VudGVuY2UlMjIlM0ExJTdEJTVEJTdEJTJDJTdCJTIydHlwZSUyMiUzQSUyMnBhcmFncmFwaCUyMiUyQyUyMmNoaWxkcmVuJTIyJTNBJTVCJTdCJTIydGV4dCUyMiUzQSUyMk1VTFRJRlVOQ1RJT05BTCUyMEVYRVJDSVNFJTNBJTIwV2hldGhlciUyMGl0J3MlMjBydW5uaW5nJTJDJTIweW9nYSUyMG9yJTIwZml0bmVzcyUyMHRyYWluaW5nJTJDJTIwaGVhdnklMjBkdXR5JTIwc2F1bmElMjBzdWl0JTIwZm9yJTIwbWVuJTIwYW5kJTIwd29tZW4lMjBhcmUlMjB0aGUlMjBwZXJmZWN0JTIwY2hvaWNlJTIwdG8lMjBoZWxwJTIweW91JTIwYWNoaWV2ZSUyMHlvdXIlMjB3b3Jrb3V0JTIwZ29hbHMlMjBhbmQlMjBtb3ZlJTIwdG93YXJkcyUyMGElMjBoZWFsdGhpZXIlMjBhbmQlMjBtb3JlJTIwY29uZmlkZW50JTIwbGlmZS4lMjIlMkMlMjJzZW50ZW5jZSUyMiUzQTEwJTJDJTIyY2hpbGRTZW50ZW5jZSUyMiUzQTElN0QlNUQlN0QlMkMlN0IlMjJ0eXBlJTIyJTNBJTIycGFyYWdyYXBoJTIyJTJDJTIyY2hpbGRyZW4lMjIlM0ElNUIlN0IlMjJ0ZXh0JTIyJTNBJTIyJTIyJTJDJTIyc2VudGVuY2UlMjIlM0ExMSUyQyUyMmNoaWxkU2VudGVuY2UlMjIlM0ExJTdEJTVEJTdEJTJDJTdCJTIydHlwZSUyMiUzQSUyMnBhcmFncmFwaCUyMiUyQyUyMmNoaWxkcmVuJTIyJTNBJTVCJTdCJTIydGV4dCUyMiUzQSUyMlB1dCUyMG9uJTIwdGhlJTIwZmFzaGlvbiUyMGhlYXZ5JTIwZHV0eSUyMHNhdW5hJTIwc3VpdCUyMGZvciUyMG1lbiUyMHdvbWVuJTIwd2VpZ2h0JTIwbG9zcyUyQyUyMHJlbGVhc2UlMjBzd2VhdCUyQyUyMGdhaW4lMjBjb25maWRlbmNlJTIwYW5kJTIwcmVkZWZpbmUlMjB5b3VyJTIwaGVhbHRoeSUyMGxpZmUhJTIyJTJDJTIyc2VudGVuY2UlMjIlM0ExMiUyQyUyMmNoaWxkU2VudGVuY2UlMjIlM0ExJTdEJTVEJTdEJTVE\">Saunajacke + Panty mit Tasche, stylisch, bequem und unverzichtbar beim Sport.<\/li>\n<\/ul>","protected":false},"excerpt":{"rendered":"<p>Ziehen Sie den strapazierf\u00e4higen Saunaanzug f\u00fcr M\u00e4nner und Frauen zum Abnehmen an, lassen Sie den Schwei\u00df ab, gewinnen Sie Selbstvertrauen und definieren Sie Ihr gesundes Leben neu!<\/p>","protected":false},"featured_media":8223,"comment_status":"open","ping_status":"closed","template":"","meta":{"site-sidebar-layout":"default","site-content-layout":"","ast-site-content-layout":"default","site-content-style":"default","site-sidebar-style":"default","ast-global-header-display":"","ast-banner-title-visibility":"","ast-main-header-display":"","ast-hfb-above-header-display":"","ast-hfb-below-header-display":"","ast-hfb-mobile-header-display":"","site-post-title":"","ast-breadcrumbs-content":"","ast-featured-img":"","footer-sml-layout":"","ast-disable-related-posts":"","theme-transparent-header-meta":"default","adv-header-id-meta":"","stick-header-meta":"default","header-above-stick-meta":"","header-main-stick-meta":"","header-below-stick-meta":"","astra-migrate-meta-layouts":"set","ast-page-background-enabled":"default","ast-page-background-meta":{"desktop":{"background-color":"","background-image":"","background-repeat":"repeat","background-position":"center center","background-size":"auto","background-attachment":"scroll","background-type":"","background-media":"","overlay-type":"","overlay-color":"","overlay-opacity":"","overlay-gradient":""},"tablet":{"background-color":"","background-image":"","background-repeat":"repeat","background-position":"center center","background-size":"auto","background-attachment":"scroll","background-type":"","background-media":"","overlay-type":"","overlay-color":"","overlay-opacity":"","overlay-gradient":""},"mobile":{"background-color":"","background-image":"","background-repeat":"repeat","background-position":"center center","background-size":"auto","background-attachment":"scroll","background-type":"","background-media":"","overlay-type":"","overlay-color":"","overlay-opacity":"","overlay-gradient":""}},"ast-content-background-meta":{"desktop":{"background-color":"var(--ast-global-color-5)","background-image":"","background-repeat":"repeat","background-position":"center center","background-size":"auto","background-attachment":"scroll","background-type":"","background-media":"","overlay-type":"","overlay-color":"","overlay-opacity":"","overlay-gradient":""},"tablet":{"background-color":"var(--ast-global-color-5)","background-image":"","background-repeat":"repeat","background-position":"center center","background-size":"auto","background-attachment":"scroll","background-type":"","background-media":"","overlay-type":"","overlay-color":"","overlay-opacity":"","overlay-gradient":""},"mobile":{"background-color":"var(--ast-global-color-5)","background-image":"","background-repeat":"repeat","background-position":"center center","background-size":"auto","background-attachment":"scroll","background-type":"","background-media":"","overlay-type":"","overlay-color":"","overlay-opacity":"","overlay-gradient":""}}},"product_brand":[],"product_cat":[65,76,97,102,98,99],"product_tag":[624,623,579,558],"class_list":{"0":"post-8220","1":"product","2":"type-product","3":"status-publish","4":"has-post-thumbnail","6":"product_cat-best-sellers","7":"product_cat-new-arrivels","8":"product_cat-sauna-suit","9":"product_cat-full-body-sweat-suit","10":"product_cat-sauna-jacket","11":"product_cat-sauna-pants","12":"product_tag-blackwhite","13":"product_tag-heavy-duty","14":"product_tag-hooded","15":"product_tag-weight-loss","16":"pa_color-blackwhite","17":"pa_size-4xl","18":"pa_size-l","19":"pa_size-m","20":"pa_size-xl","21":"pa_size-xxl","22":"pa_size-xxxl","23":"desktop-align-center","24":"tablet-align-left","25":"mobile-align-left","26":"ast-product-gallery-layout-horizontal-slider","27":"ast-product-single-variable","28":"ast-product-tabs-layout-horizontal","29":"ast-qv-on-image","31":"first","32":"instock","33":"sale","34":"shipping-taxable","35":"purchasable","36":"product-type-variable"},"tiered_pricing_type":"fixed","tiered_pricing_fixed_rules":{"5":23.85,"50":21.2,"100":18.55},"tiered_pricing_product_settings":{"layout":"default","base_unit_name":{"singular":null,"plural":null},"default_variation":null},"tiered_pricing_minimum_quantity":null,"tiered_pricing_roles_data":[],"tiered_pricing_percentage_rules":[],"_links":{"self":[{"href":"https:\/\/yume-silm.com\/de\/wp-json\/wp\/v2\/product\/8220","targetHints":{"allow":["GET"]}}],"collection":[{"href":"https:\/\/yume-silm.com\/de\/wp-json\/wp\/v2\/product"}],"about":[{"href":"https:\/\/yume-silm.com\/de\/wp-json\/wp\/v2\/types\/product"}],"replies":[{"embeddable":true,"href":"https:\/\/yume-silm.com\/de\/wp-json\/wp\/v2\/comments?post=8220"}],"wp:featuredmedia":[{"embeddable":true,"href":"https:\/\/yume-silm.com\/de\/wp-json\/wp\/v2\/media\/8223"}],"wp:attachment":[{"href":"https:\/\/yume-silm.com\/de\/wp-json\/wp\/v2\/media?parent=8220"}],"wp:term":[{"taxonomy":"product_brand","embeddable":true,"href":"https:\/\/yume-silm.com\/de\/wp-json\/wp\/v2\/product_brand?post=8220"},{"taxonomy":"product_cat","embeddable":true,"href":"https:\/\/yume-silm.com\/de\/wp-json\/wp\/v2\/product_cat?post=8220"},{"taxonomy":"product_tag","embeddable":true,"href":"https:\/\/yume-silm.com\/de\/wp-json\/wp\/v2\/product_tag?post=8220"}],"curies":[{"name":"wp","href":"https:\/\/api.w.org\/{rel}","templated":true}]}}