{"id":8271,"date":"2024-05-29T09:14:39","date_gmt":"2024-05-29T09:14:39","guid":{"rendered":"https:\/\/yume-silm.com\/?post_type=product&#038;p=8271"},"modified":"2025-06-24T05:30:12","modified_gmt":"2025-06-24T05:30:12","slug":"schwarze-neopren-saunahandschuhe","status":"publish","type":"product","link":"https:\/\/yume-silm.com\/de\/produkt\/schwarze-neopren-saunahandschuhe\/","title":{"rendered":"Schwarze Neopren-Saunahandschuhe"},"content":{"rendered":"<h5>Design-Merkmale<\/h5>\n<ul>\n<li><strong>UNIVERSALGR\u00d6SSE:<\/strong> Unsere neuesten Saunahandschuhe werden in Universalgr\u00f6\u00dfen angeboten, damit sie jedem passen. Individuell gestaltet f\u00fcr Komfort und Tragespa\u00df. Nutzen Sie die Vorteile dieses hochwertigen Saunazubeh\u00f6rs voll aus und genie\u00dfen Sie Ihren Saunagang.<\/li>\n<li><strong>HANDSAUNA:<\/strong> Unsere Saunahandschuhe \u201eBeautiful hands\u201c sind f\u00fcr Ihre Handpflege konzipiert und sorgen f\u00fcr sch\u00f6ne, weiche und geschmeidige H\u00e4nde. Unsere Saunahandschuhe sind aus hochwertigem Neopren gefertigt und lassen schnell schwitzen.<\/li>\n<li><strong>SPEZIELLES GESCHENK:<\/strong> Dieses neueste Design schwarzer Saunahandschuhe mit geteiltem Design bietet jedem Finger den besten Saunaeffekt. Ob in der Freizeit bei der Arbeit, in der Sauna zu Hause, beim Training im Freien, beim Fitnesstraining usw., Sie k\u00f6nnen diese Saunahandschuhe tragen, um schlanke und sch\u00f6ne Finger zu bekommen. Mit schlanken Fingern k\u00f6nnen Sie Ihre Nail Art selbstbewusst zur Schau stellen. Es ist das beste Saunageschenk f\u00fcr Ihre Freundinnen und besten Freunde.<\/li>\n<\/ul>\n<p><img fetchpriority=\"high\" decoding=\"async\" class=\"alignnone size-medium wp-image-8274\" src=\"https:\/\/yume-silm.com\/wp-content\/uploads\/2024\/05\/black-neoprene-sauna-gloves-02-300x300.jpg\" alt=\"schwarze Neopren Saunahandschuhe\" width=\"300\" height=\"300\" title=\"\" srcset=\"https:\/\/yume-silm.com\/wp-content\/uploads\/2024\/05\/black-neoprene-sauna-gloves-02-300x300.jpg 300w, https:\/\/yume-silm.com\/wp-content\/uploads\/2024\/05\/black-neoprene-sauna-gloves-02-150x150.jpg 150w, https:\/\/yume-silm.com\/wp-content\/uploads\/2024\/05\/black-neoprene-sauna-gloves-02-768x768.jpg 768w, https:\/\/yume-silm.com\/wp-content\/uploads\/2024\/05\/black-neoprene-sauna-gloves-02-12x12.jpg 12w, https:\/\/yume-silm.com\/wp-content\/uploads\/2024\/05\/black-neoprene-sauna-gloves-02-100x100.jpg 100w, https:\/\/yume-silm.com\/wp-content\/uploads\/2024\/05\/black-neoprene-sauna-gloves-02.jpg 800w\" sizes=\"(max-width: 300px) 100vw, 300px\" \/><img decoding=\"async\" class=\"alignnone size-medium wp-image-8276\" src=\"https:\/\/yume-silm.com\/wp-content\/uploads\/2024\/05\/black-neoprene-sauna-gloves-04-300x300.jpg\" alt=\"schwarze Neopren Saunahandschuhe\" width=\"300\" height=\"300\" title=\"\" srcset=\"https:\/\/yume-silm.com\/wp-content\/uploads\/2024\/05\/black-neoprene-sauna-gloves-04-300x300.jpg 300w, https:\/\/yume-silm.com\/wp-content\/uploads\/2024\/05\/black-neoprene-sauna-gloves-04-150x150.jpg 150w, https:\/\/yume-silm.com\/wp-content\/uploads\/2024\/05\/black-neoprene-sauna-gloves-04-768x768.jpg 768w, https:\/\/yume-silm.com\/wp-content\/uploads\/2024\/05\/black-neoprene-sauna-gloves-04-12x12.jpg 12w, https:\/\/yume-silm.com\/wp-content\/uploads\/2024\/05\/black-neoprene-sauna-gloves-04-100x100.jpg 100w, https:\/\/yume-silm.com\/wp-content\/uploads\/2024\/05\/black-neoprene-sauna-gloves-04.jpg 800w\" sizes=\"(max-width: 300px) 100vw, 300px\" \/><\/p>\n<h6><em>Sauna-Schwitzhandschuhe f\u00fcr M\u00e4nner und Frauen unterst\u00fctzen OEM<\/em><\/h6>\n<ul>\n<li><strong>EINFACH ZU WASCHEN:<\/strong> Die neuen Saunahandschuhe vom Fr\u00fchjahr 2024 sind ein beliebtes Accessoire in der Sauna. Sie sch\u00fctzen Ihre H\u00e4nde vor Dampf und hei\u00dfen Gegenst\u00e4nden in einer Sauna oder einem Dampfbad.<\/li>\n<\/ul>","protected":false},"excerpt":{"rendered":"<ul>\n<li>Neuheiten 2024 \u2013 Schwarze Neopren-Saunahandschuhe<\/li>\n<li>Pr\u00e4sentieren Sie Ihre Nail Art und Ihre schlanken Finger mit gr\u00f6\u00dftem Selbstvertrauen.<\/li>\n<li>Bestes Geschenk f\u00fcr Freundinnen.<\/li>\n<\/ul>","protected":false},"featured_media":8265,"comment_status":"open","ping_status":"closed","template":"","meta":{"site-sidebar-layout":"default","site-content-layout":"","ast-site-content-layout":"default","site-content-style":"default","site-sidebar-style":"default","ast-global-header-display":"","ast-banner-title-visibility":"","ast-main-header-display":"","ast-hfb-above-header-display":"","ast-hfb-below-header-display":"","ast-hfb-mobile-header-display":"","site-post-title":"","ast-breadcrumbs-content":"","ast-featured-img":"","footer-sml-layout":"","ast-disable-related-posts":"","theme-transparent-header-meta":"default","adv-header-id-meta":"","stick-header-meta":"default","header-above-stick-meta":"","header-main-stick-meta":"","header-below-stick-meta":"","astra-migrate-meta-layouts":"set","ast-page-background-enabled":"default","ast-page-background-meta":{"desktop":{"background-color":"","background-image":"","background-repeat":"repeat","background-position":"center center","background-size":"auto","background-attachment":"scroll","background-type":"","background-media":"","overlay-type":"","overlay-color":"","overlay-opacity":"","overlay-gradient":""},"tablet":{"background-color":"","background-image":"","background-repeat":"repeat","background-position":"center center","background-size":"auto","background-attachment":"scroll","background-type":"","background-media":"","overlay-type":"","overlay-color":"","overlay-opacity":"","overlay-gradient":""},"mobile":{"background-color":"","background-image":"","background-repeat":"repeat","background-position":"center center","background-size":"auto","background-attachment":"scroll","background-type":"","background-media":"","overlay-type":"","overlay-color":"","overlay-opacity":"","overlay-gradient":""}},"ast-content-background-meta":{"desktop":{"background-color":"var(--ast-global-color-5)","background-image":"","background-repeat":"repeat","background-position":"center center","background-size":"auto","background-attachment":"scroll","background-type":"","background-media":"","overlay-type":"","overlay-color":"","overlay-opacity":"","overlay-gradient":""},"tablet":{"background-color":"var(--ast-global-color-5)","background-image":"","background-repeat":"repeat","background-position":"center center","background-size":"auto","background-attachment":"scroll","background-type":"","background-media":"","overlay-type":"","overlay-color":"","overlay-opacity":"","overlay-gradient":""},"mobile":{"background-color":"var(--ast-global-color-5)","background-image":"","background-repeat":"repeat","background-position":"center center","background-size":"auto","background-attachment":"scroll","background-type":"","background-media":"","overlay-type":"","overlay-color":"","overlay-opacity":"","overlay-gradient":""}}},"product_brand":[],"product_cat":[65,76,97,626],"product_tag":[625,548],"class_list":{"0":"post-8271","1":"product","2":"type-product","3":"status-publish","4":"has-post-thumbnail","6":"product_cat-best-sellers","7":"product_cat-new-arrivels","8":"product_cat-sauna-suit","9":"product_cat-sauna-accessories","10":"product_tag-neoprene","11":"product_tag-sauna-sweat","12":"pa_color-black","13":"pa_size-free","14":"desktop-align-center","15":"tablet-align-left","16":"mobile-align-left","17":"ast-product-gallery-layout-horizontal-slider","18":"ast-product-single-variable","19":"ast-product-tabs-layout-horizontal","20":"ast-qv-on-image","22":"first","23":"instock","24":"shipping-taxable","25":"purchasable","26":"product-type-variable"},"tiered_pricing_type":"fixed","tiered_pricing_fixed_rules":{"20":3,"50":2.5,"100":2},"tiered_pricing_product_settings":{"layout":"default","base_unit_name":{"singular":null,"plural":null},"default_variation":null},"tiered_pricing_minimum_quantity":null,"tiered_pricing_roles_data":[],"tiered_pricing_percentage_rules":[],"_links":{"self":[{"href":"https:\/\/yume-silm.com\/de\/wp-json\/wp\/v2\/product\/8271","targetHints":{"allow":["GET"]}}],"collection":[{"href":"https:\/\/yume-silm.com\/de\/wp-json\/wp\/v2\/product"}],"about":[{"href":"https:\/\/yume-silm.com\/de\/wp-json\/wp\/v2\/types\/product"}],"replies":[{"embeddable":true,"href":"https:\/\/yume-silm.com\/de\/wp-json\/wp\/v2\/comments?post=8271"}],"wp:featuredmedia":[{"embeddable":true,"href":"https:\/\/yume-silm.com\/de\/wp-json\/wp\/v2\/media\/8265"}],"wp:attachment":[{"href":"https:\/\/yume-silm.com\/de\/wp-json\/wp\/v2\/media?parent=8271"}],"wp:term":[{"taxonomy":"product_brand","embeddable":true,"href":"https:\/\/yume-silm.com\/de\/wp-json\/wp\/v2\/product_brand?post=8271"},{"taxonomy":"product_cat","embeddable":true,"href":"https:\/\/yume-silm.com\/de\/wp-json\/wp\/v2\/product_cat?post=8271"},{"taxonomy":"product_tag","embeddable":true,"href":"https:\/\/yume-silm.com\/de\/wp-json\/wp\/v2\/product_tag?post=8271"}],"curies":[{"name":"wp","href":"https:\/\/api.w.org\/{rel}","templated":true}]}}