{"id":8287,"date":"2024-05-30T06:44:43","date_gmt":"2024-05-30T06:44:43","guid":{"rendered":"https:\/\/yume-silm.com\/?post_type=product&#038;p=8287"},"modified":"2024-06-14T05:29:40","modified_gmt":"2024-06-14T05:29:40","slug":"sauna-kurzarmshirts-fur-damen-und-herren","status":"publish","type":"product","link":"https:\/\/yume-silm.com\/de\/produkt\/sauna-kurzarmshirts-fur-damen-und-herren\/","title":{"rendered":"Sauna-Kurzarmshirts, Trainingsanzug f\u00fcr Damen und Herren"},"content":{"rendered":"<h5><span data-slate-fragment=\"JTVCJTdCJTIydHlwZSUyMiUzQSUyMnBhcmFncmFwaCUyMiUyQyUyMmNoaWxkcmVuJTIyJTNBJTVCJTdCJTIydGV4dCUyMiUzQSUyMkRlc2lnbiUyMEZlYXR1cmVzJTIyJTJDJTIyc2VudGVuY2UlMjIlM0EyJTJDJTIyY2hpbGRTZW50ZW5jZSUyMiUzQTElN0QlNUQlN0QlNUQ=\">Design-Merkmale<\/span><\/h5>\n<ul>\n<li><strong>EINFACH UND KLASSISCH:<\/strong> Unsere Sauna-Kurzarmshirts f\u00fcr Damen und Herren sind ein Bestseller-Klassiker. Das schwarz-silberne Innenfutter ist eine klassische Farbkombination, die nie aus der Mode kommt. Der Rundhalsausschnitt und die kurzen \u00c4rmel sind gut geschnitten und eignen sich sehr gut f\u00fcr den Freizeitsport im Freien.<\/li>\n<li><strong>Saunaeffekt:<\/strong> Die kurz\u00e4rmelige Sauna-Schwei\u00dfweste f\u00fcr das Heimb\u00fcro, das Fitnessstudio und den Saunaanzug mit Neopren-Futter f\u00f6rdert schnell die Schwei\u00dfproduktion und beschleunigt die Fettverbrennung. Sie erh\u00f6ht die Schwei\u00dfproduktion mehr als f\u00fcnfmal mehr als andere Sportbekleidung, beschleunigt den Stoffwechsel und sorgt f\u00fcr einen gesunden Gewichtsverlust.<\/li>\n<li><strong>HOCHWERTIGES MATERIAL:<\/strong> Die Au\u00dfenseite des Sauna-Schwitzanzugs zur Gewichtsabnahme besteht aus Polyester und das Neopren-Futter ist eng und bequem; dank seiner hohen Elastizit\u00e4t rei\u00dft und bricht es nicht so leicht, und es fusselt oder knittert nicht. Machen Sie Ihr Training noch angenehmer.<\/li>\n<li><strong>MEHRERE GELEGENHEITEN ANWENDBAR:<\/strong> Unsere kurz\u00e4rmligen Saunaanz\u00fcge f\u00fcr M\u00e4nner und Frauen eignen sich f\u00fcr alle Arten von sportlichen Aktivit\u00e4ten wie Laufen, Boxen, Yoga, Radfahren, Fitness, Fitnessstudio, Bodybuilding, Ballspielen, Training im Innen- oder Au\u00dfenbereich usw. Eine entsprechende Steigerung des Schwitzens hilft auch bei der Entgiftung und Reinigung der Poren.<\/li>\n<\/ul>\n<h6><em>Sauna-Schwitzanzug, kurz\u00e4rmeliges Kompressions-T-Shirt, Gewichtsverlust, figurformende Shirts f\u00fcr Training, Sport\u00fcbungen<\/em><\/h6>\n<p><img fetchpriority=\"high\" decoding=\"async\" class=\"alignnone size-medium wp-image-8288\" src=\"https:\/\/yume-silm.com\/wp-content\/uploads\/2024\/05\/sauna-short-sleeve-shirts-for-men-and-women-black-and-silver-03-300x300.jpg\" alt=\"Sauna Kurzarmshirts f\u00fcr Damen und Herren\" width=\"300\" height=\"300\" title=\"\" srcset=\"https:\/\/yume-silm.com\/wp-content\/uploads\/2024\/05\/sauna-short-sleeve-shirts-for-men-and-women-black-and-silver-03-300x300.jpg 300w, https:\/\/yume-silm.com\/wp-content\/uploads\/2024\/05\/sauna-short-sleeve-shirts-for-men-and-women-black-and-silver-03-150x150.jpg 150w, https:\/\/yume-silm.com\/wp-content\/uploads\/2024\/05\/sauna-short-sleeve-shirts-for-men-and-women-black-and-silver-03-12x12.jpg 12w, https:\/\/yume-silm.com\/wp-content\/uploads\/2024\/05\/sauna-short-sleeve-shirts-for-men-and-women-black-and-silver-03-100x100.jpg 100w, https:\/\/yume-silm.com\/wp-content\/uploads\/2024\/05\/sauna-short-sleeve-shirts-for-men-and-women-black-and-silver-03.jpg 600w\" sizes=\"(max-width: 300px) 100vw, 300px\" \/><img decoding=\"async\" class=\"alignnone size-medium wp-image-8289\" src=\"https:\/\/yume-silm.com\/wp-content\/uploads\/2024\/05\/sauna-short-sleeve-shirts-for-men-and-women-black-and-silver-02-300x300.jpg\" alt=\"Sauna Kurzarmshirts f\u00fcr Damen und Herren\" width=\"300\" height=\"300\" title=\"\" srcset=\"https:\/\/yume-silm.com\/wp-content\/uploads\/2024\/05\/sauna-short-sleeve-shirts-for-men-and-women-black-and-silver-02-300x300.jpg 300w, https:\/\/yume-silm.com\/wp-content\/uploads\/2024\/05\/sauna-short-sleeve-shirts-for-men-and-women-black-and-silver-02-150x150.jpg 150w, https:\/\/yume-silm.com\/wp-content\/uploads\/2024\/05\/sauna-short-sleeve-shirts-for-men-and-women-black-and-silver-02-12x12.jpg 12w, https:\/\/yume-silm.com\/wp-content\/uploads\/2024\/05\/sauna-short-sleeve-shirts-for-men-and-women-black-and-silver-02-100x100.jpg 100w, https:\/\/yume-silm.com\/wp-content\/uploads\/2024\/05\/sauna-short-sleeve-shirts-for-men-and-women-black-and-silver-02.jpg 600w\" sizes=\"(max-width: 300px) 100vw, 300px\" \/><\/p>","protected":false},"excerpt":{"rendered":"<ul>\n<li>Bestseller-Klassiker \u2013 Sauna Kurzarmshirts f\u00fcr Damen und Herren.<\/li>\n<li>Rundhalsdesign, einfach an- und auszuziehen; Silberbeschichtung, winddicht, k\u00e4ltebest\u00e4ndig und wasserdicht; Stretchgewebe und Kurzarmdesign, 5-mal schwei\u00dfabweisender als gew\u00f6hnliche Sportbekleidung, perfekt f\u00fcr schwei\u00dftreibende Freizeitsportarten drinnen und drau\u00dfen.<\/li>\n<\/ul>","protected":false},"featured_media":8290,"comment_status":"open","ping_status":"closed","template":"","meta":{"site-sidebar-layout":"default","site-content-layout":"","ast-site-content-layout":"default","site-content-style":"default","site-sidebar-style":"default","ast-global-header-display":"","ast-banner-title-visibility":"","ast-main-header-display":"","ast-hfb-above-header-display":"","ast-hfb-below-header-display":"","ast-hfb-mobile-header-display":"","site-post-title":"","ast-breadcrumbs-content":"","ast-featured-img":"","footer-sml-layout":"","ast-disable-related-posts":"","theme-transparent-header-meta":"default","adv-header-id-meta":"","stick-header-meta":"default","header-above-stick-meta":"","header-main-stick-meta":"","header-below-stick-meta":"","astra-migrate-meta-layouts":"set","ast-page-background-enabled":"default","ast-page-background-meta":{"desktop":{"background-color":"","background-image":"","background-repeat":"repeat","background-position":"center center","background-size":"auto","background-attachment":"scroll","background-type":"","background-media":"","overlay-type":"","overlay-color":"","overlay-opacity":"","overlay-gradient":""},"tablet":{"background-color":"","background-image":"","background-repeat":"repeat","background-position":"center center","background-size":"auto","background-attachment":"scroll","background-type":"","background-media":"","overlay-type":"","overlay-color":"","overlay-opacity":"","overlay-gradient":""},"mobile":{"background-color":"","background-image":"","background-repeat":"repeat","background-position":"center center","background-size":"auto","background-attachment":"scroll","background-type":"","background-media":"","overlay-type":"","overlay-color":"","overlay-opacity":"","overlay-gradient":""}},"ast-content-background-meta":{"desktop":{"background-color":"var(--ast-global-color-5)","background-image":"","background-repeat":"repeat","background-position":"center center","background-size":"auto","background-attachment":"scroll","background-type":"","background-media":"","overlay-type":"","overlay-color":"","overlay-opacity":"","overlay-gradient":""},"tablet":{"background-color":"var(--ast-global-color-5)","background-image":"","background-repeat":"repeat","background-position":"center center","background-size":"auto","background-attachment":"scroll","background-type":"","background-media":"","overlay-type":"","overlay-color":"","overlay-opacity":"","overlay-gradient":""},"mobile":{"background-color":"var(--ast-global-color-5)","background-image":"","background-repeat":"repeat","background-position":"center center","background-size":"auto","background-attachment":"scroll","background-type":"","background-media":"","overlay-type":"","overlay-color":"","overlay-opacity":"","overlay-gradient":""}}},"product_brand":[],"product_cat":[65,76,97,102,99,100],"product_tag":[625,632,167,548,566],"class_list":{"0":"post-8287","1":"product","2":"type-product","3":"status-publish","4":"has-post-thumbnail","6":"product_cat-best-sellers","7":"product_cat-new-arrivels","8":"product_cat-sauna-suit","9":"product_cat-full-body-sweat-suit","10":"product_cat-sauna-pants","11":"product_cat-sauna-tops","12":"product_tag-neoprene","13":"product_tag-sauna-lover","14":"product_tag-sauna-suit","15":"product_tag-sauna-sweat","16":"product_tag-short-sleeves","17":"pa_color-sliver","18":"pa_size-4xl-5xl","19":"pa_size-l-xl","20":"pa_size-s-m","21":"pa_size-xxl-xxxl","22":"desktop-align-center","23":"tablet-align-left","24":"mobile-align-left","25":"ast-product-gallery-layout-horizontal-slider","26":"ast-product-single-variable","27":"ast-product-tabs-layout-horizontal","28":"ast-qv-on-image","30":"first","31":"instock","32":"shipping-taxable","33":"purchasable","34":"product-type-variable"},"tiered_pricing_type":"fixed","tiered_pricing_fixed_rules":{"2":9.3,"50":8.3,"100":7.25},"tiered_pricing_product_settings":{"layout":"default","base_unit_name":{"singular":null,"plural":null},"default_variation":null},"tiered_pricing_minimum_quantity":null,"tiered_pricing_roles_data":[],"tiered_pricing_percentage_rules":[],"_links":{"self":[{"href":"https:\/\/yume-silm.com\/de\/wp-json\/wp\/v2\/product\/8287","targetHints":{"allow":["GET"]}}],"collection":[{"href":"https:\/\/yume-silm.com\/de\/wp-json\/wp\/v2\/product"}],"about":[{"href":"https:\/\/yume-silm.com\/de\/wp-json\/wp\/v2\/types\/product"}],"replies":[{"embeddable":true,"href":"https:\/\/yume-silm.com\/de\/wp-json\/wp\/v2\/comments?post=8287"}],"wp:featuredmedia":[{"embeddable":true,"href":"https:\/\/yume-silm.com\/de\/wp-json\/wp\/v2\/media\/8290"}],"wp:attachment":[{"href":"https:\/\/yume-silm.com\/de\/wp-json\/wp\/v2\/media?parent=8287"}],"wp:term":[{"taxonomy":"product_brand","embeddable":true,"href":"https:\/\/yume-silm.com\/de\/wp-json\/wp\/v2\/product_brand?post=8287"},{"taxonomy":"product_cat","embeddable":true,"href":"https:\/\/yume-silm.com\/de\/wp-json\/wp\/v2\/product_cat?post=8287"},{"taxonomy":"product_tag","embeddable":true,"href":"https:\/\/yume-silm.com\/de\/wp-json\/wp\/v2\/product_tag?post=8287"}],"curies":[{"name":"wp","href":"https:\/\/api.w.org\/{rel}","templated":true}]}}