{"id":8371,"date":"2024-06-13T03:54:31","date_gmt":"2024-06-13T03:54:31","guid":{"rendered":"https:\/\/yume-silm.com\/?post_type=product&#038;p=8371"},"modified":"2024-06-13T03:59:42","modified_gmt":"2024-06-13T03:59:42","slug":"kurzarmliges-sauna-sweatshirt-und-saunahose","status":"publish","type":"product","link":"https:\/\/yume-silm.com\/de\/produkt\/kurzarmliges-sauna-sweatshirt-und-saunahose\/","title":{"rendered":"Kurz\u00e4rmliges Sauna-Sweatshirt und Saunahose"},"content":{"rendered":"<h5>Design-Merkmale<\/h5>\n<ul>\n<li><strong>Saunaeffekt:<\/strong> Ein Saunaanzug f\u00fcr M\u00e4nner und Frauen kann als wandelnde Sauna dienen. Ein Saunaanzug zur Gewichtsabnahme kann das Schwitzen beschleunigen, einen Saunaeffekt erzeugen, den Stoffwechsel beschleunigen, die Entgiftung des K\u00f6rpers f\u00f6rdern und Ihnen dabei helfen, ganz einfach einen perfekten K\u00f6rper zu formen.<\/li>\n<li><strong>MODE-DESIGN:<\/strong> Der neue Box-Saunaanzug f\u00fcr das Sport- und Schlankheitsstudio hat einen modischen Kurzarmstil. Die klassischen wei\u00dfen Akzente des gewichtsreduzierenden Saunaanzugs machen Sie nicht nur im Fitnessstudio zum Blickfang, sondern zeigen auch im Alltag Ihren Modegeschmack und machen Sie zum Mittelpunkt der Aufmerksamkeit auf der Stra\u00dfe.<\/li>\n<li><strong>KOMFORTABLE PASSFORM:<\/strong> Das Sauna-Tanktop und die Sauna-Hose k\u00f6nnen den Schwei\u00df gut einschlie\u00dfen, was nicht nur f\u00fcr ein gutes Tragegef\u00fchl sorgt und Beschwerden beim Training wirksam reduziert, sondern auch den ganzen K\u00f6rper besser schwitzen l\u00e4sst, den Stoffwechsel beschleunigt und zu einer gesunden Gewichtsabnahme beitr\u00e4gt.<\/li>\n<li><strong>MEHRERE ANL\u00c4SSE:<\/strong> Das Rei\u00dfverschlussdesign des besten Saunaanzugs zum Abnehmen macht das An- und Ausziehen sehr bequem. Egal, ob Sie laufen, Seilspringen, Yoga oder Boxen machen oder Fitnesstraining betreiben, Sauna-Trainingsanz\u00fcge sind Ihre beste Wahl, um Ihre Trainingsziele zu erreichen und ein ges\u00fcnderes und selbstbewussteres Leben zu f\u00fchren.<\/li>\n<\/ul>\n<h6><em>Saunadampfoberteile und -hosen f\u00fcr das Training im Fitnessstudio zur Gewichtsabnahme<\/em><br \/>\n<img fetchpriority=\"high\" decoding=\"async\" class=\"alignnone size-medium wp-image-8372\" src=\"https:\/\/yume-silm.com\/wp-content\/uploads\/2024\/06\/short-sleeve-sauna-sweat-top-and-sauna-pants-01-300x300.jpg\" alt=\"Kurzarm-Sauna-Sweatshirt und Saunahose, Saunaanzug f\u00fcr Damen und Herren\" width=\"300\" height=\"300\" title=\"\" srcset=\"https:\/\/yume-silm.com\/wp-content\/uploads\/2024\/06\/short-sleeve-sauna-sweat-top-and-sauna-pants-01-300x300.jpg 300w, https:\/\/yume-silm.com\/wp-content\/uploads\/2024\/06\/short-sleeve-sauna-sweat-top-and-sauna-pants-01-150x150.jpg 150w, https:\/\/yume-silm.com\/wp-content\/uploads\/2024\/06\/short-sleeve-sauna-sweat-top-and-sauna-pants-01-768x768.jpg 768w, https:\/\/yume-silm.com\/wp-content\/uploads\/2024\/06\/short-sleeve-sauna-sweat-top-and-sauna-pants-01-12x12.jpg 12w, https:\/\/yume-silm.com\/wp-content\/uploads\/2024\/06\/short-sleeve-sauna-sweat-top-and-sauna-pants-01-100x100.jpg 100w, https:\/\/yume-silm.com\/wp-content\/uploads\/2024\/06\/short-sleeve-sauna-sweat-top-and-sauna-pants-01.jpg 800w\" sizes=\"(max-width: 300px) 100vw, 300px\" \/><img decoding=\"async\" class=\"alignnone size-medium wp-image-8373\" src=\"https:\/\/yume-silm.com\/wp-content\/uploads\/2024\/06\/short-sleeve-sauna-sweat-top-and-sauna-pants-300x300.jpg\" alt=\"Kurzarm-Sauna-Sweatshirt und Saunahose, Saunaanzug f\u00fcr Damen und Herren\" width=\"300\" height=\"300\" title=\"\" srcset=\"https:\/\/yume-silm.com\/wp-content\/uploads\/2024\/06\/short-sleeve-sauna-sweat-top-and-sauna-pants-300x300.jpg 300w, https:\/\/yume-silm.com\/wp-content\/uploads\/2024\/06\/short-sleeve-sauna-sweat-top-and-sauna-pants-150x150.jpg 150w, https:\/\/yume-silm.com\/wp-content\/uploads\/2024\/06\/short-sleeve-sauna-sweat-top-and-sauna-pants-768x768.jpg 768w, https:\/\/yume-silm.com\/wp-content\/uploads\/2024\/06\/short-sleeve-sauna-sweat-top-and-sauna-pants-12x12.jpg 12w, https:\/\/yume-silm.com\/wp-content\/uploads\/2024\/06\/short-sleeve-sauna-sweat-top-and-sauna-pants-800x800.jpg 800w, https:\/\/yume-silm.com\/wp-content\/uploads\/2024\/06\/short-sleeve-sauna-sweat-top-and-sauna-pants-100x100.jpg 100w, https:\/\/yume-silm.com\/wp-content\/uploads\/2024\/06\/short-sleeve-sauna-sweat-top-and-sauna-pants.jpg 1000w\" sizes=\"(max-width: 300px) 100vw, 300px\" \/><\/h6>","protected":false},"excerpt":{"rendered":"<p>Ziehen Sie ein modisches kurz\u00e4rmliges Sauna-Sweatshirt und eine Saunahose an, lassen Sie den Schwei\u00df ab, gewinnen Sie Selbstvertrauen und definieren Sie ein gesundes Leben neu!<\/p>","protected":false},"featured_media":8374,"comment_status":"open","ping_status":"closed","template":"","meta":{"site-sidebar-layout":"default","site-content-layout":"","ast-site-content-layout":"default","site-content-style":"default","site-sidebar-style":"default","ast-global-header-display":"","ast-banner-title-visibility":"","ast-main-header-display":"","ast-hfb-above-header-display":"","ast-hfb-below-header-display":"","ast-hfb-mobile-header-display":"","site-post-title":"","ast-breadcrumbs-content":"","ast-featured-img":"","footer-sml-layout":"","ast-disable-related-posts":"","theme-transparent-header-meta":"default","adv-header-id-meta":"","stick-header-meta":"default","header-above-stick-meta":"","header-main-stick-meta":"","header-below-stick-meta":"","astra-migrate-meta-layouts":"set","ast-page-background-enabled":"default","ast-page-background-meta":{"desktop":{"background-color":"","background-image":"","background-repeat":"repeat","background-position":"center center","background-size":"auto","background-attachment":"scroll","background-type":"","background-media":"","overlay-type":"","overlay-color":"","overlay-opacity":"","overlay-gradient":""},"tablet":{"background-color":"","background-image":"","background-repeat":"repeat","background-position":"center center","background-size":"auto","background-attachment":"scroll","background-type":"","background-media":"","overlay-type":"","overlay-color":"","overlay-opacity":"","overlay-gradient":""},"mobile":{"background-color":"","background-image":"","background-repeat":"repeat","background-position":"center center","background-size":"auto","background-attachment":"scroll","background-type":"","background-media":"","overlay-type":"","overlay-color":"","overlay-opacity":"","overlay-gradient":""}},"ast-content-background-meta":{"desktop":{"background-color":"var(--ast-global-color-5)","background-image":"","background-repeat":"repeat","background-position":"center center","background-size":"auto","background-attachment":"scroll","background-type":"","background-media":"","overlay-type":"","overlay-color":"","overlay-opacity":"","overlay-gradient":""},"tablet":{"background-color":"var(--ast-global-color-5)","background-image":"","background-repeat":"repeat","background-position":"center center","background-size":"auto","background-attachment":"scroll","background-type":"","background-media":"","overlay-type":"","overlay-color":"","overlay-opacity":"","overlay-gradient":""},"mobile":{"background-color":"var(--ast-global-color-5)","background-image":"","background-repeat":"repeat","background-position":"center center","background-size":"auto","background-attachment":"scroll","background-type":"","background-media":"","overlay-type":"","overlay-color":"","overlay-opacity":"","overlay-gradient":""}}},"product_brand":[],"product_cat":[65,76,97,102,99,100],"product_tag":[625,548,566,550],"class_list":{"0":"post-8371","1":"product","2":"type-product","3":"status-publish","4":"has-post-thumbnail","6":"product_cat-best-sellers","7":"product_cat-new-arrivels","8":"product_cat-sauna-suit","9":"product_cat-full-body-sweat-suit","10":"product_cat-sauna-pants","11":"product_cat-sauna-tops","12":"product_tag-neoprene","13":"product_tag-sauna-sweat","14":"product_tag-short-sleeves","15":"product_tag-with-zipper","16":"pa_color-black-jacket","17":"pa_color-black-pant","18":"pa_color-black-suit","19":"pa_size-4xl","20":"pa_size-l","21":"pa_size-m","22":"pa_size-s","23":"pa_size-xl","24":"pa_size-xxl","25":"pa_size-xxxl","26":"desktop-align-center","27":"tablet-align-left","28":"mobile-align-left","29":"ast-product-gallery-layout-horizontal-slider","30":"ast-product-single-variable","31":"ast-product-tabs-layout-horizontal","32":"ast-qv-on-image","34":"first","35":"instock","36":"shipping-taxable","37":"purchasable","38":"product-type-variable"},"tiered_pricing_type":"fixed","tiered_pricing_fixed_rules":[],"tiered_pricing_product_settings":{"layout":"default","base_unit_name":{"singular":null,"plural":null},"default_variation":null},"tiered_pricing_minimum_quantity":null,"tiered_pricing_roles_data":[],"tiered_pricing_percentage_rules":[],"_links":{"self":[{"href":"https:\/\/yume-silm.com\/de\/wp-json\/wp\/v2\/product\/8371","targetHints":{"allow":["GET"]}}],"collection":[{"href":"https:\/\/yume-silm.com\/de\/wp-json\/wp\/v2\/product"}],"about":[{"href":"https:\/\/yume-silm.com\/de\/wp-json\/wp\/v2\/types\/product"}],"replies":[{"embeddable":true,"href":"https:\/\/yume-silm.com\/de\/wp-json\/wp\/v2\/comments?post=8371"}],"wp:featuredmedia":[{"embeddable":true,"href":"https:\/\/yume-silm.com\/de\/wp-json\/wp\/v2\/media\/8374"}],"wp:attachment":[{"href":"https:\/\/yume-silm.com\/de\/wp-json\/wp\/v2\/media?parent=8371"}],"wp:term":[{"taxonomy":"product_brand","embeddable":true,"href":"https:\/\/yume-silm.com\/de\/wp-json\/wp\/v2\/product_brand?post=8371"},{"taxonomy":"product_cat","embeddable":true,"href":"https:\/\/yume-silm.com\/de\/wp-json\/wp\/v2\/product_cat?post=8371"},{"taxonomy":"product_tag","embeddable":true,"href":"https:\/\/yume-silm.com\/de\/wp-json\/wp\/v2\/product_tag?post=8371"}],"curies":[{"name":"wp","href":"https:\/\/api.w.org\/{rel}","templated":true}]}}