{"id":8441,"date":"2024-06-14T03:07:58","date_gmt":"2024-06-14T03:07:58","guid":{"rendered":"https:\/\/yume-silm.com\/?post_type=product&#038;p=8441"},"modified":"2024-06-14T03:09:17","modified_gmt":"2024-06-14T03:09:17","slug":"langarm-saunajacken-trainingsanzug-zur-gewichtsabnahme","status":"publish","type":"product","link":"https:\/\/yume-silm.com\/de\/produkt\/langarm-saunajacken-trainingsanzug-zur-gewichtsabnahme\/","title":{"rendered":"Lang\u00e4rmliger Saunaanzug mit Schwitzjacke zur Gewichtsabnahme"},"content":{"rendered":"<h5>Design-Merkmale<\/h5>\n<ul>\n<li><strong>Saunaeffekt:<\/strong> Tragen Sie unsere Saunaanz\u00fcge f\u00fcr Damen und Herren und erleben Sie die Wirkung einer Sauna-Wanderung. Der Saunaanzug zur Gewichtsabnahme kann das Schwitzen beschleunigen, einen Saunaeffekt erzeugen, den Stoffwechsel beschleunigen, die Entgiftung des K\u00f6rpers f\u00f6rdern und Ihnen dabei helfen, ganz einfach einen perfekten K\u00f6rper zu formen.<\/li>\n<li><strong>MODISCHES DESIGN:<\/strong> Der neue Box-Saunaanzug f\u00fcr das Sport- und Schlankheitsstudio hat einen modischen Langarmstil. Die klassische gelbe Linienverzierung des Neopren-Saunaanzugs macht Sie nicht nur im Fitnessstudio zum Blickfang, sondern zeigt auch im Alltag Ihren modischen Geschmack und macht Sie zum Mittelpunkt der Aufmerksamkeit auf der Stra\u00dfe.<\/li>\n<li><strong>KOMFORTABLE PASSFORM:<\/strong> Lang\u00e4rmelige Saunajacken und Saunahosen k\u00f6nnen den Schwei\u00df gut einschlie\u00dfen, was nicht nur f\u00fcr ein angenehmes Tragegef\u00fchl sorgt und Beschwerden beim Training wirksam reduziert, sondern auch f\u00fcr eine bessere Ganzk\u00f6rperschwei\u00dfbildung, einen beschleunigten Stoffwechsel und eine gesunde Gewichtsabnahme sorgt.<\/li>\n<li><strong>MEHRERE ANL\u00c4SSE:<\/strong> Das Rei\u00dfverschlussdesign des besten Saunaanzugs zur Gewichtsabnahme erleichtert das An- und Ausziehen. Egal, ob Sie laufen, Seilspringen, Yoga, Boxen oder Fitnesstraining machen, der lang\u00e4rmelige Saunaanzug zur Gewichtsabnahme ist Ihre beste Wahl, um Ihre Trainingsziele zu erreichen und ein ges\u00fcnderes und selbstbewussteres Leben zu f\u00fchren.<\/li>\n<\/ul>\n<h6><em>Lang\u00e4rmliger Sauna-Schwitzanzug, geeignet f\u00fcr Fitness\u00fcbungen im Fitnessstudio und zum Abnehmen<\/em><\/h6>\n<p><img fetchpriority=\"high\" decoding=\"async\" class=\"alignnone size-medium wp-image-8454\" src=\"https:\/\/yume-silm.com\/wp-content\/uploads\/2024\/06\/long-sleeve-sauna-jackets-sweat-suit-for-weight-loss-men-and-women-05-300x300.jpg\" alt=\"Langarm Saunajacken Trainingsanzug zur Gewichtsabnahme\" width=\"300\" height=\"300\" title=\"\" srcset=\"https:\/\/yume-silm.com\/wp-content\/uploads\/2024\/06\/long-sleeve-sauna-jackets-sweat-suit-for-weight-loss-men-and-women-05-300x300.jpg 300w, https:\/\/yume-silm.com\/wp-content\/uploads\/2024\/06\/long-sleeve-sauna-jackets-sweat-suit-for-weight-loss-men-and-women-05-150x150.jpg 150w, https:\/\/yume-silm.com\/wp-content\/uploads\/2024\/06\/long-sleeve-sauna-jackets-sweat-suit-for-weight-loss-men-and-women-05-768x768.jpg 768w, https:\/\/yume-silm.com\/wp-content\/uploads\/2024\/06\/long-sleeve-sauna-jackets-sweat-suit-for-weight-loss-men-and-women-05-12x12.jpg 12w, https:\/\/yume-silm.com\/wp-content\/uploads\/2024\/06\/long-sleeve-sauna-jackets-sweat-suit-for-weight-loss-men-and-women-05-800x800.jpg 800w, https:\/\/yume-silm.com\/wp-content\/uploads\/2024\/06\/long-sleeve-sauna-jackets-sweat-suit-for-weight-loss-men-and-women-05-100x100.jpg 100w, https:\/\/yume-silm.com\/wp-content\/uploads\/2024\/06\/long-sleeve-sauna-jackets-sweat-suit-for-weight-loss-men-and-women-05.jpg 1000w\" sizes=\"(max-width: 300px) 100vw, 300px\" \/><img decoding=\"async\" class=\"alignnone size-medium wp-image-8455\" src=\"https:\/\/yume-silm.com\/wp-content\/uploads\/2024\/06\/long-sleeve-sauna-jackets-sweat-suit-for-weight-loss-men-and-women-06-300x300.jpg\" alt=\"Langarm Saunajacken Trainingsanzug zur Gewichtsabnahme\" width=\"300\" height=\"300\" title=\"\" srcset=\"https:\/\/yume-silm.com\/wp-content\/uploads\/2024\/06\/long-sleeve-sauna-jackets-sweat-suit-for-weight-loss-men-and-women-06-300x300.jpg 300w, https:\/\/yume-silm.com\/wp-content\/uploads\/2024\/06\/long-sleeve-sauna-jackets-sweat-suit-for-weight-loss-men-and-women-06-150x150.jpg 150w, https:\/\/yume-silm.com\/wp-content\/uploads\/2024\/06\/long-sleeve-sauna-jackets-sweat-suit-for-weight-loss-men-and-women-06-768x768.jpg 768w, https:\/\/yume-silm.com\/wp-content\/uploads\/2024\/06\/long-sleeve-sauna-jackets-sweat-suit-for-weight-loss-men-and-women-06-12x12.jpg 12w, https:\/\/yume-silm.com\/wp-content\/uploads\/2024\/06\/long-sleeve-sauna-jackets-sweat-suit-for-weight-loss-men-and-women-06-100x100.jpg 100w, https:\/\/yume-silm.com\/wp-content\/uploads\/2024\/06\/long-sleeve-sauna-jackets-sweat-suit-for-weight-loss-men-and-women-06.jpg 800w\" sizes=\"(max-width: 300px) 100vw, 300px\" \/><\/p>","protected":false},"excerpt":{"rendered":"<p><span data-slate-fragment=\"JTVCJTdCJTIydHlwZSUyMiUzQSUyMnBhcmFncmFwaCUyMiUyQyUyMmNoaWxkcmVuJTIyJTNBJTVCJTdCJTIydGV4dCUyMiUzQSUyMlB1dCUyMG9uJTIwYSUyMHN0eWxpc2glMjBzbGltbWluZyUyMHNhdW5hJTIwbG9uZyUyMHNsZWV2ZSUyMHN3ZWF0JTIwc3VpdCUyMHdpdGglMjB6aXBwZXIlMkMlMjByZWxlYXNlJTIwc3dlYXQlMkMlMjBnYWluJTIwY29uZmlkZW5jZSUyQyUyMGFuZCUyMHJlZGVmaW5lJTIwYSUyMGhlYWx0aHklMjBsaWZlISUyMiUyQyUyMnNlbnRlbmNlJTIyJTNBMCUyQyUyMmNoaWxkU2VudGVuY2UlMjIlM0EwJTdEJTVEJTdEJTVE\">Ziehen Sie zum Abnehmen einen modischen lang\u00e4rmeligen Saunaanzug an, lassen Sie den Schwei\u00df ab, gewinnen Sie Selbstvertrauen und definieren Sie ein gesundes Leben neu!<\/span><\/p>","protected":false},"featured_media":8456,"comment_status":"open","ping_status":"closed","template":"","meta":{"site-sidebar-layout":"default","site-content-layout":"","ast-site-content-layout":"default","site-content-style":"default","site-sidebar-style":"default","ast-global-header-display":"","ast-banner-title-visibility":"","ast-main-header-display":"","ast-hfb-above-header-display":"","ast-hfb-below-header-display":"","ast-hfb-mobile-header-display":"","site-post-title":"","ast-breadcrumbs-content":"","ast-featured-img":"","footer-sml-layout":"","ast-disable-related-posts":"","theme-transparent-header-meta":"default","adv-header-id-meta":"","stick-header-meta":"default","header-above-stick-meta":"","header-main-stick-meta":"","header-below-stick-meta":"","astra-migrate-meta-layouts":"set","ast-page-background-enabled":"default","ast-page-background-meta":{"desktop":{"background-color":"","background-image":"","background-repeat":"repeat","background-position":"center center","background-size":"auto","background-attachment":"scroll","background-type":"","background-media":"","overlay-type":"","overlay-color":"","overlay-opacity":"","overlay-gradient":""},"tablet":{"background-color":"","background-image":"","background-repeat":"repeat","background-position":"center center","background-size":"auto","background-attachment":"scroll","background-type":"","background-media":"","overlay-type":"","overlay-color":"","overlay-opacity":"","overlay-gradient":""},"mobile":{"background-color":"","background-image":"","background-repeat":"repeat","background-position":"center center","background-size":"auto","background-attachment":"scroll","background-type":"","background-media":"","overlay-type":"","overlay-color":"","overlay-opacity":"","overlay-gradient":""}},"ast-content-background-meta":{"desktop":{"background-color":"var(--ast-global-color-5)","background-image":"","background-repeat":"repeat","background-position":"center center","background-size":"auto","background-attachment":"scroll","background-type":"","background-media":"","overlay-type":"","overlay-color":"","overlay-opacity":"","overlay-gradient":""},"tablet":{"background-color":"var(--ast-global-color-5)","background-image":"","background-repeat":"repeat","background-position":"center center","background-size":"auto","background-attachment":"scroll","background-type":"","background-media":"","overlay-type":"","overlay-color":"","overlay-opacity":"","overlay-gradient":""},"mobile":{"background-color":"var(--ast-global-color-5)","background-image":"","background-repeat":"repeat","background-position":"center center","background-size":"auto","background-attachment":"scroll","background-type":"","background-media":"","overlay-type":"","overlay-color":"","overlay-opacity":"","overlay-gradient":""}}},"product_brand":[],"product_cat":[65,76,97,102,98,99],"product_tag":[183,635,634,632,638,548,550],"class_list":{"0":"post-8441","1":"product","2":"type-product","3":"status-publish","4":"has-post-thumbnail","6":"product_cat-best-sellers","7":"product_cat-new-arrivels","8":"product_cat-sauna-suit","9":"product_cat-full-body-sweat-suit","10":"product_cat-sauna-jacket","11":"product_cat-sauna-pants","12":"product_tag-long-sleeve","13":"product_tag-men-and-women","14":"product_tag-sauna-jacket","15":"product_tag-sauna-lover","16":"product_tag-sauna-pants","17":"product_tag-sauna-sweat","18":"product_tag-with-zipper","19":"pa_color-black-jacket","20":"pa_color-black-pant","21":"pa_size-l","22":"pa_size-m","23":"pa_size-s","24":"pa_size-xl","25":"pa_size-xxl","26":"pa_size-xxxl","27":"desktop-align-center","28":"tablet-align-left","29":"mobile-align-left","30":"ast-product-gallery-layout-horizontal-slider","31":"ast-product-single-variable","32":"ast-product-tabs-layout-horizontal","33":"ast-qv-on-image","35":"first","36":"instock","37":"shipping-taxable","38":"purchasable","39":"product-type-variable"},"tiered_pricing_type":"fixed","tiered_pricing_fixed_rules":[],"tiered_pricing_product_settings":{"layout":"default","base_unit_name":{"singular":null,"plural":null},"default_variation":null},"tiered_pricing_minimum_quantity":null,"tiered_pricing_roles_data":[],"tiered_pricing_percentage_rules":[],"_links":{"self":[{"href":"https:\/\/yume-silm.com\/de\/wp-json\/wp\/v2\/product\/8441","targetHints":{"allow":["GET"]}}],"collection":[{"href":"https:\/\/yume-silm.com\/de\/wp-json\/wp\/v2\/product"}],"about":[{"href":"https:\/\/yume-silm.com\/de\/wp-json\/wp\/v2\/types\/product"}],"replies":[{"embeddable":true,"href":"https:\/\/yume-silm.com\/de\/wp-json\/wp\/v2\/comments?post=8441"}],"wp:featuredmedia":[{"embeddable":true,"href":"https:\/\/yume-silm.com\/de\/wp-json\/wp\/v2\/media\/8456"}],"wp:attachment":[{"href":"https:\/\/yume-silm.com\/de\/wp-json\/wp\/v2\/media?parent=8441"}],"wp:term":[{"taxonomy":"product_brand","embeddable":true,"href":"https:\/\/yume-silm.com\/de\/wp-json\/wp\/v2\/product_brand?post=8441"},{"taxonomy":"product_cat","embeddable":true,"href":"https:\/\/yume-silm.com\/de\/wp-json\/wp\/v2\/product_cat?post=8441"},{"taxonomy":"product_tag","embeddable":true,"href":"https:\/\/yume-silm.com\/de\/wp-json\/wp\/v2\/product_tag?post=8441"}],"curies":[{"name":"wp","href":"https:\/\/api.w.org\/{rel}","templated":true}]}}