{"id":8469,"date":"2024-06-14T07:08:29","date_gmt":"2024-06-14T07:08:29","guid":{"rendered":"https:\/\/yume-silm.com\/?post_type=product&#038;p=8469"},"modified":"2025-04-09T00:46:29","modified_gmt":"2025-04-09T00:46:29","slug":"schmale-saunaanzuge-fur-damen-und-herren","status":"publish","type":"product","link":"https:\/\/yume-silm.com\/de\/produkt\/schmale-saunaanzuge-fur-damen-und-herren\/","title":{"rendered":"Schlanke Sauna-Schwitzanz\u00fcge f\u00fcr M\u00e4nner und Frauen"},"content":{"rendered":"<h5>Design-Merkmale<\/h5>\n<ul>\n<li data-slate-node=\"element\"><span class=\"\" data-slate-node=\"text\"><span class=\"21\" data-slate-leaf=\"true\"><span data-slate-string=\"true\">UNIVERSELLE SAUNAANZ\u00dcGE F\u00dcR M\u00c4NNER UND FRAUEN: Die lang\u00e4rmlige Saunajacke mit Taschen erleichtert Ihnen das Training im Freien. <\/span><\/span><\/span><span data-slate-node=\"text\"><span class=\"22\" data-slate-leaf=\"true\">Die schmal geschnittenen Sauna-Trainingsanz\u00fcge f\u00fcr Damen und Herren sind mit wei\u00dfen Linien verziert und verleihen ihnen einen sportlich-modischen Touch.<\/span><\/span><\/li>\n<li data-slate-node=\"element\"><span data-slate-node=\"text\"><span class=\"41\" data-slate-leaf=\"true\">EFFEKTIVER SAUNA-EFFEKT: Die lang\u00e4rmlige Saunahose\/Sauna-Oberteil f\u00fcr das Fitnessstudio besteht aus einer Innenschicht aus Neopren, die die K\u00f6rpertemperatur schnell erh\u00f6ht und f\u00fcr starkes Schwitzen sorgt; den Stoffwechsel f\u00f6rdert und Fett verbrennt, wodurch Sie gesund abnehmen k\u00f6nnen.<\/span><\/span><\/li>\n<li data-slate-node=\"element\"><span data-slate-node=\"text\"><span class=\"61\" data-slate-leaf=\"true\">HOHE ELASTIZIT\u00c4T UND LANGLEBIGKEIT: Unsere Saunaanz\u00fcge zum Abnehmen rei\u00dfen garantiert auch bei anstrengendem Training nicht so schnell. <\/span><\/span><span data-slate-node=\"text\"><span class=\"62\" data-slate-leaf=\"true\">Die Saunaanz\u00fcge sind weicher und elastischer und passen sich problemlos allen \u00dcbungen an, die Sie machen.<\/span><\/span><\/li>\n<li data-slate-node=\"element\"><span data-slate-node=\"text\"><span class=\"81\" data-slate-leaf=\"true\">WIND- UND WASSERDICHT: Unsere Auswahl an Trainingsanz\u00fcgen f\u00fcr das Boxen ist garantiert wind- und wasserdicht und verf\u00fcgt \u00fcber versiegelte Rei\u00dfverschl\u00fcsse sowie eng anliegende Taillenb\u00e4nder und Manschetten, die die F\u00e4higkeit Ihres K\u00f6rpers, schnell und stark zu schwitzen, maximieren.<\/span><\/span><\/li>\n<\/ul>\n<h6><em>Saunajacke Saunaleggings zum Workout Abnehmen<\/em><\/h6>\n<p><img fetchpriority=\"high\" decoding=\"async\" class=\"alignnone size-medium wp-image-8494\" src=\"https:\/\/yume-silm.com\/wp-content\/uploads\/2024\/06\/slim-sauna-suits-for-men-and-women-2-300x300.jpg\" alt=\"schmale Sauna-Schwitzanz\u00fcge f\u00fcr Damen und Herren\" width=\"300\" height=\"300\" title=\"\" srcset=\"https:\/\/yume-silm.com\/wp-content\/uploads\/2024\/06\/slim-sauna-suits-for-men-and-women-2-300x300.jpg 300w, https:\/\/yume-silm.com\/wp-content\/uploads\/2024\/06\/slim-sauna-suits-for-men-and-women-2-150x150.jpg 150w, https:\/\/yume-silm.com\/wp-content\/uploads\/2024\/06\/slim-sauna-suits-for-men-and-women-2-12x12.jpg 12w, https:\/\/yume-silm.com\/wp-content\/uploads\/2024\/06\/slim-sauna-suits-for-men-and-women-2-100x100.jpg 100w, https:\/\/yume-silm.com\/wp-content\/uploads\/2024\/06\/slim-sauna-suits-for-men-and-women-2.jpg 600w\" sizes=\"(max-width: 300px) 100vw, 300px\" \/><img decoding=\"async\" class=\"alignnone size-medium wp-image-8495\" src=\"https:\/\/yume-silm.com\/wp-content\/uploads\/2024\/06\/slim-sauna-suits-for-men-and-women-sauna-jacket-and-pants-300x300.jpg\" alt=\"schmale Sauna-Schwitzanz\u00fcge f\u00fcr Damen und Herren\" width=\"300\" height=\"300\" title=\"\" srcset=\"https:\/\/yume-silm.com\/wp-content\/uploads\/2024\/06\/slim-sauna-suits-for-men-and-women-sauna-jacket-and-pants-300x300.jpg 300w, https:\/\/yume-silm.com\/wp-content\/uploads\/2024\/06\/slim-sauna-suits-for-men-and-women-sauna-jacket-and-pants-150x150.jpg 150w, https:\/\/yume-silm.com\/wp-content\/uploads\/2024\/06\/slim-sauna-suits-for-men-and-women-sauna-jacket-and-pants-12x12.jpg 12w, https:\/\/yume-silm.com\/wp-content\/uploads\/2024\/06\/slim-sauna-suits-for-men-and-women-sauna-jacket-and-pants-100x100.jpg 100w, https:\/\/yume-silm.com\/wp-content\/uploads\/2024\/06\/slim-sauna-suits-for-men-and-women-sauna-jacket-and-pants.jpg 600w\" sizes=\"(max-width: 300px) 100vw, 300px\" \/><\/p>\n<ul>\n<li data-slate-node=\"element\"><span data-slate-node=\"text\"><span class=\"101\" data-slate-leaf=\"true\">365 TAGE: Tragen Sie unseren lang\u00e4rmligen Saunaanzug f\u00fcr M\u00e4nner, um 5-mal mehr zu schwitzen als sonst. <\/span><\/span><span data-slate-node=\"text\"><span class=\"102\" data-slate-leaf=\"true\">Geeignet f\u00fcr alle Jahreszeiten, erm\u00f6glicht doppeltes Schwitzen und einen effizienten Saunaeffekt im Fitnessstudio. <\/span><\/span><span data-slate-node=\"text\"><span class=\"103\" data-slate-leaf=\"true\">W\u00e4rmen Sie Ihren K\u00f6rper im kalten Winter schnell auf.<\/span><\/span><\/li>\n<li data-slate-node=\"element\" data-slate-fragment=\"JTVCJTdCJTIydHlwZSUyMiUzQSUyMnBhcmFncmFwaCUyMiUyQyUyMmNoaWxkcmVuJTIyJTNBJTVCJTdCJTIydGV4dCUyMiUzQSUyMlVOSVZFUlNBTCUyMFNBVU5BJTIwU1VJVFMlMjBGT1IlMjBNRU4lMjBBTkQlMjBXT01FTiUzQSUyMFRoZSUyMGxvbmctc2xlZXZlZCUyMHNhdW5hJTIwamFja2V0JTIwd2l0aCUyMHBvY2tldHMlMjBtYWtlcyUyMGl0JTIwbW9yZSUyMGNvbnZlbmllbnQlMjBmb3IlMjB5b3UlMjB0byUyMGV4ZXJjaXNlJTIwb3V0ZG9vcnMuJTIwJTIyJTJDJTIyc2VudGVuY2UlMjIlM0EyJTJDJTIyY2hpbGRTZW50ZW5jZSUyMiUzQTElN0QlMkMlN0IlMjJ0ZXh0JTIyJTNBJTIyVGhlJTIwc2F1bmElMjBzdWl0cyUyMGZvciUyMG1lbiUyMGFuZCUyMHdvbWVuJTIwYXJlJTIwZGVjb3JhdGVkJTIwd2l0aCUyMHdoaXRlJTIwbGluZXMlMkMlMjBnaXZpbmclMjBpdCUyMGElMjBzcG9ydHklMjBhbmQlMjBmYXNoaW9uYWJsZSUyMGZlZWwuJTIyJTJDJTIyc2VudGVuY2UlMjIlM0EyJTJDJTIyY2hpbGRTZW50ZW5jZSUyMiUzQTIlN0QlNUQlN0QlMkMlN0IlMjJ0eXBlJTIyJTNBJTIycGFyYWdyYXBoJTIyJTJDJTIyY2hpbGRyZW4lMjIlM0ElNUIlN0IlMjJ0ZXh0JTIyJTNBJTIyJTIyJTJDJTIyc2VudGVuY2UlMjIlM0EzJTJDJTIyY2hpbGRTZW50ZW5jZSUyMiUzQTElN0QlNUQlN0QlMkMlN0IlMjJ0eXBlJTIyJTNBJTIycGFyYWdyYXBoJTIyJTJDJTIyY2hpbGRyZW4lMjIlM0ElNUIlN0IlMjJ0ZXh0JTIyJTNBJTIyRUZGRUNUSVZFJTIwU0FVTkElMjBFRkZFQ1QlM0ElMjBUaGUlMjBsb25nLXNsZWV2ZWQlMjBzYXVuYSUyMHBhbnRzJTIwc2F1bmElMjB0b3AlMjBneW0lMjB3b3Jrb3V0JTIwaXMlMjBtYWRlJTIwb2YlMjBhJTIwbmVvcHJlbmUlMjBpbm5lciUyMGxheWVyJTJDJTIwd2hpY2glMjByYXBpZGx5JTIwcmFpc2VzJTIwdGhlJTIwYm9keSUyMHRlbXBlcmF0dXJlJTIwYW5kJTIwc3dlYXQlMjBwcm9mdXNlbHklM0IlMjBwcm9tb3RlcyUyMG1ldGFib2xpc20lMkMlMjBhbmQlMjBidXJucyUyMGZhdCUyMGZvciUyMGhlYWx0aHklMjB3ZWlnaHQlMjBsb3NzLiUyMiUyQyUyMnNlbnRlbmNlJTIyJTNBNCUyQyUyMmNoaWxkU2VudGVuY2UlMjIlM0ExJTdEJTVEJTdEJTJDJTdCJTIydHlwZSUyMiUzQSUyMnBhcmFncmFwaCUyMiUyQyUyMmNoaWxkcmVuJTIyJTNBJTVCJTdCJTIydGV4dCUyMiUzQSUyMiUyMiUyQyUyMnNlbnRlbmNlJTIyJTNBNSUyQyUyMmNoaWxkU2VudGVuY2UlMjIlM0ExJTdEJTVEJTdEJTJDJTdCJTIydHlwZSUyMiUzQSUyMnBhcmFncmFwaCUyMiUyQyUyMmNoaWxkcmVuJTIyJTNBJTVCJTdCJTIydGV4dCUyMiUzQSUyMkhJR0glMjBFTEFTVElDSVRZJTIwQU5EJTIwRFVSQUJMRSUzQSUyME91ciUyMHNhdW5hJTIwc3VpdHMlMjBmb3IlMjB3ZWlnaHQlMjBsb3NzJTIwYXJlJTIwZ3VhcmFudGVlZCUyMG5vdCUyMHRvJTIwdGVhciUyMGVhc2lseSUyMGV2ZW4lMjBkdXJpbmclMjBzdHJlbnVvdXMlMjBleGVyY2lzZS4lMjAlMjIlMkMlMjJzZW50ZW5jZSUyMiUzQTYlMkMlMjJjaGlsZFNlbnRlbmNlJTIyJTNBMSU3RCUyQyU3QiUyMnRleHQlMjIlM0ElMjJUaGUlMjBzYXVuYSUyMHN1aXRzJTIwYXJlJTIwc29mdCUyMGFuZCUyMG1vcmUlMjBlbGFzdGljJTJDJTIwZWFzaWx5JTIwYWRhcHRpbmclMjB0byUyMGFueSUyMGV4ZXJjaXNlJTIweW91JTIwZG8uJTIyJTJDJTIyc2VudGVuY2UlMjIlM0E2JTJDJTIyY2hpbGRTZW50ZW5jZSUyMiUzQTIlN0QlNUQlN0QlMkMlN0IlMjJ0eXBlJTIyJTNBJTIycGFyYWdyYXBoJTIyJTJDJTIyY2hpbGRyZW4lMjIlM0ElNUIlN0IlMjJ0ZXh0JTIyJTNBJTIyJTIyJTJDJTIyc2VudGVuY2UlMjIlM0E3JTJDJTIyY2hpbGRTZW50ZW5jZSUyMiUzQTElN0QlNUQlN0QlMkMlN0IlMjJ0eXBlJTIyJTNBJTIycGFyYWdyYXBoJTIyJTJDJTIyY2hpbGRyZW4lMjIlM0ElNUIlN0IlMjJ0ZXh0JTIyJTNBJTIyV0lORCUyMEFORCUyMFdBVEVSUFJPT0YlM0ElMjBPdXIlMjByYW5nZSUyMG9mJTIwYm94aW5nJTIwZ3ltJTIwc3dlYXQlMjBzdWl0cyUyMGlzJTIwZ3VhcmFudGVlZCUyMHRvJTIwYmUlMjB3aW5kJTIwYW5kJTIwd2F0ZXJwcm9vZiUyQyUyMHdpdGglMjBzZWFsZWQlMjB6aXBwZXJzJTIwYW5kJTIwdGlnaHQtZml0dGluZyUyMHdhaXN0YmFuZHMlMjBhbmQlMjBjdWZmcyUyMGRlc2lnbmVkJTIwdG8lMjBtYXhpbWl6ZSUyMHlvdXIlMjBib2R5J3MlMjBhYmlsaXR5JTIwdG8lMjBzd2VhdCUyMHF1aWNrbHklMjBhbmQlMjBsaWtlJTIwY3JhenkuJTIyJTJDJTIyc2VudGVuY2UlMjIlM0E4JTJDJTIyY2hpbGRTZW50ZW5jZSUyMiUzQTElN0QlNUQlN0QlMkMlN0IlMjJ0eXBlJTIyJTNBJTIycGFyYWdyYXBoJTIyJTJDJTIyY2hpbGRyZW4lMjIlM0ElNUIlN0IlMjJ0ZXh0JTIyJTNBJTIyJTIyJTJDJTIyc2VudGVuY2UlMjIlM0E5JTJDJTIyY2hpbGRTZW50ZW5jZSUyMiUzQTElN0QlNUQlN0QlMkMlN0IlMjJ0eXBlJTIyJTNBJTIycGFyYWdyYXBoJTIyJTJDJTIyY2hpbGRyZW4lMjIlM0ElNUIlN0IlMjJ0ZXh0JTIyJTNBJTIyMzY1JTIwREFZUyUzQSUyMFdlYXIlMjBvdXIlMjBleGVyY2lzZSUyMGd5bSUyMGxvbmctc2xlZXZlZCUyMHNhdW5hJTIwc3VpdCUyMGZvciUyMG1lbiUyMHRvJTIwZ2V0JTIwNSUyMHRpbWVzJTIwbW9yZSUyMHN3ZWF0JTIwdGhhbiUyMHVzdWFsLiUyMCUyMiUyQyUyMnNlbnRlbmNlJTIyJTNBMTAlMkMlMjJjaGlsZFNlbnRlbmNlJTIyJTNBMSU3RCUyQyU3QiUyMnRleHQlMjIlM0ElMjJTdWl0YWJsZSUyMGZvciUyMGFsbCUyMHNlYXNvbnMlMjBvZiUyMHRoZSUyMHllYXIlMkMlMjBsZXRzJTIweW91JTIwZ2V0JTIwZG91YmxlJTIwdGhlJTIwc3dlYXQlMjBhbmQlMjBlZmZpY2llbnQlMjBzYXVuYSUyMGVmZmVjdCUyMGluJTIwdGhlJTIwZ3ltLiUyMCUyMiUyQyUyMnNlbnRlbmNlJTIyJTNBMTAlMkMlMjJjaGlsZFNlbnRlbmNlJTIyJTNBMiU3RCUyQyU3QiUyMnRleHQlMjIlM0ElMjJMZXQlMjB5b3UlMjB3YXJtJTIweW91ciUyMGJvZHklMjBxdWlja2x5JTIwaW4lMjB0aGUlMjBjb2xkJTIwd2ludGVyLiUyMiUyQyUyMnNlbnRlbmNlJTIyJTNBMTAlMkMlMjJjaGlsZFNlbnRlbmNlJTIyJTNBMyU3RCU1RCU3RCUyQyU3QiUyMnR5cGUlMjIlM0ElMjJwYXJhZ3JhcGglMjIlMkMlMjJjaGlsZHJlbiUyMiUzQSU1QiU3QiUyMnRleHQlMjIlM0ElMjIlMjIlMkMlMjJzZW50ZW5jZSUyMiUzQTExJTJDJTIyY2hpbGRTZW50ZW5jZSUyMiUzQTElN0QlNUQlN0QlMkMlN0IlMjJ0eXBlJTIyJTNBJTIycGFyYWdyYXBoJTIyJTJDJTIyY2hpbGRyZW4lMjIlM0ElNUIlN0IlMjJ0ZXh0JTIyJTNBJTIyTVVMVElQTEUlMjBPQ0NBU0lPTlMlMjBBUFBMSUNBQkxFJTNBJTIwVGhpcyUyMHNsaW0lMjBzYXVuYSUyMHN1aXRzJTIwZm9yJTIwbWVuJTIwYW5kJTIwd29tZW4lMjBpcyUyMGNvbWZvcnRhYmxlJTIwdG8lMjB3ZWFyJTIwYWxsJTIwZGF5JTIwbG9uZy4lMjAlMjIlMkMlMjJzZW50ZW5jZSUyMiUzQTEyJTJDJTIyY2hpbGRTZW50ZW5jZSUyMiUzQTElN0QlMkMlN0IlMjJ0ZXh0JTIyJTNBJTIySGVscCUyMHlvdSUyMGJ1cm4lMjBjYWxvcmllcyUyMGFueXRpbWUlMjBhbmQlMjBhbnl3aGVyZSUyQyUyMGxldCUyMHlvdSUyMGVuam95JTIweW91ciUyMHdvcmtvdXQlMjBhbmQlMjBzd2VhdC4lMjAlMjIlMkMlMjJzZW50ZW5jZSUyMiUzQTEyJTJDJTIyY2hpbGRTZW50ZW5jZSUyMiUzQTIlN0QlMkMlN0IlMjJ0ZXh0JTIyJTNBJTIyU3VpdGFibGUlMjBmb3IlMjBneW0lMjB0cmFpbmluZyUyQyUyMHJ1bm5pbmclMkMlMjBib3hpbmclMkMlMjB3ZWlnaHQlMjBsaWZ0aW5nJTJDJTIweW9nYSUyMGFuZCUyMHNvJTIwb24uJTIyJTJDJTIyc2VudGVuY2UlMjIlM0ExMiUyQyUyMmNoaWxkU2VudGVuY2UlMjIlM0EzJTdEJTVEJTdEJTVE\"><span data-slate-node=\"text\"><span class=\"121\" data-slate-leaf=\"true\">VIELSEITIG EINSETZBAR: Dieser schmal geschnittene Sauna-Trainingsanzug f\u00fcr Damen und Herren l\u00e4sst sich den ganzen Tag lang bequem tragen. <\/span><\/span><span data-slate-node=\"text\"><span class=\"122\" data-slate-leaf=\"true\">Hilft Ihnen, jederzeit und \u00fcberall Kalorien zu verbrennen, Ihr Training zu genie\u00dfen und ins Schwitzen zu kommen. <\/span><\/span><span data-slate-node=\"text\"><span class=\"123\" data-slate-leaf=\"true\">Geeignet f\u00fcr Fitnesstraining, Laufen, Boxen, Gewichtheben, Yoga und so weiter.<\/span><\/span><\/li>\n<\/ul>","protected":false},"excerpt":{"rendered":"<p>Ziehen Sie einen modischen, lang\u00e4rmeligen, schmal geschnittenen Sauna-Trainingsanzug f\u00fcr M\u00e4nner und Frauen an, lassen Sie den Schwei\u00df ab, gewinnen Sie Selbstvertrauen und definieren Sie ein gesundes Leben neu!<\/p>","protected":false},"featured_media":8496,"comment_status":"open","ping_status":"closed","template":"","meta":{"site-sidebar-layout":"default","site-content-layout":"","ast-site-content-layout":"default","site-content-style":"default","site-sidebar-style":"default","ast-global-header-display":"","ast-banner-title-visibility":"","ast-main-header-display":"","ast-hfb-above-header-display":"","ast-hfb-below-header-display":"","ast-hfb-mobile-header-display":"","site-post-title":"","ast-breadcrumbs-content":"","ast-featured-img":"","footer-sml-layout":"","ast-disable-related-posts":"","theme-transparent-header-meta":"default","adv-header-id-meta":"","stick-header-meta":"default","header-above-stick-meta":"","header-main-stick-meta":"","header-below-stick-meta":"","astra-migrate-meta-layouts":"set","ast-page-background-enabled":"default","ast-page-background-meta":{"desktop":{"background-color":"","background-image":"","background-repeat":"repeat","background-position":"center center","background-size":"auto","background-attachment":"scroll","background-type":"","background-media":"","overlay-type":"","overlay-color":"","overlay-opacity":"","overlay-gradient":""},"tablet":{"background-color":"","background-image":"","background-repeat":"repeat","background-position":"center center","background-size":"auto","background-attachment":"scroll","background-type":"","background-media":"","overlay-type":"","overlay-color":"","overlay-opacity":"","overlay-gradient":""},"mobile":{"background-color":"","background-image":"","background-repeat":"repeat","background-position":"center center","background-size":"auto","background-attachment":"scroll","background-type":"","background-media":"","overlay-type":"","overlay-color":"","overlay-opacity":"","overlay-gradient":""}},"ast-content-background-meta":{"desktop":{"background-color":"var(--ast-global-color-5)","background-image":"","background-repeat":"repeat","background-position":"center center","background-size":"auto","background-attachment":"scroll","background-type":"","background-media":"","overlay-type":"","overlay-color":"","overlay-opacity":"","overlay-gradient":""},"tablet":{"background-color":"var(--ast-global-color-5)","background-image":"","background-repeat":"repeat","background-position":"center center","background-size":"auto","background-attachment":"scroll","background-type":"","background-media":"","overlay-type":"","overlay-color":"","overlay-opacity":"","overlay-gradient":""},"mobile":{"background-color":"var(--ast-global-color-5)","background-image":"","background-repeat":"repeat","background-position":"center center","background-size":"auto","background-attachment":"scroll","background-type":"","background-media":"","overlay-type":"","overlay-color":"","overlay-opacity":"","overlay-gradient":""}}},"product_brand":[],"product_cat":[65,76,97,102,98,99],"product_tag":[635,634,632,638,167,548],"class_list":{"0":"post-8469","1":"product","2":"type-product","3":"status-publish","4":"has-post-thumbnail","6":"product_cat-best-sellers","7":"product_cat-new-arrivels","8":"product_cat-sauna-suit","9":"product_cat-full-body-sweat-suit","10":"product_cat-sauna-jacket","11":"product_cat-sauna-pants","12":"product_tag-men-and-women","13":"product_tag-sauna-jacket","14":"product_tag-sauna-lover","15":"product_tag-sauna-pants","16":"product_tag-sauna-suit","17":"product_tag-sauna-sweat","18":"pa_color-blue-jacket","19":"pa_color-blue-pant","20":"pa_color-silver-jacket","21":"pa_color-silver-pant","22":"pa_size-l","23":"pa_size-m","24":"pa_size-s","25":"pa_size-xl","26":"pa_size-xxl","27":"pa_size-xxxl","28":"desktop-align-center","29":"tablet-align-left","30":"mobile-align-left","31":"ast-product-gallery-layout-horizontal-slider","32":"ast-product-single-variable","33":"ast-product-tabs-layout-horizontal","34":"ast-qv-on-image","36":"first","37":"instock","38":"shipping-taxable","39":"purchasable","40":"product-type-variable"},"tiered_pricing_type":"fixed","tiered_pricing_fixed_rules":[],"tiered_pricing_product_settings":{"layout":"default","base_unit_name":{"singular":null,"plural":null},"default_variation":null},"tiered_pricing_minimum_quantity":null,"tiered_pricing_roles_data":[],"tiered_pricing_percentage_rules":[],"_links":{"self":[{"href":"https:\/\/yume-silm.com\/de\/wp-json\/wp\/v2\/product\/8469","targetHints":{"allow":["GET"]}}],"collection":[{"href":"https:\/\/yume-silm.com\/de\/wp-json\/wp\/v2\/product"}],"about":[{"href":"https:\/\/yume-silm.com\/de\/wp-json\/wp\/v2\/types\/product"}],"replies":[{"embeddable":true,"href":"https:\/\/yume-silm.com\/de\/wp-json\/wp\/v2\/comments?post=8469"}],"wp:featuredmedia":[{"embeddable":true,"href":"https:\/\/yume-silm.com\/de\/wp-json\/wp\/v2\/media\/8496"}],"wp:attachment":[{"href":"https:\/\/yume-silm.com\/de\/wp-json\/wp\/v2\/media?parent=8469"}],"wp:term":[{"taxonomy":"product_brand","embeddable":true,"href":"https:\/\/yume-silm.com\/de\/wp-json\/wp\/v2\/product_brand?post=8469"},{"taxonomy":"product_cat","embeddable":true,"href":"https:\/\/yume-silm.com\/de\/wp-json\/wp\/v2\/product_cat?post=8469"},{"taxonomy":"product_tag","embeddable":true,"href":"https:\/\/yume-silm.com\/de\/wp-json\/wp\/v2\/product_tag?post=8469"}],"curies":[{"name":"wp","href":"https:\/\/api.w.org\/{rel}","templated":true}]}}