{"id":8780,"date":"2024-07-04T08:30:44","date_gmt":"2024-07-04T08:30:44","guid":{"rendered":"https:\/\/yume-silm.com\/?post_type=product&#038;p=8780"},"modified":"2024-07-16T01:35:05","modified_gmt":"2024-07-16T01:35:05","slug":"overall-bodys-2","status":"publish","type":"product","link":"https:\/\/yume-silm.com\/de\/produkt\/overall-bodys-2\/","title":{"rendered":"Nahtloser Jumpsuit-Bodysuit zur Bauchkontrolle f\u00fcr Damen mit Po-Lifter"},"content":{"rendered":"<h5>Design-Merkmale<\/h5>\n<ul>\n<li><strong>KRAFTVOLLES H\u00dcFTLIFT:<\/strong> Die neuen nahtlosen Jumpsuit-Bodys zur Bauchkontrolle und zum Po-Liften haben ein Design mit hoher Taille, um den Taillenumfang zu reduzieren, die H\u00fcftkurve sanft zu lockern, die C-Kurve von H\u00fcfte und Taille effektiv zu formen und Ihre H\u00fcften voller und sexyer aussehen zu lassen.<\/li>\n<li><strong>NAHTLOSES DESIGN:<\/strong> Die nahtlosen Bauch-weg-Overall-Bodys mit Po-Lifter f\u00fcr Damen bestehen aus einem Spandex-Nylon-Mischmaterial, das hochelastisch, komfortabel und atmungsaktiv ist und eng an Ihrem K\u00f6rper anliegt, sodass Sie sich wohlf\u00fchlen und den ganzen Tag \u00fcber Ihre Sanduhrfigur zeigen k\u00f6nnen.<\/li>\n<li><strong>GELEGENHEIT:<\/strong> Unser nahtloser, schlankmachender Shapewear-Kurzoverall ist modisch, einfach und vielseitig. Das Tragen dieses glatten und bequemen, eng anliegenden Bodys kann Sie von Ihrer besten Seite zeigen, egal ob bei einer Veranstaltung oder einer Party, er passt perfekt dazu.<\/li>\n<li><strong>GR\u00d6SSENAUSWAHL:<\/strong> Sie k\u00f6nnen unserer Gr\u00f6\u00dfentabelle folgen, um die Gr\u00f6\u00dfe zu finden, die Ihre Figur am besten zur Geltung bringt. Seien Sie nicht \u00fcberrascht, wenn Sie die erste Reaktion bekommen. Dieser bauchfreie Onesie mag klein aussehen, aber er ist super elastisch. Seien Sie selbstbewusst und tragen Sie ihn.<\/li>\n<\/ul>\n<p><a href=\"https:\/\/yume-silm.com\/wp-content\/uploads\/2024\/07\/Women-Seamless-Tummy-Control-Butt-Lifter-Jumpsuit-Bodysuits-1.jpg\"><img fetchpriority=\"high\" decoding=\"async\" class=\"alignnone wp-image-8781 size-medium\" src=\"https:\/\/yume-silm.com\/wp-content\/uploads\/2024\/07\/Women-Seamless-Tummy-Control-Butt-Lifter-Jumpsuit-Bodysuits-1-300x300.jpg\" alt=\"Nahtloser Jumpsuit-Bodysuit zur Bauchkontrolle und Po-Lifter f\u00fcr Frauen\" width=\"300\" height=\"300\" title=\"\" srcset=\"https:\/\/yume-silm.com\/wp-content\/uploads\/2024\/07\/Women-Seamless-Tummy-Control-Butt-Lifter-Jumpsuit-Bodysuits-1-300x300.jpg 300w, https:\/\/yume-silm.com\/wp-content\/uploads\/2024\/07\/Women-Seamless-Tummy-Control-Butt-Lifter-Jumpsuit-Bodysuits-1-150x150.jpg 150w, https:\/\/yume-silm.com\/wp-content\/uploads\/2024\/07\/Women-Seamless-Tummy-Control-Butt-Lifter-Jumpsuit-Bodysuits-1-768x768.jpg 768w, https:\/\/yume-silm.com\/wp-content\/uploads\/2024\/07\/Women-Seamless-Tummy-Control-Butt-Lifter-Jumpsuit-Bodysuits-1-12x12.jpg 12w, https:\/\/yume-silm.com\/wp-content\/uploads\/2024\/07\/Women-Seamless-Tummy-Control-Butt-Lifter-Jumpsuit-Bodysuits-1-800x800.jpg 800w, https:\/\/yume-silm.com\/wp-content\/uploads\/2024\/07\/Women-Seamless-Tummy-Control-Butt-Lifter-Jumpsuit-Bodysuits-1-100x100.jpg 100w, https:\/\/yume-silm.com\/wp-content\/uploads\/2024\/07\/Women-Seamless-Tummy-Control-Butt-Lifter-Jumpsuit-Bodysuits-1.jpg 1200w\" sizes=\"(max-width: 300px) 100vw, 300px\" \/><\/a><a href=\"https:\/\/yume-silm.com\/wp-content\/uploads\/2024\/07\/Women-Seamless-Tummy-Control-Butt-Lifter-Jumpsuit-Bodysuits-2.jpg\"><img decoding=\"async\" class=\"alignnone wp-image-8782 size-medium\" src=\"https:\/\/yume-silm.com\/wp-content\/uploads\/2024\/07\/Women-Seamless-Tummy-Control-Butt-Lifter-Jumpsuit-Bodysuits-2-300x300.jpg\" alt=\"Nahtloser Jumpsuit-Bodysuit zur Bauchkontrolle und Po-Lifter f\u00fcr Frauen\" width=\"300\" height=\"300\" title=\"\" srcset=\"https:\/\/yume-silm.com\/wp-content\/uploads\/2024\/07\/Women-Seamless-Tummy-Control-Butt-Lifter-Jumpsuit-Bodysuits-2-300x300.jpg 300w, https:\/\/yume-silm.com\/wp-content\/uploads\/2024\/07\/Women-Seamless-Tummy-Control-Butt-Lifter-Jumpsuit-Bodysuits-2-150x150.jpg 150w, https:\/\/yume-silm.com\/wp-content\/uploads\/2024\/07\/Women-Seamless-Tummy-Control-Butt-Lifter-Jumpsuit-Bodysuits-2-768x768.jpg 768w, https:\/\/yume-silm.com\/wp-content\/uploads\/2024\/07\/Women-Seamless-Tummy-Control-Butt-Lifter-Jumpsuit-Bodysuits-2-12x12.jpg 12w, https:\/\/yume-silm.com\/wp-content\/uploads\/2024\/07\/Women-Seamless-Tummy-Control-Butt-Lifter-Jumpsuit-Bodysuits-2-800x800.jpg 800w, https:\/\/yume-silm.com\/wp-content\/uploads\/2024\/07\/Women-Seamless-Tummy-Control-Butt-Lifter-Jumpsuit-Bodysuits-2-100x100.jpg 100w, https:\/\/yume-silm.com\/wp-content\/uploads\/2024\/07\/Women-Seamless-Tummy-Control-Butt-Lifter-Jumpsuit-Bodysuits-2.jpg 1200w\" sizes=\"(max-width: 300px) 100vw, 300px\" \/><\/a><\/p>\n<h6><em>Superelastischer Bauch- und H\u00fcftoverall f\u00fcr Damen<\/em><\/h6>\n<ul>\n<li>Unser Bauch- und H\u00fcftformer kombiniert ein quadratisches Halsdesign und ein nahtloses Design mit einem einfachen und modischen Farbton. Wenn man ihn tr\u00e4gt, sieht die ganze Person schlank und sch\u00f6n aus. Kunden, die nach simulierter Sch\u00f6nheit suchen, kommen und kontaktieren uns.<\/li>\n<\/ul>","protected":false},"excerpt":{"rendered":"<p>Tragen Sie unsere neuen nahtlosen Tummy Control Butt Lifter Jumpsuit Bodysuits, zeigen Sie Ihre Sanduhrfigur und Sie k\u00f6nnen in jeder Situation selbstbewusst gl\u00e4nzen. Holen Sie sie sich und begr\u00fc\u00dfen Sie eine bessere Version Ihrer selbst.<\/p>","protected":false},"featured_media":8783,"comment_status":"open","ping_status":"closed","template":"","meta":{"site-sidebar-layout":"default","site-content-layout":"","ast-site-content-layout":"default","site-content-style":"default","site-sidebar-style":"default","ast-global-header-display":"","ast-banner-title-visibility":"","ast-main-header-display":"","ast-hfb-above-header-display":"","ast-hfb-below-header-display":"","ast-hfb-mobile-header-display":"","site-post-title":"","ast-breadcrumbs-content":"","ast-featured-img":"","footer-sml-layout":"","ast-disable-related-posts":"","theme-transparent-header-meta":"default","adv-header-id-meta":"","stick-header-meta":"default","header-above-stick-meta":"","header-main-stick-meta":"","header-below-stick-meta":"","astra-migrate-meta-layouts":"set","ast-page-background-enabled":"default","ast-page-background-meta":{"desktop":{"background-color":"","background-image":"","background-repeat":"repeat","background-position":"center center","background-size":"auto","background-attachment":"scroll","background-type":"","background-media":"","overlay-type":"","overlay-color":"","overlay-opacity":"","overlay-gradient":""},"tablet":{"background-color":"","background-image":"","background-repeat":"repeat","background-position":"center center","background-size":"auto","background-attachment":"scroll","background-type":"","background-media":"","overlay-type":"","overlay-color":"","overlay-opacity":"","overlay-gradient":""},"mobile":{"background-color":"","background-image":"","background-repeat":"repeat","background-position":"center center","background-size":"auto","background-attachment":"scroll","background-type":"","background-media":"","overlay-type":"","overlay-color":"","overlay-opacity":"","overlay-gradient":""}},"ast-content-background-meta":{"desktop":{"background-color":"var(--ast-global-color-5)","background-image":"","background-repeat":"repeat","background-position":"center center","background-size":"auto","background-attachment":"scroll","background-type":"","background-media":"","overlay-type":"","overlay-color":"","overlay-opacity":"","overlay-gradient":""},"tablet":{"background-color":"var(--ast-global-color-5)","background-image":"","background-repeat":"repeat","background-position":"center center","background-size":"auto","background-attachment":"scroll","background-type":"","background-media":"","overlay-type":"","overlay-color":"","overlay-opacity":"","overlay-gradient":""},"mobile":{"background-color":"var(--ast-global-color-5)","background-image":"","background-repeat":"repeat","background-position":"center center","background-size":"auto","background-attachment":"scroll","background-type":"","background-media":"","overlay-type":"","overlay-color":"","overlay-opacity":"","overlay-gradient":""}}},"product_brand":[],"product_cat":[65,76,77,79,78],"product_tag":[137,423,491,500],"class_list":{"0":"post-8780","1":"product","2":"type-product","3":"status-publish","4":"has-post-thumbnail","6":"product_cat-best-sellers","7":"product_cat-new-arrivels","8":"product_cat-wholesale-womens-shapewear","9":"product_cat-wholesale-seemless-shaperwear","10":"product_cat-wholesale-full-body-shaper","11":"product_tag-butt-lift","12":"product_tag-hip-lifting-panties","13":"product_tag-seamless","14":"product_tag-tummy-control","15":"pa_color-black","16":"pa_color-blue","17":"pa_color-brown","18":"pa_color-pink","19":"pa_color-white","20":"pa_size-l","21":"pa_size-m","22":"pa_size-s","23":"pa_size-xl","24":"pa_size-xs","25":"pa_size-xxl","26":"desktop-align-center","27":"tablet-align-left","28":"mobile-align-left","29":"ast-product-gallery-layout-horizontal-slider","30":"ast-product-single-variable","31":"ast-product-tabs-layout-horizontal","32":"ast-qv-on-image","34":"first","35":"instock","36":"shipping-taxable","37":"purchasable","38":"product-type-variable"},"tiered_pricing_type":"fixed","tiered_pricing_fixed_rules":{"2":7.3,"50":6.5,"100":5.7},"tiered_pricing_product_settings":{"layout":"default","base_unit_name":{"singular":null,"plural":null},"default_variation":null},"tiered_pricing_minimum_quantity":null,"tiered_pricing_roles_data":[],"tiered_pricing_percentage_rules":[],"_links":{"self":[{"href":"https:\/\/yume-silm.com\/de\/wp-json\/wp\/v2\/product\/8780","targetHints":{"allow":["GET"]}}],"collection":[{"href":"https:\/\/yume-silm.com\/de\/wp-json\/wp\/v2\/product"}],"about":[{"href":"https:\/\/yume-silm.com\/de\/wp-json\/wp\/v2\/types\/product"}],"replies":[{"embeddable":true,"href":"https:\/\/yume-silm.com\/de\/wp-json\/wp\/v2\/comments?post=8780"}],"wp:featuredmedia":[{"embeddable":true,"href":"https:\/\/yume-silm.com\/de\/wp-json\/wp\/v2\/media\/8783"}],"wp:attachment":[{"href":"https:\/\/yume-silm.com\/de\/wp-json\/wp\/v2\/media?parent=8780"}],"wp:term":[{"taxonomy":"product_brand","embeddable":true,"href":"https:\/\/yume-silm.com\/de\/wp-json\/wp\/v2\/product_brand?post=8780"},{"taxonomy":"product_cat","embeddable":true,"href":"https:\/\/yume-silm.com\/de\/wp-json\/wp\/v2\/product_cat?post=8780"},{"taxonomy":"product_tag","embeddable":true,"href":"https:\/\/yume-silm.com\/de\/wp-json\/wp\/v2\/product_tag?post=8780"}],"curies":[{"name":"wp","href":"https:\/\/api.w.org\/{rel}","templated":true}]}}