{"id":9073,"date":"2024-07-08T01:15:45","date_gmt":"2024-07-08T01:15:45","guid":{"rendered":"https:\/\/yume-silm.com\/?post_type=product&#038;p=9073"},"modified":"2024-08-22T02:42:51","modified_gmt":"2024-08-22T02:42:51","slug":"body-mit-hoher-kompression-fur-den-bauch","status":"publish","type":"product","link":"https:\/\/yume-silm.com\/de\/produkt\/body-mit-hoher-kompression-fur-den-bauch\/","title":{"rendered":"Damen-Bodysuits mit hoher Kompression und offener Brust f\u00fcr den Bauch"},"content":{"rendered":"<h5>Design-Merkmale<\/h5>\n<ul>\n<li><strong>DOPPELSCHICHTIGES DESIGN F\u00dcR DEN BAUCH:<\/strong> Der Bauch-Hochkompressions-Bodysuit verf\u00fcgt \u00fcber ein einzigartiges doppellagiges Design aus Netz und Bauch, das nicht nur eine doppelte Kompression des Bauchs bietet, sondern auch die Elastizit\u00e4t durch Haken- und \u00d6senverschl\u00fcsse anpasst, um die Kompressionsformung von losem Fett zu verbessern und die K\u00f6rperform zu verbessern.<\/li>\n<li><strong>RUTSCHFESTE SCHULTERGURTE:<\/strong> Die Schultergurte der hochkomprimierenden Bauchweg-Bodysuits f\u00fcr Damen mit offener Brust sind rutschfest und k\u00f6nnen auf jede beliebige L\u00e4nge eingestellt werden, um Bauch- und Achselfett zu kontrollieren, Halt zu bieten und den Druck auf die Schultern zu verringern.<\/li>\n<li><strong>U-F\u00d6RMIGER BODY MIT OFFENER BRUST:<\/strong> Ein spezielles U-f\u00f6rmiges offenes Brustdesign vorne l\u00e4sst Ihre Br\u00fcste voller werden, der formende Bodysuit mit offener Brust kontrolliert effektiv das R\u00fcckenfett und betont die H\u00fcftrunde.<\/li>\n<li><strong>GELEGENHEIT:<\/strong> Sie k\u00f6nnen eine schlankmachende, enge Figur unter jedem Kleidungsst\u00fcck tragen. Die rutschfesten, verstellbaren Tr\u00e4ger und das atmungsaktive Design erm\u00f6glichen Ihnen die freie Wahl. Sie k\u00f6nnen Ihren BH darunter tragen oder ihn unter einem Rock oder einer Hose verstecken. Sie k\u00f6nnen die atmungsaktive Shapewear zur Bauchkontrolle tragen, wenn Sie auf eine Party gehen oder zur Arbeit gehen \u2013 noch sch\u00f6ner.<\/li>\n<\/ul>\n<p><a href=\"https:\/\/yume-silm.com\/wp-content\/uploads\/2024\/07\/Full-Body-Shaper-Post-Surgery-Shapewear-1-2.jpg\"><img fetchpriority=\"high\" decoding=\"async\" class=\"alignnone wp-image-9078 size-medium\" src=\"https:\/\/yume-silm.com\/wp-content\/uploads\/2024\/07\/Full-Body-Shaper-Post-Surgery-Shapewear-1-2-300x300.jpg\" alt=\"Damen-Bodysuits mit hoher Kompression und offener Brust f\u00fcr den Bauch\" width=\"300\" height=\"300\" title=\"\" srcset=\"https:\/\/yume-silm.com\/wp-content\/uploads\/2024\/07\/Full-Body-Shaper-Post-Surgery-Shapewear-1-2-300x300.jpg 300w, https:\/\/yume-silm.com\/wp-content\/uploads\/2024\/07\/Full-Body-Shaper-Post-Surgery-Shapewear-1-2-150x150.jpg 150w, https:\/\/yume-silm.com\/wp-content\/uploads\/2024\/07\/Full-Body-Shaper-Post-Surgery-Shapewear-1-2-768x768.jpg 768w, https:\/\/yume-silm.com\/wp-content\/uploads\/2024\/07\/Full-Body-Shaper-Post-Surgery-Shapewear-1-2-12x12.jpg 12w, https:\/\/yume-silm.com\/wp-content\/uploads\/2024\/07\/Full-Body-Shaper-Post-Surgery-Shapewear-1-2-100x100.jpg 100w, https:\/\/yume-silm.com\/wp-content\/uploads\/2024\/07\/Full-Body-Shaper-Post-Surgery-Shapewear-1-2.jpg 800w\" sizes=\"(max-width: 300px) 100vw, 300px\" \/><\/a><a href=\"https:\/\/yume-silm.com\/wp-content\/uploads\/2024\/07\/Full-Body-Shaper-Post-Surgery-Shapewear-2.jpg\"><img decoding=\"async\" class=\"alignnone wp-image-9079 size-medium\" src=\"https:\/\/yume-silm.com\/wp-content\/uploads\/2024\/07\/Full-Body-Shaper-Post-Surgery-Shapewear-2-300x300.jpg\" alt=\"Damen-Bodysuits mit hoher Kompression und offener Brust f\u00fcr den Bauch\" width=\"300\" height=\"300\" title=\"\" srcset=\"https:\/\/yume-silm.com\/wp-content\/uploads\/2024\/07\/Full-Body-Shaper-Post-Surgery-Shapewear-2-300x300.jpg 300w, https:\/\/yume-silm.com\/wp-content\/uploads\/2024\/07\/Full-Body-Shaper-Post-Surgery-Shapewear-2-150x150.jpg 150w, https:\/\/yume-silm.com\/wp-content\/uploads\/2024\/07\/Full-Body-Shaper-Post-Surgery-Shapewear-2-768x768.jpg 768w, https:\/\/yume-silm.com\/wp-content\/uploads\/2024\/07\/Full-Body-Shaper-Post-Surgery-Shapewear-2-12x12.jpg 12w, https:\/\/yume-silm.com\/wp-content\/uploads\/2024\/07\/Full-Body-Shaper-Post-Surgery-Shapewear-2-100x100.jpg 100w, https:\/\/yume-silm.com\/wp-content\/uploads\/2024\/07\/Full-Body-Shaper-Post-Surgery-Shapewear-2.jpg 800w\" sizes=\"(max-width: 300px) 100vw, 300px\" \/><\/a><\/p>\n<h6><em>Enganliegende Shapewear f\u00fcr das Taillentraining und H\u00fcftlifting f\u00fcr Damen<\/em><\/h6>\n<ul>\n<li>Der Stoff dieser Damen-Bauchmuskel-Bodysuits mit hoher Kompression und freier Brust ist weich, schwei\u00df- und feuchtigkeitsableitend, hautfreundlich und atmungsaktiv.<\/li>\n<li>Hilft Ihnen, in kurzer Zeit die gew\u00fcnschte Figur zu formen, sofort eine Sanduhrfigur zu haben und selbstbewusst gl\u00fccklich und sch\u00f6n mit Ihren Freunden und Freundinnen auszugehen.<\/li>\n<\/ul>","protected":false},"excerpt":{"rendered":"<p>M\u00f6chten Sie sich von Ihrem fr\u00fcheren Ich verabschieden? Ziehen Sie unsere neuen hochkomprimierenden, offenen Bauch-Bodysuits f\u00fcr Damen an. Sie bestehen aus weichem und hochelastischem Stoff, formen Ihre K\u00f6rperkurven von oben bis unten und erm\u00f6glichen Ihnen bequemes Training.<\/p>","protected":false},"featured_media":9092,"comment_status":"open","ping_status":"closed","template":"","meta":{"site-sidebar-layout":"default","site-content-layout":"","ast-site-content-layout":"default","site-content-style":"default","site-sidebar-style":"default","ast-global-header-display":"","ast-banner-title-visibility":"","ast-main-header-display":"","ast-hfb-above-header-display":"","ast-hfb-below-header-display":"","ast-hfb-mobile-header-display":"","site-post-title":"","ast-breadcrumbs-content":"","ast-featured-img":"","footer-sml-layout":"","ast-disable-related-posts":"","theme-transparent-header-meta":"default","adv-header-id-meta":"","stick-header-meta":"default","header-above-stick-meta":"","header-main-stick-meta":"","header-below-stick-meta":"","astra-migrate-meta-layouts":"set","ast-page-background-enabled":"default","ast-page-background-meta":{"desktop":{"background-color":"","background-image":"","background-repeat":"repeat","background-position":"center center","background-size":"auto","background-attachment":"scroll","background-type":"","background-media":"","overlay-type":"","overlay-color":"","overlay-opacity":"","overlay-gradient":""},"tablet":{"background-color":"","background-image":"","background-repeat":"repeat","background-position":"center center","background-size":"auto","background-attachment":"scroll","background-type":"","background-media":"","overlay-type":"","overlay-color":"","overlay-opacity":"","overlay-gradient":""},"mobile":{"background-color":"","background-image":"","background-repeat":"repeat","background-position":"center center","background-size":"auto","background-attachment":"scroll","background-type":"","background-media":"","overlay-type":"","overlay-color":"","overlay-opacity":"","overlay-gradient":""}},"ast-content-background-meta":{"desktop":{"background-color":"var(--ast-global-color-5)","background-image":"","background-repeat":"repeat","background-position":"center center","background-size":"auto","background-attachment":"scroll","background-type":"","background-media":"","overlay-type":"","overlay-color":"","overlay-opacity":"","overlay-gradient":""},"tablet":{"background-color":"var(--ast-global-color-5)","background-image":"","background-repeat":"repeat","background-position":"center center","background-size":"auto","background-attachment":"scroll","background-type":"","background-media":"","overlay-type":"","overlay-color":"","overlay-opacity":"","overlay-gradient":""},"mobile":{"background-color":"var(--ast-global-color-5)","background-image":"","background-repeat":"repeat","background-position":"center center","background-size":"auto","background-attachment":"scroll","background-type":"","background-media":"","overlay-type":"","overlay-color":"","overlay-opacity":"","overlay-gradient":""}}},"product_brand":[],"product_cat":[65,76,77,78,82],"product_tag":[662,663,419,492,489,665,491,535,654,500,664,666],"class_list":{"0":"post-9073","1":"product","2":"type-product","3":"status-publish","4":"has-post-thumbnail","6":"product_cat-best-sellers","7":"product_cat-new-arrivels","8":"product_cat-wholesale-womens-shapewear","9":"product_cat-wholesale-full-body-shaper","10":"product_cat-wholesale-shapewear-bodysuit","11":"product_tag-abdominal","12":"product_tag-belly","13":"product_tag-bodysuit","14":"product_tag-breathable","15":"product_tag-compression","16":"product_tag-non-slip","17":"product_tag-seamless","18":"product_tag-slimming","19":"product_tag-tight","20":"product_tag-tummy-control","21":"product_tag-u-shape","22":"product_tag-waist-lift","23":"pa_color-beige","24":"pa_color-black","25":"pa_size-l","26":"pa_size-m","27":"pa_size-s","28":"pa_size-xl","29":"pa_size-xxl","30":"pa_size-xxxl","31":"desktop-align-center","32":"tablet-align-left","33":"mobile-align-left","34":"ast-product-gallery-layout-horizontal-slider","35":"ast-product-single-variable","36":"ast-product-tabs-layout-horizontal","37":"ast-qv-on-image","39":"first","40":"instock","41":"shipping-taxable","42":"purchasable","43":"product-type-variable"},"tiered_pricing_type":"fixed","tiered_pricing_fixed_rules":{"2":14.5,"50":12.9,"100":11.3},"tiered_pricing_product_settings":{"layout":"default","base_unit_name":{"singular":null,"plural":null},"default_variation":null},"tiered_pricing_minimum_quantity":null,"tiered_pricing_roles_data":[],"tiered_pricing_percentage_rules":[],"_links":{"self":[{"href":"https:\/\/yume-silm.com\/de\/wp-json\/wp\/v2\/product\/9073","targetHints":{"allow":["GET"]}}],"collection":[{"href":"https:\/\/yume-silm.com\/de\/wp-json\/wp\/v2\/product"}],"about":[{"href":"https:\/\/yume-silm.com\/de\/wp-json\/wp\/v2\/types\/product"}],"replies":[{"embeddable":true,"href":"https:\/\/yume-silm.com\/de\/wp-json\/wp\/v2\/comments?post=9073"}],"wp:featuredmedia":[{"embeddable":true,"href":"https:\/\/yume-silm.com\/de\/wp-json\/wp\/v2\/media\/9092"}],"wp:attachment":[{"href":"https:\/\/yume-silm.com\/de\/wp-json\/wp\/v2\/media?parent=9073"}],"wp:term":[{"taxonomy":"product_brand","embeddable":true,"href":"https:\/\/yume-silm.com\/de\/wp-json\/wp\/v2\/product_brand?post=9073"},{"taxonomy":"product_cat","embeddable":true,"href":"https:\/\/yume-silm.com\/de\/wp-json\/wp\/v2\/product_cat?post=9073"},{"taxonomy":"product_tag","embeddable":true,"href":"https:\/\/yume-silm.com\/de\/wp-json\/wp\/v2\/product_tag?post=9073"}],"curies":[{"name":"wp","href":"https:\/\/api.w.org\/{rel}","templated":true}]}}