{"id":9143,"date":"2024-07-09T07:23:56","date_gmt":"2024-07-09T07:23:56","guid":{"rendered":"https:\/\/yume-silm.com\/?post_type=product&#038;p=9143"},"modified":"2024-11-06T02:48:41","modified_gmt":"2024-11-06T02:48:41","slug":"rutschfeste-huftgepolsterte-figurformende-shorts","status":"publish","type":"product","link":"https:\/\/yume-silm.com\/de\/produkt\/rutschfeste-huftgepolsterte-figurformende-shorts\/","title":{"rendered":"Rutschfeste H\u00fcftpolster Body Shaping Shorts H\u00fcftlifting Dreidimensionale"},"content":{"rendered":"<h5>Design-Merkmale<\/h5>\n<ul>\n<li><strong>H\u00dcFTLIFTING DREIDIMENSIONAL<\/strong>:<span data-slate-fragment=\"JTVCJTdCJTIydHlwZSUyMiUzQSUyMnBhcmFncmFwaCUyMiUyQyUyMmNoaWxkcmVuJTIyJTNBJTVCJTdCJTIydGV4dCUyMiUzQSUyMlRoZSUyMGxhdGVzdCUyMHVwZ3JhZGVkJTIwdmVyc2lvbiUyMG9mJTIwbm9uJTIwc2xpcCUyMGhpcCUyMHBhZGRlZCUyMGJvZHklMjBzaGFwaW5nJTIwc2hvcnRzJTIwaGlwJTIwbGlmdGluZyUyMHRocmVlJTIwZGltZW5zaW9uYWwlMjBoYXMlMjBhJTIwbXVsdGktZGlyZWN0aW9uYWwlMjBmaXQlMjBhbmQlMjBjb21mb3J0YWJsZSUyMG1hdGVyaWFsJTJDJTIwdGhlJTIwdXBwZXIlMjBib2R5JTIwZWZmZWN0JTIwaXMlMjB2ZXJ5JTIwdGhpbiUyQyUyMHNleHklMkMlMjBhbmQlMjBjaGFybWluZy4lMjIlN0QlNUQlN0QlNUQ=\">Die neueste, verbesserte Version der rutschfesten, h\u00fcftgepolsterten, figurformenden Shorts mit dreidimensionalem H\u00fcftlifting verf\u00fcgt \u00fcber eine multidirektionale Passform und ein bequemes, atmungsaktives Material. Der Oberk\u00f6rper wirkt sehr schlank, sexy und charmant.<\/span><\/li>\n<li><strong>SOFORTIGES PO-LIFTING<\/strong>: Diese Spitzen-Bodysuit-Unterw\u00e4sche wurde entwickelt, um die rutschfesten, h\u00fcftgepolsterten, figurformenden Shorts von Frauen mit flachem Ges\u00e4\u00df zu verbessern. Die atmungsaktiven Ges\u00e4\u00dfpolster sind so geformt, dass sie Ihrem Ges\u00e4\u00df mehr Volumen verleihen und Ihr Ges\u00e4\u00df voller und attraktiver machen.<\/li>\n<li><strong>RUTSCHFESTE HOHE TAILLE<\/strong>: Die Taille dieser nahtlosen Bauchformungsshorts besteht aus rutschfestem Silikon, um sicherzustellen, dass sie bei l\u00e4ngerem Tragen nicht leicht abrutscht. Das Design mit hoher Taille kann den Unterbauch effektiv kontrollieren. Bauch- und H\u00fcftstraffungs-Shapewear f\u00fcr Frauen kann helfen, den hervorstehenden Bauch zu gl\u00e4tten, selbst wenn Sie Strumpfhosen tragen, m\u00fcssen Sie sich keine Sorgen um sichtbare Bauchlinien machen!<\/li>\n<li><strong>ABNEHMBARE H\u00dcFTPOLSTER<\/strong>: Die weichen und dicken H\u00fcftformungspolster sorgen daf\u00fcr, dass Ihre H\u00fcften sanft angehoben werden und lange an Ort und Stelle bleiben. Das nahtlose Erscheinungsbild unserer hoch taillierten, schlankmachenden Shapewear-Shorts macht Sie effektiv unsichtbar. Selbst wenn Sie sie tragen, sieht es so aus, als ob Sie sie nicht tragen w\u00fcrden, sodass Sie Ihre sexy H\u00fcften und sch\u00f6nen Kurven jederzeit genie\u00dfen k\u00f6nnen.<\/li>\n<\/ul>\n<p><a href=\"https:\/\/yume-silm.com\/wp-content\/uploads\/2024\/07\/Non-Slip-Hip-Padded-Body-Shaping-Shorts-Hip-Lifting-Three-Dimensional-back.jpg\"><img fetchpriority=\"high\" decoding=\"async\" class=\"alignnone wp-image-9141 size-medium\" style=\"font-weight: inherit;\" src=\"https:\/\/yume-silm.com\/wp-content\/uploads\/2024\/07\/Non-Slip-Hip-Padded-Body-Shaping-Shorts-Hip-Lifting-Three-Dimensional-back-300x300.jpg\" alt=\"Rutschfeste H\u00fcftpolster-Shorts zur K\u00f6rperformung, H\u00fcftlifting, dreidimensionales\" width=\"300\" height=\"300\" title=\"\" srcset=\"https:\/\/yume-silm.com\/wp-content\/uploads\/2024\/07\/Non-Slip-Hip-Padded-Body-Shaping-Shorts-Hip-Lifting-Three-Dimensional-back-300x300.jpg 300w, https:\/\/yume-silm.com\/wp-content\/uploads\/2024\/07\/Non-Slip-Hip-Padded-Body-Shaping-Shorts-Hip-Lifting-Three-Dimensional-back-150x150.jpg 150w, https:\/\/yume-silm.com\/wp-content\/uploads\/2024\/07\/Non-Slip-Hip-Padded-Body-Shaping-Shorts-Hip-Lifting-Three-Dimensional-back-768x768.jpg 768w, https:\/\/yume-silm.com\/wp-content\/uploads\/2024\/07\/Non-Slip-Hip-Padded-Body-Shaping-Shorts-Hip-Lifting-Three-Dimensional-back-12x12.jpg 12w, https:\/\/yume-silm.com\/wp-content\/uploads\/2024\/07\/Non-Slip-Hip-Padded-Body-Shaping-Shorts-Hip-Lifting-Three-Dimensional-back-100x100.jpg 100w, https:\/\/yume-silm.com\/wp-content\/uploads\/2024\/07\/Non-Slip-Hip-Padded-Body-Shaping-Shorts-Hip-Lifting-Three-Dimensional-back.jpg 800w\" sizes=\"(max-width: 300px) 100vw, 300px\" \/><\/a><a href=\"https:\/\/yume-silm.com\/wp-content\/uploads\/2024\/07\/Non-Slip-Hip-Padded-Body-Shaping-Shorts-Hip-Lifting-Three-Dimensional-side.jpg\"><img decoding=\"async\" class=\"alignnone wp-image-9142 size-medium\" src=\"https:\/\/yume-silm.com\/wp-content\/uploads\/2024\/07\/Non-Slip-Hip-Padded-Body-Shaping-Shorts-Hip-Lifting-Three-Dimensional-side-300x300.jpg\" alt=\"Rutschfeste H\u00fcftpolster-Shorts zur K\u00f6rperformung, H\u00fcftlifting, dreidimensionales\" width=\"300\" height=\"300\" title=\"\" srcset=\"https:\/\/yume-silm.com\/wp-content\/uploads\/2024\/07\/Non-Slip-Hip-Padded-Body-Shaping-Shorts-Hip-Lifting-Three-Dimensional-side-300x300.jpg 300w, https:\/\/yume-silm.com\/wp-content\/uploads\/2024\/07\/Non-Slip-Hip-Padded-Body-Shaping-Shorts-Hip-Lifting-Three-Dimensional-side-150x150.jpg 150w, https:\/\/yume-silm.com\/wp-content\/uploads\/2024\/07\/Non-Slip-Hip-Padded-Body-Shaping-Shorts-Hip-Lifting-Three-Dimensional-side-768x768.jpg 768w, https:\/\/yume-silm.com\/wp-content\/uploads\/2024\/07\/Non-Slip-Hip-Padded-Body-Shaping-Shorts-Hip-Lifting-Three-Dimensional-side-12x12.jpg 12w, https:\/\/yume-silm.com\/wp-content\/uploads\/2024\/07\/Non-Slip-Hip-Padded-Body-Shaping-Shorts-Hip-Lifting-Three-Dimensional-side-100x100.jpg 100w, https:\/\/yume-silm.com\/wp-content\/uploads\/2024\/07\/Non-Slip-Hip-Padded-Body-Shaping-Shorts-Hip-Lifting-Three-Dimensional-side.jpg 800w\" sizes=\"(max-width: 300px) 100vw, 300px\" \/><\/a><\/p>\n<p>&nbsp;<\/p>\n<h6><em>N\u00dcCHTERN UND STILVOLL<\/em><\/h6>\n<ul>\n<li>Diese leicht zu tragenden, komprimierenden Shorts zur Bauch- und Po-Lifter-Formung eignen sich f\u00fcr jeden Anlass und lassen sich leicht mit jedem Outfit kombinieren. Diese hoch taillierten, schlankmachenden Shorts passen perfekt zu einer Vielzahl von Outfits, wie R\u00f6hrenjeans, engen Kleidern, Anz\u00fcgen, Kleidern usw.<\/li>\n<\/ul>","protected":false},"excerpt":{"rendered":"<p>Die rutschfesten, h\u00fcftgepolsterten, figurformenden Shorts mit dreidimensionalem H\u00fcftlifting eignen sich perfekt f\u00fcr den Alltag, Hochzeiten, Shopping, Verabredungen, Arbeit, Partys, Reisen, das Nachtleben usw. Jeder wird Ihre sch\u00f6nere Sanduhrfigur bemerken.<\/p>","protected":false},"featured_media":9134,"comment_status":"open","ping_status":"closed","template":"","meta":{"site-sidebar-layout":"default","site-content-layout":"","ast-site-content-layout":"default","site-content-style":"default","site-sidebar-style":"default","ast-global-header-display":"","ast-banner-title-visibility":"","ast-main-header-display":"","ast-hfb-above-header-display":"","ast-hfb-below-header-display":"","ast-hfb-mobile-header-display":"","site-post-title":"","ast-breadcrumbs-content":"","ast-featured-img":"","footer-sml-layout":"","ast-disable-related-posts":"","theme-transparent-header-meta":"default","adv-header-id-meta":"","stick-header-meta":"default","header-above-stick-meta":"","header-main-stick-meta":"","header-below-stick-meta":"","astra-migrate-meta-layouts":"set","ast-page-background-enabled":"default","ast-page-background-meta":{"desktop":{"background-color":"","background-image":"","background-repeat":"repeat","background-position":"center center","background-size":"auto","background-attachment":"scroll","background-type":"","background-media":"","overlay-type":"","overlay-color":"","overlay-opacity":"","overlay-gradient":""},"tablet":{"background-color":"","background-image":"","background-repeat":"repeat","background-position":"center center","background-size":"auto","background-attachment":"scroll","background-type":"","background-media":"","overlay-type":"","overlay-color":"","overlay-opacity":"","overlay-gradient":""},"mobile":{"background-color":"","background-image":"","background-repeat":"repeat","background-position":"center center","background-size":"auto","background-attachment":"scroll","background-type":"","background-media":"","overlay-type":"","overlay-color":"","overlay-opacity":"","overlay-gradient":""}},"ast-content-background-meta":{"desktop":{"background-color":"var(--ast-global-color-5)","background-image":"","background-repeat":"repeat","background-position":"center center","background-size":"auto","background-attachment":"scroll","background-type":"","background-media":"","overlay-type":"","overlay-color":"","overlay-opacity":"","overlay-gradient":""},"tablet":{"background-color":"var(--ast-global-color-5)","background-image":"","background-repeat":"repeat","background-position":"center center","background-size":"auto","background-attachment":"scroll","background-type":"","background-media":"","overlay-type":"","overlay-color":"","overlay-opacity":"","overlay-gradient":""},"mobile":{"background-color":"var(--ast-global-color-5)","background-image":"","background-repeat":"repeat","background-position":"center center","background-size":"auto","background-attachment":"scroll","background-type":"","background-media":"","overlay-type":"","overlay-color":"","overlay-opacity":"","overlay-gradient":""}}},"product_brand":[],"product_cat":[65,76,77,1092,79,80],"product_tag":[662,663,419,492,423,665,491,672,671],"class_list":{"0":"post-9143","1":"product","2":"type-product","3":"status-publish","4":"has-post-thumbnail","6":"product_cat-best-sellers","7":"product_cat-new-arrivels","8":"product_cat-wholesale-womens-shapewear","9":"product_cat-plus-size-shapewear","10":"product_cat-wholesale-seemless-shaperwear","11":"product_cat-wholesale-butt-lift-underwear","12":"product_tag-abdominal","13":"product_tag-belly","14":"product_tag-bodysuit","15":"product_tag-breathable","16":"product_tag-hip-lifting-panties","17":"product_tag-non-slip","18":"product_tag-seamless","19":"product_tag-shape-short","20":"product_tag-three-dimensional","21":"pa_color-beige","22":"pa_color-black","23":"pa_size-3xl","24":"pa_size-4xl","25":"pa_size-5xl","26":"pa_size-6xl","27":"pa_size-l","28":"pa_size-m","29":"pa_size-s","30":"pa_size-xl","31":"pa_size-xxl","32":"desktop-align-center","33":"tablet-align-left","34":"mobile-align-left","35":"ast-product-gallery-layout-horizontal-slider","36":"ast-product-single-variable","37":"ast-product-tabs-layout-horizontal","38":"ast-qv-on-image","40":"first","41":"instock","42":"shipping-taxable","43":"purchasable","44":"product-type-variable"},"tiered_pricing_type":"fixed","tiered_pricing_fixed_rules":{"5":7.25,"50":6.45,"100":5.6},"tiered_pricing_product_settings":{"layout":"default","base_unit_name":{"singular":null,"plural":null},"default_variation":null},"tiered_pricing_minimum_quantity":null,"tiered_pricing_roles_data":[],"tiered_pricing_percentage_rules":[],"_links":{"self":[{"href":"https:\/\/yume-silm.com\/de\/wp-json\/wp\/v2\/product\/9143","targetHints":{"allow":["GET"]}}],"collection":[{"href":"https:\/\/yume-silm.com\/de\/wp-json\/wp\/v2\/product"}],"about":[{"href":"https:\/\/yume-silm.com\/de\/wp-json\/wp\/v2\/types\/product"}],"replies":[{"embeddable":true,"href":"https:\/\/yume-silm.com\/de\/wp-json\/wp\/v2\/comments?post=9143"}],"wp:featuredmedia":[{"embeddable":true,"href":"https:\/\/yume-silm.com\/de\/wp-json\/wp\/v2\/media\/9134"}],"wp:attachment":[{"href":"https:\/\/yume-silm.com\/de\/wp-json\/wp\/v2\/media?parent=9143"}],"wp:term":[{"taxonomy":"product_brand","embeddable":true,"href":"https:\/\/yume-silm.com\/de\/wp-json\/wp\/v2\/product_brand?post=9143"},{"taxonomy":"product_cat","embeddable":true,"href":"https:\/\/yume-silm.com\/de\/wp-json\/wp\/v2\/product_cat?post=9143"},{"taxonomy":"product_tag","embeddable":true,"href":"https:\/\/yume-silm.com\/de\/wp-json\/wp\/v2\/product_tag?post=9143"}],"curies":[{"name":"wp","href":"https:\/\/api.w.org\/{rel}","templated":true}]}}