{"id":9189,"date":"2024-07-10T01:06:50","date_gmt":"2024-07-10T01:06:50","guid":{"rendered":"https:\/\/yume-silm.com\/?post_type=product&#038;p=9189"},"modified":"2025-04-16T00:38:51","modified_gmt":"2025-04-16T00:38:51","slug":"taillenmieder-bauchkontrolle-tanga-hoschenformer","status":"publish","type":"product","link":"https:\/\/yume-silm.com\/de\/produkt\/taillenmieder-bauchkontrolle-tanga-hoschenformer\/","title":{"rendered":"Taillenmieder, Bauchkontrolle, Tanga, H\u00f6schenformer f\u00fcr Frauen"},"content":{"rendered":"<div data-slate-node=\"element\">\n<h5>Design-Merkmale<\/h5>\n<\/div>\n<ul>\n<li data-slate-node=\"element\"><span class=\"\" data-slate-node=\"text\"><span data-slate-leaf=\"true\"><strong>KOMBINATION VON PANTY-DESIGNS MIT MITTLERER TAILLE UND TANGA<\/strong>: Der Tanga-H\u00f6schenformer mit Bauchkontrolle und Taillenmieder in der mittleren Taille bietet maximalen Komfort und Dehnbarkeit und hilft, die nat\u00fcrliche K\u00f6rperkurve zu betonen.<\/span><\/span><\/li>\n<li data-slate-node=\"element\"><strong>Eine schmeichelhafte Sanduhrfigur<\/strong>: Das wichtige Design und die Gestaltung des Tangas sorgen f\u00fcr eine schmeichelhafte Sanduhrfigur, die nicht nur den Bauch flacher macht, sondern auch Ihren Po betont und Sie charmanter aussehen l\u00e4sst.<\/li>\n<li data-slate-node=\"element\"><span data-slate-leaf=\"true\"><strong>T-f\u00f6rmiger String zur postpartalen Reparatur<\/strong>: Der kurze, nahtlose Bauchmuskel-Bodysuit mit mittlerer und hoher Taille kann dabei helfen, nach der Operation schnell die Figur vor der Operation wiederherzustellen. <\/span><span style=\"font-size: 16px;\" data-slate-node=\"text\">Es wird ein nahtloses \u00dcbergr\u00f6\u00dfendesign verwendet, das die Figur nicht einschr\u00e4nkt.<\/span><\/li>\n<li data-slate-node=\"element\"><strong>NEUE MODE, ELASTISCH, STOFF<\/strong>: Hergestellt aus einer Kombination aus atmungsaktivem, weichem, bequemem, superelastischem Stoff und glattem G\u00fcrtel, sodass Sie es locker und nicht eng tragen k\u00f6nnen und es nicht nur Ihre molligen H\u00fcften entspannt, sondern auch ein Durchh\u00e4ngen der H\u00fcfte verhindert.<\/li>\n<\/ul>\n<p><a href=\"https:\/\/yume-silm.com\/wp-content\/uploads\/2024\/07\/Waist-Cincher-Girdle-Shaper-Thong-For-Women-Tummy-Control-Panty-1-1.jpg\"><img fetchpriority=\"high\" decoding=\"async\" class=\"alignnone wp-image-9202 size-medium\" src=\"https:\/\/yume-silm.com\/wp-content\/uploads\/2024\/07\/Waist-Cincher-Girdle-Shaper-Thong-For-Women-Tummy-Control-Panty-1-1-300x300.jpg\" alt=\"Taillenmieder, Bauchkontrolle, Tanga, H\u00f6schenformer f\u00fcr Frauen\" width=\"300\" height=\"300\" title=\"\" srcset=\"https:\/\/yume-silm.com\/wp-content\/uploads\/2024\/07\/Waist-Cincher-Girdle-Shaper-Thong-For-Women-Tummy-Control-Panty-1-1-300x300.jpg 300w, https:\/\/yume-silm.com\/wp-content\/uploads\/2024\/07\/Waist-Cincher-Girdle-Shaper-Thong-For-Women-Tummy-Control-Panty-1-1-150x150.jpg 150w, https:\/\/yume-silm.com\/wp-content\/uploads\/2024\/07\/Waist-Cincher-Girdle-Shaper-Thong-For-Women-Tummy-Control-Panty-1-1-768x768.jpg 768w, https:\/\/yume-silm.com\/wp-content\/uploads\/2024\/07\/Waist-Cincher-Girdle-Shaper-Thong-For-Women-Tummy-Control-Panty-1-1-12x12.jpg 12w, https:\/\/yume-silm.com\/wp-content\/uploads\/2024\/07\/Waist-Cincher-Girdle-Shaper-Thong-For-Women-Tummy-Control-Panty-1-1-800x800.jpg 800w, https:\/\/yume-silm.com\/wp-content\/uploads\/2024\/07\/Waist-Cincher-Girdle-Shaper-Thong-For-Women-Tummy-Control-Panty-1-1-100x100.jpg 100w, https:\/\/yume-silm.com\/wp-content\/uploads\/2024\/07\/Waist-Cincher-Girdle-Shaper-Thong-For-Women-Tummy-Control-Panty-1-1.jpg 1200w\" sizes=\"(max-width: 300px) 100vw, 300px\" \/><\/a> <a href=\"https:\/\/yume-silm.com\/wp-content\/uploads\/2024\/07\/Waist-Cincher-Girdle-Shaper-Thong-For-Women-Tummy-Control-Panty-2-1.jpg\"><img decoding=\"async\" class=\"alignnone wp-image-9203 size-medium\" src=\"https:\/\/yume-silm.com\/wp-content\/uploads\/2024\/07\/Waist-Cincher-Girdle-Shaper-Thong-For-Women-Tummy-Control-Panty-2-1-300x300.jpg\" alt=\"Taillenmieder, Bauch-weg-String, H\u00f6schenformer f\u00fcr Damen\" width=\"300\" height=\"300\" title=\"\" srcset=\"https:\/\/yume-silm.com\/wp-content\/uploads\/2024\/07\/Waist-Cincher-Girdle-Shaper-Thong-For-Women-Tummy-Control-Panty-2-1-300x300.jpg 300w, https:\/\/yume-silm.com\/wp-content\/uploads\/2024\/07\/Waist-Cincher-Girdle-Shaper-Thong-For-Women-Tummy-Control-Panty-2-1-150x150.jpg 150w, https:\/\/yume-silm.com\/wp-content\/uploads\/2024\/07\/Waist-Cincher-Girdle-Shaper-Thong-For-Women-Tummy-Control-Panty-2-1-768x768.jpg 768w, https:\/\/yume-silm.com\/wp-content\/uploads\/2024\/07\/Waist-Cincher-Girdle-Shaper-Thong-For-Women-Tummy-Control-Panty-2-1-12x12.jpg 12w, https:\/\/yume-silm.com\/wp-content\/uploads\/2024\/07\/Waist-Cincher-Girdle-Shaper-Thong-For-Women-Tummy-Control-Panty-2-1-800x800.jpg 800w, https:\/\/yume-silm.com\/wp-content\/uploads\/2024\/07\/Waist-Cincher-Girdle-Shaper-Thong-For-Women-Tummy-Control-Panty-2-1-100x100.jpg 100w, https:\/\/yume-silm.com\/wp-content\/uploads\/2024\/07\/Waist-Cincher-Girdle-Shaper-Thong-For-Women-Tummy-Control-Panty-2-1.jpg 1200w\" sizes=\"(max-width: 300px) 100vw, 300px\" \/><\/a><\/p>\n<h6 data-slate-node=\"element\"><em><span class=\"\" data-slate-node=\"text\">Nahtloser H\u00fcfthalter Slim f\u00fcr Damen<\/span><span style=\"font-size: 16px;\">Ming Tanga<\/span><\/em><\/h6>\n<ul>\n<li data-slate-node=\"element\" data-slate-fragment=\"JTVCJTdCJTIydHlwZSUyMiUzQSUyMnBhcmFncmFwaCUyMiUyQyUyMmNoaWxkcmVuJTIyJTNBJTVCJTdCJTIydGV4dCUyMiUzQSUyMldvbWVuJ3MlMjBTZWFtbGVzcyUyMEdpcmRsZSUyMFNsaW1taW5nJTIwVGhvbmclMjIlMkMlMjJzZW50ZW5jZSUyMiUzQTUlMkMlMjJjaGlsZFNlbnRlbmNlJTIyJTNBMSU3RCU1RCU3RCUyQyU3QiUyMnR5cGUlMjIlM0ElMjJwYXJhZ3JhcGglMjIlMkMlMjJjaGlsZHJlbiUyMiUzQSU1QiU3QiUyMnRleHQlMjIlM0ElMjJUaGlzJTIwc2VhbWxlc3MlMjB3YWlzdGJhbmQlMjBzbGltbWluZyUyMHRob25nJTIwZml0cyUyMHlvdXIlMjBib2R5JTJDJTIwc2VhbWxlc3MlMjBhbmQlMjBicmVhdGhhYmxlJTIwZGVzaWduJTIwbWFrZXMlMjB5b3UlMjB3ZWFyJTIwaXQlMjB3aXRob3V0JTIwYmVpbmclMjBzdHVmZnklMkMlMjBhbmQlMjB0aGUlMjB3YWlzdGJhbmQlMjBpcyUyMHN1cGVyJTIwZWxhc3RpYy4lMjAlMjIlMkMlMjJzZW50ZW5jZSUyMiUzQTYlMkMlMjJjaGlsZFNlbnRlbmNlJTIyJTNBMSU3RCUyQyU3QiUyMnRleHQlMjIlM0ElMjJUaGUlMjB0aG9uZyUyMGNhbiUyMGhlbHAlMjB5b3UlMjBzYXklMjBnb29kYnllJTIwdG8lMjB0aGUlMjB2aXNpYmxlJTIwdW5kZXJ3ZWFyJTIwbGluZSUyMGFuZCUyMGNyZWF0ZSUyMGElMjBsZXZlbCUyMDElMjBzbW9vdGglMjBsb29rJTIwZm9yJTIweW91LiUyMiUyQyUyMnNlbnRlbmNlJTIyJTNBNiUyQyUyMmNoaWxkU2VudGVuY2UlMjIlM0EyJTdEJTVEJTdEJTVE\"><span class=\"\" data-slate-node=\"text\"><span data-slate-leaf=\"true\">Dieser nahtlose Schlankheits-String mit Bund passt sich Ihrem K\u00f6rper an. Dank des nahtlosen und atmungsaktiven Designs k\u00f6nnen Sie diesen Taillenmieder-Bauchweg-String tragen, ohne dass er Sie einschn\u00fcrt, und der Bund ist superelastisch. <\/span><\/span><span class=\"\" data-slate-node=\"text\"><span data-slate-leaf=\"true\">Mit dem Tanga-H\u00f6schenformer k\u00f6nnen Sie sich von der sichtbaren Unterw\u00e4schelinie verabschieden und einen glatten Look der Stufe 1 kreieren.<\/span><\/span><\/li>\n<\/ul>","protected":false},"excerpt":{"rendered":"<p><span data-slate-fragment=\"JTVCJTdCJTIydHlwZSUyMiUzQSUyMnBhcmFncmFwaCUyMiUyQyUyMmNoaWxkcmVuJTIyJTNBJTVCJTdCJTIydGV4dCUyMiUzQSUyMldlYXIlMjBvdXIlMjBzaGFwZXdlYXIlMjBhbmQlMjBzYXklMjBnb29kYnllJTIwdG8lMjB0aGUlMjByZWd1bGFyJTIwcGFudHklMjBjdXJ2ZXMlMjBmb3IlMjBhbiUyMGluZWxhc3RpYyUyMGVkZ2UlMkMlMjBzbW9vdGglMkMlMjBhbmQlMjBpbXBlcmNlcHRpYmxlJTIwbGV2ZWwlMjAxJTIwc21vb3RoJTIwbG9vay4lMjIlMkMlMjJzZW50ZW5jZSUyMiUzQTglMkMlMjJjaGlsZFNlbnRlbmNlJTIyJTNBMSU3RCU1RCU3RCU1RA==\">Tragen Sie unseren Taillenmieder zur Bauchkontrolle und unseren Tanga-H\u00f6schenformer und verabschieden Sie sich von den Kurven normaler H\u00f6schen f\u00fcr einen unelastischen Rand, einen glatten und unmerklichen glatten Look der Stufe 1. Holen Sie sich das Neueste selbst.<\/span><\/p>","protected":false},"featured_media":9195,"comment_status":"open","ping_status":"closed","template":"","meta":{"site-sidebar-layout":"default","site-content-layout":"","ast-site-content-layout":"default","site-content-style":"default","site-sidebar-style":"default","ast-global-header-display":"","ast-banner-title-visibility":"","ast-main-header-display":"","ast-hfb-above-header-display":"","ast-hfb-below-header-display":"","ast-hfb-mobile-header-display":"","site-post-title":"","ast-breadcrumbs-content":"","ast-featured-img":"","footer-sml-layout":"","ast-disable-related-posts":"","theme-transparent-header-meta":"default","adv-header-id-meta":"","stick-header-meta":"default","header-above-stick-meta":"","header-main-stick-meta":"","header-below-stick-meta":"","astra-migrate-meta-layouts":"set","ast-page-background-enabled":"default","ast-page-background-meta":{"desktop":{"background-color":"","background-image":"","background-repeat":"repeat","background-position":"center center","background-size":"auto","background-attachment":"scroll","background-type":"","background-media":"","overlay-type":"","overlay-color":"","overlay-opacity":"","overlay-gradient":""},"tablet":{"background-color":"","background-image":"","background-repeat":"repeat","background-position":"center center","background-size":"auto","background-attachment":"scroll","background-type":"","background-media":"","overlay-type":"","overlay-color":"","overlay-opacity":"","overlay-gradient":""},"mobile":{"background-color":"","background-image":"","background-repeat":"repeat","background-position":"center center","background-size":"auto","background-attachment":"scroll","background-type":"","background-media":"","overlay-type":"","overlay-color":"","overlay-opacity":"","overlay-gradient":""}},"ast-content-background-meta":{"desktop":{"background-color":"var(--ast-global-color-5)","background-image":"","background-repeat":"repeat","background-position":"center center","background-size":"auto","background-attachment":"scroll","background-type":"","background-media":"","overlay-type":"","overlay-color":"","overlay-opacity":"","overlay-gradient":""},"tablet":{"background-color":"var(--ast-global-color-5)","background-image":"","background-repeat":"repeat","background-position":"center center","background-size":"auto","background-attachment":"scroll","background-type":"","background-media":"","overlay-type":"","overlay-color":"","overlay-opacity":"","overlay-gradient":""},"mobile":{"background-color":"var(--ast-global-color-5)","background-image":"","background-repeat":"repeat","background-position":"center center","background-size":"auto","background-attachment":"scroll","background-type":"","background-media":"","overlay-type":"","overlay-color":"","overlay-opacity":"","overlay-gradient":""}}},"product_brand":[],"product_cat":[65,76,77,1092,80],"product_tag":[492,675,646,421,678,455,677,141,491,535,660,676,500],"class_list":{"0":"post-9189","1":"product","2":"type-product","3":"status-publish","4":"has-post-thumbnail","6":"product_cat-best-sellers","7":"product_cat-new-arrivels","8":"product_cat-wholesale-womens-shapewear","9":"product_cat-plus-size-shapewear","10":"product_cat-wholesale-butt-lift-underwear","11":"product_tag-breathable","12":"product_tag-charming","13":"product_tag-comfortable","14":"product_tag-fashions","15":"product_tag-flat","16":"product_tag-hourglass-figure","17":"product_tag-mid-waist","18":"product_tag-plus-size","19":"product_tag-seamless","20":"product_tag-slimming","21":"product_tag-smooth","22":"product_tag-thong-panty-shaper","23":"product_tag-tummy-control","24":"pa_color-beige","25":"pa_color-black","26":"pa_size-3xl","27":"pa_size-4xl","28":"pa_size-5xl","29":"pa_size-6xl","30":"pa_size-l","31":"pa_size-m","32":"pa_size-s","33":"pa_size-xl","34":"pa_size-xxl","35":"desktop-align-center","36":"tablet-align-left","37":"mobile-align-left","38":"ast-product-gallery-layout-horizontal-slider","39":"ast-product-single-variable","40":"ast-product-tabs-layout-horizontal","41":"ast-qv-on-image","43":"first","44":"instock","45":"shipping-taxable","46":"purchasable","47":"product-type-variable"},"tiered_pricing_type":"fixed","tiered_pricing_fixed_rules":{"5":3.75,"50":3.3,"100":2.9},"tiered_pricing_product_settings":{"layout":"default","base_unit_name":{"singular":null,"plural":null},"default_variation":null},"tiered_pricing_minimum_quantity":null,"tiered_pricing_roles_data":[],"tiered_pricing_percentage_rules":[],"_links":{"self":[{"href":"https:\/\/yume-silm.com\/de\/wp-json\/wp\/v2\/product\/9189","targetHints":{"allow":["GET"]}}],"collection":[{"href":"https:\/\/yume-silm.com\/de\/wp-json\/wp\/v2\/product"}],"about":[{"href":"https:\/\/yume-silm.com\/de\/wp-json\/wp\/v2\/types\/product"}],"replies":[{"embeddable":true,"href":"https:\/\/yume-silm.com\/de\/wp-json\/wp\/v2\/comments?post=9189"}],"wp:featuredmedia":[{"embeddable":true,"href":"https:\/\/yume-silm.com\/de\/wp-json\/wp\/v2\/media\/9195"}],"wp:attachment":[{"href":"https:\/\/yume-silm.com\/de\/wp-json\/wp\/v2\/media?parent=9189"}],"wp:term":[{"taxonomy":"product_brand","embeddable":true,"href":"https:\/\/yume-silm.com\/de\/wp-json\/wp\/v2\/product_brand?post=9189"},{"taxonomy":"product_cat","embeddable":true,"href":"https:\/\/yume-silm.com\/de\/wp-json\/wp\/v2\/product_cat?post=9189"},{"taxonomy":"product_tag","embeddable":true,"href":"https:\/\/yume-silm.com\/de\/wp-json\/wp\/v2\/product_tag?post=9189"}],"curies":[{"name":"wp","href":"https:\/\/api.w.org\/{rel}","templated":true}]}}