{"id":9243,"date":"2024-07-13T01:21:05","date_gmt":"2024-07-13T01:21:05","guid":{"rendered":"https:\/\/yume-silm.com\/?post_type=product&#038;p=9243"},"modified":"2024-11-06T02:49:27","modified_gmt":"2024-11-06T02:49:27","slug":"anti-rutsch-yoga-shorts-mit-hoher-taille-fur-damen","status":"publish","type":"product","link":"https:\/\/yume-silm.com\/de\/produkt\/anti-rutsch-yoga-shorts-mit-hoher-taille-fur-damen\/","title":{"rendered":"Rutschfeste Yoga-Shorts mit hoher Taille f\u00fcr Damen"},"content":{"rendered":"<div data-slate-node=\"element\">\n<h5>Design-Merkmale<\/h5>\n<\/div>\n<ul>\n<li data-slate-node=\"element\"><span style=\"font-size: 16px;\"><strong>H\u00fcftstraffung und -formung<\/strong>:Diese rutschfesten Yoga-Shorts mit hoher Taille helfen Ihnen, Ihre H\u00fcften auf nat\u00fcrliche Weise zu straffen und anzuheben und so die H\u00fcftf\u00fclle zu verbessern.<\/span><\/li>\n<li data-slate-node=\"element\"><strong>VIELSEITIGKEIT<\/strong>: Anti-Expose-Yoga-Shorts eignen sich f\u00fcr Personen mit Unterbauchproblemen nach der Geburt, schlaffem Ges\u00e4\u00df usw. Sie eignen sich sehr gut zum Tragen von Kleidern oder modischen Hosen bei formellen Anl\u00e4ssen, um die Sanduhrfigur perfekt zu formen.<\/li>\n<li data-slate-node=\"element\"><strong>KEIN CURLING<\/strong>: Doppeltes Design mit elastischem Stoffg\u00fcrtel und Saum, um es in der richtigen Position zu halten, kein Verrutschen oder Aufrollen.<\/li>\n<li data-slate-node=\"element\"><strong>NAHTLOSES DESIGN<\/strong>: Das nahtlose Design kann die normale H\u00f6schenkurve eliminieren, den K\u00f6rper glatter aussehen lassen und Ihr Selbstvertrauen und Ihren Komfort steigern.<\/li>\n<\/ul>\n<h6 data-slate-node=\"element\"><a href=\"https:\/\/yume-silm.com\/wp-content\/uploads\/2024\/07\/Waist-Yoga-Shorts-seamless-tummy-control-01.jpg\"><img fetchpriority=\"high\" decoding=\"async\" class=\"alignnone wp-image-9244 size-medium\" src=\"https:\/\/yume-silm.com\/wp-content\/uploads\/2024\/07\/Waist-Yoga-Shorts-seamless-tummy-control-01-300x300.jpg\" alt=\"Anti-Rutsch-Yoga-Shorts mit hoher Taille f\u00fcr Damen\" width=\"300\" height=\"300\" title=\"\" srcset=\"https:\/\/yume-silm.com\/wp-content\/uploads\/2024\/07\/Waist-Yoga-Shorts-seamless-tummy-control-01-300x300.jpg 300w, https:\/\/yume-silm.com\/wp-content\/uploads\/2024\/07\/Waist-Yoga-Shorts-seamless-tummy-control-01-150x150.jpg 150w, https:\/\/yume-silm.com\/wp-content\/uploads\/2024\/07\/Waist-Yoga-Shorts-seamless-tummy-control-01-12x12.jpg 12w, https:\/\/yume-silm.com\/wp-content\/uploads\/2024\/07\/Waist-Yoga-Shorts-seamless-tummy-control-01-100x100.jpg 100w, https:\/\/yume-silm.com\/wp-content\/uploads\/2024\/07\/Waist-Yoga-Shorts-seamless-tummy-control-01.jpg 600w\" sizes=\"(max-width: 300px) 100vw, 300px\" \/><\/a><a href=\"https:\/\/yume-silm.com\/wp-content\/uploads\/2024\/07\/Womens-Anti-Slip-High-Waist-Yoga-Shorts-seamless-tummy-control-02.jpg\"><img decoding=\"async\" class=\"alignnone wp-image-9245 size-medium\" src=\"https:\/\/yume-silm.com\/wp-content\/uploads\/2024\/07\/Womens-Anti-Slip-High-Waist-Yoga-Shorts-seamless-tummy-control-02-300x300.jpg\" alt=\"Anti-Rutsch-Yoga-Shorts mit hoher Taille f\u00fcr Damen\" width=\"300\" height=\"300\" title=\"\" srcset=\"https:\/\/yume-silm.com\/wp-content\/uploads\/2024\/07\/Womens-Anti-Slip-High-Waist-Yoga-Shorts-seamless-tummy-control-02-300x300.jpg 300w, https:\/\/yume-silm.com\/wp-content\/uploads\/2024\/07\/Womens-Anti-Slip-High-Waist-Yoga-Shorts-seamless-tummy-control-02-150x150.jpg 150w, https:\/\/yume-silm.com\/wp-content\/uploads\/2024\/07\/Womens-Anti-Slip-High-Waist-Yoga-Shorts-seamless-tummy-control-02-12x12.jpg 12w, https:\/\/yume-silm.com\/wp-content\/uploads\/2024\/07\/Womens-Anti-Slip-High-Waist-Yoga-Shorts-seamless-tummy-control-02-100x100.jpg 100w, https:\/\/yume-silm.com\/wp-content\/uploads\/2024\/07\/Womens-Anti-Slip-High-Waist-Yoga-Shorts-seamless-tummy-control-02.jpg 600w\" sizes=\"(max-width: 300px) 100vw, 300px\" \/><\/a><\/h6>\n<h6 data-slate-node=\"element\"><em><span class=\"\" data-slate-node=\"text\">Einfarbige Jogginghose mit bauchwegkontrollierendem Schnitt f\u00fcr Damen<\/span><\/em><\/h6>\n<ul>\n<li data-slate-node=\"element\" data-slate-fragment=\"JTVCJTdCJTIydHlwZSUyMiUzQSUyMnBhcmFncmFwaCUyMiUyQyUyMmNoaWxkcmVuJTIyJTNBJTVCJTdCJTIydGV4dCUyMiUzQSUyMkhpcCUyMExpZnQlMjBhbmQlMjBTaGFwZSUzQSUyMFRoZXNlJTIwaGlwJTIwbGlmdCUyMGFuZCUyMHNoYXBlJTIwYm94ZXJzJTIwaGVscCUyMHlvdSUyMHRpZ2h0ZW4lMjBhbmQlMjBsaWZ0JTIweW91ciUyMGhpcHMlMjBpbiUyMGElMjBuYXR1cmFsJTIwd2F5JTJDJTIwZW5oYW5jaW5nJTIwaGlwJTIwZnVsbG5lc3MuJTIyJTJDJTIyc2VudGVuY2UlMjIlM0EwJTJDJTIyY2hpbGRTZW50ZW5jZSUyMiUzQTAlN0QlNUQlN0QlMkMlN0IlMjJ0eXBlJTIyJTNBJTIycGFyYWdyYXBoJTIyJTJDJTIyY2hpbGRyZW4lMjIlM0ElNUIlN0IlMjJ0ZXh0JTIyJTNBJTIyVmVyc2F0aWxpdHklM0ElMjBTaGFwaW5nJTIwdW5kZXJ3ZWFyJTIwaXMlMjBzdWl0YWJsZSUyMGZvciUyMHBlb3BsZSUyMHdpdGglMjBwb3N0cGFydHVtJTIwbG93ZXIlMjBhYmRvbWVuJTJDJTIwbG9vc2UlMjBidXR0b2NrcyUyQyUyMGV0Yy4lMjAlMjIlMkMlMjJzZW50ZW5jZSUyMiUzQTElMkMlMjJjaGlsZFNlbnRlbmNlJTIyJTNBMSU3RCUyQyU3QiUyMnRleHQlMjIlM0ElMjJJdCUyMGlzJTIwdmVyeSUyMHN1aXRhYmxlJTIwZm9yJTIwd2VhcmluZyUyMGRyZXNzZXMlMjBvciUyMGZhc2hpb25hYmxlJTIwdHJvdXNlcnMlMjB1bmRlciUyMGZvcm1hbCUyMGV2ZW50cyUyMHRvJTIwcGVyZmVjdGx5JTIwc2hhcGUlMjB0aGUlMjBob3VyZ2xhc3MlMjBmaWd1cmUuJTIyJTJDJTIyc2VudGVuY2UlMjIlM0ExJTJDJTIyY2hpbGRTZW50ZW5jZSUyMiUzQTIlN0QlNUQlN0QlMkMlN0IlMjJ0eXBlJTIyJTNBJTIycGFyYWdyYXBoJTIyJTJDJTIyY2hpbGRyZW4lMjIlM0ElNUIlN0IlMjJ0ZXh0JTIyJTNBJTIyTm8lMjBjdXJsaW5nJTNBJTIwZG91YmxlJTIwZmFicmljJTIwZWxhc3RpYyUyMGJlbHQlMjBhbmQlMjBoZW0lMjBkZXNpZ24lMjB0byUyMGtlZXAlMjBpdCUyMGluJTIwdGhlJTIwY29ycmVjdCUyMHBvc2l0aW9uJTJDJTIwbm90JTIwSHVhZG9uZyUyQyUyMHJvbGwlMjB1cCUyQyUyMHBsdXMuJTIyJTJDJTIyc2VudGVuY2UlMjIlM0EyJTJDJTIyY2hpbGRTZW50ZW5jZSUyMiUzQTElN0QlNUQlN0QlMkMlN0IlMjJ0eXBlJTIyJTNBJTIycGFyYWdyYXBoJTIyJTJDJTIyY2hpbGRyZW4lMjIlM0ElNUIlN0IlMjJ0ZXh0JTIyJTNBJTIyU2VhbWxlc3MlMjBkZXNpZ24lM0ElMjBTZWFtbGVzcyUyMGRlc2lnbiUyMGNhbiUyMGVsaW1pbmF0ZSUyMHRoZSUyMHJlZ3VsYXIlMjB1bmRlcndlYXIlMjBjdXJ2ZSUyQyUyMG1ha2UlMjB0aGUlMjBib2R5JTIwbG9vayUyMHNtb290aGVyJTJDJTIwZW5oYW5jZSUyMHlvdXIlMjBjb25maWRlbmNlJTIwYW5kJTIwY29tZm9ydC4lMjIlMkMlMjJzZW50ZW5jZSUyMiUzQTMlMkMlMjJjaGlsZFNlbnRlbmNlJTIyJTNBMSU3RCU1RCU3RCUyQyU3QiUyMnR5cGUlMjIlM0ElMjJwYXJhZ3JhcGglMjIlMkMlMjJjaGlsZHJlbiUyMiUzQSU1QiU3QiUyMnRleHQlMjIlM0ElMjIlMjIlMkMlMjJzZW50ZW5jZSUyMiUzQTQlMkMlMjJjaGlsZFNlbnRlbmNlJTIyJTNBMSU3RCU1RCU3RCUyQyU3QiUyMnR5cGUlMjIlM0ElMjJwYXJhZ3JhcGglMjIlMkMlMjJjaGlsZHJlbiUyMiUzQSU1QiU3QiUyMnRleHQlMjIlM0ElMjJXb21lbidzJTIwQmVsbHklMjBDb250cm9sJTIwU29saWQlMjBDb2xvciUyMFN3ZWF0cGFudHMlMjIlMkMlMjJzZW50ZW5jZSUyMiUzQTUlMkMlMjJjaGlsZFNlbnRlbmNlJTIyJTNBMSU3RCU1RCU3RCUyQyU3QiUyMnR5cGUlMjIlM0ElMjJwYXJhZ3JhcGglMjIlMkMlMjJjaGlsZHJlbiUyMiUzQSU1QiU3QiUyMnRleHQlMjIlM0ElMjJTZWFtbGVzcyUyMGRlc2lnbiUyQyUyMHNvbGlkJTIwY29sb3IlMjBtYXRjaGluZyUyQyUyMGhpZ2glMjB3YWlzdCUyMGRlc2lnbiUyMGlzJTIwdXNlZCUyMHRvJTIwYWNoaWV2ZSUyMGJldHRlciUyMGFiZG9taW5hbCUyMGNvbnRyb2wlMjBlZmZlY3QlMkMlMjBkb3VibGUtbGF5ZXIlMjBmYWJyaWMlMkMlMjBzb2Z0JTJDJTIwYnJlYXRoYWJsZSUyQyUyMHN3ZWF0LWFic29yYmluZyUyQyUyMGNhbiUyMHF1aWNrbHklMjBhYnNvcmIlMjB5b3VyJTIwc3dlYXQlMkMlMjIlMkMlMjJzZW50ZW5jZSUyMiUzQTYlMkMlMjJjaGlsZFNlbnRlbmNlJTIyJTNBMSU3RCU1RCU3RCU1RA==\"><span class=\"\" data-slate-node=\"text\"><span data-slate-leaf=\"true\">Nahtloses Design, einheitliche Farbabstimmung, hohe Taille f\u00fcr eine bessere Bauchkontrollwirkung, doppellagiger Stoff, weich, atmungsaktiv, schwei\u00dfabsorbierend, kann Ihren Schwei\u00df schnell aufnehmen, verstehen Sie es.<\/span><\/span><\/li>\n<\/ul>","protected":false},"excerpt":{"rendered":"<p><span data-slate-fragment=\"JTVCJTdCJTIydHlwZSUyMiUzQSUyMnBhcmFncmFwaCUyMiUyQyUyMmNoaWxkcmVuJTIyJTNBJTVCJTdCJTIydGV4dCUyMiUzQSUyMldlYXIlMjBvdXIlMjBzaGFwZXdlYXIlMjBwYW50cyUyQyUyMHRoaXMlMjBzaGFwZXdlYXIlMjBwYW50cyUyMGlzJTIwc3VpdGFibGUlMjBmb3IlMjBhbnklMjBjbG90aGluZyUyQyUyMHNvbGlkJTIwY29sb3IlMjB2ZXJzYXRpbGUlMkMlMjBoaWdoJTIwd2Fpc3QlMjBkZXNpZ24lMkMlMjBzb2Z0JTIwZmFicmljJTJDJTIwYnJlYXRoYWJsZSUyQyUyMGxldCUyMHlvdSUyMGVuam95JTIwd2hpbGUlMjBhbHNvJTIwc2hhcGluZyUyMHRoZSUyMEMlMjBjdXJ2ZS4lMjIlMkMlMjJzZW50ZW5jZSUyMiUzQTclMkMlMjJjaGlsZFNlbnRlbmNlJTIyJTNBMSU3RCU1RCU3RCU1RA==\">Tragen Sie unsere rutschfesten Yoga-Shorts mit hoher Taille. Diese Yogahose passt zu jeder Kleidung, ist vielseitig einsetzbar, hat einfarbiges Design mit hoher Taille, weiches Gewebe, ist atmungsaktiv und sorgt f\u00fcr Spa\u00df, w\u00e4hrend sie gleichzeitig die C-Kurve formt.<\/span><\/p>","protected":false},"featured_media":9246,"comment_status":"open","ping_status":"closed","template":"","meta":{"site-sidebar-layout":"default","site-content-layout":"","ast-site-content-layout":"default","site-content-style":"default","site-sidebar-style":"default","ast-global-header-display":"","ast-banner-title-visibility":"","ast-main-header-display":"","ast-hfb-above-header-display":"","ast-hfb-below-header-display":"","ast-hfb-mobile-header-display":"","site-post-title":"","ast-breadcrumbs-content":"","ast-featured-img":"","footer-sml-layout":"","ast-disable-related-posts":"","theme-transparent-header-meta":"default","adv-header-id-meta":"","stick-header-meta":"default","header-above-stick-meta":"","header-main-stick-meta":"","header-below-stick-meta":"","astra-migrate-meta-layouts":"set","ast-page-background-enabled":"default","ast-page-background-meta":{"desktop":{"background-color":"","background-image":"","background-repeat":"repeat","background-position":"center center","background-size":"auto","background-attachment":"scroll","background-type":"","background-media":"","overlay-type":"","overlay-color":"","overlay-opacity":"","overlay-gradient":""},"tablet":{"background-color":"","background-image":"","background-repeat":"repeat","background-position":"center center","background-size":"auto","background-attachment":"scroll","background-type":"","background-media":"","overlay-type":"","overlay-color":"","overlay-opacity":"","overlay-gradient":""},"mobile":{"background-color":"","background-image":"","background-repeat":"repeat","background-position":"center center","background-size":"auto","background-attachment":"scroll","background-type":"","background-media":"","overlay-type":"","overlay-color":"","overlay-opacity":"","overlay-gradient":""}},"ast-content-background-meta":{"desktop":{"background-color":"var(--ast-global-color-5)","background-image":"","background-repeat":"repeat","background-position":"center center","background-size":"auto","background-attachment":"scroll","background-type":"","background-media":"","overlay-type":"","overlay-color":"","overlay-opacity":"","overlay-gradient":""},"tablet":{"background-color":"var(--ast-global-color-5)","background-image":"","background-repeat":"repeat","background-position":"center center","background-size":"auto","background-attachment":"scroll","background-type":"","background-media":"","overlay-type":"","overlay-color":"","overlay-opacity":"","overlay-gradient":""},"mobile":{"background-color":"var(--ast-global-color-5)","background-image":"","background-repeat":"repeat","background-position":"center center","background-size":"auto","background-attachment":"scroll","background-type":"","background-media":"","overlay-type":"","overlay-color":"","overlay-opacity":"","overlay-gradient":""}}},"product_brand":[],"product_cat":[65,76,77,1092,79,80],"product_tag":[682,458,680,492,139,679,198,683,491,654,681],"class_list":{"0":"post-9243","1":"product","2":"type-product","3":"status-publish","4":"has-post-thumbnail","6":"product_cat-best-sellers","7":"product_cat-new-arrivels","8":"product_cat-wholesale-womens-shapewear","9":"product_cat-plus-size-shapewear","10":"product_cat-wholesale-seemless-shaperwear","11":"product_cat-wholesale-butt-lift-underwear","12":"product_tag-anti-expose","13":"product_tag-anti-slip","14":"product_tag-belly-control","15":"product_tag-breathable","16":"product_tag-high-waist","17":"product_tag-hip-lifter","18":"product_tag-hourglass","19":"product_tag-postpartum","20":"product_tag-seamless","21":"product_tag-tight","22":"product_tag-yoga-short","23":"pa_color-beige","24":"pa_color-black","25":"pa_size-3xl","26":"pa_size-4xl","27":"pa_size-5xl","28":"pa_size-6xl","29":"pa_size-l","30":"pa_size-m","31":"pa_size-s","32":"pa_size-xl","33":"pa_size-xxl","34":"desktop-align-center","35":"tablet-align-left","36":"mobile-align-left","37":"ast-product-gallery-layout-horizontal-slider","38":"ast-product-single-variable","39":"ast-product-tabs-layout-horizontal","40":"ast-qv-on-image","42":"first","43":"instock","44":"shipping-taxable","45":"purchasable","46":"product-type-variable"},"tiered_pricing_type":"fixed","tiered_pricing_fixed_rules":{"5":3.95,"50":3.5,"100":3.1},"tiered_pricing_product_settings":{"layout":"default","base_unit_name":{"singular":null,"plural":null},"default_variation":null},"tiered_pricing_minimum_quantity":null,"tiered_pricing_roles_data":[],"tiered_pricing_percentage_rules":[],"_links":{"self":[{"href":"https:\/\/yume-silm.com\/de\/wp-json\/wp\/v2\/product\/9243","targetHints":{"allow":["GET"]}}],"collection":[{"href":"https:\/\/yume-silm.com\/de\/wp-json\/wp\/v2\/product"}],"about":[{"href":"https:\/\/yume-silm.com\/de\/wp-json\/wp\/v2\/types\/product"}],"replies":[{"embeddable":true,"href":"https:\/\/yume-silm.com\/de\/wp-json\/wp\/v2\/comments?post=9243"}],"wp:featuredmedia":[{"embeddable":true,"href":"https:\/\/yume-silm.com\/de\/wp-json\/wp\/v2\/media\/9246"}],"wp:attachment":[{"href":"https:\/\/yume-silm.com\/de\/wp-json\/wp\/v2\/media?parent=9243"}],"wp:term":[{"taxonomy":"product_brand","embeddable":true,"href":"https:\/\/yume-silm.com\/de\/wp-json\/wp\/v2\/product_brand?post=9243"},{"taxonomy":"product_cat","embeddable":true,"href":"https:\/\/yume-silm.com\/de\/wp-json\/wp\/v2\/product_cat?post=9243"},{"taxonomy":"product_tag","embeddable":true,"href":"https:\/\/yume-silm.com\/de\/wp-json\/wp\/v2\/product_tag?post=9243"}],"curies":[{"name":"wp","href":"https:\/\/api.w.org\/{rel}","templated":true}]}}