{"id":9326,"date":"2024-07-13T03:42:33","date_gmt":"2024-07-13T03:42:33","guid":{"rendered":"https:\/\/yume-silm.com\/?post_type=product&#038;p=9326"},"modified":"2024-11-06T02:04:39","modified_gmt":"2024-11-06T02:04:39","slug":"nahtlose-glatte-bauchkontrolle-zum-abnehmen","status":"publish","type":"product","link":"https:\/\/yume-silm.com\/de\/produkt\/nahtlose-glatte-bauchkontrolle-zum-abnehmen\/","title":{"rendered":"Nahtlose, glatte, figurformende Shorts zur Bauchkontrolle"},"content":{"rendered":"<h5>Design-Merkmale<\/h5>\n<ul>\n<li data-slate-node=\"element\"><span class=\"\" data-slate-node=\"text\"><span data-slate-leaf=\"true\"><strong>3-IN-1-FUNKTION<\/strong>: Die nahtlosen, glatten, formenden Shorts zur Bauchkontrolle k\u00f6nnen als H\u00fcftlifting, Taillentrainer und zur Erholung nach der Geburt verwendet werden. Sie k\u00f6nnen Ihren Bauch komprimieren, da sie \u00fcber 4 elastische Stahlst\u00e4be verf\u00fcgen, um Ihre Sanduhrfigur besser zu formen.<\/span><\/span><\/li>\n<li data-slate-node=\"element\"><strong>BAUCHFORM-Tanga<\/strong>: Hergestellt aus glattem, atmungsaktivem Stoff, kombiniert mit einem Tanga-Design, das die normale H\u00f6schenkurve gl\u00e4ttet und dabei hilft, die K\u00f6rperkurve zu betonen.<\/li>\n<li data-slate-node=\"element\"><strong>ERHOLUNG NACH DER GEBURT<\/strong>: Durch die Anwendung eines guten Bauchst\u00fctzdrucks und einer wissenschaftlichen Kompression k\u00f6nnen Sie schnell Ihre Figur vor der Operation wiedererlangen. Unterbrechen Sie die Bewegung und st\u00fctzen Sie den R\u00fccken, was Ihre R\u00fcckenschmerzen lindern und Ihre Haltung verbessern kann.<\/li>\n<li data-slate-node=\"element\"><strong>GELEGENHEIT<\/strong>: Besteht aus atmungsaktivem, weichem Stoff, der nahtlos unter der Kleidung sitzt und als Taillenstring unter einem Kleid getragen werden kann.<\/li>\n<\/ul>\n<p><a href=\"https:\/\/yume-silm.com\/wp-content\/uploads\/2024\/07\/Seamless-Smooth-Tummy-Control-Slimming-Shaping-Shorts.jpg\"><img fetchpriority=\"high\" decoding=\"async\" class=\"alignnone wp-image-9327 size-medium\" src=\"https:\/\/yume-silm.com\/wp-content\/uploads\/2024\/07\/Seamless-Smooth-Tummy-Control-Slimming-Shaping-Shorts-300x300.jpg\" alt=\"nahtlose, glatte, bauchkontrollierende, figurformende Shorts\" width=\"300\" height=\"300\" title=\"\" srcset=\"https:\/\/yume-silm.com\/wp-content\/uploads\/2024\/07\/Seamless-Smooth-Tummy-Control-Slimming-Shaping-Shorts-300x300.jpg 300w, https:\/\/yume-silm.com\/wp-content\/uploads\/2024\/07\/Seamless-Smooth-Tummy-Control-Slimming-Shaping-Shorts-150x150.jpg 150w, https:\/\/yume-silm.com\/wp-content\/uploads\/2024\/07\/Seamless-Smooth-Tummy-Control-Slimming-Shaping-Shorts-768x768.jpg 768w, https:\/\/yume-silm.com\/wp-content\/uploads\/2024\/07\/Seamless-Smooth-Tummy-Control-Slimming-Shaping-Shorts-12x12.jpg 12w, https:\/\/yume-silm.com\/wp-content\/uploads\/2024\/07\/Seamless-Smooth-Tummy-Control-Slimming-Shaping-Shorts-100x100.jpg 100w, https:\/\/yume-silm.com\/wp-content\/uploads\/2024\/07\/Seamless-Smooth-Tummy-Control-Slimming-Shaping-Shorts.jpg 800w\" sizes=\"(max-width: 300px) 100vw, 300px\" \/><\/a><a href=\"https:\/\/yume-silm.com\/wp-content\/uploads\/2024\/07\/Seamless-Smooth-Tummy-Control-Slimming-Shaping-Shorts-side.jpg\"><img decoding=\"async\" class=\"alignnone wp-image-9328 size-medium\" src=\"https:\/\/yume-silm.com\/wp-content\/uploads\/2024\/07\/Seamless-Smooth-Tummy-Control-Slimming-Shaping-Shorts-side-300x300.jpg\" alt=\"nahtlose, glatte, bauchkontrollierende, figurformende Shorts\" width=\"300\" height=\"300\" title=\"\" srcset=\"https:\/\/yume-silm.com\/wp-content\/uploads\/2024\/07\/Seamless-Smooth-Tummy-Control-Slimming-Shaping-Shorts-side-300x300.jpg 300w, https:\/\/yume-silm.com\/wp-content\/uploads\/2024\/07\/Seamless-Smooth-Tummy-Control-Slimming-Shaping-Shorts-side-150x150.jpg 150w, https:\/\/yume-silm.com\/wp-content\/uploads\/2024\/07\/Seamless-Smooth-Tummy-Control-Slimming-Shaping-Shorts-side-768x768.jpg 768w, https:\/\/yume-silm.com\/wp-content\/uploads\/2024\/07\/Seamless-Smooth-Tummy-Control-Slimming-Shaping-Shorts-side-12x12.jpg 12w, https:\/\/yume-silm.com\/wp-content\/uploads\/2024\/07\/Seamless-Smooth-Tummy-Control-Slimming-Shaping-Shorts-side-100x100.jpg 100w, https:\/\/yume-silm.com\/wp-content\/uploads\/2024\/07\/Seamless-Smooth-Tummy-Control-Slimming-Shaping-Shorts-side.jpg 800w\" sizes=\"(max-width: 300px) 100vw, 300px\" \/><\/a><\/p>\n<p>&nbsp;<\/p>\n<h6 data-slate-node=\"element\"><em><span class=\"\" data-slate-node=\"text\">H\u00fcfthebende Shaping-Shorts mit hoher Taille f\u00fcr Damen<\/span><\/em><\/h6>\n<ul>\n<li data-slate-node=\"element\" data-slate-fragment=\"JTVCJTdCJTIydHlwZSUyMiUzQSUyMnBhcmFncmFwaCUyMiUyQyUyMmNoaWxkcmVuJTIyJTNBJTVCJTdCJTIydGV4dCUyMiUzQSUyMlRocmVlLWluLW9uZSUyMGZ1bmN0aW9uJTNBJTIwY2FuJTIwYmUlMjB1c2VkJTIwYXMlMjBhJTIwaGlwJTIwbGlmdCUyQyUyMHdhaXN0JTIwdHJhaW5lciUyMGFuZCUyMHBvc3RwYXJ0dW0lMjByZWNvdmVyeSUyQyUyMGNhbiUyMGNvbXByZXNzJTIweW91ciUyMGFiZG9tZW4lMkMlMjB3aGljaCUyMGhhcyUyMDQlMjBlbGFzdGljJTIwc3RlZWwlMjBib25lcyUyQyUyMGNhbiUyMGJldHRlciUyMHNoYXBlJTIweW91ciUyMGhvdXJnbGFzcyUyMHNoYXBlLiUyMiUyQyUyMnNlbnRlbmNlJTIyJTNBMCUyQyUyMmNoaWxkU2VudGVuY2UlMjIlM0EwJTdEJTVEJTdEJTJDJTdCJTIydHlwZSUyMiUzQSUyMnBhcmFncmFwaCUyMiUyQyUyMmNoaWxkcmVuJTIyJTNBJTVCJTdCJTIydGV4dCUyMiUzQSUyMkJlbGx5JTIwcGxhc3RpYyUyMHRob25nJTNBJTIwbWlkLXdhaXN0JTJDJTIwbWFkZSUyMG9mJTIwc29mdCUyQyUyMGJyZWF0aGFibGUlMjBmYWJyaWMlMkMlMjBjb21iaW5lZCUyMHdpdGglMjBhJTIwdGhvbmclMjBkZXNpZ24lMjB0aGF0JTIwc3VidHJhY3RzJTIwdGhlJTIwcmVndWxhciUyMHBhbnR5JTIwY3VydmUlMjBhbmQlMjBoZWxwcyUyMGVuaGFuY2UlMjB0aGUlMjBib2R5JTIwY3VydmUuJTIyJTJDJTIyc2VudGVuY2UlMjIlM0ExJTJDJTIyY2hpbGRTZW50ZW5jZSUyMiUzQTElN0QlNUQlN0QlMkMlN0IlMjJ0eXBlJTIyJTNBJTIycGFyYWdyYXBoJTIyJTJDJTIyY2hpbGRyZW4lMjIlM0ElNUIlN0IlMjJ0ZXh0JTIyJTNBJTIyUG9zdHBhcnR1bSUyMHJlY292ZXJ5JTNBJTIwVXRpbGl6aW5nJTIwZ29vZCUyMGFiZG9taW5hbCUyMHN1cHBvcnQlMjBwcmVzc3VyZSUyMGFuZCUyMHNjaWVudGlmaWMlMjBjb21wcmVzc2lvbiUyMGNhbiUyMHF1aWNrbHklMjBoZWxwJTIweW91JTIwcmVnYWluJTIweW91ciUyMHByZS1vcGVyYXRpdmUlMjBmaWd1cmUlMkMlMjBpbnRlcnJ1cHQlMjBhbmQlMjBiYWNrJTIwc3VwcG9ydCUyQyUyMHdoaWNoJTIwY2FuJTIwaGVscCUyMHJlbGlldmUlMjB5b3VyJTIwYmFjayUyMHBhaW4lMjBhbmQlMjBpbXByb3ZlJTIweW91ciUyMHBvc3R1cmUuJTIyJTJDJTIyc2VudGVuY2UlMjIlM0EyJTJDJTIyY2hpbGRTZW50ZW5jZSUyMiUzQTElN0QlNUQlN0QlMkMlN0IlMjJ0eXBlJTIyJTNBJTIycGFyYWdyYXBoJTIyJTJDJTIyY2hpbGRyZW4lMjIlM0ElNUIlN0IlMjJ0ZXh0JTIyJTNBJTIyT2NjYXNpb24lM0ElMjBDYW4lMjBiZSUyMHVzZWQlMjBmb3IlMjBkYWlseSUyMHdlYXIlMkMlMjBicmVhdGhhYmxlJTJDJTIwc29mdCUyMGZhYnJpYyUyQyUyMHNlYW1sZXNzJTIwdW5kZXIlMjBjbG90aGVzJTJDJTIwY2FuJTIwYmUlMjB1c2VkJTIwYXMlMjB3YWlzdCUyMHRob25nJTIwdW5kZXIlMjBkcmVzc2VzJTJDJTIwd2Fpc3QlMjB0aG9uZy4lMjIlMkMlMjJzZW50ZW5jZSUyMiUzQTMlMkMlMjJjaGlsZFNlbnRlbmNlJTIyJTNBMSU3RCU1RCU3RCUyQyU3QiUyMnR5cGUlMjIlM0ElMjJwYXJhZ3JhcGglMjIlMkMlMjJjaGlsZHJlbiUyMiUzQSU1QiU3QiUyMnRleHQlMjIlM0ElMjJXb21lbidzJTIwSGlnaCUyMFdhaXN0JTIwSGlwJTIwTGlmdCUyMFNoYXBpbmclMjBTaG9ydHMlMjIlMkMlMjJzZW50ZW5jZSUyMiUzQTQlMkMlMjJjaGlsZFNlbnRlbmNlJTIyJTNBMSU3RCU1RCU3RCUyQyU3QiUyMnR5cGUlMjIlM0ElMjJwYXJhZ3JhcGglMjIlMkMlMjJjaGlsZHJlbiUyMiUzQSU1QiU3QiUyMnRleHQlMjIlM0ElMjJUaGUlMjBoaWdoLXdhaXN0ZWQlMjBoaXAtbGlmdGluZyUyMGJvZHktc2hhcGluZyUyMHNob3J0cyUyMGFyZSUyMGNvbmR1Y2l2ZSUyMHRvJTIwcG9zdG9wZXJhdGl2ZSUyMHJlY292ZXJ5LiUyMCUyMiUyQyUyMnNlbnRlbmNlJTIyJTNBNSUyQyUyMmNoaWxkU2VudGVuY2UlMjIlM0ExJTdEJTJDJTdCJTIydGV4dCUyMiUzQSUyMlRoZSUyMGRlc2lnbiUyMG9mJTIwdGhlJTIwdGhvbmclMjBhbmQlMjB0aGUlMjBoaWdoLWVuZCUyMGZhYnJpYyUyMGNhbiUyMGhlbHAlMjB5b3UlMjBhY2hpZXZlJTIwYSUyMHByZW9wZXJhdGl2ZSUyMGZpZ3VyZS4lMjIlMkMlMjJzZW50ZW5jZSUyMiUzQTUlMkMlMjJjaGlsZFNlbnRlbmNlJTIyJTNBMiU3RCU1RCU3RCU1RA==\">Die hoch taillierten, bauchformenden Shorts unterst\u00fctzen die postoperative Genesung. Das Design des Tangas und der weiche Stoff k\u00f6nnen Ihnen helfen, eine pr\u00e4operative Figur zu erreichen.<\/li>\n<\/ul>","protected":false},"excerpt":{"rendered":"<p><span data-slate-fragment=\"JTVCJTdCJTIydHlwZSUyMiUzQSUyMnBhcmFncmFwaCUyMiUyQyUyMmNoaWxkcmVuJTIyJTNBJTVCJTdCJTIydGV4dCUyMiUzQSUyMlRoaXMlMjBib2R5JTIwc2N1bHB0aW5nJTIwc2hvcnRzJTIwY2FuJTIwaGVscCUyMHlvdSUyMGdldCUyMHJpZCUyMG9mJTIwdGhlJTIwcmVndWxhciUyMHVuZGVyd2VhciUyMGN1cnZlcyUyQyUyMGluc3RhbnRseSUyMHNjdWxwdCUyMGFuZCUyMHNoYXBlJTIweW91ciUyMGZpZ3VyZSUyQyUyMGdpdmluZyUyMHlvdSUyMGElMjBwZXJmZWN0JTIwc2lsaG91ZXR0ZS4lMjIlMkMlMjJzZW50ZW5jZSUyMiUzQTclMkMlMjJjaGlsZFNlbnRlbmNlJTIyJTNBMSU3RCU1RCU3RCU1RA==\">Diese nahtlosen, glatten, formenden Shorts zur Bauchkontrolle k\u00f6nnen Ihnen helfen, die Rundungen Ihrer normalen Unterw\u00e4sche loszuwerden, Ihre Figur sofort zu formen und zu modellieren und Ihnen eine perfekte Silhouette zu verleihen.<\/span><\/p>","protected":false},"featured_media":9334,"comment_status":"open","ping_status":"closed","template":"","meta":{"site-sidebar-layout":"default","site-content-layout":"","ast-site-content-layout":"default","site-content-style":"default","site-sidebar-style":"default","ast-global-header-display":"","ast-banner-title-visibility":"","ast-main-header-display":"","ast-hfb-above-header-display":"","ast-hfb-below-header-display":"","ast-hfb-mobile-header-display":"","site-post-title":"","ast-breadcrumbs-content":"","ast-featured-img":"","footer-sml-layout":"","ast-disable-related-posts":"","theme-transparent-header-meta":"default","adv-header-id-meta":"","stick-header-meta":"default","header-above-stick-meta":"","header-main-stick-meta":"","header-below-stick-meta":"","astra-migrate-meta-layouts":"set","ast-page-background-enabled":"default","ast-page-background-meta":{"desktop":{"background-color":"","background-image":"","background-repeat":"repeat","background-position":"center center","background-size":"auto","background-attachment":"scroll","background-type":"","background-media":"","overlay-type":"","overlay-color":"","overlay-opacity":"","overlay-gradient":""},"tablet":{"background-color":"","background-image":"","background-repeat":"repeat","background-position":"center center","background-size":"auto","background-attachment":"scroll","background-type":"","background-media":"","overlay-type":"","overlay-color":"","overlay-opacity":"","overlay-gradient":""},"mobile":{"background-color":"","background-image":"","background-repeat":"repeat","background-position":"center center","background-size":"auto","background-attachment":"scroll","background-type":"","background-media":"","overlay-type":"","overlay-color":"","overlay-opacity":"","overlay-gradient":""}},"ast-content-background-meta":{"desktop":{"background-color":"var(--ast-global-color-5)","background-image":"","background-repeat":"repeat","background-position":"center center","background-size":"auto","background-attachment":"scroll","background-type":"","background-media":"","overlay-type":"","overlay-color":"","overlay-opacity":"","overlay-gradient":""},"tablet":{"background-color":"var(--ast-global-color-5)","background-image":"","background-repeat":"repeat","background-position":"center center","background-size":"auto","background-attachment":"scroll","background-type":"","background-media":"","overlay-type":"","overlay-color":"","overlay-opacity":"","overlay-gradient":""},"mobile":{"background-color":"var(--ast-global-color-5)","background-image":"","background-repeat":"repeat","background-position":"center center","background-size":"auto","background-attachment":"scroll","background-type":"","background-media":"","overlay-type":"","overlay-color":"","overlay-opacity":"","overlay-gradient":""}}},"product_brand":[],"product_cat":[65,76,77,79,80],"product_tag":[662,663,492,139,679,491,672,535,660,687,688,500],"class_list":{"0":"post-9326","1":"product","2":"type-product","3":"status-publish","4":"has-post-thumbnail","6":"product_cat-best-sellers","7":"product_cat-new-arrivels","8":"product_cat-wholesale-womens-shapewear","9":"product_cat-wholesale-seemless-shaperwear","10":"product_cat-wholesale-butt-lift-underwear","11":"product_tag-abdominal","12":"product_tag-belly","13":"product_tag-breathable","14":"product_tag-high-waist","15":"product_tag-hip-lifter","16":"product_tag-seamless","17":"product_tag-shape-short","18":"product_tag-slimming","19":"product_tag-smooth","20":"product_tag-soft","21":"product_tag-thong-panty","22":"product_tag-tummy-control","23":"pa_color-beige","24":"pa_color-black","25":"pa_size-3xl","26":"pa_size-4xl","27":"pa_size-l","28":"pa_size-m","29":"pa_size-s","30":"pa_size-xl","31":"pa_size-xs","32":"pa_size-xxl","33":"desktop-align-center","34":"tablet-align-left","35":"mobile-align-left","36":"ast-product-gallery-layout-horizontal-slider","37":"ast-product-single-variable","38":"ast-product-tabs-layout-horizontal","39":"ast-qv-on-image","41":"first","42":"instock","43":"shipping-taxable","44":"purchasable","45":"product-type-variable"},"tiered_pricing_type":"fixed","tiered_pricing_fixed_rules":{"5":2.5,"50":2.2,"100":1.9},"tiered_pricing_product_settings":{"layout":"default","base_unit_name":{"singular":null,"plural":null},"default_variation":null},"tiered_pricing_minimum_quantity":null,"tiered_pricing_roles_data":[],"tiered_pricing_percentage_rules":[],"_links":{"self":[{"href":"https:\/\/yume-silm.com\/de\/wp-json\/wp\/v2\/product\/9326","targetHints":{"allow":["GET"]}}],"collection":[{"href":"https:\/\/yume-silm.com\/de\/wp-json\/wp\/v2\/product"}],"about":[{"href":"https:\/\/yume-silm.com\/de\/wp-json\/wp\/v2\/types\/product"}],"replies":[{"embeddable":true,"href":"https:\/\/yume-silm.com\/de\/wp-json\/wp\/v2\/comments?post=9326"}],"wp:featuredmedia":[{"embeddable":true,"href":"https:\/\/yume-silm.com\/de\/wp-json\/wp\/v2\/media\/9334"}],"wp:attachment":[{"href":"https:\/\/yume-silm.com\/de\/wp-json\/wp\/v2\/media?parent=9326"}],"wp:term":[{"taxonomy":"product_brand","embeddable":true,"href":"https:\/\/yume-silm.com\/de\/wp-json\/wp\/v2\/product_brand?post=9326"},{"taxonomy":"product_cat","embeddable":true,"href":"https:\/\/yume-silm.com\/de\/wp-json\/wp\/v2\/product_cat?post=9326"},{"taxonomy":"product_tag","embeddable":true,"href":"https:\/\/yume-silm.com\/de\/wp-json\/wp\/v2\/product_tag?post=9326"}],"curies":[{"name":"wp","href":"https:\/\/api.w.org\/{rel}","templated":true}]}}