{"id":9390,"date":"2024-07-13T07:16:20","date_gmt":"2024-07-13T07:16:20","guid":{"rendered":"https:\/\/yume-silm.com\/?post_type=product&#038;p=9390"},"modified":"2025-05-26T00:44:06","modified_gmt":"2025-05-26T00:44:06","slug":"fajas-mit-hoher-taille-zum-abnehmen-und-anheben-der-hufte","status":"publish","type":"product","link":"https:\/\/yume-silm.com\/de\/produkt\/fajas-mit-hoher-taille-zum-abnehmen-und-anheben-der-hufte\/","title":{"rendered":"Schlankmachende und h\u00fcfthebende Shapewear f\u00fcr Damen mit hoher Taille, Fajas"},"content":{"rendered":"<div data-slate-node=\"element\">\n<h5>Design-Merkmale<\/h5>\n<\/div>\n<ul>\n<li data-slate-node=\"element\"><strong>ATMUNGSAKTIVE BUTT-LIFTING-SHORTS<\/strong>: Fajas mit hoher Taille zum Abnehmen und Anheben der H\u00fcfte. Shapewear hat eine hohe Kompressionswirkung, um zu verhindern, dass Ihr K\u00f6rper unter der Kleidung anschwillt, und besteht aus atmungsaktivem und glattem Stoff, der besser auf der Haut liegt und sich den ganzen Tag lang tragen l\u00e4sst.<\/li>\n<li data-slate-node=\"element\"><strong>EINZIGARTIGES HIP-LIFT-DESIGN<\/strong>: Der Faja mit hoher Taille zum Abnehmen und zur H\u00fcftstraffung kann den Bauch straffen und das Ges\u00e4\u00df sofort anheben. Das weiche H\u00fcftstraffungsnetz ist leicht und atmungsaktiv und hebt das Ges\u00e4\u00df an, sodass Ihre H\u00fcften sexyer und praller aussehen.<\/li>\n<li data-slate-node=\"element\"><strong>GEWICHT VERLIEREN ZU FETT<\/strong>: Das robuste Netzgewebe erstreckt sich rund um den K\u00f6rper, gl\u00e4ttet und formt die Oberschenkel, betont die Kurven und l\u00e4sst Ihren R\u00fccken glatt und sexy aussehen.<\/li>\n<li data-slate-node=\"element\"><strong>GELEGENHEIT<\/strong>: Dieses nahtlose, gepolsterte H\u00f6schen kann unter jeder Damenkleidung versteckt werden, Shorts mit hoher Taille sind wie Ganzk\u00f6rperunterw\u00e4sche, diese k\u00f6rperformenden Shorts sind f\u00fcr jeden Anlass geeignet, Sie k\u00f6nnen sie zu Partys, Verabredungen, bei der Arbeit, beim Einkaufen usw. tragen, sodass jeder Ihre attraktive Figur bemerken kann.<\/li>\n<\/ul>\n<p><a href=\"https:\/\/yume-silm.com\/wp-content\/uploads\/2024\/07\/womens-breathable-high-waist-fajas-slimming-and-hip-lift-shapewear-side-show.jpg\"><img fetchpriority=\"high\" decoding=\"async\" class=\"alignnone wp-image-9356 size-medium\" src=\"https:\/\/yume-silm.com\/wp-content\/uploads\/2024\/07\/womens-breathable-high-waist-fajas-slimming-and-hip-lift-shapewear-side-show-300x300.jpg\" alt=\"Damen-Shapewear mit hoher Taille, Fajas zum Abnehmen und Anheben der H\u00fcfte\" width=\"300\" height=\"300\" title=\"\" srcset=\"https:\/\/yume-silm.com\/wp-content\/uploads\/2024\/07\/womens-breathable-high-waist-fajas-slimming-and-hip-lift-shapewear-side-show-300x300.jpg 300w, https:\/\/yume-silm.com\/wp-content\/uploads\/2024\/07\/womens-breathable-high-waist-fajas-slimming-and-hip-lift-shapewear-side-show-150x150.jpg 150w, https:\/\/yume-silm.com\/wp-content\/uploads\/2024\/07\/womens-breathable-high-waist-fajas-slimming-and-hip-lift-shapewear-side-show-768x768.jpg 768w, https:\/\/yume-silm.com\/wp-content\/uploads\/2024\/07\/womens-breathable-high-waist-fajas-slimming-and-hip-lift-shapewear-side-show-12x12.jpg 12w, https:\/\/yume-silm.com\/wp-content\/uploads\/2024\/07\/womens-breathable-high-waist-fajas-slimming-and-hip-lift-shapewear-side-show-100x100.jpg 100w, https:\/\/yume-silm.com\/wp-content\/uploads\/2024\/07\/womens-breathable-high-waist-fajas-slimming-and-hip-lift-shapewear-side-show.jpg 800w\" sizes=\"(max-width: 300px) 100vw, 300px\" \/><\/a><a href=\"https:\/\/yume-silm.com\/wp-content\/uploads\/2024\/07\/womens-breathable-high-waist-fajas-slimming-and-hip-lift-shapewear-show.jpg\"><img decoding=\"async\" class=\"alignnone wp-image-9355 size-medium\" src=\"https:\/\/yume-silm.com\/wp-content\/uploads\/2024\/07\/womens-breathable-high-waist-fajas-slimming-and-hip-lift-shapewear-show-300x300.jpg\" alt=\"Damen-Shapewear mit hoher Taille, Fajas zum Abnehmen und Anheben der H\u00fcfte\" width=\"300\" height=\"300\" title=\"\" srcset=\"https:\/\/yume-silm.com\/wp-content\/uploads\/2024\/07\/womens-breathable-high-waist-fajas-slimming-and-hip-lift-shapewear-show-300x300.jpg 300w, https:\/\/yume-silm.com\/wp-content\/uploads\/2024\/07\/womens-breathable-high-waist-fajas-slimming-and-hip-lift-shapewear-show-150x150.jpg 150w, https:\/\/yume-silm.com\/wp-content\/uploads\/2024\/07\/womens-breathable-high-waist-fajas-slimming-and-hip-lift-shapewear-show-768x768.jpg 768w, https:\/\/yume-silm.com\/wp-content\/uploads\/2024\/07\/womens-breathable-high-waist-fajas-slimming-and-hip-lift-shapewear-show-12x12.jpg 12w, https:\/\/yume-silm.com\/wp-content\/uploads\/2024\/07\/womens-breathable-high-waist-fajas-slimming-and-hip-lift-shapewear-show-100x100.jpg 100w, https:\/\/yume-silm.com\/wp-content\/uploads\/2024\/07\/womens-breathable-high-waist-fajas-slimming-and-hip-lift-shapewear-show.jpg 800w\" sizes=\"(max-width: 300px) 100vw, 300px\" \/><\/a><\/p>\n<h6 data-slate-node=\"element\"><em><span class=\"\" data-slate-node=\"text\">Schlankmachender Bauch-weg-Bodysuit f\u00fcr Damen<\/span><\/em><\/h6>\n<ul>\n<li data-slate-node=\"element\" data-slate-fragment=\"JTVCJTdCJTIydHlwZSUyMiUzQSUyMnBhcmFncmFwaCUyMiUyQyUyMmNoaWxkcmVuJTIyJTNBJTVCJTdCJTIydGV4dCUyMiUzQSUyMkJyZWF0aGFibGUlMjBoaXAtbGlmdGluZyUyMHBhbnRpZXMlM0ElMjBoaWdoLWVsYXN0aWNpdHklMjBzZWUtdGhyb3VnaCUyMG1lc2glMjBiZWxseSUyMHBhbnRpZXMlMkMlMjBoaWdoJTIwY29tcHJlc3Npb24lMjBtYWtlcyUyMHlvdXIlMjBib2R5JTIwbm90JTIwYmxvYXRlZCUyMHVuZGVyJTIwYW55JTIwY2xvdGhlcyUyQyUyMG1hZGUlMjBvZiUyMGJyZWF0aGFibGUlMjBzbW9vdGglMjBmYWJyaWMlMkMlMjB3aGljaCUyMGZpdHMlMjB5b3VyJTIwc2tpbiUyMGJldHRlciUyMGFuZCUyMGNhbiUyMGJlJTIwd29ybiUyMGFsbCUyMGRheS4lMjIlMkMlMjJzZW50ZW5jZSUyMiUzQTAlMkMlMjJjaGlsZFNlbnRlbmNlJTIyJTNBMCU3RCU1RCU3RCUyQyU3QiUyMnR5cGUlMjIlM0ElMjJwYXJhZ3JhcGglMjIlMkMlMjJjaGlsZHJlbiUyMiUzQSU1QiU3QiUyMnRleHQlMjIlM0ElMjJVbmlxdWUlMjBoaXAlMjBsaWZ0JTIwZGVzaWduJTNBJTIwaGlwJTIwbGlmdCUyMHNoYXBld2VhciUyMGNhbiUyMHRpZ2h0ZW4lMjB0aGUlMjBhYmRvbWVuJTJDJTIwaW5zdGFudGx5JTIwbGlmdCUyMHRoZSUyMGJ1dHRvY2tzJTJDJTIwc29mdCUyMGhpcCUyMGxpZnQlMjBuZXQlMjB1c2VzJTIwaXRzZWxmJTIwdG8lMjBiZSUyMGxpZ2h0JTIwYW5kJTIwYnJlYXRoYWJsZSUyMGFuZCUyMGxpZnQlMjB0aGUlMjBidXR0b2NrcyUyQyUyMG1ha2luZyUyMHlvdXIlMjBidXR0b2NrcyUyMGxvb2slMjBtb3JlJTIwc2V4eSUyMGFuZCUyMHBsdW1wLiUyMiUyQyUyMnNlbnRlbmNlJTIyJTNBMSUyQyUyMmNoaWxkU2VudGVuY2UlMjIlM0ExJTdEJTVEJTdEJTJDJTdCJTIydHlwZSUyMiUzQSUyMnBhcmFncmFwaCUyMiUyQyUyMmNoaWxkcmVuJTIyJTNBJTVCJTdCJTIydGV4dCUyMiUzQSUyMlBvc3R1cmUlMjBjb3JyZWN0aW9uJTNBJTIwVGhlJTIwaGlnaCUyMHdhaXN0JTIwZGVzaWduJTIwaW5jcmVhc2VzJTIwdGhlJTIwY29tcHJlc3Npb24lMjBvZiUyMHRoZSUyMHdhaXN0JTJDJTIwc3RyYWlnaHRlbnMlMjB0aGUlMjBiYWNrJTIwdG8lMjBjb3JyZWN0JTIwdGhlJTIwaHVuY2hiYWNrJTIwYW5kJTIwcG9yZXMlMkMlMjB0aWdodGVucyUyMHRoZSUyMHdhaXN0JTIwYW5kJTIwYWJkb21lbiUyQyUyMGFuZCUyMHNoYXBlcyUyMHRoZSUyMHNleHklMjBjdXJ2ZS4lMjIlMkMlMjJzZW50ZW5jZSUyMiUzQTIlMkMlMjJjaGlsZFNlbnRlbmNlJTIyJTNBMSU3RCU1RCU3RCUyQyU3QiUyMnR5cGUlMjIlM0ElMjJwYXJhZ3JhcGglMjIlMkMlMjJjaGlsZHJlbiUyMiUzQSU1QiU3QiUyMnRleHQlMjIlM0ElMjJPY2Nhc2lvbiUzQSUyMFRoaXMlMjBzZWFtbGVzcyUyMHBhZGRlZCUyMHBhbnR5JTIwY2FuJTIwYmUlMjBoaWRkZW4lMjB1bmRlciUyMGFueSUyMHdvbWVuJ3MlMjBjbG90aGluZyUyQyUyMGhpZ2gtd2Fpc3RlZCUyMHNob3J0cyUyMGFyZSUyMGxpa2UlMjBmdWxsLWJvZHklMjB1bmRlcndlYXIlMkMlMjB0aGVzZSUyMGJvZHktc2N1bHB0aW5nJTIwc2hvcnRzJTIwYXJlJTIwc3VpdGFibGUlMjBmb3IlMjBhbnklMjBvY2Nhc2lvbiUyQyUyMHlvdSUyMGNhbiUyMHdlYXIlMjB0aGVtJTIwdG8lMjBwYXJ0aWVzJTJDJTIwZGF0ZXMlMkMlMjB3b3JrJTJDJTIwc2hvcHBpbmclMkMlMjBldGMuJTJDJTIwc28lMjB0aGF0JTIwZXZlcnlvbmUlMjBjYW4lMjBub3RpY2UlMjB5b3VyJTIwYXR0cmFjdGl2ZSUyMGZpZ3VyZS4lMjIlMkMlMjJzZW50ZW5jZSUyMiUzQTMlMkMlMjJjaGlsZFNlbnRlbmNlJTIyJTNBMSU3RCU1RCU3RCUyQyU3QiUyMnR5cGUlMjIlM0ElMjJwYXJhZ3JhcGglMjIlMkMlMjJjaGlsZHJlbiUyMiUzQSU1QiU3QiUyMnRleHQlMjIlM0ElMjJXb21lbidzJTIwU2xpbW1pbmclMjBCZWxseSUyMENvbnRyb2wlMjBTaGFwZXdlYXIlMjIlMkMlMjJzZW50ZW5jZSUyMiUzQTQlMkMlMjJjaGlsZFNlbnRlbmNlJTIyJTNBMSU3RCU1RCU3RCUyQyU3QiUyMnR5cGUlMjIlM0ElMjJwYXJhZ3JhcGglMjIlMkMlMjJjaGlsZHJlbiUyMiUzQSU1QiU3QiUyMnRleHQlMjIlM0ElMjJVc2luZyUyMGVsYXN0aWMlMjBkb3VibGUlMjBmYWJyaWMlMjBjb21wcmVzc2lvbiUyMGFuZCUyMGhpZ2glMjB3YWlzdCUyMGRlc2lnbiUyQyUyMGl0JTIwaXMlMjB1c2VkJTIwdG8lMjBjb21wcmVzcyUyMGFiZG9taW5hbCUyMGFuZCUyMHdhaXN0JTIwZmF0JTJDJTIwc28lMjBhcyUyMHRvJTIwYWNoaWV2ZSUyMHNsaW1taW5nJTIwZWZmZWN0JTIwYW5kJTIwYmV0dGVyJTIwc2hhcGUlMjB0aGUlMjBwZXJmZWN0JTIwZmlndXJlJTIwY3VydmUuJTIyJTJDJTIyc2VudGVuY2UlMjIlM0E1JTJDJTIyY2hpbGRTZW50ZW5jZSUyMiUzQTElN0QlNUQlN0QlNUQ=\"><span class=\"\" data-slate-node=\"text\"><span data-slate-leaf=\"true\">Durch die Verwendung einer elastischen Doppelgewebekompression und eines Designs mit hoher Taille wird das Bauch- und Taillenfett komprimiert, um einen Schlankheitseffekt zu erzielen und die perfekte Figurkurve besser zu formen.<\/span><\/span><\/li>\n<\/ul>","protected":false},"excerpt":{"rendered":"<p>Die hoch taillierte, schlank machende Fajas-H\u00fcftlift-Shapewear verf\u00fcgt \u00fcber eine hohe Taille und ein doppeltes Kompressionsdesign, das Ihren Bauch bei m\u00e4\u00dfiger Kontrolle flacher machen kann. Der glatte und atmungsaktive Stoff passt sich der Haut besser an und das einzigartige Po-Lift-Design kann Ihnen sexy und charmante Kurven verleihen.<\/p>","protected":false},"featured_media":9357,"comment_status":"open","ping_status":"closed","template":"","meta":{"site-sidebar-layout":"default","site-content-layout":"","ast-site-content-layout":"default","site-content-style":"default","site-sidebar-style":"default","ast-global-header-display":"","ast-banner-title-visibility":"","ast-main-header-display":"","ast-hfb-above-header-display":"","ast-hfb-below-header-display":"","ast-hfb-mobile-header-display":"","site-post-title":"","ast-breadcrumbs-content":"","ast-featured-img":"","footer-sml-layout":"","ast-disable-related-posts":"","theme-transparent-header-meta":"default","adv-header-id-meta":"","stick-header-meta":"default","header-above-stick-meta":"","header-main-stick-meta":"","header-below-stick-meta":"","astra-migrate-meta-layouts":"set","ast-page-background-enabled":"default","ast-page-background-meta":{"desktop":{"background-color":"","background-image":"","background-repeat":"repeat","background-position":"center center","background-size":"auto","background-attachment":"scroll","background-type":"","background-media":"","overlay-type":"","overlay-color":"","overlay-opacity":"","overlay-gradient":""},"tablet":{"background-color":"","background-image":"","background-repeat":"repeat","background-position":"center center","background-size":"auto","background-attachment":"scroll","background-type":"","background-media":"","overlay-type":"","overlay-color":"","overlay-opacity":"","overlay-gradient":""},"mobile":{"background-color":"","background-image":"","background-repeat":"repeat","background-position":"center center","background-size":"auto","background-attachment":"scroll","background-type":"","background-media":"","overlay-type":"","overlay-color":"","overlay-opacity":"","overlay-gradient":""}},"ast-content-background-meta":{"desktop":{"background-color":"var(--ast-global-color-5)","background-image":"","background-repeat":"repeat","background-position":"center center","background-size":"auto","background-attachment":"scroll","background-type":"","background-media":"","overlay-type":"","overlay-color":"","overlay-opacity":"","overlay-gradient":""},"tablet":{"background-color":"var(--ast-global-color-5)","background-image":"","background-repeat":"repeat","background-position":"center center","background-size":"auto","background-attachment":"scroll","background-type":"","background-media":"","overlay-type":"","overlay-color":"","overlay-opacity":"","overlay-gradient":""},"mobile":{"background-color":"var(--ast-global-color-5)","background-image":"","background-repeat":"repeat","background-position":"center center","background-size":"auto","background-attachment":"scroll","background-type":"","background-media":"","overlay-type":"","overlay-color":"","overlay-opacity":"","overlay-gradient":""}}},"product_brand":[],"product_cat":[65,76,77,79,80],"product_tag":[662,419,492,675,489,695,139,659,415,491,145,694,416,535,660,500],"class_list":{"0":"post-9390","1":"product","2":"type-product","3":"status-publish","4":"has-post-thumbnail","6":"product_cat-best-sellers","7":"product_cat-new-arrivels","8":"product_cat-wholesale-womens-shapewear","9":"product_cat-wholesale-seemless-shaperwear","10":"product_cat-wholesale-butt-lift-underwear","11":"product_tag-abdominal","12":"product_tag-bodysuit","13":"product_tag-breathable","14":"product_tag-charming","15":"product_tag-compression","16":"product_tag-fajas","17":"product_tag-high-waist","18":"product_tag-hip-lift","19":"product_tag-lose-weight","20":"product_tag-seamless","21":"product_tag-sexy","22":"product_tag-shaper","23":"product_tag-shapewear","24":"product_tag-slimming","25":"product_tag-smooth","26":"product_tag-tummy-control","27":"pa_color-beige","28":"pa_color-black","29":"pa_size-l","30":"pa_size-m","31":"pa_size-xl","32":"pa_size-xxl","33":"desktop-align-center","34":"tablet-align-left","35":"mobile-align-left","36":"ast-product-gallery-layout-horizontal-slider","37":"ast-product-single-variable","38":"ast-product-tabs-layout-horizontal","39":"ast-qv-on-image","41":"first","42":"instock","43":"shipping-taxable","44":"purchasable","45":"product-type-variable"},"tiered_pricing_type":"fixed","tiered_pricing_fixed_rules":{"5":9.99,"50":8.88,"100":7.77},"tiered_pricing_product_settings":{"layout":"default","base_unit_name":{"singular":null,"plural":null},"default_variation":null},"tiered_pricing_minimum_quantity":null,"tiered_pricing_roles_data":[],"tiered_pricing_percentage_rules":[],"_links":{"self":[{"href":"https:\/\/yume-silm.com\/de\/wp-json\/wp\/v2\/product\/9390","targetHints":{"allow":["GET"]}}],"collection":[{"href":"https:\/\/yume-silm.com\/de\/wp-json\/wp\/v2\/product"}],"about":[{"href":"https:\/\/yume-silm.com\/de\/wp-json\/wp\/v2\/types\/product"}],"replies":[{"embeddable":true,"href":"https:\/\/yume-silm.com\/de\/wp-json\/wp\/v2\/comments?post=9390"}],"wp:featuredmedia":[{"embeddable":true,"href":"https:\/\/yume-silm.com\/de\/wp-json\/wp\/v2\/media\/9357"}],"wp:attachment":[{"href":"https:\/\/yume-silm.com\/de\/wp-json\/wp\/v2\/media?parent=9390"}],"wp:term":[{"taxonomy":"product_brand","embeddable":true,"href":"https:\/\/yume-silm.com\/de\/wp-json\/wp\/v2\/product_brand?post=9390"},{"taxonomy":"product_cat","embeddable":true,"href":"https:\/\/yume-silm.com\/de\/wp-json\/wp\/v2\/product_cat?post=9390"},{"taxonomy":"product_tag","embeddable":true,"href":"https:\/\/yume-silm.com\/de\/wp-json\/wp\/v2\/product_tag?post=9390"}],"curies":[{"name":"wp","href":"https:\/\/api.w.org\/{rel}","templated":true}]}}