{"id":9426,"date":"2024-07-18T07:00:31","date_gmt":"2024-07-18T07:00:31","guid":{"rendered":"https:\/\/yume-silm.com\/?post_type=product&#038;p=9426"},"modified":"2025-05-29T03:34:36","modified_gmt":"2025-05-29T03:34:36","slug":"saunaanzug-ganzkorper-taillentrainer-3-in-1","status":"publish","type":"product","link":"https:\/\/yume-silm.com\/de\/produkt\/saunaanzug-ganzkorper-taillentrainer-3-in-1\/","title":{"rendered":"Schlankheits-Saunaanzug, Ganzk\u00f6rper-Taillentrainer 3 in 1"},"content":{"rendered":"<div data-slate-node=\"element\">\n<h5>Design-Merkmale<\/h5>\n<\/div>\n<ul>\n<li data-slate-node=\"element\"><span class=\"\" data-slate-node=\"text\"><span data-slate-leaf=\"true\"><strong>ABNEHMEN<\/strong>: Dieser Saunaanzug-Ganzk\u00f6rper-Taillentrainer 3 in 1 verf\u00fcgt \u00fcber ein verbessertes w\u00e4rmeabsorbierendes Polymergewebe, das starkes Schwitzen f\u00f6rdert und die Fettverbrennung beim Training um das F\u00fcnffache steigert. Dieses Gewebe erh\u00f6ht die K\u00f6rpertemperatur, w\u00e4hrend die W\u00e4rme-Shapewear hilft, unsere nat\u00fcrliche K\u00f6rpertemperatur zu erh\u00f6hen und das Schwitzen durch k\u00f6rperliche Aktivit\u00e4t zu stimulieren, was zu Gewichtsverlust f\u00fchrt.<br \/>\n<\/span><\/span><\/li>\n<li data-slate-node=\"element\"><strong>3-IN-1-TAILENTRAINING<\/strong> : Kann als Schwitzweste + Arm-Trimmer + Oberschenkel-Schlanker verwendet werden, umh\u00fcllt Ihren K\u00f6rper 360 \u00b0 und macht Ihren gesamten K\u00f6rper schlanker, das Rei\u00dfverschlussdesign erleichtert das Anziehen, das einzigartige atmungsaktive Netz unter den Achseln und im Schritt verbessert den Fitnesskomfort und erm\u00f6glicht uns, Abwechslung beim Sport und k\u00f6rperlichen Komfort zu genie\u00dfen.<\/li>\n<li data-slate-node=\"element\"><strong>HAUTFREUNDLICH UND KOMFORTABEL<\/strong>: Das <span class=\"\" data-slate-node=\"text\"><span data-slate-leaf=\"true\">3 in 1 Schlankheits-Saunaanzug<\/span><\/span> besteht aus weichem und angenehmem, silbernem, w\u00e4rmeabsorbierendem Polymermaterial, das die K\u00f6rpertemperatur erh\u00f6ht, Schwei\u00df ableitet und gleichzeitig sanft zur Haut ist.<\/li>\n<li data-slate-node=\"element\"><span data-slate-leaf=\"true\"><strong>MASSGESCHNEIDERT<\/strong>: Diese Saunen wurden unter ergonomischen Gesichtspunkten entworfen und bieten 3D-Versionen f\u00fcr verschiedene K\u00f6rpertypen, sowohl kleine als auch gro\u00dfe. <\/span><span class=\"\" style=\"font-size: 16px;\" data-slate-node=\"text\"><span data-slate-leaf=\"true\">Ultraelastische Materialien erm\u00f6glichen bequeme Bewegungen w\u00e4hrend des Trainings und machen sie zu einer stylischen und praktischen Option f\u00fcr Fitnessbegeisterte.<\/span><\/span><\/li>\n<\/ul>\n<p><a href=\"https:\/\/yume-silm.com\/wp-content\/uploads\/2024\/07\/Slimming-Sauna-Suit-Full-Body-WaistT-rainer-3-In-1-tummy-control-01-1.jpg\"><img fetchpriority=\"high\" decoding=\"async\" class=\"alignnone wp-image-9428 size-medium\" src=\"https:\/\/yume-silm.com\/wp-content\/uploads\/2024\/07\/Slimming-Sauna-Suit-Full-Body-WaistT-rainer-3-In-1-tummy-control-01-1-300x300.jpg\" alt=\"Schlankheits-Saunaanzug, Ganzk\u00f6rper-Taillentrainer 3 in 1\" width=\"300\" height=\"300\" title=\"\" srcset=\"https:\/\/yume-silm.com\/wp-content\/uploads\/2024\/07\/Slimming-Sauna-Suit-Full-Body-WaistT-rainer-3-In-1-tummy-control-01-1-300x300.jpg 300w, https:\/\/yume-silm.com\/wp-content\/uploads\/2024\/07\/Slimming-Sauna-Suit-Full-Body-WaistT-rainer-3-In-1-tummy-control-01-1-150x150.jpg 150w, https:\/\/yume-silm.com\/wp-content\/uploads\/2024\/07\/Slimming-Sauna-Suit-Full-Body-WaistT-rainer-3-In-1-tummy-control-01-1-768x768.jpg 768w, https:\/\/yume-silm.com\/wp-content\/uploads\/2024\/07\/Slimming-Sauna-Suit-Full-Body-WaistT-rainer-3-In-1-tummy-control-01-1-12x12.jpg 12w, https:\/\/yume-silm.com\/wp-content\/uploads\/2024\/07\/Slimming-Sauna-Suit-Full-Body-WaistT-rainer-3-In-1-tummy-control-01-1-100x100.jpg 100w, https:\/\/yume-silm.com\/wp-content\/uploads\/2024\/07\/Slimming-Sauna-Suit-Full-Body-WaistT-rainer-3-In-1-tummy-control-01-1.jpg 800w\" sizes=\"(max-width: 300px) 100vw, 300px\" \/><\/a> <a href=\"https:\/\/yume-silm.com\/wp-content\/uploads\/2024\/07\/Slimming-Sauna-Suit-Full-Body-WaistT-rainer-3-In-1-tummy-control-02.jpg\"><img decoding=\"async\" class=\"alignnone wp-image-9429 size-medium\" src=\"https:\/\/yume-silm.com\/wp-content\/uploads\/2024\/07\/Slimming-Sauna-Suit-Full-Body-WaistT-rainer-3-In-1-tummy-control-02-300x300.jpg\" alt=\"Schlankheits-Saunaanzug, Ganzk\u00f6rper-Taillentrainer 3 in 1\" width=\"300\" height=\"300\" title=\"\" srcset=\"https:\/\/yume-silm.com\/wp-content\/uploads\/2024\/07\/Slimming-Sauna-Suit-Full-Body-WaistT-rainer-3-In-1-tummy-control-02-300x300.jpg 300w, https:\/\/yume-silm.com\/wp-content\/uploads\/2024\/07\/Slimming-Sauna-Suit-Full-Body-WaistT-rainer-3-In-1-tummy-control-02-150x150.jpg 150w, https:\/\/yume-silm.com\/wp-content\/uploads\/2024\/07\/Slimming-Sauna-Suit-Full-Body-WaistT-rainer-3-In-1-tummy-control-02-768x768.jpg 768w, https:\/\/yume-silm.com\/wp-content\/uploads\/2024\/07\/Slimming-Sauna-Suit-Full-Body-WaistT-rainer-3-In-1-tummy-control-02-12x12.jpg 12w, https:\/\/yume-silm.com\/wp-content\/uploads\/2024\/07\/Slimming-Sauna-Suit-Full-Body-WaistT-rainer-3-In-1-tummy-control-02-100x100.jpg 100w, https:\/\/yume-silm.com\/wp-content\/uploads\/2024\/07\/Slimming-Sauna-Suit-Full-Body-WaistT-rainer-3-In-1-tummy-control-02.jpg 800w\" sizes=\"(max-width: 300px) 100vw, 300px\" \/><\/a><\/p>\n<h6><em>Saunaanzug f\u00fcr den ganzen K\u00f6rper, schlank machender Body Shaper<\/em><\/h6>\n<ul>\n<li>Es besteht aus silbernem, w\u00e4rmeabsorbierendem Polymermaterial und kann die Fettverbrennungsgeschwindigkeit w\u00e4hrend des Trainings um das F\u00fcnffache steigern. Das 3-in-1-Design kann Ihnen einen Abnehmeffekt am ganzen K\u00f6rper bescheren.<\/li>\n<\/ul>","protected":false},"excerpt":{"rendered":"<p>Wenn Sie diesen Saunaanzug als Ganzk\u00f6rper-Taillentrainer 3 in 1 tragen, umh\u00fcllt er Ihren K\u00f6rper um 360 Grad. Das einzigartige Netz- und superelastische Stoffdesign ist sowohl eine modische als auch praktische Wahl f\u00fcr Fitnessbegeisterte.<\/p>","protected":false},"featured_media":9430,"comment_status":"open","ping_status":"closed","template":"","meta":{"site-sidebar-layout":"default","site-content-layout":"","ast-site-content-layout":"default","site-content-style":"default","site-sidebar-style":"default","ast-global-header-display":"","ast-banner-title-visibility":"","ast-main-header-display":"","ast-hfb-above-header-display":"","ast-hfb-below-header-display":"","ast-hfb-mobile-header-display":"","site-post-title":"","ast-breadcrumbs-content":"","ast-featured-img":"","footer-sml-layout":"","ast-disable-related-posts":"","theme-transparent-header-meta":"default","adv-header-id-meta":"","stick-header-meta":"default","header-above-stick-meta":"","header-main-stick-meta":"","header-below-stick-meta":"","astra-migrate-meta-layouts":"set","ast-page-background-enabled":"default","ast-page-background-meta":{"desktop":{"background-color":"","background-image":"","background-repeat":"repeat","background-position":"center center","background-size":"auto","background-attachment":"scroll","background-type":"","background-media":"","overlay-type":"","overlay-color":"","overlay-opacity":"","overlay-gradient":""},"tablet":{"background-color":"","background-image":"","background-repeat":"repeat","background-position":"center center","background-size":"auto","background-attachment":"scroll","background-type":"","background-media":"","overlay-type":"","overlay-color":"","overlay-opacity":"","overlay-gradient":""},"mobile":{"background-color":"","background-image":"","background-repeat":"repeat","background-position":"center center","background-size":"auto","background-attachment":"scroll","background-type":"","background-media":"","overlay-type":"","overlay-color":"","overlay-opacity":"","overlay-gradient":""}},"ast-content-background-meta":{"desktop":{"background-color":"var(--ast-global-color-5)","background-image":"","background-repeat":"repeat","background-position":"center center","background-size":"auto","background-attachment":"scroll","background-type":"","background-media":"","overlay-type":"","overlay-color":"","overlay-opacity":"","overlay-gradient":""},"tablet":{"background-color":"var(--ast-global-color-5)","background-image":"","background-repeat":"repeat","background-position":"center center","background-size":"auto","background-attachment":"scroll","background-type":"","background-media":"","overlay-type":"","overlay-color":"","overlay-opacity":"","overlay-gradient":""},"mobile":{"background-color":"var(--ast-global-color-5)","background-image":"","background-repeat":"repeat","background-position":"center center","background-size":"auto","background-attachment":"scroll","background-type":"","background-media":"","overlay-type":"","overlay-color":"","overlay-opacity":"","overlay-gradient":""}}},"product_brand":[],"product_cat":[65,76,97,102],"product_tag":[702,700,698,699,701,697,417,696,633,214],"class_list":{"0":"post-9426","1":"product","2":"type-product","3":"status-publish","4":"has-post-thumbnail","6":"product_cat-best-sellers","7":"product_cat-new-arrivels","8":"product_cat-sauna-suit","9":"product_cat-full-body-sweat-suit","10":"product_tag-360-degrees","11":"product_tag-body-shape","12":"product_tag-breathable-mesh","13":"product_tag-comfort","14":"product_tag-fashionable","15":"product_tag-loss-weight","16":"product_tag-slim-fit","17":"product_tag-slimming-sauna-suit","18":"product_tag-sweat","19":"product_tag-waist-trainer","20":"pa_color-blue","21":"pa_color-silver","22":"pa_size-2xl","23":"pa_size-3xl","24":"pa_size-l","25":"pa_size-m","26":"pa_size-s","27":"pa_size-xl","28":"desktop-align-center","29":"tablet-align-left","30":"mobile-align-left","31":"ast-product-gallery-layout-horizontal-slider","32":"ast-product-single-variable","33":"ast-product-tabs-layout-horizontal","34":"ast-qv-on-image","36":"first","37":"instock","38":"shipping-taxable","39":"purchasable","40":"product-type-variable"},"tiered_pricing_type":"fixed","tiered_pricing_fixed_rules":{"2":5.4,"50":4.8,"100":4.2},"tiered_pricing_product_settings":{"layout":"default","base_unit_name":{"singular":null,"plural":null},"default_variation":null},"tiered_pricing_minimum_quantity":null,"tiered_pricing_roles_data":[],"tiered_pricing_percentage_rules":[],"_links":{"self":[{"href":"https:\/\/yume-silm.com\/de\/wp-json\/wp\/v2\/product\/9426","targetHints":{"allow":["GET"]}}],"collection":[{"href":"https:\/\/yume-silm.com\/de\/wp-json\/wp\/v2\/product"}],"about":[{"href":"https:\/\/yume-silm.com\/de\/wp-json\/wp\/v2\/types\/product"}],"replies":[{"embeddable":true,"href":"https:\/\/yume-silm.com\/de\/wp-json\/wp\/v2\/comments?post=9426"}],"wp:featuredmedia":[{"embeddable":true,"href":"https:\/\/yume-silm.com\/de\/wp-json\/wp\/v2\/media\/9430"}],"wp:attachment":[{"href":"https:\/\/yume-silm.com\/de\/wp-json\/wp\/v2\/media?parent=9426"}],"wp:term":[{"taxonomy":"product_brand","embeddable":true,"href":"https:\/\/yume-silm.com\/de\/wp-json\/wp\/v2\/product_brand?post=9426"},{"taxonomy":"product_cat","embeddable":true,"href":"https:\/\/yume-silm.com\/de\/wp-json\/wp\/v2\/product_cat?post=9426"},{"taxonomy":"product_tag","embeddable":true,"href":"https:\/\/yume-silm.com\/de\/wp-json\/wp\/v2\/product_tag?post=9426"}],"curies":[{"name":"wp","href":"https:\/\/api.w.org\/{rel}","templated":true}]}}