{"id":9479,"date":"2024-07-18T08:52:00","date_gmt":"2024-07-18T08:52:00","guid":{"rendered":"https:\/\/yume-silm.com\/?post_type=product&#038;p=9479"},"modified":"2024-11-08T08:19:14","modified_gmt":"2024-11-08T08:19:14","slug":"sport-taillentrainer-mit-reisverschluss-in-ubergrose","status":"publish","type":"product","link":"https:\/\/yume-silm.com\/de\/produkt\/sport-taillentrainer-mit-reisverschluss-in-ubergrose\/","title":{"rendered":"Sport-Taillentrainer in \u00dcbergr\u00f6\u00dfe mit Rei\u00dfverschluss"},"content":{"rendered":"<h5>Design-Merkmale<\/h5>\n<ul>\n<li data-slate-node=\"element\"><span class=\"\" data-slate-node=\"text\"><span data-slate-leaf=\"true\"><strong>360-GRAD-TAILLE SCHLANK<\/strong>: Unser Sport-Taillentrainer in \u00dcbergr\u00f6\u00dfe mit Rei\u00dfverschluss verf\u00fcgt \u00fcber elastische G\u00fcrtel und Kompressionsstoffe f\u00fcr den gesamten Bauchbereich. Die 3-stufigen Haken des Women&#039;s Belly Shape Band sorgen daf\u00fcr, dass Sie Ihre schlanke Figur in allen Phasen maximieren und verbessern.<\/span><\/span><\/li>\n<li data-slate-node=\"element\"><strong>VERBESSERT DEN SCHLANKEFFEKT<\/strong>: Der Taillentrainer ist mit einem Rei\u00dfverschluss und einem verst\u00e4rkten Bund ausgestattet, um Ihre Figur zu betonen, w\u00e4hrend das innovative Design des Korsetts es Ihnen leichter macht, Ihre ideale K\u00f6rperform zu erreichen.<\/li>\n<li data-slate-node=\"element\"><strong>DESIGN IN \u00dcBERGR\u00d6SSE<\/strong>: Das Plus-Size-Design ist f\u00fcr Menschen konzipiert, die extra gro\u00dfe Gr\u00f6\u00dfen verwenden. Es bietet eine 360-Grad-Taillenverschlankung, einen strafferen Bauch und verbrennt Fett um die Taille. Dieser sportliche Taillentrainer in \u00dcbergr\u00f6\u00dfe sorgt f\u00fcr eine schmeichelhafte Passform und formt perfekte Kurven.<\/li>\n<li data-slate-node=\"element\"><strong>GELEGENHEIT<\/strong>: Kreieren Sie unter jeder Kleidung eine Sanduhrfigur, perfekt f\u00fcr t\u00e4gliche Aktivit\u00e4ten, Arbeit, Erholung nach der Geburt usw. Dieser Taillentrainer ist eine vielseitige St\u00fctzoption f\u00fcr Ihre K\u00f6rperformungsbed\u00fcrfnisse.<\/li>\n<\/ul>\n<p><a href=\"https:\/\/yume-silm.com\/wp-content\/uploads\/2024\/07\/Plus-Size-Sports-Waist-Trainer-with-Zipper-tummy-control-01-1.jpg\"><img fetchpriority=\"high\" decoding=\"async\" class=\"alignnone wp-image-9482 size-medium\" src=\"https:\/\/yume-silm.com\/wp-content\/uploads\/2024\/07\/Plus-Size-Sports-Waist-Trainer-with-Zipper-tummy-control-01-1-300x300.jpg\" alt=\"Sport-Taillentrainer mit Rei\u00dfverschluss in \u00dcbergr\u00f6\u00dfe\" width=\"300\" height=\"300\" title=\"\" srcset=\"https:\/\/yume-silm.com\/wp-content\/uploads\/2024\/07\/Plus-Size-Sports-Waist-Trainer-with-Zipper-tummy-control-01-1-300x300.jpg 300w, https:\/\/yume-silm.com\/wp-content\/uploads\/2024\/07\/Plus-Size-Sports-Waist-Trainer-with-Zipper-tummy-control-01-1-150x150.jpg 150w, https:\/\/yume-silm.com\/wp-content\/uploads\/2024\/07\/Plus-Size-Sports-Waist-Trainer-with-Zipper-tummy-control-01-1-768x768.jpg 768w, https:\/\/yume-silm.com\/wp-content\/uploads\/2024\/07\/Plus-Size-Sports-Waist-Trainer-with-Zipper-tummy-control-01-1-12x12.jpg 12w, https:\/\/yume-silm.com\/wp-content\/uploads\/2024\/07\/Plus-Size-Sports-Waist-Trainer-with-Zipper-tummy-control-01-1-100x100.jpg 100w, https:\/\/yume-silm.com\/wp-content\/uploads\/2024\/07\/Plus-Size-Sports-Waist-Trainer-with-Zipper-tummy-control-01-1.jpg 800w\" sizes=\"(max-width: 300px) 100vw, 300px\" \/><\/a><a href=\"https:\/\/yume-silm.com\/wp-content\/uploads\/2024\/07\/Plus-Size-Sports-Waist-Trainer-with-Zipper-tummy-control-02.jpg\"><img decoding=\"async\" class=\"alignnone wp-image-9483 size-medium\" src=\"https:\/\/yume-silm.com\/wp-content\/uploads\/2024\/07\/Plus-Size-Sports-Waist-Trainer-with-Zipper-tummy-control-02-300x300.jpg\" alt=\"Sport-Taillentrainer mit Rei\u00dfverschluss in \u00dcbergr\u00f6\u00dfe\" width=\"300\" height=\"300\" title=\"\" srcset=\"https:\/\/yume-silm.com\/wp-content\/uploads\/2024\/07\/Plus-Size-Sports-Waist-Trainer-with-Zipper-tummy-control-02-300x300.jpg 300w, https:\/\/yume-silm.com\/wp-content\/uploads\/2024\/07\/Plus-Size-Sports-Waist-Trainer-with-Zipper-tummy-control-02-150x150.jpg 150w, https:\/\/yume-silm.com\/wp-content\/uploads\/2024\/07\/Plus-Size-Sports-Waist-Trainer-with-Zipper-tummy-control-02-768x768.jpg 768w, https:\/\/yume-silm.com\/wp-content\/uploads\/2024\/07\/Plus-Size-Sports-Waist-Trainer-with-Zipper-tummy-control-02-12x12.jpg 12w, https:\/\/yume-silm.com\/wp-content\/uploads\/2024\/07\/Plus-Size-Sports-Waist-Trainer-with-Zipper-tummy-control-02-100x100.jpg 100w, https:\/\/yume-silm.com\/wp-content\/uploads\/2024\/07\/Plus-Size-Sports-Waist-Trainer-with-Zipper-tummy-control-02.jpg 800w\" sizes=\"(max-width: 300px) 100vw, 300px\" \/><\/a><\/p>\n<h6 data-slate-node=\"element\"><em><span class=\"\" data-slate-node=\"text\">Enganliegende Bauch- und Taillentrainer f\u00fcr Damen<\/span><\/em><\/h6>\n<ul>\n<li data-slate-node=\"element\" data-slate-fragment=\"JTVCJTdCJTIydHlwZSUyMiUzQSUyMnBhcmFncmFwaCUyMiUyQyUyMmNoaWxkcmVuJTIyJTNBJTVCJTdCJTIydGV4dCUyMiUzQSUyMlRpZ2h0JTIwQWJkb21pbmFsJTIwYW5kJTIwV2Fpc3QlMjBUcmFpbmVycyUyMGZvciUyMFdvbWVuJTIyJTJDJTIyc2VudGVuY2UlMjIlM0E0JTJDJTIyY2hpbGRTZW50ZW5jZSUyMiUzQTAlN0QlNUQlN0QlMkMlN0IlMjJ0eXBlJTIyJTNBJTIycGFyYWdyYXBoJTIyJTJDJTIyY2hpbGRyZW4lMjIlM0ElNUIlN0IlMjJ0ZXh0JTIyJTNBJTIyVGhlJTIwdGlnaHQtZml0dGluZyUyMGRlc2lnbiUyMGNhbiUyMGJldHRlciUyMGNvbXByZXNzJTIwdGhlJTIwZmF0JTIwYXJvdW5kJTIwdGhlJTIwd2Fpc3QlMkMlMjBzbGltbWluZyUyMHRoZSUyMHdhaXN0JTIwaW4lMjBhbGwlMjBkaXJlY3Rpb25zJTJDJTIwZW5zdXJpbmclMjB0aGF0JTIweW91ciUyMG1vdmVtZW50cyUyMGFyZSUyMG1pbmltYWwlMkMlMjB3aGljaCUyMGNhbiUyMGhlbHAlMjB5b3UlMjBzaGFwZSUyMHlvdXIlMjBpZGVhbCUyMGZpZ3VyZSUyMHRvJTIwdGhlJTIwZ3JlYXRlc3QlMjBleHRlbnQuJTIyJTJDJTIyc2VudGVuY2UlMjIlM0E1JTJDJTIyY2hpbGRTZW50ZW5jZSUyMiUzQTAlN0QlNUQlN0QlNUQ=\"><span class=\"\" data-slate-node=\"text\"><span data-slate-leaf=\"true\">Das eng anliegende Design kann das Fett um die Taille herum besser komprimieren, wodurch die Taille in alle Richtungen schlanker wird und sichergestellt wird, dass Ihre Bewegungen minimal sind, was Ihnen dabei helfen kann, Ihre Idealfigur maximal zu formen.<\/span><\/span><\/li>\n<\/ul>","protected":false},"excerpt":{"rendered":"<p><span data-slate-fragment=\"JTVCJTdCJTIydHlwZSUyMiUzQSUyMnBhcmFncmFwaCUyMiUyQyUyMmNoaWxkcmVuJTIyJTNBJTVCJTdCJTIydGV4dCUyMiUzQSUyMldlYXJpbmclMjB0aGlzJTIwd2Fpc3QlMjB0cmFpbmVyJTJDJTIwdGhlJTIwdWx0cmEtZWxhc3RpYyUyMGZhYnJpYyUyMGFuZCUyMGJhY2slMjBwbGF0ZSUyMGFyZSUyMGVxdWlwcGVkJTIwd2l0aCUyMDQlMjBlbGFzdGljJTIwc3RlZWwlMjBmcmFtZXMlMkMlMjBhbmQlMjB0aGUlMjBiZWx0J3MlMjBhc3Npc3RhbmNlJTIwdG8lMjBhdm9pZCUyMHJvbGxpbmclMjBjYW4lMjBtYWtlJTIweW91ciUyMHdhaXN0JTIwY3VydmUlMjBtb3JlJTIwYXR0cmFjdGl2ZSUyQyUyMG5vdCUyMG9ubHklMjBpbXByb3ZpbmclMjB5b3VyJTIwcG9zdHVyZSUyQyUyMGJ1dCUyMGFsc28lMjByZWR1Y2luZyUyMGJhY2slMjBzdHJhaW4uJTIyJTJDJTIyc2VudGVuY2UlMjIlM0E2JTJDJTIyY2hpbGRTZW50ZW5jZSUyMiUzQTAlN0QlNUQlN0QlNUQ=\">Wenn Sie diesen sportlichen Taillentrainer in \u00dcbergr\u00f6\u00dfe mit Rei\u00dfverschluss tragen, sind der ultraelastische Stoff und die R\u00fcckenplatte mit vier elastischen Stahlrahmen ausgestattet. Die Unterst\u00fctzung des G\u00fcrtels, ein Aufrollen zu verhindern, kann Ihre Taillenkurve attraktiver machen und nicht nur Ihre Haltung verbessern, sondern auch die Belastung des R\u00fcckens verringern.<\/span><\/p>","protected":false},"featured_media":9484,"comment_status":"open","ping_status":"closed","template":"","meta":{"site-sidebar-layout":"default","site-content-layout":"","ast-site-content-layout":"default","site-content-style":"default","site-sidebar-style":"default","ast-global-header-display":"","ast-banner-title-visibility":"","ast-main-header-display":"","ast-hfb-above-header-display":"","ast-hfb-below-header-display":"","ast-hfb-mobile-header-display":"","site-post-title":"","ast-breadcrumbs-content":"","ast-featured-img":"","footer-sml-layout":"","ast-disable-related-posts":"","theme-transparent-header-meta":"default","adv-header-id-meta":"","stick-header-meta":"default","header-above-stick-meta":"","header-main-stick-meta":"","header-below-stick-meta":"","astra-migrate-meta-layouts":"set","ast-page-background-enabled":"default","ast-page-background-meta":{"desktop":{"background-color":"","background-image":"","background-repeat":"repeat","background-position":"center center","background-size":"auto","background-attachment":"scroll","background-type":"","background-media":"","overlay-type":"","overlay-color":"","overlay-opacity":"","overlay-gradient":""},"tablet":{"background-color":"","background-image":"","background-repeat":"repeat","background-position":"center center","background-size":"auto","background-attachment":"scroll","background-type":"","background-media":"","overlay-type":"","overlay-color":"","overlay-opacity":"","overlay-gradient":""},"mobile":{"background-color":"","background-image":"","background-repeat":"repeat","background-position":"center center","background-size":"auto","background-attachment":"scroll","background-type":"","background-media":"","overlay-type":"","overlay-color":"","overlay-opacity":"","overlay-gradient":""}},"ast-content-background-meta":{"desktop":{"background-color":"var(--ast-global-color-5)","background-image":"","background-repeat":"repeat","background-position":"center center","background-size":"auto","background-attachment":"scroll","background-type":"","background-media":"","overlay-type":"","overlay-color":"","overlay-opacity":"","overlay-gradient":""},"tablet":{"background-color":"var(--ast-global-color-5)","background-image":"","background-repeat":"repeat","background-position":"center center","background-size":"auto","background-attachment":"scroll","background-type":"","background-media":"","overlay-type":"","overlay-color":"","overlay-opacity":"","overlay-gradient":""},"mobile":{"background-color":"var(--ast-global-color-5)","background-image":"","background-repeat":"repeat","background-position":"center center","background-size":"auto","background-attachment":"scroll","background-type":"","background-media":"","overlay-type":"","overlay-color":"","overlay-opacity":"","overlay-gradient":""}}},"product_brand":[],"product_cat":[65,76,90,93,95],"product_tag":[662,712,489,198,141,709,711,535,654,710,214],"class_list":{"0":"post-9479","1":"product","2":"type-product","3":"status-publish","4":"has-post-thumbnail","6":"product_cat-best-sellers","7":"product_cat-new-arrivels","8":"product_cat-wholesale-waist-trainer","9":"product_cat-wholesale-plus-size-waist-trainer","10":"product_cat-waist-cincher","11":"product_tag-abdominal","12":"product_tag-bodyshape","13":"product_tag-compression","14":"product_tag-hourglass","15":"product_tag-plus-size","16":"product_tag-postpartum-recovery","17":"product_tag-reinforced","18":"product_tag-slimming","19":"product_tag-tight","20":"product_tag-ultra-elastic","21":"product_tag-waist-trainer","22":"pa_color-black","23":"pa_size-2xl","24":"pa_size-3xl","25":"pa_size-4xl","26":"pa_size-5xl","27":"pa_size-6xl","28":"pa_size-l","29":"pa_size-m","30":"pa_size-s","31":"pa_size-xl","32":"desktop-align-center","33":"tablet-align-left","34":"mobile-align-left","35":"ast-product-gallery-layout-horizontal-slider","36":"ast-product-single-variable","37":"ast-product-tabs-layout-horizontal","38":"ast-qv-on-image","40":"first","41":"instock","42":"shipping-taxable","43":"purchasable","44":"product-type-variable"},"tiered_pricing_type":"fixed","tiered_pricing_fixed_rules":{"5":11.45,"50":10.15,"100":8.9},"tiered_pricing_product_settings":{"layout":"default","base_unit_name":{"singular":null,"plural":null},"default_variation":null},"tiered_pricing_minimum_quantity":null,"tiered_pricing_roles_data":[],"tiered_pricing_percentage_rules":[],"_links":{"self":[{"href":"https:\/\/yume-silm.com\/de\/wp-json\/wp\/v2\/product\/9479","targetHints":{"allow":["GET"]}}],"collection":[{"href":"https:\/\/yume-silm.com\/de\/wp-json\/wp\/v2\/product"}],"about":[{"href":"https:\/\/yume-silm.com\/de\/wp-json\/wp\/v2\/types\/product"}],"replies":[{"embeddable":true,"href":"https:\/\/yume-silm.com\/de\/wp-json\/wp\/v2\/comments?post=9479"}],"wp:featuredmedia":[{"embeddable":true,"href":"https:\/\/yume-silm.com\/de\/wp-json\/wp\/v2\/media\/9484"}],"wp:attachment":[{"href":"https:\/\/yume-silm.com\/de\/wp-json\/wp\/v2\/media?parent=9479"}],"wp:term":[{"taxonomy":"product_brand","embeddable":true,"href":"https:\/\/yume-silm.com\/de\/wp-json\/wp\/v2\/product_brand?post=9479"},{"taxonomy":"product_cat","embeddable":true,"href":"https:\/\/yume-silm.com\/de\/wp-json\/wp\/v2\/product_cat?post=9479"},{"taxonomy":"product_tag","embeddable":true,"href":"https:\/\/yume-silm.com\/de\/wp-json\/wp\/v2\/product_tag?post=9479"}],"curies":[{"name":"wp","href":"https:\/\/api.w.org\/{rel}","templated":true}]}}