{"id":9499,"date":"2024-07-19T02:34:12","date_gmt":"2024-07-19T02:34:12","guid":{"rendered":"https:\/\/yume-silm.com\/?post_type=product&#038;p=9499"},"modified":"2025-05-29T03:34:47","modified_gmt":"2025-05-29T03:34:47","slug":"einteiliger-unsichtbarer-bh","status":"publish","type":"product","link":"https:\/\/yume-silm.com\/de\/produkt\/einteiliger-unsichtbarer-bh\/","title":{"rendered":"Einteiliger unsichtbarer BH f\u00fcr Frauen 2024 Neu"},"content":{"rendered":"<h5>Design-Merkmale<\/h5>\n<ul>\n<li>\n<div data-slate-node=\"element\"><span data-slate-fragment=\"JTVCJTdCJTIydHlwZSUyMiUzQSUyMnBhcmFncmFwaCUyMiUyQyUyMmNoaWxkcmVuJTIyJTNBJTVCJTdCJTIydGV4dCUyMiUzQSUyMkdhdGhlcmluZyUyMiUyQyUyMnNlbnRlbmNlJTIyJTNBMyUyQyUyMmNoaWxkU2VudGVuY2UlMjIlM0EwJTdEJTVEJTdEJTVE\"><strong>VERSAMMLUNG<\/strong>:<\/span>Der einteilige, unsichtbare BH mit transparenten Tr\u00e4gern besteht aus stark haftendem Silikonmaterial, das Ihre Br\u00fcste in einer guten und bequemen Position h\u00e4lt und sie st\u00e4rker nach oben dr\u00fcckt.<\/div>\n<\/li>\n<li>\n<div data-slate-node=\"element\"><span class=\"\" data-slate-node=\"text\"><span data-slate-leaf=\"true\"><strong>TIEFE V-DESIGN<\/strong>: Dieser einteilige, formlose BH ist so konzipiert, dass er Ihr Dekollet\u00e9 maximiert und gleichzeitig bequem ist. Er sorgt f\u00fcr ein nat\u00fcrliches Dekollet\u00e9 und betont Ihre Brust.<\/span><\/span><\/div>\n<\/li>\n<li>\n<div data-slate-node=\"element\"><span class=\"\" data-slate-node=\"text\"><span data-slate-leaf=\"true\"><strong>ABNEHMBARER SCHULTERGURT<\/strong>: Sie k\u00f6nnen die sch\u00f6ne Unterw\u00e4sche auf dem R\u00fccken \u00fcberkreuzen, und die t\u00e4gliche Schulter kann auch als vielseitige Tube-Top-Unterw\u00e4sche getragen werden, aus der Sie w\u00e4hlen k\u00f6nnen.<\/span><\/span><\/div>\n<\/li>\n<li>\n<div data-slate-node=\"element\"><span class=\"\" data-slate-node=\"text\"><span data-slate-leaf=\"true\"><strong>GELEGENHEIT<\/strong>: Das einfarbige Design ist ideal f\u00fcr tief ausgeschnittene Oberteile, Brautkleider, Tanzkleider, Alltagskleidung oder tr\u00e4gerlose transparente Kleidung, Brautjungfernkleider, Ballkleider und formelle Abendkleider.<\/span><\/span><\/div>\n<\/li>\n<\/ul>\n<p><a href=\"https:\/\/yume-silm.com\/wp-content\/uploads\/2024\/07\/Bra-for-Women-2024-New-adhesive-bra-reusable-strapless-silicone-bra-bikini-02.jpg\"><img fetchpriority=\"high\" decoding=\"async\" class=\"alignnone wp-image-9506 size-medium\" src=\"https:\/\/yume-silm.com\/wp-content\/uploads\/2024\/07\/Bra-for-Women-2024-New-adhesive-bra-reusable-strapless-silicone-bra-bikini-02-300x300.jpg\" alt=\"einteiliger unsichtbarer BH f\u00fcr Frauen 2024 neu\" width=\"300\" height=\"300\" title=\"\" srcset=\"https:\/\/yume-silm.com\/wp-content\/uploads\/2024\/07\/Bra-for-Women-2024-New-adhesive-bra-reusable-strapless-silicone-bra-bikini-02-300x300.jpg 300w, https:\/\/yume-silm.com\/wp-content\/uploads\/2024\/07\/Bra-for-Women-2024-New-adhesive-bra-reusable-strapless-silicone-bra-bikini-02-150x150.jpg 150w, https:\/\/yume-silm.com\/wp-content\/uploads\/2024\/07\/Bra-for-Women-2024-New-adhesive-bra-reusable-strapless-silicone-bra-bikini-02-768x768.jpg 768w, https:\/\/yume-silm.com\/wp-content\/uploads\/2024\/07\/Bra-for-Women-2024-New-adhesive-bra-reusable-strapless-silicone-bra-bikini-02-12x12.jpg 12w, https:\/\/yume-silm.com\/wp-content\/uploads\/2024\/07\/Bra-for-Women-2024-New-adhesive-bra-reusable-strapless-silicone-bra-bikini-02-100x100.jpg 100w, https:\/\/yume-silm.com\/wp-content\/uploads\/2024\/07\/Bra-for-Women-2024-New-adhesive-bra-reusable-strapless-silicone-bra-bikini-02.jpg 800w\" sizes=\"(max-width: 300px) 100vw, 300px\" \/><\/a><a href=\"https:\/\/yume-silm.com\/wp-content\/uploads\/2024\/07\/One-Piece-Invisible-Bra-for-Women-2024-New-adhesive-bra-reusable-strapless-silicone-bra-02.jpg\"><img decoding=\"async\" class=\"alignnone wp-image-9502 size-medium\" src=\"https:\/\/yume-silm.com\/wp-content\/uploads\/2024\/07\/One-Piece-Invisible-Bra-for-Women-2024-New-adhesive-bra-reusable-strapless-silicone-bra-02-300x300.jpg\" alt=\"einteiliger unsichtbarer BH f\u00fcr Frauen 2024 neu\" width=\"300\" height=\"300\" title=\"\" srcset=\"https:\/\/yume-silm.com\/wp-content\/uploads\/2024\/07\/One-Piece-Invisible-Bra-for-Women-2024-New-adhesive-bra-reusable-strapless-silicone-bra-02-300x300.jpg 300w, https:\/\/yume-silm.com\/wp-content\/uploads\/2024\/07\/One-Piece-Invisible-Bra-for-Women-2024-New-adhesive-bra-reusable-strapless-silicone-bra-02-150x150.jpg 150w, https:\/\/yume-silm.com\/wp-content\/uploads\/2024\/07\/One-Piece-Invisible-Bra-for-Women-2024-New-adhesive-bra-reusable-strapless-silicone-bra-02-768x768.jpg 768w, https:\/\/yume-silm.com\/wp-content\/uploads\/2024\/07\/One-Piece-Invisible-Bra-for-Women-2024-New-adhesive-bra-reusable-strapless-silicone-bra-02-12x12.jpg 12w, https:\/\/yume-silm.com\/wp-content\/uploads\/2024\/07\/One-Piece-Invisible-Bra-for-Women-2024-New-adhesive-bra-reusable-strapless-silicone-bra-02-100x100.jpg 100w, https:\/\/yume-silm.com\/wp-content\/uploads\/2024\/07\/One-Piece-Invisible-Bra-for-Women-2024-New-adhesive-bra-reusable-strapless-silicone-bra-02.jpg 800w\" sizes=\"(max-width: 300px) 100vw, 300px\" \/><\/a><\/p>\n<p>&nbsp;<\/p>\n<h6 data-slate-node=\"element\"><em><span style=\"font-size: 16px;\">R\u00fcckenfreier, tr\u00e4gerloser Einteiler-BH aus Silikon f\u00fcr Damen<\/span><\/em><\/h6>\n<ul>\n<li data-slate-node=\"element\" data-slate-fragment=\"JTVCJTdCJTIydHlwZSUyMiUzQSUyMnBhcmFncmFwaCUyMiUyQyUyMmNoaWxkcmVuJTIyJTNBJTVCJTdCJTIydGV4dCUyMiUzQSUyMldvbWVuJ3MlMjBTaWxpY29uZSUyMEJhY2tsZXNzJTIwU3RyYXBsZXNzJTIwVW5kZXJ3ZWFyJTIyJTJDJTIyc2VudGVuY2UlMjIlM0EwJTJDJTIyY2hpbGRTZW50ZW5jZSUyMiUzQTAlN0QlNUQlN0QlMkMlN0IlMjJ0eXBlJTIyJTNBJTIycGFyYWdyYXBoJTIyJTJDJTIyY2hpbGRyZW4lMjIlM0ElNUIlN0IlMjJ0ZXh0JTIyJTNBJTIySGlnaCUyMGFkaGVzaW9uJTIwc2lsaWNvbmUlMjBtYXRlcmlhbCUyMHdpdGglMjBzdHJhcGxlc3MlMjBkZXNpZ24lMkMlMjBjYW4lMjBiZSUyMG1hdGNoZWQlMjB3aXRoJTIwYW55JTIwY2xvdGhpbmclMjBpbiUyMGRhaWx5JTIwbGlmZSUyQyUyMHVuaXF1ZSUyMGRlc2lnbiUyMG1ha2VzJTIweW91JTIwbW9yZSUyMGRhenpsaW5nJTIwaW4lMjB0aGUlMjBjcm93ZCUyMiUyQyUyMnNlbnRlbmNlJTIyJTNBMSUyQyUyMmNoaWxkU2VudGVuY2UlMjIlM0EwJTdEJTVEJTdEJTVE\">Dieser r\u00fcckenfreie, tr\u00e4gerlose, einteilige, unsichtbare Silikon-BH f\u00fcr Frauen besteht aus hochviskosem Silikonmaterial und hat ein tr\u00e4gerloses Design, das mit jeder Kleidung im t\u00e4glichen Leben kombiniert werden kann. Das einzigartige Design l\u00e4sst Sie aus der Menge noch mehr hervorstechen.<\/li>\n<\/ul>","protected":false},"excerpt":{"rendered":"<p>Tragen Sie diesen unsichtbaren Einteiler-BH f\u00fcr Damen, um Ihre Brust st\u00e4rker hervorzuheben. Das sexy Design mit tiefem V-Ausschnitt und die dickeren Polster lassen Ihre Brust voller wirken.<\/p>","protected":false},"featured_media":9500,"comment_status":"open","ping_status":"closed","template":"","meta":{"site-sidebar-layout":"default","site-content-layout":"","ast-site-content-layout":"default","site-content-style":"default","site-sidebar-style":"default","ast-global-header-display":"","ast-banner-title-visibility":"","ast-main-header-display":"","ast-hfb-above-header-display":"","ast-hfb-below-header-display":"","ast-hfb-mobile-header-display":"","site-post-title":"","ast-breadcrumbs-content":"","ast-featured-img":"","footer-sml-layout":"","ast-disable-related-posts":"","theme-transparent-header-meta":"default","adv-header-id-meta":"","stick-header-meta":"default","header-above-stick-meta":"","header-main-stick-meta":"","header-below-stick-meta":"","astra-migrate-meta-layouts":"set","ast-page-background-enabled":"default","ast-page-background-meta":{"desktop":{"background-color":"","background-image":"","background-repeat":"repeat","background-position":"center center","background-size":"auto","background-attachment":"scroll","background-type":"","background-media":"","overlay-type":"","overlay-color":"","overlay-opacity":"","overlay-gradient":""},"tablet":{"background-color":"","background-image":"","background-repeat":"repeat","background-position":"center center","background-size":"auto","background-attachment":"scroll","background-type":"","background-media":"","overlay-type":"","overlay-color":"","overlay-opacity":"","overlay-gradient":""},"mobile":{"background-color":"","background-image":"","background-repeat":"repeat","background-position":"center center","background-size":"auto","background-attachment":"scroll","background-type":"","background-media":"","overlay-type":"","overlay-color":"","overlay-opacity":"","overlay-gradient":""}},"ast-content-background-meta":{"desktop":{"background-color":"var(--ast-global-color-5)","background-image":"","background-repeat":"repeat","background-position":"center center","background-size":"auto","background-attachment":"scroll","background-type":"","background-media":"","overlay-type":"","overlay-color":"","overlay-opacity":"","overlay-gradient":""},"tablet":{"background-color":"var(--ast-global-color-5)","background-image":"","background-repeat":"repeat","background-position":"center center","background-size":"auto","background-attachment":"scroll","background-type":"","background-media":"","overlay-type":"","overlay-color":"","overlay-opacity":"","overlay-gradient":""},"mobile":{"background-color":"var(--ast-global-color-5)","background-image":"","background-repeat":"repeat","background-position":"center center","background-size":"auto","background-attachment":"scroll","background-type":"","background-media":"","overlay-type":"","overlay-color":"","overlay-opacity":"","overlay-gradient":""}}},"product_brand":[],"product_cat":[65,259,584],"product_tag":[714,143,646,619,713,707,148,715,145,716,502,140],"class_list":{"0":"post-9499","1":"product","2":"type-product","3":"status-publish","4":"has-post-thumbnail","6":"product_cat-best-sellers","7":"product_cat-lingerie","8":"product_cat-adhesive-bras","9":"product_tag-adhesion-silicone","10":"product_tag-backless","11":"product_tag-comfortable","12":"product_tag-deep-v","13":"product_tag-gather","14":"product_tag-invisible","15":"product_tag-one-piece","16":"product_tag-pushed-up","17":"product_tag-sexy","18":"product_tag-shapeless","19":"product_tag-solid-color","20":"product_tag-strapless","21":"pa_color-beige","22":"pa_color-black","23":"pa_size-a","24":"pa_size-b","25":"pa_size-c","26":"pa_size-d","27":"desktop-align-center","28":"tablet-align-left","29":"mobile-align-left","30":"ast-product-gallery-layout-horizontal-slider","31":"ast-product-single-variable","32":"ast-product-tabs-layout-horizontal","33":"ast-qv-on-image","35":"first","36":"instock","37":"shipping-taxable","38":"purchasable","39":"product-type-variable"},"tiered_pricing_type":"fixed","tiered_pricing_fixed_rules":{"5":1.75,"50":1.55,"100":1.35},"tiered_pricing_product_settings":{"layout":"default","base_unit_name":{"singular":null,"plural":null},"default_variation":null},"tiered_pricing_minimum_quantity":null,"tiered_pricing_roles_data":[],"tiered_pricing_percentage_rules":[],"_links":{"self":[{"href":"https:\/\/yume-silm.com\/de\/wp-json\/wp\/v2\/product\/9499","targetHints":{"allow":["GET"]}}],"collection":[{"href":"https:\/\/yume-silm.com\/de\/wp-json\/wp\/v2\/product"}],"about":[{"href":"https:\/\/yume-silm.com\/de\/wp-json\/wp\/v2\/types\/product"}],"replies":[{"embeddable":true,"href":"https:\/\/yume-silm.com\/de\/wp-json\/wp\/v2\/comments?post=9499"}],"wp:featuredmedia":[{"embeddable":true,"href":"https:\/\/yume-silm.com\/de\/wp-json\/wp\/v2\/media\/9500"}],"wp:attachment":[{"href":"https:\/\/yume-silm.com\/de\/wp-json\/wp\/v2\/media?parent=9499"}],"wp:term":[{"taxonomy":"product_brand","embeddable":true,"href":"https:\/\/yume-silm.com\/de\/wp-json\/wp\/v2\/product_brand?post=9499"},{"taxonomy":"product_cat","embeddable":true,"href":"https:\/\/yume-silm.com\/de\/wp-json\/wp\/v2\/product_cat?post=9499"},{"taxonomy":"product_tag","embeddable":true,"href":"https:\/\/yume-silm.com\/de\/wp-json\/wp\/v2\/product_tag?post=9499"}],"curies":[{"name":"wp","href":"https:\/\/api.w.org\/{rel}","templated":true}]}}