{"id":9520,"date":"2024-07-19T03:33:21","date_gmt":"2024-07-19T03:33:21","guid":{"rendered":"https:\/\/yume-silm.com\/?post_type=product&#038;p=9520"},"modified":"2025-05-26T00:39:39","modified_gmt":"2025-05-26T00:39:39","slug":"spitze-rund-stark-haftend-unsichtbare-brust","status":"publish","type":"product","link":"https:\/\/yume-silm.com\/de\/produkt\/spitze-rund-stark-haftend-unsichtbare-brust\/","title":{"rendered":"Summer Lace rundes, stark haftendes, unsichtbares Brustpflaster"},"content":{"rendered":"<h5>Design-Merkmale<\/h5>\n<ul>\n<li data-slate-node=\"element\"><span class=\"\" data-slate-node=\"text\"><span data-slate-leaf=\"true\"><strong>EINZIGARTIGES DESIGN<\/strong>: Das runde, stark haftende, unsichtbare Brustpflaster aus Spitze hat eine einzigartige Bl\u00fctenblattform und ein Spitzenmuster, das es noch sexyer macht. Sie m\u00fcssen sich keine Sorgen machen, dass die Bl\u00fctenblattform Ihren K\u00f6rper leicht freilegt, sodass Sie es selbstbewusst und mutig tragen k\u00f6nnen.<\/span><\/span><\/li>\n<li data-slate-node=\"element\"><strong>TRAGBAR<\/strong>: Dieses selbstklebende Einweg-Brustwarzenblatt f\u00fcr Frauen ist klein und leicht, einfach zu tragen, hat ein kleines Design, kann in eine Handtasche gesteckt werden, ist einfach zu tragen und kann den Austauschbedarf verschiedener Gelegenheiten decken.<\/li>\n<li data-slate-node=\"element\"><strong>HOCHWERTIGE VISKOSE<\/strong>: aus Bioklebstoff, viskos und f\u00e4llt nicht leicht ab, ist leicht und schwerelos und verursacht beim Schwimmen keine Peinlichkeiten.<\/li>\n<li data-slate-node=\"element\"><strong>GELEGENHEIT<\/strong>: hinterl\u00e4sst keine Spuren und ist beulenfrei, kann bei Hochzeiten, Banketten, auf Reisen, als Neckholder-Top, zum Fotografieren bei Verabredungen oder Auftritten usw. verwendet werden und macht Sie noch sch\u00f6ner.<\/li>\n<\/ul>\n<p><a href=\"https:\/\/yume-silm.com\/wp-content\/uploads\/2024\/07\/Disposable-Adhesive-Nipple-Petals-for-Women-1.jpg\"><img fetchpriority=\"high\" decoding=\"async\" class=\"alignnone wp-image-9522 size-medium\" src=\"https:\/\/yume-silm.com\/wp-content\/uploads\/2024\/07\/Disposable-Adhesive-Nipple-Petals-for-Women-1-300x300.jpg\" alt=\"Sommerspitze rundes stark haftendes unsichtbares Brustpflaster\" width=\"300\" height=\"300\" title=\"\" srcset=\"https:\/\/yume-silm.com\/wp-content\/uploads\/2024\/07\/Disposable-Adhesive-Nipple-Petals-for-Women-1-300x300.jpg 300w, https:\/\/yume-silm.com\/wp-content\/uploads\/2024\/07\/Disposable-Adhesive-Nipple-Petals-for-Women-1-150x150.jpg 150w, https:\/\/yume-silm.com\/wp-content\/uploads\/2024\/07\/Disposable-Adhesive-Nipple-Petals-for-Women-1-768x768.jpg 768w, https:\/\/yume-silm.com\/wp-content\/uploads\/2024\/07\/Disposable-Adhesive-Nipple-Petals-for-Women-1-12x12.jpg 12w, https:\/\/yume-silm.com\/wp-content\/uploads\/2024\/07\/Disposable-Adhesive-Nipple-Petals-for-Women-1-100x100.jpg 100w, https:\/\/yume-silm.com\/wp-content\/uploads\/2024\/07\/Disposable-Adhesive-Nipple-Petals-for-Women-1.jpg 800w\" sizes=\"(max-width: 300px) 100vw, 300px\" \/><\/a><a href=\"https:\/\/yume-silm.com\/wp-content\/uploads\/2024\/07\/Disposable-Adhesive-Nipple-Petals-for-Women-2.jpg\"><img decoding=\"async\" class=\"alignnone wp-image-9523 size-medium\" src=\"https:\/\/yume-silm.com\/wp-content\/uploads\/2024\/07\/Disposable-Adhesive-Nipple-Petals-for-Women-2-300x300.jpg\" alt=\"Sommerspitze rundes stark haftendes unsichtbares Brustpflaster\" width=\"300\" height=\"300\" title=\"\" srcset=\"https:\/\/yume-silm.com\/wp-content\/uploads\/2024\/07\/Disposable-Adhesive-Nipple-Petals-for-Women-2-300x300.jpg 300w, https:\/\/yume-silm.com\/wp-content\/uploads\/2024\/07\/Disposable-Adhesive-Nipple-Petals-for-Women-2-150x150.jpg 150w, https:\/\/yume-silm.com\/wp-content\/uploads\/2024\/07\/Disposable-Adhesive-Nipple-Petals-for-Women-2-768x768.jpg 768w, https:\/\/yume-silm.com\/wp-content\/uploads\/2024\/07\/Disposable-Adhesive-Nipple-Petals-for-Women-2-12x12.jpg 12w, https:\/\/yume-silm.com\/wp-content\/uploads\/2024\/07\/Disposable-Adhesive-Nipple-Petals-for-Women-2-100x100.jpg 100w, https:\/\/yume-silm.com\/wp-content\/uploads\/2024\/07\/Disposable-Adhesive-Nipple-Petals-for-Women-2.jpg 800w\" sizes=\"(max-width: 300px) 100vw, 300px\" \/><\/a><\/p>\n<h6 data-slate-node=\"element\"><em>Sexy Einweg-Brustpflaster aus Spitze f\u00fcr Damen<\/em><\/h6>\n<ul>\n<li data-slate-node=\"element\" data-slate-fragment=\"JTVCJTdCJTIydHlwZSUyMiUzQSUyMnBhcmFncmFwaCUyMiUyQyUyMmNoaWxkcmVuJTIyJTNBJTVCJTdCJTIydGV4dCUyMiUzQSUyMkxhZGllcyUyMHNleHklMjBsYWNlJTIwcGF0Y2glMjIlMkMlMjJzZW50ZW5jZSUyMiUzQTAlMkMlMjJjaGlsZFNlbnRlbmNlJTIyJTNBMCU3RCU1RCU3RCUyQyU3QiUyMnR5cGUlMjIlM0ElMjJwYXJhZ3JhcGglMjIlMkMlMjJjaGlsZHJlbiUyMiUzQSU1QiU3QiUyMnRleHQlMjIlM0ElMjJBbnRpLXBpdHRpbmclMjBpbnZpc2libGUlMjBicmVhdGhhYmxlJTJDJTIwbGlnaHQlMjBub24td292ZW4lMjBmYWJyaWMlMjBtYXRlcmlhbCUyQyUyMHBhdGNoJTIwZWRnZSUyMHdpdGglMjBsYWNlJTIwYXMlMjBlbWJlbGxpc2htZW50JTJDJTIwbWFrZSUyMHlvdSUyMG1vcmUlMjBzZXh5JTIwZmFzaGlvbiUyMGNoYXJtaW5nJTJDJTIweW91JTIwY2FuJTIwaGlkZSUyMGl0JTIwaW4lMjB5b3VyJTIwc3VzcGVuZGVyJTIwZHJlc3MlMkMlMjBzd2ltc3VpdCUyQyUyMHdlZGRpbmclMjBkcmVzcyUyQyUyMGRvJTIwbm90JTIwd29ycnklMjBhYm91dCUyMGRldyUyMHBvaW50LiUyMiUyQyUyMnNlbnRlbmNlJTIyJTNBMSUyQyUyMmNoaWxkU2VudGVuY2UlMjIlM0ExJTdEJTVEJTdEJTVE\"><span class=\"\" data-slate-node=\"text\"><span data-slate-leaf=\"true\">Unsichtbares, atmungsaktives Anti-Loch-Material aus leichtem Vliesstoff und Spitzenbesatz am Rand als Verzierung, das Sie sexy und charmant macht. Sie k\u00f6nnen es in Ihrem Strapskleid, Badeanzug oder Hochzeitskleid verstecken, ohne sich um den Taupunkt sorgen zu m\u00fcssen.<\/span><\/span><\/li>\n<\/ul>","protected":false},"excerpt":{"rendered":"<p><span class=\"\" data-slate-node=\"text\"><span data-slate-leaf=\"true\">Ziehen Sie unser rundes, stark haftendes, unsichtbares Brustpflaster aus Sommerspitze an, um Ihr Selbstvertrauen und Ihren Charme zu zeigen. <\/span><\/span><span class=\"\" data-slate-node=\"text\"><span data-slate-leaf=\"true\">Zum Schutz empfindlicher Br\u00fcste k\u00f6nnen Sie den Einweg-Milchaufkleber nach Gebrauch sicher und sorgenfrei wegwerfen. <\/span><\/span><span class=\"\" data-slate-node=\"text\" data-slate-fragment=\"JTVCJTdCJTIydHlwZSUyMiUzQSUyMnBhcmFncmFwaCUyMiUyQyUyMmNoaWxkcmVuJTIyJTNBJTVCJTdCJTIydGV4dCUyMiUzQSUyMlB1dCUyMG9uJTIwb3VyJTIwbGFjZSUyMHNleHklMjBtaWxrJTIwc3RpY2tlciUyMHRvJTIwc2hvdyUyMHlvdXIlMjBjb25maWRlbmNlJTIwYW5kJTIwY2hhcm0uJTIwJTIyJTJDJTIyc2VudGVuY2UlMjIlM0EyJTJDJTIyY2hpbGRTZW50ZW5jZSUyMiUzQTElN0QlMkMlN0IlMjJ0ZXh0JTIyJTNBJTIyWW91JTIwY2FuJTIwdGhyb3clMjBhd2F5JTIwdGhlJTIwZGlzcG9zYWJsZSUyMG1pbGslMjBzdGlja2VyJTIwd2hlbiUyMGl0JTIwaXMlMjB1c2VkJTIwdXAlMjB0byUyMHByb3RlY3QlMjBzZW5zaXRpdmUlMjBicmVhc3RzJTJDJTIwd2hpY2glMjBpcyUyMHNhZmUlMjBhbmQlMjB3b3JyeS1mcmVlLiUyMCUyMiUyQyUyMnNlbnRlbmNlJTIyJTNBMiUyQyUyMmNoaWxkU2VudGVuY2UlMjIlM0EyJTdEJTJDJTdCJTIydGV4dCUyMiUzQSUyMlRoZXJlJTIwaXMlMjBubyUyMGdsdWUlMjBpbiUyMHRoZSUyMG1pZGRsZSUyMG9mJTIwdGhlJTIwbWlsayUyMHN0aWNrZXIlMjB0byUyMHByb3RlY3QlMjBzZW5zaXRpdmUlMjBicmVhc3RzJTIwZnJvbSUyMGdsdWUlMjBkYW1hZ2UlMkMlMjBzbyUyMHRoYXQlMjB5b3UlMjBjYW4lMjB1c2UlMjBhbmQlMjBzaG93JTIwd2l0aCUyMG1vcmUlMjBjb25maWRlbmNlLiUyMiUyQyUyMnNlbnRlbmNlJTIyJTNBMiUyQyUyMmNoaWxkU2VudGVuY2UlMjIlM0EzJTdEJTVEJTdEJTVE\"><span data-slate-leaf=\"true\">In der Mitte des Milchaufklebers befindet sich kein Klebstoff, um die empfindlichen Br\u00fcste vor Klebstoffsch\u00e4den zu sch\u00fctzen, sodass Sie ihn mit mehr Selbstvertrauen verwenden und zeigen k\u00f6nnen.<\/span><\/span><\/p>","protected":false},"featured_media":9521,"comment_status":"open","ping_status":"closed","template":"","meta":{"site-sidebar-layout":"default","site-content-layout":"","ast-site-content-layout":"default","site-content-style":"default","site-sidebar-style":"default","ast-global-header-display":"","ast-banner-title-visibility":"","ast-main-header-display":"","ast-hfb-above-header-display":"","ast-hfb-below-header-display":"","ast-hfb-mobile-header-display":"","site-post-title":"","ast-breadcrumbs-content":"","ast-featured-img":"","footer-sml-layout":"","ast-disable-related-posts":"","theme-transparent-header-meta":"default","adv-header-id-meta":"","stick-header-meta":"default","header-above-stick-meta":"","header-main-stick-meta":"","header-below-stick-meta":"","astra-migrate-meta-layouts":"set","ast-page-background-enabled":"default","ast-page-background-meta":{"desktop":{"background-color":"","background-image":"","background-repeat":"repeat","background-position":"center center","background-size":"auto","background-attachment":"scroll","background-type":"","background-media":"","overlay-type":"","overlay-color":"","overlay-opacity":"","overlay-gradient":""},"tablet":{"background-color":"","background-image":"","background-repeat":"repeat","background-position":"center center","background-size":"auto","background-attachment":"scroll","background-type":"","background-media":"","overlay-type":"","overlay-color":"","overlay-opacity":"","overlay-gradient":""},"mobile":{"background-color":"","background-image":"","background-repeat":"repeat","background-position":"center center","background-size":"auto","background-attachment":"scroll","background-type":"","background-media":"","overlay-type":"","overlay-color":"","overlay-opacity":"","overlay-gradient":""}},"ast-content-background-meta":{"desktop":{"background-color":"var(--ast-global-color-5)","background-image":"","background-repeat":"repeat","background-position":"center center","background-size":"auto","background-attachment":"scroll","background-type":"","background-media":"","overlay-type":"","overlay-color":"","overlay-opacity":"","overlay-gradient":""},"tablet":{"background-color":"var(--ast-global-color-5)","background-image":"","background-repeat":"repeat","background-position":"center center","background-size":"auto","background-attachment":"scroll","background-type":"","background-media":"","overlay-type":"","overlay-color":"","overlay-opacity":"","overlay-gradient":""},"mobile":{"background-color":"var(--ast-global-color-5)","background-image":"","background-repeat":"repeat","background-position":"center center","background-size":"auto","background-attachment":"scroll","background-type":"","background-media":"","overlay-type":"","overlay-color":"","overlay-opacity":"","overlay-gradient":""}}},"product_brand":[],"product_cat":[65,76,259,584],"product_tag":[603,721,499,718,707,473,723,720,722,145,719],"class_list":{"0":"post-9520","1":"product","2":"type-product","3":"status-publish","4":"has-post-thumbnail","6":"product_cat-best-sellers","7":"product_cat-new-arrivels","8":"product_cat-lingerie","9":"product_cat-adhesive-bras","10":"product_tag-adhesive","11":"product_tag-breast-patch","12":"product_tag-confidence","13":"product_tag-disposable","14":"product_tag-invisible","15":"product_tag-lace","16":"product_tag-portable","17":"product_tag-round","18":"product_tag-sensitive","19":"product_tag-sexy","20":"product_tag-unique-design","21":"pa_color-black","22":"pa_color-skin","23":"pa_size-6-5cm","24":"desktop-align-center","25":"tablet-align-left","26":"mobile-align-left","27":"ast-product-gallery-layout-horizontal-slider","28":"ast-product-single-variable","29":"ast-product-tabs-layout-horizontal","30":"ast-qv-on-image","32":"first","33":"instock","34":"shipping-taxable","35":"purchasable","36":"product-type-variable"},"tiered_pricing_type":"fixed","tiered_pricing_fixed_rules":{"10":0.65,"50":0.55,"100":0.5},"tiered_pricing_product_settings":{"layout":"default","base_unit_name":{"singular":null,"plural":null},"default_variation":null},"tiered_pricing_minimum_quantity":null,"tiered_pricing_roles_data":[],"tiered_pricing_percentage_rules":[],"_links":{"self":[{"href":"https:\/\/yume-silm.com\/de\/wp-json\/wp\/v2\/product\/9520","targetHints":{"allow":["GET"]}}],"collection":[{"href":"https:\/\/yume-silm.com\/de\/wp-json\/wp\/v2\/product"}],"about":[{"href":"https:\/\/yume-silm.com\/de\/wp-json\/wp\/v2\/types\/product"}],"replies":[{"embeddable":true,"href":"https:\/\/yume-silm.com\/de\/wp-json\/wp\/v2\/comments?post=9520"}],"wp:featuredmedia":[{"embeddable":true,"href":"https:\/\/yume-silm.com\/de\/wp-json\/wp\/v2\/media\/9521"}],"wp:attachment":[{"href":"https:\/\/yume-silm.com\/de\/wp-json\/wp\/v2\/media?parent=9520"}],"wp:term":[{"taxonomy":"product_brand","embeddable":true,"href":"https:\/\/yume-silm.com\/de\/wp-json\/wp\/v2\/product_brand?post=9520"},{"taxonomy":"product_cat","embeddable":true,"href":"https:\/\/yume-silm.com\/de\/wp-json\/wp\/v2\/product_cat?post=9520"},{"taxonomy":"product_tag","embeddable":true,"href":"https:\/\/yume-silm.com\/de\/wp-json\/wp\/v2\/product_tag?post=9520"}],"curies":[{"name":"wp","href":"https:\/\/api.w.org\/{rel}","templated":true}]}}