{"id":9533,"date":"2024-07-19T05:29:08","date_gmt":"2024-07-19T05:29:08","guid":{"rendered":"https:\/\/yume-silm.com\/?post_type=product&#038;p=9533"},"modified":"2025-05-26T00:52:30","modified_gmt":"2025-05-26T00:52:30","slug":"dunnes-atmungsaktives-antikonvexes-brustwarzenpflaster-mit-blumenmotiv","status":"publish","type":"product","link":"https:\/\/yume-silm.com\/de\/produkt\/dunnes-atmungsaktives-antikonvexes-brustwarzenpflaster-mit-blumenmotiv\/","title":{"rendered":"D\u00fcnnes, atmungsaktives, antikonvexes Brustwarzenpflaster mit Blumenmuster"},"content":{"rendered":"<h5>Design-Merkmale<\/h5>\n<ul>\n<li data-slate-node=\"element\"><span class=\"\" data-slate-node=\"text\"><span data-slate-leaf=\"true\"><strong>EINZIGARTIGES DESIGN<\/strong>: Das d\u00fcnne, atmungsaktive, antikonvexe Brustwarzenpflaster in Bl\u00fctenform hat eine einzigartige Bl\u00fctenblattform und ein Spitzenmuster, das es noch sexyer macht. Sie m\u00fcssen sich keine Sorgen machen, dass die Bl\u00fctenblattform Ihren K\u00f6rper leicht freilegt, sodass Sie es selbstbewusst und mutig tragen k\u00f6nnen.<\/span><\/span><\/li>\n<li data-slate-node=\"element\"><strong>TRAGBAR<\/strong>: Dieses selbstklebende Einweg-Brustwarzenblatt f\u00fcr Frauen ist klein und leicht, einfach zu tragen, hat ein kleines Design, kann in eine Handtasche gesteckt werden, ist einfach zu tragen und kann den Austauschbedarf verschiedener Gelegenheiten decken.<\/li>\n<li data-slate-node=\"element\"><strong>HOCHWERTIGE VISKOSE<\/strong>: Hergestellt aus Bioklebstoff, viskos und f\u00e4llt nicht leicht ab, ist leicht und schwerelos und verursacht beim Schwimmen keine Peinlichkeiten.<\/li>\n<li data-slate-node=\"element\"><strong>GELEGENHEIT<\/strong>: Hinterl\u00e4sst keine Spuren und ist beulenfrei, kann bei Hochzeiten, Banketten, auf Reisen, als Neckholdertop, bei Terminen oder Auftritten zum Fotografieren usw. verwendet werden und macht Sie noch sch\u00f6ner.<\/li>\n<\/ul>\n<p><a href=\"https:\/\/yume-silm.com\/wp-content\/uploads\/2024\/07\/Disposable-Adhesive-Nipple-Petals-for-Women-1-2.jpg\"><img fetchpriority=\"high\" decoding=\"async\" class=\"alignnone wp-image-9534 size-medium\" src=\"https:\/\/yume-silm.com\/wp-content\/uploads\/2024\/07\/Disposable-Adhesive-Nipple-Petals-for-Women-1-2-300x300.jpg\" alt=\"D\u00fcnnes, atmungsaktives, antikonvexes Brustwarzenpflaster mit Blumenmuster\" width=\"300\" height=\"300\" title=\"\" srcset=\"https:\/\/yume-silm.com\/wp-content\/uploads\/2024\/07\/Disposable-Adhesive-Nipple-Petals-for-Women-1-2-300x300.jpg 300w, https:\/\/yume-silm.com\/wp-content\/uploads\/2024\/07\/Disposable-Adhesive-Nipple-Petals-for-Women-1-2-150x150.jpg 150w, https:\/\/yume-silm.com\/wp-content\/uploads\/2024\/07\/Disposable-Adhesive-Nipple-Petals-for-Women-1-2-768x768.jpg 768w, https:\/\/yume-silm.com\/wp-content\/uploads\/2024\/07\/Disposable-Adhesive-Nipple-Petals-for-Women-1-2-12x12.jpg 12w, https:\/\/yume-silm.com\/wp-content\/uploads\/2024\/07\/Disposable-Adhesive-Nipple-Petals-for-Women-1-2-100x100.jpg 100w, https:\/\/yume-silm.com\/wp-content\/uploads\/2024\/07\/Disposable-Adhesive-Nipple-Petals-for-Women-1-2.jpg 800w\" sizes=\"(max-width: 300px) 100vw, 300px\" \/><\/a><a href=\"https:\/\/yume-silm.com\/wp-content\/uploads\/2024\/07\/Disposable-Adhesive-Nipple-Petals-for-Women-2-2.jpg\"><img decoding=\"async\" class=\"alignnone wp-image-9535 size-medium\" src=\"https:\/\/yume-silm.com\/wp-content\/uploads\/2024\/07\/Disposable-Adhesive-Nipple-Petals-for-Women-2-2-300x300.jpg\" alt=\"D\u00fcnnes, atmungsaktives, antikonvexes Brustwarzenpflaster mit Blumenmuster\" width=\"300\" height=\"300\" title=\"\" srcset=\"https:\/\/yume-silm.com\/wp-content\/uploads\/2024\/07\/Disposable-Adhesive-Nipple-Petals-for-Women-2-2-300x300.jpg 300w, https:\/\/yume-silm.com\/wp-content\/uploads\/2024\/07\/Disposable-Adhesive-Nipple-Petals-for-Women-2-2-150x150.jpg 150w, https:\/\/yume-silm.com\/wp-content\/uploads\/2024\/07\/Disposable-Adhesive-Nipple-Petals-for-Women-2-2-768x768.jpg 768w, https:\/\/yume-silm.com\/wp-content\/uploads\/2024\/07\/Disposable-Adhesive-Nipple-Petals-for-Women-2-2-12x12.jpg 12w, https:\/\/yume-silm.com\/wp-content\/uploads\/2024\/07\/Disposable-Adhesive-Nipple-Petals-for-Women-2-2-100x100.jpg 100w, https:\/\/yume-silm.com\/wp-content\/uploads\/2024\/07\/Disposable-Adhesive-Nipple-Petals-for-Women-2-2.jpg 800w\" sizes=\"(max-width: 300px) 100vw, 300px\" \/><\/a><\/p>\n<h6 data-slate-node=\"element\"><\/h6>\n<h6 data-slate-node=\"element\"><em>Sexy Einweg-Brustpflaster aus Spitze f\u00fcr Damen<\/em><\/h6>\n<ul>\n<li data-slate-node=\"element\" data-slate-fragment=\"JTVCJTdCJTIydHlwZSUyMiUzQSUyMnBhcmFncmFwaCUyMiUyQyUyMmNoaWxkcmVuJTIyJTNBJTVCJTdCJTIydGV4dCUyMiUzQSUyMkxhZGllcyUyMHNleHklMjBsYWNlJTIwcGF0Y2glMjIlMkMlMjJzZW50ZW5jZSUyMiUzQTAlMkMlMjJjaGlsZFNlbnRlbmNlJTIyJTNBMCU3RCU1RCU3RCUyQyU3QiUyMnR5cGUlMjIlM0ElMjJwYXJhZ3JhcGglMjIlMkMlMjJjaGlsZHJlbiUyMiUzQSU1QiU3QiUyMnRleHQlMjIlM0ElMjJBbnRpLXBpdHRpbmclMjBpbnZpc2libGUlMjBicmVhdGhhYmxlJTJDJTIwbGlnaHQlMjBub24td292ZW4lMjBmYWJyaWMlMjBtYXRlcmlhbCUyQyUyMHBhdGNoJTIwZWRnZSUyMHdpdGglMjBsYWNlJTIwYXMlMjBlbWJlbGxpc2htZW50JTJDJTIwbWFrZSUyMHlvdSUyMG1vcmUlMjBzZXh5JTIwZmFzaGlvbiUyMGNoYXJtaW5nJTJDJTIweW91JTIwY2FuJTIwaGlkZSUyMGl0JTIwaW4lMjB5b3VyJTIwc3VzcGVuZGVyJTIwZHJlc3MlMkMlMjBzd2ltc3VpdCUyQyUyMHdlZGRpbmclMjBkcmVzcyUyQyUyMGRvJTIwbm90JTIwd29ycnklMjBhYm91dCUyMGRldyUyMHBvaW50LiUyMiUyQyUyMnNlbnRlbmNlJTIyJTNBMSUyQyUyMmNoaWxkU2VudGVuY2UlMjIlM0ExJTdEJTVEJTdEJTVE\"><span class=\"\" data-slate-node=\"text\"><span data-slate-leaf=\"true\">Unsichtbares, atmungsaktives Anti-Loch-Material aus leichtem Vliesstoff und Spitzenbesatz am Rand als Verzierung, das Sie sexy und charmant macht. Sie k\u00f6nnen es in Ihrem Strapskleid, Badeanzug oder Hochzeitskleid verstecken, ohne sich um den Taupunkt sorgen zu m\u00fcssen.<\/span><\/span><\/li>\n<\/ul>","protected":false},"excerpt":{"rendered":"<p><span class=\"\" data-slate-node=\"text\"><span data-slate-leaf=\"true\">Ziehen Sie unser d\u00fcnnes, atmungsaktives, antikonvexes Brustwarzenpflaster in Blumenform an, um Ihr Selbstvertrauen und Ihren Charme zu zeigen. <\/span><\/span><span class=\"\" data-slate-node=\"text\"><span data-slate-leaf=\"true\">Zum Schutz empfindlicher Br\u00fcste k\u00f6nnen Sie den Einweg-Milchaufkleber nach Gebrauch sicher und sorgenfrei wegwerfen.\u00a0<\/span><\/span><span class=\"\" data-slate-node=\"text\" data-slate-fragment=\"JTVCJTdCJTIydHlwZSUyMiUzQSUyMnBhcmFncmFwaCUyMiUyQyUyMmNoaWxkcmVuJTIyJTNBJTVCJTdCJTIydGV4dCUyMiUzQSUyMlB1dCUyMG9uJTIwb3VyJTIwbGFjZSUyMHNleHklMjBtaWxrJTIwc3RpY2tlciUyMHRvJTIwc2hvdyUyMHlvdXIlMjBjb25maWRlbmNlJTIwYW5kJTIwY2hhcm0uJTIwJTIyJTJDJTIyc2VudGVuY2UlMjIlM0EyJTJDJTIyY2hpbGRTZW50ZW5jZSUyMiUzQTElN0QlMkMlN0IlMjJ0ZXh0JTIyJTNBJTIyWW91JTIwY2FuJTIwdGhyb3clMjBhd2F5JTIwdGhlJTIwZGlzcG9zYWJsZSUyMG1pbGslMjBzdGlja2VyJTIwd2hlbiUyMGl0JTIwaXMlMjB1c2VkJTIwdXAlMjB0byUyMHByb3RlY3QlMjBzZW5zaXRpdmUlMjBicmVhc3RzJTJDJTIwd2hpY2glMjBpcyUyMHNhZmUlMjBhbmQlMjB3b3JyeS1mcmVlLiUyMCUyMiUyQyUyMnNlbnRlbmNlJTIyJTNBMiUyQyUyMmNoaWxkU2VudGVuY2UlMjIlM0EyJTdEJTJDJTdCJTIydGV4dCUyMiUzQSUyMlRoZXJlJTIwaXMlMjBubyUyMGdsdWUlMjBpbiUyMHRoZSUyMG1pZGRsZSUyMG9mJTIwdGhlJTIwbWlsayUyMHN0aWNrZXIlMjB0byUyMHByb3RlY3QlMjBzZW5zaXRpdmUlMjBicmVhc3RzJTIwZnJvbSUyMGdsdWUlMjBkYW1hZ2UlMkMlMjBzbyUyMHRoYXQlMjB5b3UlMjBjYW4lMjB1c2UlMjBhbmQlMjBzaG93JTIwd2l0aCUyMG1vcmUlMjBjb25maWRlbmNlLiUyMiUyQyUyMnNlbnRlbmNlJTIyJTNBMiUyQyUyMmNoaWxkU2VudGVuY2UlMjIlM0EzJTdEJTVEJTdEJTVE\"><span data-slate-leaf=\"true\">In der Mitte des Milchaufklebers befindet sich kein Klebstoff, um die empfindlichen Br\u00fcste vor Klebstoffsch\u00e4den zu sch\u00fctzen, sodass Sie ihn mit mehr Selbstvertrauen verwenden und zeigen k\u00f6nnen.<\/span><\/span><\/p>","protected":false},"featured_media":9545,"comment_status":"open","ping_status":"closed","template":"","meta":{"site-sidebar-layout":"default","site-content-layout":"","ast-site-content-layout":"default","site-content-style":"default","site-sidebar-style":"default","ast-global-header-display":"","ast-banner-title-visibility":"","ast-main-header-display":"","ast-hfb-above-header-display":"","ast-hfb-below-header-display":"","ast-hfb-mobile-header-display":"","site-post-title":"","ast-breadcrumbs-content":"","ast-featured-img":"","footer-sml-layout":"","ast-disable-related-posts":"","theme-transparent-header-meta":"default","adv-header-id-meta":"","stick-header-meta":"default","header-above-stick-meta":"","header-main-stick-meta":"","header-below-stick-meta":"","astra-migrate-meta-layouts":"set","ast-page-background-enabled":"default","ast-page-background-meta":{"desktop":{"background-color":"","background-image":"","background-repeat":"repeat","background-position":"center center","background-size":"auto","background-attachment":"scroll","background-type":"","background-media":"","overlay-type":"","overlay-color":"","overlay-opacity":"","overlay-gradient":""},"tablet":{"background-color":"","background-image":"","background-repeat":"repeat","background-position":"center center","background-size":"auto","background-attachment":"scroll","background-type":"","background-media":"","overlay-type":"","overlay-color":"","overlay-opacity":"","overlay-gradient":""},"mobile":{"background-color":"","background-image":"","background-repeat":"repeat","background-position":"center center","background-size":"auto","background-attachment":"scroll","background-type":"","background-media":"","overlay-type":"","overlay-color":"","overlay-opacity":"","overlay-gradient":""}},"ast-content-background-meta":{"desktop":{"background-color":"var(--ast-global-color-5)","background-image":"","background-repeat":"repeat","background-position":"center center","background-size":"auto","background-attachment":"scroll","background-type":"","background-media":"","overlay-type":"","overlay-color":"","overlay-opacity":"","overlay-gradient":""},"tablet":{"background-color":"var(--ast-global-color-5)","background-image":"","background-repeat":"repeat","background-position":"center center","background-size":"auto","background-attachment":"scroll","background-type":"","background-media":"","overlay-type":"","overlay-color":"","overlay-opacity":"","overlay-gradient":""},"mobile":{"background-color":"var(--ast-global-color-5)","background-image":"","background-repeat":"repeat","background-position":"center center","background-size":"auto","background-attachment":"scroll","background-type":"","background-media":"","overlay-type":"","overlay-color":"","overlay-opacity":"","overlay-gradient":""}}},"product_brand":[],"product_cat":[65,76,259,584],"product_tag":[603,724,727,492,725,499,718,726,728,722,145,486],"class_list":{"0":"post-9533","1":"product","2":"type-product","3":"status-publish","4":"has-post-thumbnail","6":"product_cat-best-sellers","7":"product_cat-new-arrivels","8":"product_cat-lingerie","9":"product_cat-adhesive-bras","10":"product_tag-adhesive","11":"product_tag-anti-convex","12":"product_tag-anti-dent","13":"product_tag-breathable","14":"product_tag-charm","15":"product_tag-confidence","16":"product_tag-disposable","17":"product_tag-fashion","18":"product_tag-flower","19":"product_tag-sensitive","20":"product_tag-sexy","21":"product_tag-thin","22":"pa_color-black","23":"pa_color-skin","24":"pa_size-6-5cm","25":"desktop-align-center","26":"tablet-align-left","27":"mobile-align-left","28":"ast-product-gallery-layout-horizontal-slider","29":"ast-product-single-variable","30":"ast-product-tabs-layout-horizontal","31":"ast-qv-on-image","33":"first","34":"instock","35":"shipping-taxable","36":"purchasable","37":"product-type-variable"},"tiered_pricing_type":"fixed","tiered_pricing_fixed_rules":{"10":0.65,"50":0.55,"100":0.5},"tiered_pricing_product_settings":{"layout":"default","base_unit_name":{"singular":null,"plural":null},"default_variation":null},"tiered_pricing_minimum_quantity":null,"tiered_pricing_roles_data":[],"tiered_pricing_percentage_rules":[],"_links":{"self":[{"href":"https:\/\/yume-silm.com\/de\/wp-json\/wp\/v2\/product\/9533","targetHints":{"allow":["GET"]}}],"collection":[{"href":"https:\/\/yume-silm.com\/de\/wp-json\/wp\/v2\/product"}],"about":[{"href":"https:\/\/yume-silm.com\/de\/wp-json\/wp\/v2\/types\/product"}],"replies":[{"embeddable":true,"href":"https:\/\/yume-silm.com\/de\/wp-json\/wp\/v2\/comments?post=9533"}],"wp:featuredmedia":[{"embeddable":true,"href":"https:\/\/yume-silm.com\/de\/wp-json\/wp\/v2\/media\/9545"}],"wp:attachment":[{"href":"https:\/\/yume-silm.com\/de\/wp-json\/wp\/v2\/media?parent=9533"}],"wp:term":[{"taxonomy":"product_brand","embeddable":true,"href":"https:\/\/yume-silm.com\/de\/wp-json\/wp\/v2\/product_brand?post=9533"},{"taxonomy":"product_cat","embeddable":true,"href":"https:\/\/yume-silm.com\/de\/wp-json\/wp\/v2\/product_cat?post=9533"},{"taxonomy":"product_tag","embeddable":true,"href":"https:\/\/yume-silm.com\/de\/wp-json\/wp\/v2\/product_tag?post=9533"}],"curies":[{"name":"wp","href":"https:\/\/api.w.org\/{rel}","templated":true}]}}