{"id":9696,"date":"2024-07-29T02:25:19","date_gmt":"2024-07-29T02:25:19","guid":{"rendered":"https:\/\/yume-silm.com\/?post_type=product&#038;p=9696"},"modified":"2025-05-26T00:44:25","modified_gmt":"2025-05-26T00:44:25","slug":"nahtlose-gerippte-yoga-shorts-mit-plissee-und-batikmuster-fur-damen","status":"publish","type":"product","link":"https:\/\/yume-silm.com\/de\/produkt\/nahtlose-gerippte-yoga-shorts-mit-plissee-und-batikmuster-fur-damen\/","title":{"rendered":"Nahtlose, gerippte, plissierte Yoga-Shorts f\u00fcr Damen im Batik-Stil"},"content":{"rendered":"<h5>Design-Merkmale<\/h5>\n<ul>\n<li><strong>BAUCHHALTER-YOGAHOSE MIT HOHER TAILLE<\/strong>: Diese nahtlosen, gerippten, plissierten Yoga-Shorts f\u00fcr Damen im Batik-Stil haben eine hohe Taille mit elastischem G\u00fcrtel, die so konzipiert ist, dass sie flach auf der Haut und dem Bauch liegt, das Fett zwischen Taille und Bauch besser straffen kann, glatte Kurven, attraktive Konturen und eine H\u00fcftstraffung schafft.<\/li>\n<li><strong>PLISSIERTES DESIGN<\/strong>: Diese nahtlosen, gerippten Trainingsshorts mit Batikmuster f\u00fcr Damen haben einen H\u00fcftlift-Effekt, der ein attraktives Profil schafft, Ihnen zu knackigen H\u00fcften verhilft und Sie sexyer und attraktiver aussehen l\u00e4sst.<\/li>\n<li><strong>MATERIALKOMFORT<\/strong>: Die Kombination aus Nylon und Elasthan ergibt ein sehr elastisches und bequemes Gewebe, das sich beim Training Ihren Bewegungen anpasst.<\/li>\n<li><strong>GELEGENHEIT<\/strong>: Diese Yoga-Shorts sind vielseitig und praktisch, ideal f\u00fcr Yoga, Laufen, Radfahren, Fitness, Tanzen und Freizeitaktivit\u00e4ten.<\/li>\n<\/ul>\n<p><a href=\"https:\/\/yume-silm.com\/wp-content\/uploads\/2024\/07\/Womens-Tie-Dye-Seamless-Ribbed-Pleated-Yoga-Short.jpg\"><img fetchpriority=\"high\" decoding=\"async\" class=\"alignnone wp-image-9697 size-medium\" src=\"https:\/\/yume-silm.com\/wp-content\/uploads\/2024\/07\/Womens-Tie-Dye-Seamless-Ribbed-Pleated-Yoga-Short-300x300.jpg\" alt=\"Nahtlose, gerippte Yoga-Shorts mit Batikmuster f\u00fcr Damen\" width=\"300\" height=\"300\" title=\"\" srcset=\"https:\/\/yume-silm.com\/wp-content\/uploads\/2024\/07\/Womens-Tie-Dye-Seamless-Ribbed-Pleated-Yoga-Short-300x300.jpg 300w, https:\/\/yume-silm.com\/wp-content\/uploads\/2024\/07\/Womens-Tie-Dye-Seamless-Ribbed-Pleated-Yoga-Short-150x150.jpg 150w, https:\/\/yume-silm.com\/wp-content\/uploads\/2024\/07\/Womens-Tie-Dye-Seamless-Ribbed-Pleated-Yoga-Short-768x768.jpg 768w, https:\/\/yume-silm.com\/wp-content\/uploads\/2024\/07\/Womens-Tie-Dye-Seamless-Ribbed-Pleated-Yoga-Short-12x12.jpg 12w, https:\/\/yume-silm.com\/wp-content\/uploads\/2024\/07\/Womens-Tie-Dye-Seamless-Ribbed-Pleated-Yoga-Short-100x100.jpg 100w, https:\/\/yume-silm.com\/wp-content\/uploads\/2024\/07\/Womens-Tie-Dye-Seamless-Ribbed-Pleated-Yoga-Short.jpg 800w\" sizes=\"(max-width: 300px) 100vw, 300px\" \/><\/a><\/p>\n<h6><em>H\u00fcfthebende Yoga-Shorts mit hoher Taille und Batikmuster f\u00fcr Damen<\/em><\/h6>\n<ul>\n<li><span data-slate-fragment=\"JTVCJTdCJTIydHlwZSUyMiUzQSUyMnBhcmFncmFwaCUyMiUyQyUyMmNoaWxkcmVuJTIyJTNBJTVCJTdCJTIydGV4dCUyMiUzQSUyMlRoaXMlMjB3b21lbidzJTIwdGllLWR5ZSUyMGhpZ2gtd2Fpc3RlZCUyMGhpcC1saWZ0aW5nJTIweW9nYSUyMHNob3J0cyUyQyUyMGElMjB2YXJpZXR5JTIwb2YlMjBjb2xvciUyMG9wdGlvbnMlMkMlMjB1c2luZyUyMHN1cGVyJTIwc29mdCUyQyUyMGJyZWF0aGFibGUlMjBmYWJyaWNzJTJDJTIwaGlnaC13YWlzdGVkJTIwZGVzaWduJTIwY2FuJTIwY3JlYXRlJTIwYSUyMHNtb290aCUyMGN1cnZlJTIwYW5kJTIwcGxlYXRlZCUyMGRlc2lnbiUyMGZvciUyMHlvdSUyQyUyMHdoaWNoJTIwY2FuJTIwcXVpY2tseSUyMGhlbHAlMjB5b3UlMjBoYXZlJTIwcGVhY2glMjBidXR0b2NrcyUyMGFuZCUyMG1ha2UlMjB5b3UlMjBsb29rJTIwbW9yZSUyMHNleHklMjBhbmQlMjBjaGFybWluZy4lMjIlMkMlMjJzZW50ZW5jZSUyMiUzQTAlMkMlMjJjaGlsZFNlbnRlbmNlJTIyJTNBMCU3RCU1RCU3RCU1RA==\">Es ist in vielen verschiedenen Farben erh\u00e4ltlich und besteht aus superweichen, atmungsaktiven Stoffen. Das hoch taillierte Design sorgt f\u00fcr sanfte Kurven und ein plissiertes Design, das Ihnen schnell zu einem pfirsichfarbenen Po verhilft und Sie sexyer und charmanter aussehen l\u00e4sst.<\/span><\/li>\n<\/ul>","protected":false},"excerpt":{"rendered":"<p>Diese nahtlosen, gerippten Yoga-Faltenshorts f\u00fcr Damen im Batik-Stil zeichnen sich durch ein nahtloses Design aus und die Kombination aus Nylon und Elasthan h\u00e4lt Ihren Oberk\u00f6rper k\u00fchl, sodass Sie freier trainieren k\u00f6nnen.<\/p>","protected":false},"featured_media":9699,"comment_status":"open","ping_status":"closed","template":"","meta":{"site-sidebar-layout":"default","site-content-layout":"","ast-site-content-layout":"default","site-content-style":"default","site-sidebar-style":"default","ast-global-header-display":"","ast-banner-title-visibility":"","ast-main-header-display":"","ast-hfb-above-header-display":"","ast-hfb-below-header-display":"","ast-hfb-mobile-header-display":"","site-post-title":"","ast-breadcrumbs-content":"","ast-featured-img":"","footer-sml-layout":"","ast-disable-related-posts":"","theme-transparent-header-meta":"default","adv-header-id-meta":"","stick-header-meta":"default","header-above-stick-meta":"","header-main-stick-meta":"","header-below-stick-meta":"","astra-migrate-meta-layouts":"set","ast-page-background-enabled":"default","ast-page-background-meta":{"desktop":{"background-color":"","background-image":"","background-repeat":"repeat","background-position":"center center","background-size":"auto","background-attachment":"scroll","background-type":"","background-media":"","overlay-type":"","overlay-color":"","overlay-opacity":"","overlay-gradient":""},"tablet":{"background-color":"","background-image":"","background-repeat":"repeat","background-position":"center center","background-size":"auto","background-attachment":"scroll","background-type":"","background-media":"","overlay-type":"","overlay-color":"","overlay-opacity":"","overlay-gradient":""},"mobile":{"background-color":"","background-image":"","background-repeat":"repeat","background-position":"center center","background-size":"auto","background-attachment":"scroll","background-type":"","background-media":"","overlay-type":"","overlay-color":"","overlay-opacity":"","overlay-gradient":""}},"ast-content-background-meta":{"desktop":{"background-color":"var(--ast-global-color-5)","background-image":"","background-repeat":"repeat","background-position":"center center","background-size":"auto","background-attachment":"scroll","background-type":"","background-media":"","overlay-type":"","overlay-color":"","overlay-opacity":"","overlay-gradient":""},"tablet":{"background-color":"var(--ast-global-color-5)","background-image":"","background-repeat":"repeat","background-position":"center center","background-size":"auto","background-attachment":"scroll","background-type":"","background-media":"","overlay-type":"","overlay-color":"","overlay-opacity":"","overlay-gradient":""},"mobile":{"background-color":"var(--ast-global-color-5)","background-image":"","background-repeat":"repeat","background-position":"center center","background-size":"auto","background-attachment":"scroll","background-type":"","background-media":"","overlay-type":"","overlay-color":"","overlay-opacity":"","overlay-gradient":""}}},"product_brand":[],"product_cat":[65,76,734,736],"product_tag":[747,731,675,759,139,679,758,491,145,749,757,681],"class_list":{"0":"post-9696","1":"product","2":"type-product","3":"status-publish","4":"has-post-thumbnail","6":"product_cat-best-sellers","7":"product_cat-new-arrivels","8":"product_cat-yoga-suits","9":"product_cat-yoga-shorts","10":"product_tag-abdomen","11":"product_tag-attractive","12":"product_tag-charming","13":"product_tag-free","14":"product_tag-high-waist","15":"product_tag-hip-lifter","16":"product_tag-ribbed","17":"product_tag-seamless","18":"product_tag-sexy","19":"product_tag-tie-dye","20":"product_tag-workout-short","21":"product_tag-yoga-short","22":"pa_color-bule-and-black","23":"pa_color-dark-blue","24":"pa_color-dark-bluewhite","25":"pa_color-lack-blue","26":"pa_color-light-blue-and-white","27":"pa_color-malachite-green","28":"pa_color-white-and-blue","29":"pa_size-l","30":"pa_size-m","31":"pa_size-s","32":"desktop-align-center","33":"tablet-align-left","34":"mobile-align-left","35":"ast-product-gallery-layout-horizontal-slider","36":"ast-product-single-variable","37":"ast-product-tabs-layout-horizontal","38":"ast-qv-on-image","40":"first","41":"instock","42":"shipping-taxable","43":"purchasable","44":"product-type-variable"},"tiered_pricing_type":"fixed","tiered_pricing_fixed_rules":{"5":4.15,"50":3.65,"100":3.2},"tiered_pricing_product_settings":{"layout":"default","base_unit_name":{"singular":null,"plural":null},"default_variation":null},"tiered_pricing_minimum_quantity":null,"tiered_pricing_roles_data":[],"tiered_pricing_percentage_rules":[],"_links":{"self":[{"href":"https:\/\/yume-silm.com\/de\/wp-json\/wp\/v2\/product\/9696","targetHints":{"allow":["GET"]}}],"collection":[{"href":"https:\/\/yume-silm.com\/de\/wp-json\/wp\/v2\/product"}],"about":[{"href":"https:\/\/yume-silm.com\/de\/wp-json\/wp\/v2\/types\/product"}],"replies":[{"embeddable":true,"href":"https:\/\/yume-silm.com\/de\/wp-json\/wp\/v2\/comments?post=9696"}],"wp:featuredmedia":[{"embeddable":true,"href":"https:\/\/yume-silm.com\/de\/wp-json\/wp\/v2\/media\/9699"}],"wp:attachment":[{"href":"https:\/\/yume-silm.com\/de\/wp-json\/wp\/v2\/media?parent=9696"}],"wp:term":[{"taxonomy":"product_brand","embeddable":true,"href":"https:\/\/yume-silm.com\/de\/wp-json\/wp\/v2\/product_brand?post=9696"},{"taxonomy":"product_cat","embeddable":true,"href":"https:\/\/yume-silm.com\/de\/wp-json\/wp\/v2\/product_cat?post=9696"},{"taxonomy":"product_tag","embeddable":true,"href":"https:\/\/yume-silm.com\/de\/wp-json\/wp\/v2\/product_tag?post=9696"}],"curies":[{"name":"wp","href":"https:\/\/api.w.org\/{rel}","templated":true}]}}