{"id":9790,"date":"2024-07-31T09:13:33","date_gmt":"2024-07-31T09:13:33","guid":{"rendered":"https:\/\/yume-silm.com\/?post_type=product&#038;p=9790"},"modified":"2024-08-01T01:34:42","modified_gmt":"2024-08-01T01:34:42","slug":"dehnbare-yoga-leggings-mit-hoher-taille-fur-damen","status":"publish","type":"product","link":"https:\/\/yume-silm.com\/de\/produkt\/dehnbare-yoga-leggings-mit-hoher-taille-fur-damen\/","title":{"rendered":"Dehnbare Yoga-Leggings mit hoher Taille f\u00fcr Damen"},"content":{"rendered":"<h5>Design-Merkmale<\/h5>\n<ul>\n<li><strong>HOHE ELASTIZIT\u00c4T:<\/strong> Die dehnbaren Yoga-Leggings mit hoher Taille f\u00fcr Damen haben ein hochelastisches Design, sind modisch und gro\u00dfz\u00fcgig, mit sexy und eleganter Lagenstruktur; das nahtlose Design bietet Ihnen optimalen Komfort beim Yoga und Training.<\/li>\n<li><strong>Design mit hoher Taille:<\/strong>Das Design mit hoher Taille an den H\u00fcften und dem Bauchband kann der sch\u00f6nen Version ein modisches Highlight verleihen und Ihnen dabei helfen, im Mittelpunkt der Mode zu stehen. Der superweiche Stoff passt sich perfekt Ihren K\u00f6rperkurven an und sorgt daf\u00fcr, dass Sie immer eine perfekte, sexy Figur behalten.<\/li>\n<li><strong>FEUCHTIGKEITSABWEISEND:<\/strong> Atmungsaktives, weiches und dehnbares Gewebe bietet volle Abdeckung und gute Atmungsaktivit\u00e4t. Gleichzeitig strafft das Design mit hoher Taille die H\u00fcften und den Bauch, ohne den Bauch freizulegen, und betont so Ihre perfekte K\u00f6rperkurve.<\/li>\n<li><strong>GELEGENHEIT:<\/strong> Egal, ob Sie Sport treiben oder mit Freunden spielen, der atmungsaktive und super dehnbare Stoff sorgt f\u00fcr ein entspanntes Gef\u00fchl, perfekt f\u00fcr Yoga, Laufen, Fitnessstudio, jede Art von Sport, jede Jahreszeit oder den t\u00e4glichen Gebrauch.<\/li>\n<\/ul>\n<h6><a href=\"https:\/\/yume-silm.com\/wp-content\/uploads\/2024\/07\/Womens-Stretchy-High-Waist-Yoga-Leggings-1.jpg\"><img fetchpriority=\"high\" decoding=\"async\" class=\"alignnone wp-image-9792 size-medium\" src=\"https:\/\/yume-silm.com\/wp-content\/uploads\/2024\/07\/Womens-Stretchy-High-Waist-Yoga-Leggings-1-300x300.jpg\" alt=\"dehnbare Yoga-Leggings mit hoher Taille f\u00fcr Damen \" width=\"300\" height=\"300\" title=\"\" srcset=\"https:\/\/yume-silm.com\/wp-content\/uploads\/2024\/07\/Womens-Stretchy-High-Waist-Yoga-Leggings-1-300x300.jpg 300w, https:\/\/yume-silm.com\/wp-content\/uploads\/2024\/07\/Womens-Stretchy-High-Waist-Yoga-Leggings-1-150x150.jpg 150w, https:\/\/yume-silm.com\/wp-content\/uploads\/2024\/07\/Womens-Stretchy-High-Waist-Yoga-Leggings-1-768x768.jpg 768w, https:\/\/yume-silm.com\/wp-content\/uploads\/2024\/07\/Womens-Stretchy-High-Waist-Yoga-Leggings-1-12x12.jpg 12w, https:\/\/yume-silm.com\/wp-content\/uploads\/2024\/07\/Womens-Stretchy-High-Waist-Yoga-Leggings-1-100x100.jpg 100w, https:\/\/yume-silm.com\/wp-content\/uploads\/2024\/07\/Womens-Stretchy-High-Waist-Yoga-Leggings-1.jpg 800w\" sizes=\"(max-width: 300px) 100vw, 300px\" \/><\/a><a href=\"https:\/\/yume-silm.com\/wp-content\/uploads\/2024\/07\/Womens-Stretchy-High-Waist-Yoga-Leggings-2.jpg\"><img decoding=\"async\" class=\"alignnone wp-image-9793 size-medium\" src=\"https:\/\/yume-silm.com\/wp-content\/uploads\/2024\/07\/Womens-Stretchy-High-Waist-Yoga-Leggings-2-300x300.jpg\" alt=\"dehnbare Yoga-Leggings mit hoher Taille f\u00fcr Damen\" width=\"300\" height=\"300\" title=\"\" srcset=\"https:\/\/yume-silm.com\/wp-content\/uploads\/2024\/07\/Womens-Stretchy-High-Waist-Yoga-Leggings-2-300x300.jpg 300w, https:\/\/yume-silm.com\/wp-content\/uploads\/2024\/07\/Womens-Stretchy-High-Waist-Yoga-Leggings-2-150x150.jpg 150w, https:\/\/yume-silm.com\/wp-content\/uploads\/2024\/07\/Womens-Stretchy-High-Waist-Yoga-Leggings-2-768x768.jpg 768w, https:\/\/yume-silm.com\/wp-content\/uploads\/2024\/07\/Womens-Stretchy-High-Waist-Yoga-Leggings-2-12x12.jpg 12w, https:\/\/yume-silm.com\/wp-content\/uploads\/2024\/07\/Womens-Stretchy-High-Waist-Yoga-Leggings-2-100x100.jpg 100w, https:\/\/yume-silm.com\/wp-content\/uploads\/2024\/07\/Womens-Stretchy-High-Waist-Yoga-Leggings-2.jpg 800w\" sizes=\"(max-width: 300px) 100vw, 300px\" \/><\/a><\/h6>\n<h6><em>Yogahosen f\u00fcr Bauch und H\u00fcfte f\u00fcr Damen<\/em><\/h6>\n<ul>\n<li>Diese dehnbaren Yoga-Leggings mit hoher Taille f\u00fcr Damen haben einen breiten G\u00fcrtel, der Ihren Bauch besser kontrollieren kann. Gleichzeitig wird die 4D-Technologie f\u00fcr nahtloses Stricken verwendet, um den K\u00f6rper zu komprimieren und zu straffen. Sie k\u00f6nnen w\u00e4hrend des Trainings st\u00e4ndig um den K\u00f6rper gewickelt bleiben, ohne sich zu l\u00f6sen oder zu verrutschen, und vermeiden Peinlichkeiten. Macht Sie selbstbewusster.<\/li>\n<\/ul>","protected":false},"excerpt":{"rendered":"<p>Diese dehnbaren Yoga-Leggings mit hoher Taille f\u00fcr Damen passen sich perfekt Ihren Figurkurven an. Durch das Design mit hoher Taille, Bauch- und H\u00fcftlifting bleiben Sie immer in einer perfekten Figur. Tragen Sie sie zu jeder passenden Kleidung, es gibt keine Perspektive. \u00dcberwachen Sie Ihre Figur.<\/p>","protected":false},"featured_media":9791,"comment_status":"open","ping_status":"closed","template":"","meta":{"site-sidebar-layout":"default","site-content-layout":"","ast-site-content-layout":"default","site-content-style":"default","site-sidebar-style":"default","ast-global-header-display":"","ast-banner-title-visibility":"","ast-main-header-display":"","ast-hfb-above-header-display":"","ast-hfb-below-header-display":"","ast-hfb-mobile-header-display":"","site-post-title":"","ast-breadcrumbs-content":"","ast-featured-img":"","footer-sml-layout":"","ast-disable-related-posts":"","theme-transparent-header-meta":"default","adv-header-id-meta":"","stick-header-meta":"default","header-above-stick-meta":"","header-main-stick-meta":"","header-below-stick-meta":"","astra-migrate-meta-layouts":"set","ast-page-background-enabled":"default","ast-page-background-meta":{"desktop":{"background-color":"","background-image":"","background-repeat":"repeat","background-position":"center center","background-size":"auto","background-attachment":"scroll","background-type":"","background-media":"","overlay-type":"","overlay-color":"","overlay-opacity":"","overlay-gradient":""},"tablet":{"background-color":"","background-image":"","background-repeat":"repeat","background-position":"center center","background-size":"auto","background-attachment":"scroll","background-type":"","background-media":"","overlay-type":"","overlay-color":"","overlay-opacity":"","overlay-gradient":""},"mobile":{"background-color":"","background-image":"","background-repeat":"repeat","background-position":"center center","background-size":"auto","background-attachment":"scroll","background-type":"","background-media":"","overlay-type":"","overlay-color":"","overlay-opacity":"","overlay-gradient":""}},"ast-content-background-meta":{"desktop":{"background-color":"var(--ast-global-color-5)","background-image":"","background-repeat":"repeat","background-position":"center center","background-size":"auto","background-attachment":"scroll","background-type":"","background-media":"","overlay-type":"","overlay-color":"","overlay-opacity":"","overlay-gradient":""},"tablet":{"background-color":"var(--ast-global-color-5)","background-image":"","background-repeat":"repeat","background-position":"center center","background-size":"auto","background-attachment":"scroll","background-type":"","background-media":"","overlay-type":"","overlay-color":"","overlay-opacity":"","overlay-gradient":""},"mobile":{"background-color":"var(--ast-global-color-5)","background-image":"","background-repeat":"repeat","background-position":"center center","background-size":"auto","background-attachment":"scroll","background-type":"","background-media":"","overlay-type":"","overlay-color":"","overlay-opacity":"","overlay-gradient":""}}},"product_brand":[],"product_cat":[734,65,76,737],"product_tag":[662,663,492,777,701,460,773,776,145,687,775,774],"class_list":{"0":"post-9790","1":"product","2":"type-product","3":"status-publish","4":"has-post-thumbnail","6":"product_cat-yoga-suits","7":"product_cat-best-sellers","8":"product_cat-new-arrivels","9":"product_cat-yoga-leggings","10":"product_tag-abdominal","11":"product_tag-belly","12":"product_tag-breathable","13":"product_tag-confident","14":"product_tag-fashionable","15":"product_tag-high-elasticity","16":"product_tag-high-wasit","17":"product_tag-highlight","18":"product_tag-sexy","19":"product_tag-soft","20":"product_tag-stretchy","21":"product_tag-yoga-legging","22":"pa_color-armygreen","23":"pa_color-claret","24":"pa_color-purple","25":"pa_color-watermelon-red","26":"pa_color-yellow","27":"pa_size-l","28":"pa_size-m","29":"pa_size-s","30":"desktop-align-center","31":"tablet-align-left","32":"mobile-align-left","33":"ast-product-gallery-layout-horizontal-slider","34":"ast-product-single-variable","35":"ast-product-tabs-layout-horizontal","36":"ast-qv-on-image","38":"first","39":"instock","40":"shipping-taxable","41":"purchasable","42":"product-type-variable"},"tiered_pricing_type":"fixed","tiered_pricing_fixed_rules":{"5":6.65,"50":5.9,"100":5.2},"tiered_pricing_product_settings":{"layout":"default","base_unit_name":{"singular":null,"plural":null},"default_variation":null},"tiered_pricing_minimum_quantity":null,"tiered_pricing_roles_data":[],"tiered_pricing_percentage_rules":[],"_links":{"self":[{"href":"https:\/\/yume-silm.com\/de\/wp-json\/wp\/v2\/product\/9790","targetHints":{"allow":["GET"]}}],"collection":[{"href":"https:\/\/yume-silm.com\/de\/wp-json\/wp\/v2\/product"}],"about":[{"href":"https:\/\/yume-silm.com\/de\/wp-json\/wp\/v2\/types\/product"}],"replies":[{"embeddable":true,"href":"https:\/\/yume-silm.com\/de\/wp-json\/wp\/v2\/comments?post=9790"}],"wp:featuredmedia":[{"embeddable":true,"href":"https:\/\/yume-silm.com\/de\/wp-json\/wp\/v2\/media\/9791"}],"wp:attachment":[{"href":"https:\/\/yume-silm.com\/de\/wp-json\/wp\/v2\/media?parent=9790"}],"wp:term":[{"taxonomy":"product_brand","embeddable":true,"href":"https:\/\/yume-silm.com\/de\/wp-json\/wp\/v2\/product_brand?post=9790"},{"taxonomy":"product_cat","embeddable":true,"href":"https:\/\/yume-silm.com\/de\/wp-json\/wp\/v2\/product_cat?post=9790"},{"taxonomy":"product_tag","embeddable":true,"href":"https:\/\/yume-silm.com\/de\/wp-json\/wp\/v2\/product_tag?post=9790"}],"curies":[{"name":"wp","href":"https:\/\/api.w.org\/{rel}","templated":true}]}}