{"id":9817,"date":"2024-08-01T01:09:19","date_gmt":"2024-08-01T01:09:19","guid":{"rendered":"https:\/\/yume-silm.com\/?post_type=product&#038;p=9817"},"modified":"2025-04-09T00:44:30","modified_gmt":"2025-04-09T00:44:30","slug":"schnelltrocknende-geruschte-yoga-leggings-fur-damen","status":"publish","type":"product","link":"https:\/\/yume-silm.com\/de\/produkt\/schnelltrocknende-geruschte-yoga-leggings-fur-damen\/","title":{"rendered":"Schnelltrocknende, ger\u00fcschte Yoga-Leggings f\u00fcr Damen"},"content":{"rendered":"<h5>Design-Merkmale<\/h5>\n<ul>\n<li><strong>HOHE ELASTIZIT\u00c4T:<\/strong> Die schnell trocknenden, ger\u00fcschten Yoga-Leggings f\u00fcr Damen haben ein hochelastisches Design, sind modisch und gro\u00dfz\u00fcgig, mit sexy und eleganter Lagenstruktur. Das nahtlose Design bietet Ihnen optimalen Komfort beim Yoga und Training.<\/li>\n<li><strong>Design mit hoher Taille:<\/strong>Das Design mit hoher Taille an den H\u00fcften und dem Bauchband kann der sch\u00f6nen Version ein modisches Highlight verleihen und Ihnen dabei helfen, im Mittelpunkt der Mode zu stehen. Der superweiche Stoff passt sich perfekt Ihren K\u00f6rperkurven an und sorgt daf\u00fcr, dass Sie immer eine perfekte, sexy Figur behalten.<\/li>\n<li><strong>FEUCHTIGKEITSABWEISEND:<\/strong>\u00a0Atmungsaktives, weiches und dehnbares Gewebe bietet volle Abdeckung und gute Atmungsaktivit\u00e4t. Gleichzeitig strafft das Design mit hoher Taille die H\u00fcften und den Bauch, ohne den Bauch freizulegen, und betont so Ihre perfekte K\u00f6rperkurve.<\/li>\n<li><strong>GELEGENHEIT:<\/strong>\u00a0Egal, ob Sie Sport treiben oder mit Freunden spielen, der atmungsaktive und super dehnbare Stoff sorgt f\u00fcr ein entspanntes Gef\u00fchl, perfekt f\u00fcr Yoga, Laufen, Fitnessstudio, jede Art von Sport, jede Jahreszeit oder den t\u00e4glichen Gebrauch.<\/li>\n<\/ul>\n<p><a href=\"https:\/\/yume-silm.com\/wp-content\/uploads\/2024\/08\/Womens-Quick-Dry-Seamless-Yoga-Leggings-1.png\"><img fetchpriority=\"high\" decoding=\"async\" class=\"alignnone wp-image-9818 size-medium\" src=\"https:\/\/yume-silm.com\/wp-content\/uploads\/2024\/08\/Womens-Quick-Dry-Seamless-Yoga-Leggings-1-300x300.png\" alt=\"schnelltrocknende ger\u00fcschte Yoga-Leggings f\u00fcr Damen\" width=\"300\" height=\"300\" title=\"\" srcset=\"https:\/\/yume-silm.com\/wp-content\/uploads\/2024\/08\/Womens-Quick-Dry-Seamless-Yoga-Leggings-1-300x300.png 300w, https:\/\/yume-silm.com\/wp-content\/uploads\/2024\/08\/Womens-Quick-Dry-Seamless-Yoga-Leggings-1-150x150.png 150w, https:\/\/yume-silm.com\/wp-content\/uploads\/2024\/08\/Womens-Quick-Dry-Seamless-Yoga-Leggings-1-768x768.png 768w, https:\/\/yume-silm.com\/wp-content\/uploads\/2024\/08\/Womens-Quick-Dry-Seamless-Yoga-Leggings-1-12x12.png 12w, https:\/\/yume-silm.com\/wp-content\/uploads\/2024\/08\/Womens-Quick-Dry-Seamless-Yoga-Leggings-1-100x100.png 100w, https:\/\/yume-silm.com\/wp-content\/uploads\/2024\/08\/Womens-Quick-Dry-Seamless-Yoga-Leggings-1.png 800w\" sizes=\"(max-width: 300px) 100vw, 300px\" \/><\/a><a href=\"https:\/\/yume-silm.com\/wp-content\/uploads\/2024\/08\/Womens-Quick-Dry-Seamless-Yoga-Leggings-2.jpg\"><img decoding=\"async\" class=\"alignnone wp-image-9819 size-medium\" src=\"https:\/\/yume-silm.com\/wp-content\/uploads\/2024\/08\/Womens-Quick-Dry-Seamless-Yoga-Leggings-2-300x300.jpg\" alt=\"schnelltrocknende ger\u00fcschte Yoga-Leggings f\u00fcr Damen\" width=\"300\" height=\"300\" title=\"\" srcset=\"https:\/\/yume-silm.com\/wp-content\/uploads\/2024\/08\/Womens-Quick-Dry-Seamless-Yoga-Leggings-2-300x300.jpg 300w, https:\/\/yume-silm.com\/wp-content\/uploads\/2024\/08\/Womens-Quick-Dry-Seamless-Yoga-Leggings-2-150x150.jpg 150w, https:\/\/yume-silm.com\/wp-content\/uploads\/2024\/08\/Womens-Quick-Dry-Seamless-Yoga-Leggings-2-768x768.jpg 768w, https:\/\/yume-silm.com\/wp-content\/uploads\/2024\/08\/Womens-Quick-Dry-Seamless-Yoga-Leggings-2-12x12.jpg 12w, https:\/\/yume-silm.com\/wp-content\/uploads\/2024\/08\/Womens-Quick-Dry-Seamless-Yoga-Leggings-2-100x100.jpg 100w, https:\/\/yume-silm.com\/wp-content\/uploads\/2024\/08\/Womens-Quick-Dry-Seamless-Yoga-Leggings-2.jpg 800w\" sizes=\"(max-width: 300px) 100vw, 300px\" \/><\/a><\/p>\n<h6><em>Yogahosen f\u00fcr Bauch und H\u00fcfte f\u00fcr Damen<\/em><\/h6>\n<ul>\n<li>Diese schnell trocknenden Yoga-Leggings f\u00fcr Damen mit R\u00fcschen haben einen breiten G\u00fcrtel, der Ihren Bauch besser kontrollieren kann. Gleichzeitig wird die 4D-Technologie f\u00fcr nahtloses Stricken verwendet, um den K\u00f6rper zu komprimieren und zu straffen. Sie k\u00f6nnen w\u00e4hrend des Trainings st\u00e4ndig um den K\u00f6rper gewickelt bleiben, ohne sich zu l\u00f6sen oder zu verrutschen, und es entstehen keine peinlichen Situationen. Macht Sie selbstbewusster.<\/li>\n<\/ul>","protected":false},"excerpt":{"rendered":"<p>Diese schnelltrocknenden, gerafften Yoga-Leggings f\u00fcr Damen passen sich perfekt Ihren Kurven an. Die hohe Taille sowie das Design mit Bauch- und H\u00fcftlifting sorgen daf\u00fcr, dass Sie immer eine perfekte Figur haben. Tragen Sie sie mit passender Kleidung, es gibt keine Perspektiven. \u00dcberwachen Sie Ihre Figur.<\/p>","protected":false},"featured_media":9820,"comment_status":"open","ping_status":"closed","template":"","meta":{"site-sidebar-layout":"default","site-content-layout":"","ast-site-content-layout":"default","site-content-style":"default","site-sidebar-style":"default","ast-global-header-display":"","ast-banner-title-visibility":"","ast-main-header-display":"","ast-hfb-above-header-display":"","ast-hfb-below-header-display":"","ast-hfb-mobile-header-display":"","site-post-title":"","ast-breadcrumbs-content":"","ast-featured-img":"","footer-sml-layout":"","ast-disable-related-posts":"","theme-transparent-header-meta":"default","adv-header-id-meta":"","stick-header-meta":"default","header-above-stick-meta":"","header-main-stick-meta":"","header-below-stick-meta":"","astra-migrate-meta-layouts":"set","ast-page-background-enabled":"default","ast-page-background-meta":{"desktop":{"background-color":"","background-image":"","background-repeat":"repeat","background-position":"center center","background-size":"auto","background-attachment":"scroll","background-type":"","background-media":"","overlay-type":"","overlay-color":"","overlay-opacity":"","overlay-gradient":""},"tablet":{"background-color":"","background-image":"","background-repeat":"repeat","background-position":"center center","background-size":"auto","background-attachment":"scroll","background-type":"","background-media":"","overlay-type":"","overlay-color":"","overlay-opacity":"","overlay-gradient":""},"mobile":{"background-color":"","background-image":"","background-repeat":"repeat","background-position":"center center","background-size":"auto","background-attachment":"scroll","background-type":"","background-media":"","overlay-type":"","overlay-color":"","overlay-opacity":"","overlay-gradient":""}},"ast-content-background-meta":{"desktop":{"background-color":"var(--ast-global-color-5)","background-image":"","background-repeat":"repeat","background-position":"center center","background-size":"auto","background-attachment":"scroll","background-type":"","background-media":"","overlay-type":"","overlay-color":"","overlay-opacity":"","overlay-gradient":""},"tablet":{"background-color":"var(--ast-global-color-5)","background-image":"","background-repeat":"repeat","background-position":"center center","background-size":"auto","background-attachment":"scroll","background-type":"","background-media":"","overlay-type":"","overlay-color":"","overlay-opacity":"","overlay-gradient":""},"mobile":{"background-color":"var(--ast-global-color-5)","background-image":"","background-repeat":"repeat","background-position":"center center","background-size":"auto","background-attachment":"scroll","background-type":"","background-media":"","overlay-type":"","overlay-color":"","overlay-opacity":"","overlay-gradient":""}}},"product_brand":[],"product_cat":[734,65,76,737],"product_tag":[492,777,701,460,139,659,778,491,145,687,775,779],"class_list":{"0":"post-9817","1":"product","2":"type-product","3":"status-publish","4":"has-post-thumbnail","6":"product_cat-yoga-suits","7":"product_cat-best-sellers","8":"product_cat-new-arrivels","9":"product_cat-yoga-leggings","10":"product_tag-breathable","11":"product_tag-confident","12":"product_tag-fashionable","13":"product_tag-high-elasticity","14":"product_tag-high-waist","15":"product_tag-hip-lift","16":"product_tag-quick-dry","17":"product_tag-seamless","18":"product_tag-sexy","19":"product_tag-soft","20":"product_tag-stretchy","21":"product_tag-yoga-leggings","22":"pa_color-black","23":"pa_color-blue","24":"pa_color-brown","25":"pa_color-dark-green","26":"pa_color-light-grey","27":"pa_size-l","28":"pa_size-m","29":"pa_size-s","30":"desktop-align-center","31":"tablet-align-left","32":"mobile-align-left","33":"ast-product-gallery-layout-horizontal-slider","34":"ast-product-single-variable","35":"ast-product-tabs-layout-horizontal","36":"ast-qv-on-image","38":"first","39":"instock","40":"shipping-taxable","41":"purchasable","42":"product-type-variable"},"tiered_pricing_type":"fixed","tiered_pricing_fixed_rules":{"5":6.65,"50":5.9,"100":5.2},"tiered_pricing_product_settings":{"layout":"default","base_unit_name":{"singular":null,"plural":null},"default_variation":null},"tiered_pricing_minimum_quantity":null,"tiered_pricing_roles_data":[],"tiered_pricing_percentage_rules":[],"_links":{"self":[{"href":"https:\/\/yume-silm.com\/de\/wp-json\/wp\/v2\/product\/9817","targetHints":{"allow":["GET"]}}],"collection":[{"href":"https:\/\/yume-silm.com\/de\/wp-json\/wp\/v2\/product"}],"about":[{"href":"https:\/\/yume-silm.com\/de\/wp-json\/wp\/v2\/types\/product"}],"replies":[{"embeddable":true,"href":"https:\/\/yume-silm.com\/de\/wp-json\/wp\/v2\/comments?post=9817"}],"wp:featuredmedia":[{"embeddable":true,"href":"https:\/\/yume-silm.com\/de\/wp-json\/wp\/v2\/media\/9820"}],"wp:attachment":[{"href":"https:\/\/yume-silm.com\/de\/wp-json\/wp\/v2\/media?parent=9817"}],"wp:term":[{"taxonomy":"product_brand","embeddable":true,"href":"https:\/\/yume-silm.com\/de\/wp-json\/wp\/v2\/product_brand?post=9817"},{"taxonomy":"product_cat","embeddable":true,"href":"https:\/\/yume-silm.com\/de\/wp-json\/wp\/v2\/product_cat?post=9817"},{"taxonomy":"product_tag","embeddable":true,"href":"https:\/\/yume-silm.com\/de\/wp-json\/wp\/v2\/product_tag?post=9817"}],"curies":[{"name":"wp","href":"https:\/\/api.w.org\/{rel}","templated":true}]}}