{"id":9878,"date":"2024-08-05T07:23:28","date_gmt":"2024-08-05T07:23:28","guid":{"rendered":"https:\/\/yume-silm.com\/?post_type=product&#038;p=9878"},"modified":"2024-08-28T08:29:35","modified_gmt":"2024-08-28T08:29:35","slug":"stosfester-push-up-crop-fitness-yoga-bh-fur-damen","status":"publish","type":"product","link":"https:\/\/yume-silm.com\/de\/produkt\/stosfester-push-up-crop-fitness-yoga-bh-fur-damen\/","title":{"rendered":"Sto\u00dffester Push-Up-Crop-Fitness-Yoga-BH f\u00fcr Damen"},"content":{"rendered":"<h5>Design-Merkmale<\/h5>\n<ul>\n<li><strong>EINZIGARTIGES DESIGN:<\/strong> Die R\u00fcckseite dieses sto\u00dffesten Push-Up-Crop-Fitness-Yoga-BHs f\u00fcr Damen verf\u00fcgt \u00fcber ein Worker-Balken-Design zur Verringerung des Schulterdrucks und ein breiterer elastischer Saum erh\u00f6ht die Brustunterst\u00fctzung.<\/li>\n<li><strong>Atmungsaktives Gewebe:<\/strong>Verwenden Sie einen atmungsaktiven, weichen Stoff, der hochelastisch und leicht ist und sich besser an den K\u00f6rper anpasst, was zur Erfrischung der Haut beitr\u00e4gt.<\/li>\n<li><strong>NETZDESIGN:<\/strong> Das Rhombus-Mesh-Design auf der R\u00fcckseite erm\u00f6glicht Ihnen eine effektive Schwei\u00dfabsonderung w\u00e4hrend des Trainings oder der \u00dcbung, h\u00e4lt Ihren K\u00f6rper k\u00fchl und trocken und sorgt f\u00fcr ein langes Wohlbefinden.<\/li>\n<li><strong>GELEGENHEIT:<\/strong>Egal, ob Sie laufen, trainieren, Rad fahren oder andere hochintensive \u00dcbungen machen, Sie k\u00f6nnen diese Yoga-Unterw\u00e4sche tragen, die Schwei\u00df ableitet und Feuchtigkeit absorbiert, sodass Sie den ganzen Tag \u00fcber frisch bleiben.<\/li>\n<\/ul>\n<p><img fetchpriority=\"high\" decoding=\"async\" class=\"alignnone size-medium wp-image-10760\" src=\"https:\/\/yume-silm.com\/wp-content\/uploads\/2024\/08\/yumesilm-womens-shockproof-push-up-crop-fitness-yoga-bra-01-300x300.jpg\" alt=\"Sto\u00dffester Push-Up-Crop-Fitness-Yoga-BH f\u00fcr Damen\" width=\"300\" height=\"300\" title=\"\" srcset=\"https:\/\/yume-silm.com\/wp-content\/uploads\/2024\/08\/yumesilm-womens-shockproof-push-up-crop-fitness-yoga-bra-01-300x300.jpg 300w, https:\/\/yume-silm.com\/wp-content\/uploads\/2024\/08\/yumesilm-womens-shockproof-push-up-crop-fitness-yoga-bra-01-150x150.jpg 150w, https:\/\/yume-silm.com\/wp-content\/uploads\/2024\/08\/yumesilm-womens-shockproof-push-up-crop-fitness-yoga-bra-01-768x768.jpg 768w, https:\/\/yume-silm.com\/wp-content\/uploads\/2024\/08\/yumesilm-womens-shockproof-push-up-crop-fitness-yoga-bra-01-12x12.jpg 12w, https:\/\/yume-silm.com\/wp-content\/uploads\/2024\/08\/yumesilm-womens-shockproof-push-up-crop-fitness-yoga-bra-01-100x100.jpg 100w, https:\/\/yume-silm.com\/wp-content\/uploads\/2024\/08\/yumesilm-womens-shockproof-push-up-crop-fitness-yoga-bra-01.jpg 800w\" sizes=\"(max-width: 300px) 100vw, 300px\" \/><\/p>\n<p>&nbsp;<\/p>\n<h6><em>Atmungsaktive Lauf-Yoga-Unterw\u00e4sche f\u00fcr Damen mit sch\u00f6nem R\u00fccken<\/em><\/h6>\n<ul>\n<li>Dieser sto\u00dffeste, kurze Push-Up-Fitness-Yoga-BH f\u00fcr Damen ist in vier Richtungen dehnbar, atmungsaktiv, schnelltrocknend und hat einen I-Tr\u00e4ger, der den Druck auf die Schultern mindert, ein H\u00e4ngen der Brust beim Laufen verhindert und die R\u00fcckenhaltung verbessert. Doppellagiges Gewebe ist besser f\u00fcr Ihren K\u00f6rper.<\/li>\n<\/ul>","protected":false},"excerpt":{"rendered":"<p>Tragen Sie diesen sto\u00dffesten Push-Up-Crop-Fitness-Yoga-BH f\u00fcr Damen. Sie haben die Wahl zwischen verschiedenen Gr\u00f6\u00dfen. Das atmungsaktive, hochelastische Gewebe bietet Ihnen maximalen Komfort und Schutz und macht Sie selbstbewusster und mutiger.<\/p>","protected":false},"featured_media":9882,"comment_status":"open","ping_status":"closed","template":"","meta":{"site-sidebar-layout":"default","site-content-layout":"","ast-site-content-layout":"default","site-content-style":"default","site-sidebar-style":"default","ast-global-header-display":"","ast-banner-title-visibility":"","ast-main-header-display":"","ast-hfb-above-header-display":"","ast-hfb-below-header-display":"","ast-hfb-mobile-header-display":"","site-post-title":"","ast-breadcrumbs-content":"","ast-featured-img":"","footer-sml-layout":"","ast-disable-related-posts":"","theme-transparent-header-meta":"default","adv-header-id-meta":"","stick-header-meta":"default","header-above-stick-meta":"","header-main-stick-meta":"","header-below-stick-meta":"","astra-migrate-meta-layouts":"set","ast-page-background-enabled":"default","ast-page-background-meta":{"desktop":{"background-color":"","background-image":"","background-repeat":"repeat","background-position":"center center","background-size":"auto","background-attachment":"scroll","background-type":"","background-media":"","overlay-type":"","overlay-color":"","overlay-opacity":"","overlay-gradient":""},"tablet":{"background-color":"","background-image":"","background-repeat":"repeat","background-position":"center center","background-size":"auto","background-attachment":"scroll","background-type":"","background-media":"","overlay-type":"","overlay-color":"","overlay-opacity":"","overlay-gradient":""},"mobile":{"background-color":"","background-image":"","background-repeat":"repeat","background-position":"center center","background-size":"auto","background-attachment":"scroll","background-type":"","background-media":"","overlay-type":"","overlay-color":"","overlay-opacity":"","overlay-gradient":""}},"ast-content-background-meta":{"desktop":{"background-color":"var(--ast-global-color-5)","background-image":"","background-repeat":"repeat","background-position":"center center","background-size":"auto","background-attachment":"scroll","background-type":"","background-media":"","overlay-type":"","overlay-color":"","overlay-opacity":"","overlay-gradient":""},"tablet":{"background-color":"var(--ast-global-color-5)","background-image":"","background-repeat":"repeat","background-position":"center center","background-size":"auto","background-attachment":"scroll","background-type":"","background-media":"","overlay-type":"","overlay-color":"","overlay-opacity":"","overlay-gradient":""},"mobile":{"background-color":"var(--ast-global-color-5)","background-image":"","background-repeat":"repeat","background-position":"center center","background-size":"auto","background-attachment":"scroll","background-type":"","background-media":"","overlay-type":"","overlay-color":"","overlay-opacity":"","overlay-gradient":""}}},"product_brand":[],"product_cat":[734,65,76,735],"product_tag":[789,788,492,787,791,413,782,602,790,786,719],"class_list":{"0":"post-9878","1":"product","2":"type-product","3":"status-publish","4":"has-post-thumbnail","6":"product_cat-yoga-suits","7":"product_cat-best-sellers","8":"product_cat-new-arrivels","9":"product_cat-yoga-tops","10":"product_tag-beautiful","11":"product_tag-bold","12":"product_tag-breathable","13":"product_tag-comfident","14":"product_tag-elastic","15":"product_tag-fitness","16":"product_tag-mesh","17":"product_tag-push-up","18":"product_tag-quick-drying","19":"product_tag-shockproof","20":"product_tag-unique-design","21":"pa_color-black","22":"pa_color-dark-blue","23":"pa_color-light-green","24":"pa_color-pink","25":"pa_color-plum-purple","26":"pa_size-2xl","27":"pa_size-3xl","28":"pa_size-l","29":"pa_size-m","30":"pa_size-s","31":"pa_size-xl","32":"desktop-align-center","33":"tablet-align-left","34":"mobile-align-left","35":"ast-product-gallery-layout-horizontal-slider","36":"ast-product-single-variable","37":"ast-product-tabs-layout-horizontal","38":"ast-qv-on-image","40":"first","41":"instock","42":"shipping-taxable","43":"purchasable","44":"product-type-variable"},"tiered_pricing_type":"fixed","tiered_pricing_fixed_rules":{"5":7.9,"50":6.7,"100":5.8},"tiered_pricing_product_settings":{"layout":"default","base_unit_name":{"singular":null,"plural":null},"default_variation":null},"tiered_pricing_minimum_quantity":null,"tiered_pricing_roles_data":[],"tiered_pricing_percentage_rules":[],"_links":{"self":[{"href":"https:\/\/yume-silm.com\/de\/wp-json\/wp\/v2\/product\/9878","targetHints":{"allow":["GET"]}}],"collection":[{"href":"https:\/\/yume-silm.com\/de\/wp-json\/wp\/v2\/product"}],"about":[{"href":"https:\/\/yume-silm.com\/de\/wp-json\/wp\/v2\/types\/product"}],"replies":[{"embeddable":true,"href":"https:\/\/yume-silm.com\/de\/wp-json\/wp\/v2\/comments?post=9878"}],"wp:featuredmedia":[{"embeddable":true,"href":"https:\/\/yume-silm.com\/de\/wp-json\/wp\/v2\/media\/9882"}],"wp:attachment":[{"href":"https:\/\/yume-silm.com\/de\/wp-json\/wp\/v2\/media?parent=9878"}],"wp:term":[{"taxonomy":"product_brand","embeddable":true,"href":"https:\/\/yume-silm.com\/de\/wp-json\/wp\/v2\/product_brand?post=9878"},{"taxonomy":"product_cat","embeddable":true,"href":"https:\/\/yume-silm.com\/de\/wp-json\/wp\/v2\/product_cat?post=9878"},{"taxonomy":"product_tag","embeddable":true,"href":"https:\/\/yume-silm.com\/de\/wp-json\/wp\/v2\/product_tag?post=9878"}],"curies":[{"name":"wp","href":"https:\/\/api.w.org\/{rel}","templated":true}]}}