{"id":9975,"date":"2024-08-06T02:10:24","date_gmt":"2024-08-06T02:10:24","guid":{"rendered":"https:\/\/yume-silm.com\/?post_type=product&#038;p=9975"},"modified":"2024-08-06T06:24:49","modified_gmt":"2024-08-06T06:24:49","slug":"elastische-strumpfhose-fur-damen-mit-huftlift-yoga-leggings","status":"publish","type":"product","link":"https:\/\/yume-silm.com\/de\/produkt\/elastische-strumpfhose-fur-damen-mit-huftlift-yoga-leggings\/","title":{"rendered":"Elastische Strumpfhose f\u00fcr Damen, Hip Lift Yoga-Leggings"},"content":{"rendered":"<h5>Design-Merkmale<\/h5>\n<ul>\n<li><strong>Design mit hoher Taille:<\/strong>Diese elastischen Yoga-Leggings mit H\u00fcftlifting f\u00fcr Damen haben einen hohen, st\u00fctzenden, gerippten Bund mit Vier-Wege-Stretch und blickdichtem Stoff. Sie passen sich jeder Haltung und Bewegung an und sorgen f\u00fcr eine schlanke Passform und Kontur, wodurch die perfekte K\u00f6rperkurve besser betont wird.<\/li>\n<li><strong>Bequemer und weicher Stoff:<\/strong>Sorgf\u00e4ltig ausgew\u00e4hltes elastisches Gewebe gew\u00e4hrleistet maximalen Komfort und das Mesh-Jacquard-Design auf beiden Seiten des Oberschenkels ist atmungsaktiv, sodass Sie es beim Tragen dieser elastischen Yoga-Leggings mit H\u00fcftlift-Effekt nicht bemerken werden.<\/li>\n<li><strong>NAHTLOSES DESIGN:<\/strong>Die Yogahosen mit nahtlosem Strickstoff, schmeichelnder hoher Taille und k\u00f6rperbetontem Visierdesign sind auf optimale Leistung ausgelegt und sorgen daf\u00fcr, dass Sie gro\u00dfartig aussehen.<\/li>\n<li><strong>GELEGENHEIT:<\/strong>Egal, ob Sie zum Spielen oder Trainieren ausgehen, Sie k\u00f6nnen unsere elastischen Yogahosen mit H\u00fcftlift-Strumpfhose f\u00fcr Damen tragen. Diese Yogahosen sind modisch und vielseitig, perfekt f\u00fcr Yoga, Laufen, Fitnessstudio, jede Art von Sport, jede Jahreszeit oder den t\u00e4glichen Gebrauch.<\/li>\n<\/ul>\n<p><a href=\"https:\/\/yume-silm.com\/wp-content\/uploads\/2024\/08\/Womens-Butt-Lifter-Compression-Stretch-Yoga-Leggings-1.jpg\"><img fetchpriority=\"high\" decoding=\"async\" class=\"alignnone wp-image-9949 size-medium\" src=\"https:\/\/yume-silm.com\/wp-content\/uploads\/2024\/08\/Womens-Butt-Lifter-Compression-Stretch-Yoga-Leggings-1-300x300.jpg\" alt=\"elastische Strumpfhosen f\u00fcr Damen mit H\u00fcftlift-Yoga-Leggings\" width=\"300\" height=\"300\" title=\"\" srcset=\"https:\/\/yume-silm.com\/wp-content\/uploads\/2024\/08\/Womens-Butt-Lifter-Compression-Stretch-Yoga-Leggings-1-300x300.jpg 300w, https:\/\/yume-silm.com\/wp-content\/uploads\/2024\/08\/Womens-Butt-Lifter-Compression-Stretch-Yoga-Leggings-1-150x150.jpg 150w, https:\/\/yume-silm.com\/wp-content\/uploads\/2024\/08\/Womens-Butt-Lifter-Compression-Stretch-Yoga-Leggings-1-768x768.jpg 768w, https:\/\/yume-silm.com\/wp-content\/uploads\/2024\/08\/Womens-Butt-Lifter-Compression-Stretch-Yoga-Leggings-1-12x12.jpg 12w, https:\/\/yume-silm.com\/wp-content\/uploads\/2024\/08\/Womens-Butt-Lifter-Compression-Stretch-Yoga-Leggings-1-100x100.jpg 100w, https:\/\/yume-silm.com\/wp-content\/uploads\/2024\/08\/Womens-Butt-Lifter-Compression-Stretch-Yoga-Leggings-1.jpg 800w\" sizes=\"(max-width: 300px) 100vw, 300px\" \/><\/a><a href=\"https:\/\/yume-silm.com\/wp-content\/uploads\/2024\/08\/Womens-Butt-Lifter-Compression-Stretch-Yoga-Leggings-2.jpg\"><img decoding=\"async\" class=\"alignnone wp-image-9950 size-medium\" src=\"https:\/\/yume-silm.com\/wp-content\/uploads\/2024\/08\/Womens-Butt-Lifter-Compression-Stretch-Yoga-Leggings-2-300x300.jpg\" alt=\"elastische Strumpfhosen f\u00fcr Damen mit H\u00fcftlift-Yoga-Leggings\" width=\"300\" height=\"300\" title=\"\" srcset=\"https:\/\/yume-silm.com\/wp-content\/uploads\/2024\/08\/Womens-Butt-Lifter-Compression-Stretch-Yoga-Leggings-2-300x300.jpg 300w, https:\/\/yume-silm.com\/wp-content\/uploads\/2024\/08\/Womens-Butt-Lifter-Compression-Stretch-Yoga-Leggings-2-150x150.jpg 150w, https:\/\/yume-silm.com\/wp-content\/uploads\/2024\/08\/Womens-Butt-Lifter-Compression-Stretch-Yoga-Leggings-2-768x768.jpg 768w, https:\/\/yume-silm.com\/wp-content\/uploads\/2024\/08\/Womens-Butt-Lifter-Compression-Stretch-Yoga-Leggings-2-12x12.jpg 12w, https:\/\/yume-silm.com\/wp-content\/uploads\/2024\/08\/Womens-Butt-Lifter-Compression-Stretch-Yoga-Leggings-2-100x100.jpg 100w, https:\/\/yume-silm.com\/wp-content\/uploads\/2024\/08\/Womens-Butt-Lifter-Compression-Stretch-Yoga-Leggings-2.jpg 800w\" sizes=\"(max-width: 300px) 100vw, 300px\" \/><\/a><\/p>\n<h6><em>Sexy Yogahose mit hoher Taille f\u00fcr Damen<\/em><\/h6>\n<ul>\n<li>Diese sexy Yogahose mit hoher Taille f\u00fcr Damen verf\u00fcgt \u00fcber ein High-Waist-Design und eine doppellagige Stoffkompression, die Ihr Bauch- und Taillenfett besser zusammendr\u00fcckt und es Ihnen erm\u00f6glicht, Ihre sexy Figur besser hervorzuheben.<\/li>\n<\/ul>","protected":false},"excerpt":{"rendered":"<p>Das Tragen dieser elastischen Yoga-Leggings mit H\u00fcftlifting f\u00fcr Damen verleiht Ihnen mehr Selbstvertrauen und l\u00e4sst Sie aufbl\u00fchen. Das nahtlose Design l\u00e4sst Sie Ihr bestes Aussehen zeigen. Holen Sie sie sich und kontaktieren Sie uns jetzt.<\/p>","protected":false},"featured_media":9976,"comment_status":"open","ping_status":"closed","template":"","meta":{"site-sidebar-layout":"default","site-content-layout":"","ast-site-content-layout":"default","site-content-style":"default","site-sidebar-style":"default","ast-global-header-display":"","ast-banner-title-visibility":"","ast-main-header-display":"","ast-hfb-above-header-display":"","ast-hfb-below-header-display":"","ast-hfb-mobile-header-display":"","site-post-title":"","ast-breadcrumbs-content":"","ast-featured-img":"","footer-sml-layout":"","ast-disable-related-posts":"","theme-transparent-header-meta":"default","adv-header-id-meta":"","stick-header-meta":"default","header-above-stick-meta":"","header-main-stick-meta":"","header-below-stick-meta":"","astra-migrate-meta-layouts":"set","ast-page-background-enabled":"default","ast-page-background-meta":{"desktop":{"background-color":"","background-image":"","background-repeat":"repeat","background-position":"center center","background-size":"auto","background-attachment":"scroll","background-type":"","background-media":"","overlay-type":"","overlay-color":"","overlay-opacity":"","overlay-gradient":""},"tablet":{"background-color":"","background-image":"","background-repeat":"repeat","background-position":"center center","background-size":"auto","background-attachment":"scroll","background-type":"","background-media":"","overlay-type":"","overlay-color":"","overlay-opacity":"","overlay-gradient":""},"mobile":{"background-color":"","background-image":"","background-repeat":"repeat","background-position":"center center","background-size":"auto","background-attachment":"scroll","background-type":"","background-media":"","overlay-type":"","overlay-color":"","overlay-opacity":"","overlay-gradient":""}},"ast-content-background-meta":{"desktop":{"background-color":"var(--ast-global-color-5)","background-image":"","background-repeat":"repeat","background-position":"center center","background-size":"auto","background-attachment":"scroll","background-type":"","background-media":"","overlay-type":"","overlay-color":"","overlay-opacity":"","overlay-gradient":""},"tablet":{"background-color":"var(--ast-global-color-5)","background-image":"","background-repeat":"repeat","background-position":"center center","background-size":"auto","background-attachment":"scroll","background-type":"","background-media":"","overlay-type":"","overlay-color":"","overlay-opacity":"","overlay-gradient":""},"mobile":{"background-color":"var(--ast-global-color-5)","background-image":"","background-repeat":"repeat","background-position":"center center","background-size":"auto","background-attachment":"scroll","background-type":"","background-media":"","overlay-type":"","overlay-color":"","overlay-opacity":"","overlay-gradient":""}}},"product_brand":[],"product_cat":[65,76,734,737],"product_tag":[787,799,791,139,679,801,491,145,687,654,779,800],"class_list":{"0":"post-9975","1":"product","2":"type-product","3":"status-publish","4":"has-post-thumbnail","6":"product_cat-best-sellers","7":"product_cat-new-arrivels","8":"product_cat-yoga-suits","9":"product_cat-yoga-leggings","10":"product_tag-comfident","11":"product_tag-confortable","12":"product_tag-elastic","13":"product_tag-high-waist","14":"product_tag-hip-lifter","15":"product_tag-non-see-through","16":"product_tag-seamless","17":"product_tag-sexy","18":"product_tag-soft","19":"product_tag-tight","20":"product_tag-yoga-leggings","21":"product_tag-yoga-pants","22":"pa_color-green","23":"pa_color-light-purple","24":"pa_color-pink","25":"pa_color-purple","26":"pa_color-watermelon-red","27":"pa_color-yellow","28":"pa_size-l","29":"pa_size-m","30":"pa_size-s","31":"desktop-align-center","32":"tablet-align-left","33":"mobile-align-left","34":"ast-product-gallery-layout-horizontal-slider","35":"ast-product-single-variable","36":"ast-product-tabs-layout-horizontal","37":"ast-qv-on-image","39":"first","40":"instock","41":"shipping-taxable","42":"purchasable","43":"product-type-variable"},"tiered_pricing_type":"fixed","tiered_pricing_fixed_rules":{"5":7.5,"50":6.5,"100":5.4},"tiered_pricing_product_settings":{"layout":"default","base_unit_name":{"singular":null,"plural":null},"default_variation":null},"tiered_pricing_minimum_quantity":null,"tiered_pricing_roles_data":[],"tiered_pricing_percentage_rules":[],"_links":{"self":[{"href":"https:\/\/yume-silm.com\/de\/wp-json\/wp\/v2\/product\/9975","targetHints":{"allow":["GET"]}}],"collection":[{"href":"https:\/\/yume-silm.com\/de\/wp-json\/wp\/v2\/product"}],"about":[{"href":"https:\/\/yume-silm.com\/de\/wp-json\/wp\/v2\/types\/product"}],"replies":[{"embeddable":true,"href":"https:\/\/yume-silm.com\/de\/wp-json\/wp\/v2\/comments?post=9975"}],"wp:featuredmedia":[{"embeddable":true,"href":"https:\/\/yume-silm.com\/de\/wp-json\/wp\/v2\/media\/9976"}],"wp:attachment":[{"href":"https:\/\/yume-silm.com\/de\/wp-json\/wp\/v2\/media?parent=9975"}],"wp:term":[{"taxonomy":"product_brand","embeddable":true,"href":"https:\/\/yume-silm.com\/de\/wp-json\/wp\/v2\/product_brand?post=9975"},{"taxonomy":"product_cat","embeddable":true,"href":"https:\/\/yume-silm.com\/de\/wp-json\/wp\/v2\/product_cat?post=9975"},{"taxonomy":"product_tag","embeddable":true,"href":"https:\/\/yume-silm.com\/de\/wp-json\/wp\/v2\/product_tag?post=9975"}],"curies":[{"name":"wp","href":"https:\/\/api.w.org\/{rel}","templated":true}]}}