{"id":9996,"date":"2024-08-06T03:16:01","date_gmt":"2024-08-06T03:16:01","guid":{"rendered":"https:\/\/yume-silm.com\/?post_type=product&#038;p=9996"},"modified":"2024-08-06T06:14:39","modified_gmt":"2024-08-06T06:14:39","slug":"nahtlose-yoga-leggings-fur-damen-in-pfirsichfarbe-mit-enger-taille","status":"publish","type":"product","link":"https:\/\/yume-silm.com\/de\/produkt\/nahtlose-yoga-leggings-fur-damen-in-pfirsichfarbe-mit-enger-taille\/","title":{"rendered":"Nahtlose Yoga-Leggings f\u00fcr Damen in Pfirsichfarbe mit enger Taille"},"content":{"rendered":"<h5>Design-Merkmale<\/h5>\n<ul>\n<li><strong>Design mit hoher Taille:<\/strong> Diese nahtlosen Yoga-Leggings f\u00fcr Damen mit enger Taille und Pfirsichmuster bestehen aus blickdichtem, schwei\u00dfableitendem 8-Wege-Stretchgewebe, und der breite Bund sorgt f\u00fcr eine glatte und sichere Passform, sodass die Kurven Ihres K\u00f6rpers noch perfekter zur Geltung kommen.<\/li>\n<li><strong>NAHTLOSES DESIGN:<\/strong>Diese nahtlosen Yogahosen wurden f\u00fcr optimalen Komfort und mehr Bewegungsfreiheit durch die Reduzierung der N\u00e4hte entwickelt. Sie bestehen aus hochdehnbarem, weichem und atmungsaktivem Stoff, der sich optimal an Ihren K\u00f6rper anpasst und Ihnen mehr Selbstvertrauen gibt.<\/li>\n<li><strong>MEHRERE FARBEN:<\/strong> Unsere Yogahosen mit enger Taille sind in vielen verschiedenen Farben erh\u00e4ltlich, die alle sehr modisch und trendig sind und Ihnen erm\u00f6glichen, zu jeder Jahreszeit Ihren eigenen, einzigartigen Kleidungsstil zu haben und ein anderes Ich zu akzeptieren.<\/li>\n<li><strong>GELEGENHEIT:<\/strong> Diese nahtlosen Yoga-Leggings f\u00fcr Damen mit enger Taille und Pfirsichmuster eignen sich f\u00fcr jede Jahreszeit und jeden Anlass. Sie sind nicht nur f\u00fcr Yoga, Sport, Fitness, Pilates und Laufen geeignet. Diese Yogahose kann auch in der Freizeit oder zum Einkaufen getragen werden. Sie k\u00f6nnen Ihr Outfit entsprechend Ihrem Lebensstil ausw\u00e4hlen.<\/li>\n<\/ul>\n<p><a href=\"https:\/\/yume-silm.com\/wp-content\/uploads\/2024\/08\/Womens-Seamless-Peach-Tight-Waist-Yoga-Legging-blue.jpg\"><img fetchpriority=\"high\" decoding=\"async\" class=\"alignnone wp-image-9999 size-medium\" src=\"https:\/\/yume-silm.com\/wp-content\/uploads\/2024\/08\/Womens-Seamless-Peach-Tight-Waist-Yoga-Legging-blue-300x300.jpg\" alt=\"Nahtlose Yoga-Leggings mit enger Taille in Pfirsichfarbe f\u00fcr Damen\" width=\"300\" height=\"300\" title=\"\" srcset=\"https:\/\/yume-silm.com\/wp-content\/uploads\/2024\/08\/Womens-Seamless-Peach-Tight-Waist-Yoga-Legging-blue-300x300.jpg 300w, https:\/\/yume-silm.com\/wp-content\/uploads\/2024\/08\/Womens-Seamless-Peach-Tight-Waist-Yoga-Legging-blue-150x150.jpg 150w, https:\/\/yume-silm.com\/wp-content\/uploads\/2024\/08\/Womens-Seamless-Peach-Tight-Waist-Yoga-Legging-blue-768x768.jpg 768w, https:\/\/yume-silm.com\/wp-content\/uploads\/2024\/08\/Womens-Seamless-Peach-Tight-Waist-Yoga-Legging-blue-12x12.jpg 12w, https:\/\/yume-silm.com\/wp-content\/uploads\/2024\/08\/Womens-Seamless-Peach-Tight-Waist-Yoga-Legging-blue-100x100.jpg 100w, https:\/\/yume-silm.com\/wp-content\/uploads\/2024\/08\/Womens-Seamless-Peach-Tight-Waist-Yoga-Legging-blue.jpg 800w\" sizes=\"(max-width: 300px) 100vw, 300px\" \/><\/a><\/p>\n<h6><em>Atmungsaktive Yogahose mit hoher Taille f\u00fcr Damen<\/em><\/h6>\n<ul>\n<li>Verwenden Sie atmungsaktives Gewebe und doppellagige Kompression, um Ihr Taillen- und Bauchfett zu straffen. Atmungsaktives und weiches Gewebe passt sich Ihrem K\u00f6rper optimal an und verleiht Ihnen eine schlankere Figur.<\/li>\n<\/ul>","protected":false},"excerpt":{"rendered":"<p>Tragen Sie diese nahtlosen Yoga-Leggings f\u00fcr Damen mit enger Taille und Pfirsichfarbe. Mehrere Farboptionen erm\u00f6glichen es Ihnen, sich mit verschiedenen Stilen herauszufordern. Das Design mit hoher Taille passt sich auch gut Ihren K\u00f6rperkurven an. Macht Sie selbstbewusster.<\/p>","protected":false},"featured_media":10001,"comment_status":"open","ping_status":"closed","template":"","meta":{"site-sidebar-layout":"default","site-content-layout":"","ast-site-content-layout":"default","site-content-style":"default","site-sidebar-style":"default","ast-global-header-display":"","ast-banner-title-visibility":"","ast-main-header-display":"","ast-hfb-above-header-display":"","ast-hfb-below-header-display":"","ast-hfb-mobile-header-display":"","site-post-title":"","ast-breadcrumbs-content":"","ast-featured-img":"","footer-sml-layout":"","ast-disable-related-posts":"","theme-transparent-header-meta":"default","adv-header-id-meta":"","stick-header-meta":"default","header-above-stick-meta":"","header-main-stick-meta":"","header-below-stick-meta":"","astra-migrate-meta-layouts":"set","ast-page-background-enabled":"default","ast-page-background-meta":{"desktop":{"background-color":"","background-image":"","background-repeat":"repeat","background-position":"center center","background-size":"auto","background-attachment":"scroll","background-type":"","background-media":"","overlay-type":"","overlay-color":"","overlay-opacity":"","overlay-gradient":""},"tablet":{"background-color":"","background-image":"","background-repeat":"repeat","background-position":"center center","background-size":"auto","background-attachment":"scroll","background-type":"","background-media":"","overlay-type":"","overlay-color":"","overlay-opacity":"","overlay-gradient":""},"mobile":{"background-color":"","background-image":"","background-repeat":"repeat","background-position":"center center","background-size":"auto","background-attachment":"scroll","background-type":"","background-media":"","overlay-type":"","overlay-color":"","overlay-opacity":"","overlay-gradient":""}},"ast-content-background-meta":{"desktop":{"background-color":"var(--ast-global-color-5)","background-image":"","background-repeat":"repeat","background-position":"center center","background-size":"auto","background-attachment":"scroll","background-type":"","background-media":"","overlay-type":"","overlay-color":"","overlay-opacity":"","overlay-gradient":""},"tablet":{"background-color":"var(--ast-global-color-5)","background-image":"","background-repeat":"repeat","background-position":"center center","background-size":"auto","background-attachment":"scroll","background-type":"","background-media":"","overlay-type":"","overlay-color":"","overlay-opacity":"","overlay-gradient":""},"mobile":{"background-color":"var(--ast-global-color-5)","background-image":"","background-repeat":"repeat","background-position":"center center","background-size":"auto","background-attachment":"scroll","background-type":"","background-media":"","overlay-type":"","overlay-color":"","overlay-opacity":"","overlay-gradient":""}}},"product_brand":[],"product_cat":[737,65,76,734],"product_tag":[492,777,701,139,805,804,803,491,806,779],"class_list":{"0":"post-9996","1":"product","2":"type-product","3":"status-publish","4":"has-post-thumbnail","6":"product_cat-yoga-leggings","7":"product_cat-best-sellers","8":"product_cat-new-arrivels","9":"product_cat-yoga-suits","10":"product_tag-breathable","11":"product_tag-confident","12":"product_tag-fashionable","13":"product_tag-high-waist","14":"product_tag-highly-elastic","15":"product_tag-multiple-colors","16":"product_tag-peach","17":"product_tag-seamless","18":"product_tag-sweat-wicking","19":"product_tag-yoga-leggings","20":"pa_color-black","21":"pa_color-blue","22":"pa_color-bluegrey","23":"pa_color-brown","24":"pa_color-green","25":"pa_color-khaki","26":"pa_color-pink","27":"pa_color-purple","28":"pa_size-l","29":"pa_size-m","30":"pa_size-s","31":"pa_size-xl","32":"desktop-align-center","33":"tablet-align-left","34":"mobile-align-left","35":"ast-product-gallery-layout-horizontal-slider","36":"ast-product-single-variable","37":"ast-product-tabs-layout-horizontal","38":"ast-qv-on-image","40":"first","41":"instock","42":"shipping-taxable","43":"purchasable","44":"product-type-variable"},"tiered_pricing_type":"fixed","tiered_pricing_fixed_rules":{"5":6.2,"50":5.6,"100":4.9},"tiered_pricing_product_settings":{"layout":"default","base_unit_name":{"singular":null,"plural":null},"default_variation":null},"tiered_pricing_minimum_quantity":null,"tiered_pricing_roles_data":[],"tiered_pricing_percentage_rules":[],"_links":{"self":[{"href":"https:\/\/yume-silm.com\/de\/wp-json\/wp\/v2\/product\/9996","targetHints":{"allow":["GET"]}}],"collection":[{"href":"https:\/\/yume-silm.com\/de\/wp-json\/wp\/v2\/product"}],"about":[{"href":"https:\/\/yume-silm.com\/de\/wp-json\/wp\/v2\/types\/product"}],"replies":[{"embeddable":true,"href":"https:\/\/yume-silm.com\/de\/wp-json\/wp\/v2\/comments?post=9996"}],"wp:featuredmedia":[{"embeddable":true,"href":"https:\/\/yume-silm.com\/de\/wp-json\/wp\/v2\/media\/10001"}],"wp:attachment":[{"href":"https:\/\/yume-silm.com\/de\/wp-json\/wp\/v2\/media?parent=9996"}],"wp:term":[{"taxonomy":"product_brand","embeddable":true,"href":"https:\/\/yume-silm.com\/de\/wp-json\/wp\/v2\/product_brand?post=9996"},{"taxonomy":"product_cat","embeddable":true,"href":"https:\/\/yume-silm.com\/de\/wp-json\/wp\/v2\/product_cat?post=9996"},{"taxonomy":"product_tag","embeddable":true,"href":"https:\/\/yume-silm.com\/de\/wp-json\/wp\/v2\/product_tag?post=9996"}],"curies":[{"name":"wp","href":"https:\/\/api.w.org\/{rel}","templated":true}]}}