{"id":1352,"date":"2023-04-13T23:44:48","date_gmt":"2023-04-13T23:44:48","guid":{"rendered":"https:\/\/yume-silm.com\/?page_id=1352"},"modified":"2023-11-06T02:46:36","modified_gmt":"2023-11-06T02:46:36","slug":"metodos-de-envio","status":"publish","type":"page","link":"https:\/\/yume-silm.com\/es\/metodos-de-envio\/","title":{"rendered":"M\u00e9todos de env\u00edo"},"content":{"rendered":"<div data-elementor-type=\"wp-page\" data-elementor-id=\"1352\" class=\"elementor elementor-1352\" data-elementor-post-type=\"page\">\n\t\t\t\t\t\t<section class=\"elementor-section elementor-top-section elementor-element elementor-element-41777c2 elementor-section-boxed elementor-section-height-default elementor-section-height-default\" data-id=\"41777c2\" data-element_type=\"section\">\n\t\t\t\t\t\t<div class=\"elementor-container elementor-column-gap-default\">\n\t\t\t\t\t<div class=\"elementor-column elementor-col-100 elementor-top-column elementor-element elementor-element-2837f24\" data-id=\"2837f24\" data-element_type=\"column\">\n\t\t\t<div class=\"elementor-widget-wrap elementor-element-populated\">\n\t\t\t\t\t\t<div class=\"elementor-element elementor-element-ec3f608 elementor-widget elementor-widget-text-editor\" data-id=\"ec3f608\" data-element_type=\"widget\" data-widget_type=\"text-editor.default\">\n\t\t\t\t<div class=\"elementor-widget-container\">\n\t\t\t\t\t\t\t\t\t<p>1. M\u00e9todos de env\u00edo<\/p><p>enviaremos por los paquetes internacionales\/EMS\/DHL\/UPS\/TNT\/FedEx, o enviaremos por el mar, si el cubage de la orden es m\u00e1s de 1 esterlina, que dependiendo del \u00e1rea usted vive adentro.<\/p><p>2. Descuento de franqueo<\/p><p>Somos el VIP de la mayor\u00eda de la compa\u00f1\u00eda internacional expresa, podemos tener un precio m\u00e1s barato preferencial del env\u00edo. Por ejemplo, somos el VIP de FEDEX, despu\u00e9s podemos conseguir el descuento 35% de FEDEX (FEDX IP 3 d\u00edas que env\u00edan, FedEx IE 5 d\u00edas que env\u00edan); somos el VIP de DHL tambi\u00e9n, despu\u00e9s podemos conseguir el descuento 35% de DHL (3-5 d\u00edas que env\u00edan).<\/p><p>3. Env\u00edo y plazo de entrega<\/p><p>Despu\u00e9s de realizar un pedido, vamos a comprobar su pedido en primer lugar y luego enviar la factura a usted dentro de las 24 horas. Y como nuestros mayoristas de edad, (orden de nosotros antes.) Vamos a comprobar su orden de prioridad, y obtener los art\u00edculos que tenemos stock listo para usted primero, y luego enviar la factura a usted incluye el franqueo exacto. As\u00ed que despu\u00e9s de pagar, y se lo enviaremos a usted dentro de 1 d\u00eda h\u00e1bil. Y como los nuevos mayoristas, en general, podr\u00edamos enviar su paquete a usted dentro de 2 d\u00edas h\u00e1biles.<\/p><p>En general, tarda 3-4 d\u00edas laborables a todo el mundo por UPS, y tarda 3-5 d\u00edas laborables por TNT\/DHL, dependiendo de la zona en la que viva. y tarda 3-5 d\u00edas laborables por FedEx IP, 5-7 d\u00edas FedEx IE, dependiendo de la zona en la que viva.<\/p><p>Un paquete puede retrasarse debido a la escasez de mercanc\u00edas. Normalmente se tarda entre 3 y 15 d\u00edas en reponer las existencias. Le enviaremos un correo electr\u00f3nico una vez que el art\u00edculo est\u00e9 agotado, y no se realizar\u00e1 ning\u00fan proceso hasta su respuesta. Podemos ofrecerle un servicio de cambio o cancelaci\u00f3n seg\u00fan su voluntad.<\/p><p>4. Calculado el franqueo<\/p><p>Los gastos de env\u00edo se calculan en funci\u00f3n del peso. \u00a1Compre m\u00e1s y ahorre m\u00e1s! Por ejemplo, el cargo FedEx express es casi el mismo precio para 1 o 5 art\u00edculos con el paquete. cuanto m\u00e1s pesado sea el paquete, m\u00e1s barato el costo de env\u00edo por KG.<\/p><p>5. Los gastos de env\u00edo<\/p><p>los gastos de env\u00edo dependen del peso, la forma de entrega (DHL, TNT, UPS, FedEx, o el tr\u00e1nsito mar\u00edtimo), y el pa\u00eds de destino. As\u00ed que es dif\u00edcil para nosotros para declarar una tarifa de env\u00edo exacta antes de realizar un pedido (el peso de una sola pieza bikini es de aproximadamente 0,05 kg, pero el cuero es de aproximadamente 0,3 kg \/pc). Y usted podr\u00eda elegir la compa\u00f1\u00eda de env\u00edo que te gusta y tambi\u00e9n vamos a comprobar todos los expresos y sugerir la forma m\u00e1s adecuada para usted. Si usted no est\u00e1 satisfecho con nuestra tarifa de env\u00edo, no dude en contactar con nosotros a trav\u00e9s del bot\u00f3n de chat en vivo o enviar un correo electr\u00f3nico a: info@yume-silm.com.<\/p><p>Gracias por su comprensi\u00f3n.<\/p>\t\t\t\t\t\t\t\t<\/div>\n\t\t\t\t<\/div>\n\t\t\t\t\t<\/div>\n\t\t<\/div>\n\t\t\t\t\t<\/div>\n\t\t<\/section>\n\t\t\t\t<\/div>","protected":false},"excerpt":{"rendered":"<p>1. [&hellip;]<\/p>","protected":false},"author":1,"featured_media":0,"parent":0,"menu_order":0,"comment_status":"closed","ping_status":"closed","template":"","meta":{"site-sidebar-layout":"default","site-content-layout":"","ast-site-content-layout":"default","site-content-style":"default","site-sidebar-style":"default","ast-global-header-display":"","ast-banner-title-visibility":"","ast-main-header-display":"","ast-hfb-above-header-display":"","ast-hfb-below-header-display":"","ast-hfb-mobile-header-display":"","site-post-title":"","ast-breadcrumbs-content":"","ast-featured-img":"","footer-sml-layout":"","ast-disable-related-posts":"","theme-transparent-header-meta":"","adv-header-id-meta":"","stick-header-meta":"","header-above-stick-meta":"","header-main-stick-meta":"","header-below-stick-meta":"","astra-migrate-meta-layouts":"default","ast-page-background-enabled":"default","ast-page-background-meta":{"desktop":{"background-color":"","background-image":"","background-repeat":"repeat","background-position":"center center","background-size":"auto","background-attachment":"scroll","background-type":"","background-media":"","overlay-type":"","overlay-color":"","overlay-opacity":"","overlay-gradient":""},"tablet":{"background-color":"","background-image":"","background-repeat":"repeat","background-position":"center center","background-size":"auto","background-attachment":"scroll","background-type":"","background-media":"","overlay-type":"","overlay-color":"","overlay-opacity":"","overlay-gradient":""},"mobile":{"background-color":"","background-image":"","background-repeat":"repeat","background-position":"center center","background-size":"auto","background-attachment":"scroll","background-type":"","background-media":"","overlay-type":"","overlay-color":"","overlay-opacity":"","overlay-gradient":""}},"ast-content-background-meta":{"desktop":{"background-color":"var(--ast-global-color-5)","background-image":"","background-repeat":"repeat","background-position":"center center","background-size":"auto","background-attachment":"scroll","background-type":"","background-media":"","overlay-type":"","overlay-color":"","overlay-opacity":"","overlay-gradient":""},"tablet":{"background-color":"var(--ast-global-color-5)","background-image":"","background-repeat":"repeat","background-position":"center center","background-size":"auto","background-attachment":"scroll","background-type":"","background-media":"","overlay-type":"","overlay-color":"","overlay-opacity":"","overlay-gradient":""},"mobile":{"background-color":"var(--ast-global-color-5)","background-image":"","background-repeat":"repeat","background-position":"center center","background-size":"auto","background-attachment":"scroll","background-type":"","background-media":"","overlay-type":"","overlay-color":"","overlay-opacity":"","overlay-gradient":""}},"footnotes":""},"class_list":["post-1352","page","type-page","status-publish","hentry"],"_links":{"self":[{"href":"https:\/\/yume-silm.com\/es\/wp-json\/wp\/v2\/pages\/1352","targetHints":{"allow":["GET"]}}],"collection":[{"href":"https:\/\/yume-silm.com\/es\/wp-json\/wp\/v2\/pages"}],"about":[{"href":"https:\/\/yume-silm.com\/es\/wp-json\/wp\/v2\/types\/page"}],"author":[{"embeddable":true,"href":"https:\/\/yume-silm.com\/es\/wp-json\/wp\/v2\/users\/1"}],"replies":[{"embeddable":true,"href":"https:\/\/yume-silm.com\/es\/wp-json\/wp\/v2\/comments?post=1352"}],"version-history":[{"count":0,"href":"https:\/\/yume-silm.com\/es\/wp-json\/wp\/v2\/pages\/1352\/revisions"}],"wp:attachment":[{"href":"https:\/\/yume-silm.com\/es\/wp-json\/wp\/v2\/media?parent=1352"}],"curies":[{"name":"wp","href":"https:\/\/api.w.org\/{rel}","templated":true}]}}