{"id":1699,"date":"2023-04-19T07:09:20","date_gmt":"2023-04-19T07:09:20","guid":{"rendered":"https:\/\/yume-silm.com\/?page_id=1699"},"modified":"2023-04-19T07:11:00","modified_gmt":"2023-04-19T07:11:00","slug":"politica-de-privacidad","status":"publish","type":"page","link":"https:\/\/yume-silm.com\/es\/politica-de-privacidad\/","title":{"rendered":"pol\u00edtica de privacidad"},"content":{"rendered":"<p>Recopilamos informaci\u00f3n sobre usted durante el proceso de pago en nuestra tienda.<\/p>\n\n\n\n<h2 class=\"wp-block-heading\">Qu\u00e9 recopilamos y almacenamos<\/h2>\n\n\n\n<p>Mientras visite nuestro sitio, rastrearemos:<\/p>\n\n\n\n<ul class=\"wp-block-list\">\n<li>Productos que ha visto: lo utilizaremos, por ejemplo, para mostrarle los productos que ha visto recientemente.<\/li>\n\n\n\n<li>Ubicaci\u00f3n, direcci\u00f3n IP y tipo de navegador: lo utilizaremos para fines como la estimaci\u00f3n de impuestos y env\u00edos.<\/li>\n\n\n\n<li>Direcci\u00f3n de env\u00edo: le pediremos que la introduzca para poder, por ejemplo, calcular los gastos de env\u00edo antes de que realice el pedido y envi\u00e1rselo.<\/li>\n<\/ul>\n\n\n\n<p>Tambi\u00e9n utilizaremos cookies para hacer un seguimiento del contenido de los carritos mientras navegas por nuestro sitio.<\/p>\n\n\n\n<p>Cuando nos compre, le pediremos que nos facilite informaci\u00f3n como su nombre, direcci\u00f3n de facturaci\u00f3n, direcci\u00f3n de env\u00edo, direcci\u00f3n de correo electr\u00f3nico, n\u00famero de tel\u00e9fono, datos de la tarjeta de cr\u00e9dito\/pago e informaci\u00f3n opcional sobre la cuenta, como el nombre de usuario y la contrase\u00f1a. Utilizaremos esta informaci\u00f3n para fines tales como:<\/p>\n\n\n\n<ul class=\"wp-block-list\">\n<li>Enviarle informaci\u00f3n sobre su cuenta y su pedido<\/li>\n\n\n\n<li>Responder a sus solicitudes, incluidas devoluciones y reclamaciones<\/li>\n\n\n\n<li>Procese los pagos y evite el fraude<\/li>\n\n\n\n<li>Crear una cuenta en nuestra tienda<\/li>\n\n\n\n<li>Cumplir cualquier obligaci\u00f3n legal que tengamos, como el c\u00e1lculo de impuestos<\/li>\n\n\n\n<li>Mejorar la oferta de nuestras tiendas<\/li>\n\n\n\n<li>Enviarle mensajes de marketing, si decide recibirlos<\/li>\n<\/ul>\n\n\n\n<p>Si crea una cuenta, almacenaremos su nombre, direcci\u00f3n, correo electr\u00f3nico y n\u00famero de tel\u00e9fono, que se utilizar\u00e1n para rellenar la caja en futuros pedidos.<\/p>\n\n\n\n<p>Por lo general, almacenamos la informaci\u00f3n sobre usted mientras la necesitamos para los fines para los que la recopilamos y utilizamos, y no estamos legalmente obligados a seguir conserv\u00e1ndola. Por ejemplo, almacenaremos la informaci\u00f3n de los pedidos durante XXX a\u00f1os a efectos fiscales y contables. Esto incluye su nombre, direcci\u00f3n de correo electr\u00f3nico y direcciones de facturaci\u00f3n y env\u00edo.<\/p>\n\n\n\n<p>Tambi\u00e9n almacenaremos comentarios o rese\u00f1as, si decide dejarlos.<\/p>\n\n\n\n<h2 class=\"wp-block-heading\">Qui\u00e9n de nuestro equipo tiene acceso<\/h2>\n\n\n\n<p>Los miembros de nuestro equipo tienen acceso a la informaci\u00f3n que usted nos proporciona. Por ejemplo, tanto los administradores como los responsables de tienda pueden acceder:<\/p>\n\n\n\n<ul class=\"wp-block-list\">\n<li>Informaci\u00f3n sobre el pedido, como qu\u00e9 se compr\u00f3, cu\u00e1ndo se compr\u00f3 y ad\u00f3nde debe enviarse, y<\/li>\n\n\n\n<li>Informaci\u00f3n del cliente, como su nombre, direcci\u00f3n de correo electr\u00f3nico e informaci\u00f3n de facturaci\u00f3n y env\u00edo.<\/li>\n<\/ul>\n\n\n\n<p>Los miembros de nuestro equipo tienen acceso a esta informaci\u00f3n para ayudar a tramitar los pedidos, procesar los reembolsos y prestarle asistencia.<\/p>\n\n\n\n<h2 class=\"wp-block-heading\">Lo que compartimos con los dem\u00e1s<\/h2>\n\n\n\n<p>Compartimos informaci\u00f3n con terceros que nos ayudan a prestarle nuestros servicios de pedidos y tienda; por ejemplo<\/p>\n\n\n\n<h3 class=\"wp-block-heading\">Pagos<\/h3>\n\n\n\n<p>Aceptamos pagos a trav\u00e9s de PayPal. Al procesar los pagos, algunos de sus datos se pasar\u00e1n a PayPal, incluida la informaci\u00f3n necesaria para procesar o respaldar el pago, como el total de la compra y la informaci\u00f3n de facturaci\u00f3n.<\/p>\n\n\n\n<p>Consulte el&nbsp;<a href=\"https:\/\/www.paypal.com\/us\/webapps\/mpp\/ua\/privacy-full\" rel=\"nofollow noopener\" target=\"_blank\">Pol\u00edtica de privacidad de PayPal<\/a>&nbsp;para m\u00e1s detalles.<\/p>","protected":false},"excerpt":{"rendered":"<p>We [&hellip;]<\/p>","protected":false},"author":1,"featured_media":0,"parent":0,"menu_order":0,"comment_status":"closed","ping_status":"closed","template":"","meta":{"site-sidebar-layout":"default","site-content-layout":"","ast-site-content-layout":"default","site-content-style":"default","site-sidebar-style":"default","ast-global-header-display":"","ast-banner-title-visibility":"","ast-main-header-display":"","ast-hfb-above-header-display":"","ast-hfb-below-header-display":"","ast-hfb-mobile-header-display":"","site-post-title":"","ast-breadcrumbs-content":"","ast-featured-img":"","footer-sml-layout":"","ast-disable-related-posts":"","theme-transparent-header-meta":"","adv-header-id-meta":"","stick-header-meta":"","header-above-stick-meta":"","header-main-stick-meta":"","header-below-stick-meta":"","astra-migrate-meta-layouts":"default","ast-page-background-enabled":"default","ast-page-background-meta":{"desktop":{"background-color":"","background-image":"","background-repeat":"repeat","background-position":"center center","background-size":"auto","background-attachment":"scroll","background-type":"","background-media":"","overlay-type":"","overlay-color":"","overlay-opacity":"","overlay-gradient":""},"tablet":{"background-color":"","background-image":"","background-repeat":"repeat","background-position":"center center","background-size":"auto","background-attachment":"scroll","background-type":"","background-media":"","overlay-type":"","overlay-color":"","overlay-opacity":"","overlay-gradient":""},"mobile":{"background-color":"","background-image":"","background-repeat":"repeat","background-position":"center center","background-size":"auto","background-attachment":"scroll","background-type":"","background-media":"","overlay-type":"","overlay-color":"","overlay-opacity":"","overlay-gradient":""}},"ast-content-background-meta":{"desktop":{"background-color":"var(--ast-global-color-5)","background-image":"","background-repeat":"repeat","background-position":"center center","background-size":"auto","background-attachment":"scroll","background-type":"","background-media":"","overlay-type":"","overlay-color":"","overlay-opacity":"","overlay-gradient":""},"tablet":{"background-color":"var(--ast-global-color-5)","background-image":"","background-repeat":"repeat","background-position":"center center","background-size":"auto","background-attachment":"scroll","background-type":"","background-media":"","overlay-type":"","overlay-color":"","overlay-opacity":"","overlay-gradient":""},"mobile":{"background-color":"var(--ast-global-color-5)","background-image":"","background-repeat":"repeat","background-position":"center center","background-size":"auto","background-attachment":"scroll","background-type":"","background-media":"","overlay-type":"","overlay-color":"","overlay-opacity":"","overlay-gradient":""}},"footnotes":""},"class_list":["post-1699","page","type-page","status-publish","hentry"],"_links":{"self":[{"href":"https:\/\/yume-silm.com\/es\/wp-json\/wp\/v2\/pages\/1699","targetHints":{"allow":["GET"]}}],"collection":[{"href":"https:\/\/yume-silm.com\/es\/wp-json\/wp\/v2\/pages"}],"about":[{"href":"https:\/\/yume-silm.com\/es\/wp-json\/wp\/v2\/types\/page"}],"author":[{"embeddable":true,"href":"https:\/\/yume-silm.com\/es\/wp-json\/wp\/v2\/users\/1"}],"replies":[{"embeddable":true,"href":"https:\/\/yume-silm.com\/es\/wp-json\/wp\/v2\/comments?post=1699"}],"version-history":[{"count":0,"href":"https:\/\/yume-silm.com\/es\/wp-json\/wp\/v2\/pages\/1699\/revisions"}],"wp:attachment":[{"href":"https:\/\/yume-silm.com\/es\/wp-json\/wp\/v2\/media?parent=1699"}],"curies":[{"name":"wp","href":"https:\/\/api.w.org\/{rel}","templated":true}]}}