{"id":10199,"date":"2024-08-07T08:39:34","date_gmt":"2024-08-07T08:39:34","guid":{"rendered":"https:\/\/yume-silm.com\/?post_type=product&#038;p=10199"},"modified":"2025-05-24T05:05:08","modified_gmt":"2025-05-24T05:05:08","slug":"leggings-de-yoga-de-alto-estiramiento-desnudos-para-mujer","status":"publish","type":"product","link":"https:\/\/yume-silm.com\/es\/producto-2\/leggings-de-yoga-de-alto-estiramiento-desnudos-para-mujer\/","title":{"rendered":"Leggings de yoga de estiramiento alto color nude para mujer"},"content":{"rendered":"<h5>Caracteristicas de dise\u00f1o<\/h5>\n<ul>\n<li><strong>ALTO ESTIRAMIENTO:<\/strong>Estos leggings de yoga de alta elasticidad para mujer tienen elasticidad en cuatro direcciones y no son transparentes, est\u00e1n hechos de tela suave y transpirable con gran resistencia, dise\u00f1ados para brindarle mayor comodidad al realizar grandes movimientos.<\/li>\n<li><strong>ENTREPIEZA ESPECIAL:<\/strong> Estos leggings de yoga de alta elasticidad para mujer adoptan un dise\u00f1o especial en la entrepierna, que le permite minimizar las rozaduras y maximizar la comodidad al ponerse en cuclillas, doblarse y girarse libremente.<\/li>\n<li><strong>DISE\u00d1O DE LEVANTAMIENTO DE CADERA:<\/strong> Los pantalones de yoga ajustados sin costuras con dise\u00f1o de cintura alta y cinturilla ancha brindan un ajuste suave y seguro, mostrando perfectamente tu figura. Simplifican tus caderas, combinados con secado r\u00e1pido, absorben la humedad, s\u00faper elasticidad, muy c\u00f3modos y suaves, se adaptan a la curva de tu cuerpo.<\/li>\n<li><strong>OCASI\u00d3N:<\/strong>Los pantalones cortos de yoga tienen un dise\u00f1o moderno y simple que se puede usar en varias ocasiones, como el gimnasio, correr, hacer yoga e incluso en el uso diario, para moldear la curva corporal perfecta para usted.<\/li>\n<\/ul>\n<p><a href=\"https:\/\/yume-silm.com\/wp-content\/uploads\/2024\/08\/Women-Nude-High-Stretch-Yoga-Leggings-1.jpg\"><img fetchpriority=\"high\" decoding=\"async\" class=\"alignnone wp-image-10200 size-medium\" src=\"https:\/\/yume-silm.com\/wp-content\/uploads\/2024\/08\/Women-Nude-High-Stretch-Yoga-Leggings-1-300x300.jpg\" alt=\"leggings de yoga de alto estiramiento desnudos para mujer\" width=\"300\" height=\"300\" title=\"\" srcset=\"https:\/\/yume-silm.com\/wp-content\/uploads\/2024\/08\/Women-Nude-High-Stretch-Yoga-Leggings-1-300x300.jpg 300w, https:\/\/yume-silm.com\/wp-content\/uploads\/2024\/08\/Women-Nude-High-Stretch-Yoga-Leggings-1-150x150.jpg 150w, https:\/\/yume-silm.com\/wp-content\/uploads\/2024\/08\/Women-Nude-High-Stretch-Yoga-Leggings-1-768x768.jpg 768w, https:\/\/yume-silm.com\/wp-content\/uploads\/2024\/08\/Women-Nude-High-Stretch-Yoga-Leggings-1-12x12.jpg 12w, https:\/\/yume-silm.com\/wp-content\/uploads\/2024\/08\/Women-Nude-High-Stretch-Yoga-Leggings-1-100x100.jpg 100w, https:\/\/yume-silm.com\/wp-content\/uploads\/2024\/08\/Women-Nude-High-Stretch-Yoga-Leggings-1.jpg 800w\" sizes=\"(max-width: 300px) 100vw, 300px\" \/><\/a><a href=\"https:\/\/yume-silm.com\/wp-content\/uploads\/2024\/08\/Women-Nude-High-Stretch-Yoga-Leggings-2.jpg\"><img decoding=\"async\" class=\"alignnone wp-image-10201 size-medium\" src=\"https:\/\/yume-silm.com\/wp-content\/uploads\/2024\/08\/Women-Nude-High-Stretch-Yoga-Leggings-2-300x300.jpg\" alt=\"leggings de yoga de alto estiramiento desnudos para mujer\" width=\"300\" height=\"300\" title=\"\" srcset=\"https:\/\/yume-silm.com\/wp-content\/uploads\/2024\/08\/Women-Nude-High-Stretch-Yoga-Leggings-2-300x300.jpg 300w, https:\/\/yume-silm.com\/wp-content\/uploads\/2024\/08\/Women-Nude-High-Stretch-Yoga-Leggings-2-150x150.jpg 150w, https:\/\/yume-silm.com\/wp-content\/uploads\/2024\/08\/Women-Nude-High-Stretch-Yoga-Leggings-2-768x768.jpg 768w, https:\/\/yume-silm.com\/wp-content\/uploads\/2024\/08\/Women-Nude-High-Stretch-Yoga-Leggings-2-12x12.jpg 12w, https:\/\/yume-silm.com\/wp-content\/uploads\/2024\/08\/Women-Nude-High-Stretch-Yoga-Leggings-2-100x100.jpg 100w, https:\/\/yume-silm.com\/wp-content\/uploads\/2024\/08\/Women-Nude-High-Stretch-Yoga-Leggings-2.jpg 800w\" sizes=\"(max-width: 300px) 100vw, 300px\" \/><\/a><\/p>\n<h6><em>Pantalones de yoga ajustados de color melocot\u00f3n con cintura alta y cadera para mujer<\/em><\/h6>\n<ul>\n<li>Al usar estos pantalones de yoga color melocot\u00f3n de cintura alta para mujer, el dise\u00f1o de cintura alta puede tensar el abdomen y la grasa de la cintura, y el ajuste de cadera puede lograr mejor el efecto de levantamiento de cadera y crear su propia cadera color melocot\u00f3n.<\/li>\n<\/ul>","protected":false},"excerpt":{"rendered":"<p>Estos leggings de yoga de alta elasticidad para mujer tienen un cintur\u00f3n ancho que puede controlar mejor su abdomen. La alta elasticidad te permite seguir haciendo ejercicio sin preocuparte por afectar tu apariencia y se adapta perfectamente a las curvas de tu cuerpo.<\/p>","protected":false},"featured_media":10202,"comment_status":"open","ping_status":"closed","template":"","meta":{"site-sidebar-layout":"default","site-content-layout":"","ast-site-content-layout":"default","site-content-style":"default","site-sidebar-style":"default","ast-global-header-display":"","ast-banner-title-visibility":"","ast-main-header-display":"","ast-hfb-above-header-display":"","ast-hfb-below-header-display":"","ast-hfb-mobile-header-display":"","site-post-title":"","ast-breadcrumbs-content":"","ast-featured-img":"","footer-sml-layout":"","ast-disable-related-posts":"","theme-transparent-header-meta":"default","adv-header-id-meta":"","stick-header-meta":"default","header-above-stick-meta":"","header-main-stick-meta":"","header-below-stick-meta":"","astra-migrate-meta-layouts":"set","ast-page-background-enabled":"default","ast-page-background-meta":{"desktop":{"background-color":"","background-image":"","background-repeat":"repeat","background-position":"center center","background-size":"auto","background-attachment":"scroll","background-type":"","background-media":"","overlay-type":"","overlay-color":"","overlay-opacity":"","overlay-gradient":""},"tablet":{"background-color":"","background-image":"","background-repeat":"repeat","background-position":"center center","background-size":"auto","background-attachment":"scroll","background-type":"","background-media":"","overlay-type":"","overlay-color":"","overlay-opacity":"","overlay-gradient":""},"mobile":{"background-color":"","background-image":"","background-repeat":"repeat","background-position":"center center","background-size":"auto","background-attachment":"scroll","background-type":"","background-media":"","overlay-type":"","overlay-color":"","overlay-opacity":"","overlay-gradient":""}},"ast-content-background-meta":{"desktop":{"background-color":"var(--ast-global-color-5)","background-image":"","background-repeat":"repeat","background-position":"center center","background-size":"auto","background-attachment":"scroll","background-type":"","background-media":"","overlay-type":"","overlay-color":"","overlay-opacity":"","overlay-gradient":""},"tablet":{"background-color":"var(--ast-global-color-5)","background-image":"","background-repeat":"repeat","background-position":"center center","background-size":"auto","background-attachment":"scroll","background-type":"","background-media":"","overlay-type":"","overlay-color":"","overlay-opacity":"","overlay-gradient":""},"mobile":{"background-color":"var(--ast-global-color-5)","background-image":"","background-repeat":"repeat","background-position":"center center","background-size":"auto","background-attachment":"scroll","background-type":"","background-media":"","overlay-type":"","overlay-color":"","overlay-opacity":"","overlay-gradient":""}}},"product_brand":[],"product_cat":[734,65,76,737],"product_tag":[747,492,646,822,821,679,818,803,790,491,687,654],"class_list":{"0":"post-10199","1":"product","2":"type-product","3":"status-publish","4":"has-post-thumbnail","6":"product_cat-yoga-suits","7":"product_cat-best-sellers","8":"product_cat-new-arrivels","9":"product_cat-yoga-leggings","10":"product_tag-abdomen","11":"product_tag-breathable","12":"product_tag-comfortable","13":"product_tag-high-stretch","14":"product_tag-high-waits","15":"product_tag-hip-lifter","16":"product_tag-nude","17":"product_tag-peach","18":"product_tag-quick-drying","19":"product_tag-seamless","20":"product_tag-soft","21":"product_tag-tight","22":"pa_color-armygreen","23":"pa_color-black","24":"pa_color-coffee","25":"pa_color-gray","26":"pa_color-khaki","27":"pa_color-light-blue","28":"pa_color-light-grey","29":"pa_color-light-purple","30":"pa_color-pink","31":"pa_size-l","32":"pa_size-m","33":"pa_size-s","34":"pa_size-xl","35":"desktop-align-center","36":"tablet-align-left","37":"mobile-align-left","38":"ast-product-gallery-layout-horizontal-slider","39":"ast-product-single-variable","40":"ast-product-tabs-layout-horizontal","41":"ast-qv-on-image","43":"first","44":"instock","45":"shipping-taxable","46":"purchasable","47":"product-type-variable"},"tiered_pricing_type":"fixed","tiered_pricing_fixed_rules":{"5":4.25,"50":3.65,"100":3.1},"tiered_pricing_product_settings":{"layout":"default","base_unit_name":{"singular":null,"plural":null},"default_variation":null},"tiered_pricing_minimum_quantity":null,"tiered_pricing_roles_data":[],"tiered_pricing_percentage_rules":[],"_links":{"self":[{"href":"https:\/\/yume-silm.com\/es\/wp-json\/wp\/v2\/product\/10199","targetHints":{"allow":["GET"]}}],"collection":[{"href":"https:\/\/yume-silm.com\/es\/wp-json\/wp\/v2\/product"}],"about":[{"href":"https:\/\/yume-silm.com\/es\/wp-json\/wp\/v2\/types\/product"}],"replies":[{"embeddable":true,"href":"https:\/\/yume-silm.com\/es\/wp-json\/wp\/v2\/comments?post=10199"}],"wp:featuredmedia":[{"embeddable":true,"href":"https:\/\/yume-silm.com\/es\/wp-json\/wp\/v2\/media\/10202"}],"wp:attachment":[{"href":"https:\/\/yume-silm.com\/es\/wp-json\/wp\/v2\/media?parent=10199"}],"wp:term":[{"taxonomy":"product_brand","embeddable":true,"href":"https:\/\/yume-silm.com\/es\/wp-json\/wp\/v2\/product_brand?post=10199"},{"taxonomy":"product_cat","embeddable":true,"href":"https:\/\/yume-silm.com\/es\/wp-json\/wp\/v2\/product_cat?post=10199"},{"taxonomy":"product_tag","embeddable":true,"href":"https:\/\/yume-silm.com\/es\/wp-json\/wp\/v2\/product_tag?post=10199"}],"curies":[{"name":"wp","href":"https:\/\/api.w.org\/{rel}","templated":true}]}}