{"id":10411,"date":"2024-08-10T07:23:54","date_gmt":"2024-08-10T07:23:54","guid":{"rendered":"https:\/\/yume-silm.com\/?post_type=product&#038;p=10411"},"modified":"2024-08-10T07:26:20","modified_gmt":"2024-08-10T07:26:20","slug":"sujetadores-balconette-transparentes-sexys-para-mujer-en-tallas-grandes","status":"publish","type":"product","link":"https:\/\/yume-silm.com\/es\/producto-2\/sujetadores-balconette-transparentes-sexys-para-mujer-en-tallas-grandes\/","title":{"rendered":"Sujetadores sexys transparentes tipo balconette para mujer en tallas grandes"},"content":{"rendered":"<h5>Caracteristicas de dise\u00f1o<\/h5>\n<ul>\n<li><strong>DISE\u00d1O DE MEDIA TAZA:<\/strong>Los sujetadores balconette transparentes sexys de talla grande para mujer pueden proteger tus senos y ajustarse autom\u00e1ticamente de acuerdo con los cambios del ciclo corporal, y tambi\u00e9n est\u00e1n hechos de un material de encaje m\u00e1s sexy y lujoso.<\/li>\n<li><strong>TRES FILAS Y TRES HEBILLAS DE MODA:<\/strong>Este sujetador transparente y secy es f\u00e1cil de poner y quitar, libre para controlar la distancia c\u00f3moda, tirantes anchos con alas altas, el efecto de mejora de los senos es obvio, puede lograr el m\u00e1ximo grado de soporte, no es f\u00e1cil que se caiga.<\/li>\n<li><strong>CORREAS DE HOMBRO AJUSTABLES ANTIDESLIZANTES:<\/strong> Correas de hombro s\u00faper el\u00e1sticas, dise\u00f1o de refuerzo en forma de X en la espalda para brindar un soporte postural perfecto, las correas de hombro anchas pueden ayudarlo a reducir la presi\u00f3n sobre sus hombros.<\/li>\n<li><strong>SUJETADOR DE ENCAJE SIN FORRO:<\/strong> Copas de encaje de malla transparente y liviana, transpirables y livianas, el borde de encaje festoneado te hace lucir m\u00e1s sexy y encantadora.<\/li>\n<\/ul>\n<p><a href=\"https:\/\/yume-silm.com\/wp-content\/uploads\/2024\/08\/Womens-Sexy-Sheer-Balconette-Plus-Size-Bras-01.jpg\"><img fetchpriority=\"high\" decoding=\"async\" class=\"alignnone wp-image-10412 size-medium\" src=\"https:\/\/yume-silm.com\/wp-content\/uploads\/2024\/08\/Womens-Sexy-Sheer-Balconette-Plus-Size-Bras-01-300x300.jpg\" alt=\"Sujetadores balconette transparentes y sexys para mujer, de talla grande\" width=\"300\" height=\"300\" title=\"\" srcset=\"https:\/\/yume-silm.com\/wp-content\/uploads\/2024\/08\/Womens-Sexy-Sheer-Balconette-Plus-Size-Bras-01-300x300.jpg 300w, https:\/\/yume-silm.com\/wp-content\/uploads\/2024\/08\/Womens-Sexy-Sheer-Balconette-Plus-Size-Bras-01-150x150.jpg 150w, https:\/\/yume-silm.com\/wp-content\/uploads\/2024\/08\/Womens-Sexy-Sheer-Balconette-Plus-Size-Bras-01-768x768.jpg 768w, https:\/\/yume-silm.com\/wp-content\/uploads\/2024\/08\/Womens-Sexy-Sheer-Balconette-Plus-Size-Bras-01-12x12.jpg 12w, https:\/\/yume-silm.com\/wp-content\/uploads\/2024\/08\/Womens-Sexy-Sheer-Balconette-Plus-Size-Bras-01-100x100.jpg 100w, https:\/\/yume-silm.com\/wp-content\/uploads\/2024\/08\/Womens-Sexy-Sheer-Balconette-Plus-Size-Bras-01.jpg 800w\" sizes=\"(max-width: 300px) 100vw, 300px\" \/><\/a> <a href=\"https:\/\/yume-silm.com\/wp-content\/uploads\/2024\/08\/Womens-Sexy-Sheer-Balconette-Plus-Size-Bras-02.jpg\"><img decoding=\"async\" class=\"alignnone wp-image-10413 size-medium\" src=\"https:\/\/yume-silm.com\/wp-content\/uploads\/2024\/08\/Womens-Sexy-Sheer-Balconette-Plus-Size-Bras-02-300x300.jpg\" alt=\"Sujetadores balconette transparentes y sexys para mujer, de talla grande\" width=\"300\" height=\"300\" title=\"\" srcset=\"https:\/\/yume-silm.com\/wp-content\/uploads\/2024\/08\/Womens-Sexy-Sheer-Balconette-Plus-Size-Bras-02-300x300.jpg 300w, https:\/\/yume-silm.com\/wp-content\/uploads\/2024\/08\/Womens-Sexy-Sheer-Balconette-Plus-Size-Bras-02-150x150.jpg 150w, https:\/\/yume-silm.com\/wp-content\/uploads\/2024\/08\/Womens-Sexy-Sheer-Balconette-Plus-Size-Bras-02-768x768.jpg 768w, https:\/\/yume-silm.com\/wp-content\/uploads\/2024\/08\/Womens-Sexy-Sheer-Balconette-Plus-Size-Bras-02-12x12.jpg 12w, https:\/\/yume-silm.com\/wp-content\/uploads\/2024\/08\/Womens-Sexy-Sheer-Balconette-Plus-Size-Bras-02-100x100.jpg 100w, https:\/\/yume-silm.com\/wp-content\/uploads\/2024\/08\/Womens-Sexy-Sheer-Balconette-Plus-Size-Bras-02.jpg 800w\" sizes=\"(max-width: 300px) 100vw, 300px\" \/><\/a><\/p>\n<h6><em>Sujetador de malla sin forro para mujer en tallas grandes<\/em><\/h6>\n<ul>\n<li>El sujetador de malla s\u00faper suave est\u00e1 hecho de tela de encaje lujoso con copas transparentes para brindar un soporte sobrenatural, durante el cual la envoltura el\u00e1stica adaptable crea una silueta sin costuras que te har\u00e1 olvidar que es lencer\u00eda de talla grande cuando la usas.<\/li>\n<\/ul>\n<p>&nbsp;<\/p>","protected":false},"excerpt":{"rendered":"<p>Este sujetador balconette transparente sexy de talla grande para mujer tiene un ambiente simple de moda, la hebilla de varias filas puede ser conveniente y libre para controlar la distancia de comodidad, con un dise\u00f1o de encaje de malla delgada y transparente, le permite usar m\u00e1s sexy y encantadora, cons\u00edgalo, conozca un mejor yo.<\/p>","protected":false},"featured_media":10414,"comment_status":"open","ping_status":"closed","template":"","meta":{"site-sidebar-layout":"default","site-content-layout":"","ast-site-content-layout":"default","site-content-style":"default","site-sidebar-style":"default","ast-global-header-display":"","ast-banner-title-visibility":"","ast-main-header-display":"","ast-hfb-above-header-display":"","ast-hfb-below-header-display":"","ast-hfb-mobile-header-display":"","site-post-title":"","ast-breadcrumbs-content":"","ast-featured-img":"","footer-sml-layout":"","ast-disable-related-posts":"","theme-transparent-header-meta":"default","adv-header-id-meta":"","stick-header-meta":"default","header-above-stick-meta":"","header-main-stick-meta":"","header-below-stick-meta":"","astra-migrate-meta-layouts":"set","ast-page-background-enabled":"default","ast-page-background-meta":{"desktop":{"background-color":"","background-image":"","background-repeat":"repeat","background-position":"center center","background-size":"auto","background-attachment":"scroll","background-type":"","background-media":"","overlay-type":"","overlay-color":"","overlay-opacity":"","overlay-gradient":""},"tablet":{"background-color":"","background-image":"","background-repeat":"repeat","background-position":"center center","background-size":"auto","background-attachment":"scroll","background-type":"","background-media":"","overlay-type":"","overlay-color":"","overlay-opacity":"","overlay-gradient":""},"mobile":{"background-color":"","background-image":"","background-repeat":"repeat","background-position":"center center","background-size":"auto","background-attachment":"scroll","background-type":"","background-media":"","overlay-type":"","overlay-color":"","overlay-opacity":"","overlay-gradient":""}},"ast-content-background-meta":{"desktop":{"background-color":"var(--ast-global-color-5)","background-image":"","background-repeat":"repeat","background-position":"center center","background-size":"auto","background-attachment":"scroll","background-type":"","background-media":"","overlay-type":"","overlay-color":"","overlay-opacity":"","overlay-gradient":""},"tablet":{"background-color":"var(--ast-global-color-5)","background-image":"","background-repeat":"repeat","background-position":"center center","background-size":"auto","background-attachment":"scroll","background-type":"","background-media":"","overlay-type":"","overlay-color":"","overlay-opacity":"","overlay-gradient":""},"mobile":{"background-color":"var(--ast-global-color-5)","background-image":"","background-repeat":"repeat","background-position":"center center","background-size":"auto","background-attachment":"scroll","background-type":"","background-media":"","overlay-type":"","overlay-color":"","overlay-opacity":"","overlay-gradient":""}}},"product_brand":[],"product_cat":[65,76,259,583],"product_tag":[675,699,844,473,782,145],"class_list":{"0":"post-10411","1":"product","2":"type-product","3":"status-publish","4":"has-post-thumbnail","6":"product_cat-best-sellers","7":"product_cat-new-arrivels","8":"product_cat-lingerie","9":"product_cat-plus-size-underwear","10":"product_tag-charming","11":"product_tag-comfort","12":"product_tag-convenient","13":"product_tag-lace","14":"product_tag-mesh","15":"product_tag-sexy","16":"pa_color-black","17":"pa_size-36b","18":"pa_size-36c","19":"pa_size-36d","20":"pa_size-38c","21":"pa_size-38d","22":"pa_size-38e","23":"pa_size-40c","24":"pa_size-40d","25":"pa_size-40e","26":"pa_size-42c","27":"pa_size-42d","28":"pa_size-42e","29":"desktop-align-center","30":"tablet-align-left","31":"mobile-align-left","32":"ast-product-gallery-layout-horizontal-slider","33":"ast-product-single-variable","34":"ast-product-tabs-layout-horizontal","35":"ast-qv-on-image","37":"first","38":"instock","39":"shipping-taxable","40":"purchasable","41":"product-type-variable"},"tiered_pricing_type":"fixed","tiered_pricing_fixed_rules":{"2":6.8,"50":6.6,"100":5.5},"tiered_pricing_product_settings":{"layout":"default","base_unit_name":{"singular":null,"plural":null},"default_variation":null},"tiered_pricing_minimum_quantity":null,"tiered_pricing_roles_data":[],"tiered_pricing_percentage_rules":[],"_links":{"self":[{"href":"https:\/\/yume-silm.com\/es\/wp-json\/wp\/v2\/product\/10411","targetHints":{"allow":["GET"]}}],"collection":[{"href":"https:\/\/yume-silm.com\/es\/wp-json\/wp\/v2\/product"}],"about":[{"href":"https:\/\/yume-silm.com\/es\/wp-json\/wp\/v2\/types\/product"}],"replies":[{"embeddable":true,"href":"https:\/\/yume-silm.com\/es\/wp-json\/wp\/v2\/comments?post=10411"}],"wp:featuredmedia":[{"embeddable":true,"href":"https:\/\/yume-silm.com\/es\/wp-json\/wp\/v2\/media\/10414"}],"wp:attachment":[{"href":"https:\/\/yume-silm.com\/es\/wp-json\/wp\/v2\/media?parent=10411"}],"wp:term":[{"taxonomy":"product_brand","embeddable":true,"href":"https:\/\/yume-silm.com\/es\/wp-json\/wp\/v2\/product_brand?post=10411"},{"taxonomy":"product_cat","embeddable":true,"href":"https:\/\/yume-silm.com\/es\/wp-json\/wp\/v2\/product_cat?post=10411"},{"taxonomy":"product_tag","embeddable":true,"href":"https:\/\/yume-silm.com\/es\/wp-json\/wp\/v2\/product_tag?post=10411"}],"curies":[{"name":"wp","href":"https:\/\/api.w.org\/{rel}","templated":true}]}}