{"id":10591,"date":"2024-08-20T09:05:40","date_gmt":"2024-08-20T09:05:40","guid":{"rendered":"https:\/\/yume-silm.com\/?post_type=product&#038;p=10591"},"modified":"2024-08-20T09:10:02","modified_gmt":"2024-08-20T09:10:02","slug":"faja-moldeadora-de-cintura-con-gancho-frontal-y-moldeadora-abdominal","status":"publish","type":"product","link":"https:\/\/yume-silm.com\/es\/producto-2\/faja-moldeadora-de-cintura-con-gancho-frontal-y-moldeadora-abdominal\/","title":{"rendered":"Faja moldeadora de cintura con gancho frontal para mujer"},"content":{"rendered":"<h5>Caracteristicas de dise\u00f1o<\/h5>\n<ul>\n<li><strong>OCASI\u00d3N:<\/strong> Este entrenador de cintura con gancho frontal para moldear el abdomen es adecuado para el trabajo, el uso diario, el yoga, la recuperaci\u00f3n posparto, el gimnasio, los deportes, el modelado corporal y otras ocasiones, lo que garantiza que pueda mantener la postura correcta incluso despu\u00e9s de un uso prolongado.<\/li>\n<li><strong>MEJORAR LA POSTURA DE LA ESPALDA:<\/strong> Hecho de tela de compresi\u00f3n altamente el\u00e1stica, se puede doblar f\u00e1cilmente o volver inmediatamente a su forma original, lo ayuda a levantar el pecho, le brinda apoyo lateral y posterior, alivia el dolor corporal y corrige la mala postura.<\/li>\n<li><strong>P\u00c9RDIDA DE PESO:<\/strong> Fabricado con tecnolog\u00eda corporal artificial, acelera la transpiraci\u00f3n central, aumenta la temperatura abdominal, estimula la quema r\u00e1pida de grasa abdominal y acelera la p\u00e9rdida de peso.<\/li>\n<li><span style=\"font-size: 16px;\"><strong>INVISIBLE:<\/strong> Nuestra faja abdominal es suave y c\u00f3moda, se puede usar dentro o fuera de su ropa, completamente invisible, nadie notar\u00e1 que est\u00e1 usando un cintur\u00f3n de entrenamiento de cintura sin costuras.<\/span><\/li>\n<\/ul>\n<p><em style=\"font-size: 1.1em; font-weight: bold;\">Faja reductora de cintura para mujer para entrenamiento de alta intensidad<\/em><\/p>\n<ul>\n<li><span style=\"font-size: 16px;\">Este entrenador de cintura para mujer para entrenamiento de alta intensidad con banda de soporte adicional proporciona compresi\u00f3n adicional para ayudarla a perder peso r\u00e1pidamente a alta intensidad, se ajustar\u00e1 a todo su viaje de entrenamiento\/p\u00e9rdida de peso, recuerde, la confianza es el mejor elemento individual para todos.<\/span><\/li>\n<\/ul>","protected":false},"excerpt":{"rendered":"<p>Este moldeador abdominal con gancho frontal para cintura ayuda a aplanar el vientre, reducir la cintura, apoyar la espalda, mejorar la postura, se adaptar\u00e1 a todo su viaje de entrenamiento\/p\u00e9rdida de peso, recuerde, la confianza es el mejor elemento individual para todos.<\/p>\n<p>&nbsp;<\/p>","protected":false},"featured_media":10592,"comment_status":"open","ping_status":"closed","template":"","meta":{"site-sidebar-layout":"default","site-content-layout":"","ast-site-content-layout":"default","site-content-style":"default","site-sidebar-style":"default","ast-global-header-display":"","ast-banner-title-visibility":"","ast-main-header-display":"","ast-hfb-above-header-display":"","ast-hfb-below-header-display":"","ast-hfb-mobile-header-display":"","site-post-title":"","ast-breadcrumbs-content":"","ast-featured-img":"","footer-sml-layout":"","ast-disable-related-posts":"","theme-transparent-header-meta":"default","adv-header-id-meta":"","stick-header-meta":"default","header-above-stick-meta":"","header-main-stick-meta":"","header-below-stick-meta":"","astra-migrate-meta-layouts":"set","ast-page-background-enabled":"default","ast-page-background-meta":{"desktop":{"background-color":"","background-image":"","background-repeat":"repeat","background-position":"center center","background-size":"auto","background-attachment":"scroll","background-type":"","background-media":"","overlay-type":"","overlay-color":"","overlay-opacity":"","overlay-gradient":""},"tablet":{"background-color":"","background-image":"","background-repeat":"repeat","background-position":"center center","background-size":"auto","background-attachment":"scroll","background-type":"","background-media":"","overlay-type":"","overlay-color":"","overlay-opacity":"","overlay-gradient":""},"mobile":{"background-color":"","background-image":"","background-repeat":"repeat","background-position":"center center","background-size":"auto","background-attachment":"scroll","background-type":"","background-media":"","overlay-type":"","overlay-color":"","overlay-opacity":"","overlay-gradient":""}},"ast-content-background-meta":{"desktop":{"background-color":"var(--ast-global-color-5)","background-image":"","background-repeat":"repeat","background-position":"center center","background-size":"auto","background-attachment":"scroll","background-type":"","background-media":"","overlay-type":"","overlay-color":"","overlay-opacity":"","overlay-gradient":""},"tablet":{"background-color":"var(--ast-global-color-5)","background-image":"","background-repeat":"repeat","background-position":"center center","background-size":"auto","background-attachment":"scroll","background-type":"","background-media":"","overlay-type":"","overlay-color":"","overlay-opacity":"","overlay-gradient":""},"mobile":{"background-color":"var(--ast-global-color-5)","background-image":"","background-repeat":"repeat","background-position":"center center","background-size":"auto","background-attachment":"scroll","background-type":"","background-media":"","overlay-type":"","overlay-color":"","overlay-opacity":"","overlay-gradient":""}}},"product_brand":[],"product_cat":[65,76,90,93,96,95,92],"product_tag":[662,663,646,777,738,850,707,697,851,687,214],"class_list":{"0":"post-10591","1":"product","2":"type-product","3":"status-publish","4":"has-post-thumbnail","6":"product_cat-best-sellers","7":"product_cat-new-arrivels","8":"product_cat-wholesale-waist-trainer","9":"product_cat-wholesale-plus-size-waist-trainer","10":"product_cat-sweat-waist-trainer","11":"product_cat-waist-cincher","12":"product_cat-wholesale-waist-girdle","13":"product_tag-abdominal","14":"product_tag-belly","15":"product_tag-comfortable","16":"product_tag-confident","17":"product_tag-front-hook","18":"product_tag-high-elastic-compression","19":"product_tag-invisible","20":"product_tag-loss-weight","21":"product_tag-perspiration","22":"product_tag-soft","23":"product_tag-waist-trainer","24":"pa_color-beige","25":"pa_color-black","26":"pa_size-2xl","27":"pa_size-3xl","28":"pa_size-l","29":"pa_size-m","30":"pa_size-s","31":"pa_size-xl","32":"pa_size-xs","33":"desktop-align-center","34":"tablet-align-left","35":"mobile-align-left","36":"ast-product-gallery-layout-horizontal-slider","37":"ast-product-single-variable","38":"ast-product-tabs-layout-horizontal","39":"ast-qv-on-image","41":"first","42":"instock","43":"shipping-taxable","44":"purchasable","45":"product-type-variable"},"tiered_pricing_type":"fixed","tiered_pricing_fixed_rules":{"5":6.5,"50":6,"100":5},"tiered_pricing_product_settings":{"layout":"default","base_unit_name":{"singular":null,"plural":null},"default_variation":null},"tiered_pricing_minimum_quantity":null,"tiered_pricing_roles_data":[],"tiered_pricing_percentage_rules":[],"_links":{"self":[{"href":"https:\/\/yume-silm.com\/es\/wp-json\/wp\/v2\/product\/10591","targetHints":{"allow":["GET"]}}],"collection":[{"href":"https:\/\/yume-silm.com\/es\/wp-json\/wp\/v2\/product"}],"about":[{"href":"https:\/\/yume-silm.com\/es\/wp-json\/wp\/v2\/types\/product"}],"replies":[{"embeddable":true,"href":"https:\/\/yume-silm.com\/es\/wp-json\/wp\/v2\/comments?post=10591"}],"wp:featuredmedia":[{"embeddable":true,"href":"https:\/\/yume-silm.com\/es\/wp-json\/wp\/v2\/media\/10592"}],"wp:attachment":[{"href":"https:\/\/yume-silm.com\/es\/wp-json\/wp\/v2\/media?parent=10591"}],"wp:term":[{"taxonomy":"product_brand","embeddable":true,"href":"https:\/\/yume-silm.com\/es\/wp-json\/wp\/v2\/product_brand?post=10591"},{"taxonomy":"product_cat","embeddable":true,"href":"https:\/\/yume-silm.com\/es\/wp-json\/wp\/v2\/product_cat?post=10591"},{"taxonomy":"product_tag","embeddable":true,"href":"https:\/\/yume-silm.com\/es\/wp-json\/wp\/v2\/product_tag?post=10591"}],"curies":[{"name":"wp","href":"https:\/\/api.w.org\/{rel}","templated":true}]}}