{"id":10641,"date":"2024-08-23T03:30:46","date_gmt":"2024-08-23T03:30:46","guid":{"rendered":"https:\/\/yume-silm.com\/?post_type=product&#038;p=10641"},"modified":"2025-04-09T00:46:43","modified_gmt":"2025-04-09T00:46:43","slug":"mono-de-yoga-de-una-pieza-sexy-sin-espalda-para-el-vientre","status":"publish","type":"product","link":"https:\/\/yume-silm.com\/es\/producto-2\/mono-de-yoga-de-una-pieza-sexy-sin-espalda-para-el-vientre\/","title":{"rendered":"Mono de yoga de una pieza con espalda descubierta y escote en V para mujer"},"content":{"rendered":"<h5>Caracteristicas de dise\u00f1o<\/h5>\n<ul>\n<li><strong>TELA: <\/strong>El mono de yoga sexy sin espalda de una pieza para mujer est\u00e1 hecho de tela altamente el\u00e1stica, transpirable y suave, que es suave al tacto, absorbe la humedad, se seca r\u00e1pido, es suave, transpirable y agradable para la piel, para que puedas hacer lo que quieras en tu ejercicio.<\/li>\n<li><strong>DISE\u00d1O DE LEVANTAMIENTO DE CADERA:<\/strong> El mono de yoga de una pieza sin espalda con dise\u00f1o de ajuste de cadera, puede mejorar el contorno de sus gl\u00fateos, hacer que sus gl\u00fateos se vean m\u00e1s tridimensionales y apretados, ayudarlo a dar forma a sus gl\u00fateos de melocot\u00f3n y hacerlo m\u00e1s seguro.<\/li>\n<li><strong>DISE\u00d1O UNICO:<\/strong> Los pantalones de yoga de una pieza para mujer tienen un dise\u00f1o hueco en la espalda que los hace m\u00e1s transpirables. De esta manera, no te sentir\u00e1s inc\u00f3moda cuando el sudor te quede en la espalda durante el ejercicio y las correas de los hombros no se caen f\u00e1cilmente durante el ejercicio.<\/li>\n<li><strong>CORREAS DE HOMBRO AJUSTABLES:<\/strong> Las correas de los hombros no se caen f\u00e1cilmente durante el ejercicio y usted mismo puede ajustarlas a una longitud c\u00f3moda, con una variedad de colores para elegir.<\/li>\n<\/ul>\n<p><a href=\"https:\/\/yume-silm.com\/wp-content\/uploads\/2024\/08\/Womens-One-Piece-Backless-Sexy-Belly-Yoga-Unitard-2.png\"><img fetchpriority=\"high\" decoding=\"async\" class=\"alignnone wp-image-10643 size-medium\" src=\"https:\/\/yume-silm.com\/wp-content\/uploads\/2024\/08\/Womens-One-Piece-Backless-Sexy-Belly-Yoga-Unitard-2-300x300.png\" alt=\"Mono de yoga de una pieza sexy sin espalda para mujer\" width=\"300\" height=\"300\" title=\"\" srcset=\"https:\/\/yume-silm.com\/wp-content\/uploads\/2024\/08\/Womens-One-Piece-Backless-Sexy-Belly-Yoga-Unitard-2-300x300.png 300w, https:\/\/yume-silm.com\/wp-content\/uploads\/2024\/08\/Womens-One-Piece-Backless-Sexy-Belly-Yoga-Unitard-2-150x150.png 150w, https:\/\/yume-silm.com\/wp-content\/uploads\/2024\/08\/Womens-One-Piece-Backless-Sexy-Belly-Yoga-Unitard-2-768x768.png 768w, https:\/\/yume-silm.com\/wp-content\/uploads\/2024\/08\/Womens-One-Piece-Backless-Sexy-Belly-Yoga-Unitard-2-12x12.png 12w, https:\/\/yume-silm.com\/wp-content\/uploads\/2024\/08\/Womens-One-Piece-Backless-Sexy-Belly-Yoga-Unitard-2-100x100.png 100w, https:\/\/yume-silm.com\/wp-content\/uploads\/2024\/08\/Womens-One-Piece-Backless-Sexy-Belly-Yoga-Unitard-2.png 800w\" sizes=\"(max-width: 300px) 100vw, 300px\" \/><\/a><a href=\"https:\/\/yume-silm.com\/wp-content\/uploads\/2024\/08\/Womens-One-Piece-Backless-Sexy-Belly-Yoga-Unitard-3.png\"><img decoding=\"async\" class=\"alignnone wp-image-10644 size-medium\" src=\"https:\/\/yume-silm.com\/wp-content\/uploads\/2024\/08\/Womens-One-Piece-Backless-Sexy-Belly-Yoga-Unitard-3-300x300.png\" alt=\"Mono de yoga de una pieza sexy sin espalda para mujer\" width=\"300\" height=\"300\" title=\"\" srcset=\"https:\/\/yume-silm.com\/wp-content\/uploads\/2024\/08\/Womens-One-Piece-Backless-Sexy-Belly-Yoga-Unitard-3-300x300.png 300w, https:\/\/yume-silm.com\/wp-content\/uploads\/2024\/08\/Womens-One-Piece-Backless-Sexy-Belly-Yoga-Unitard-3-150x150.png 150w, https:\/\/yume-silm.com\/wp-content\/uploads\/2024\/08\/Womens-One-Piece-Backless-Sexy-Belly-Yoga-Unitard-3-768x768.png 768w, https:\/\/yume-silm.com\/wp-content\/uploads\/2024\/08\/Womens-One-Piece-Backless-Sexy-Belly-Yoga-Unitard-3-12x12.png 12w, https:\/\/yume-silm.com\/wp-content\/uploads\/2024\/08\/Womens-One-Piece-Backless-Sexy-Belly-Yoga-Unitard-3-100x100.png 100w, https:\/\/yume-silm.com\/wp-content\/uploads\/2024\/08\/Womens-One-Piece-Backless-Sexy-Belly-Yoga-Unitard-3.png 800w\" sizes=\"(max-width: 300px) 100vw, 300px\" \/><\/a><\/p>\n<h6><em>Pantalones de yoga de una pieza sin mangas para mujer<\/em><\/h6>\n<ul>\n<li>Estos pantalones de yoga de una pieza sin mangas para mujer est\u00e1n cuidadosamente confeccionados para adaptarse a tus curvas y enfatizar tu belleza natural, la tela altamente el\u00e1stica puede ayudarte a suavizar mejor tu vientre y cintura.<\/li>\n<\/ul>","protected":false},"excerpt":{"rendered":"<p>Este mono de yoga de una pieza sin espalda para mujer no solo es adecuado para yoga, pilates, correr y fitness. Tambi\u00e9n es adecuado para uso casual, diario o para un estilo de vida activo diario. Vers\u00e1til y energizante. Los colores vers\u00e1tiles y la tela altamente el\u00e1stica promueven la compresi\u00f3n y reducen la vibraci\u00f3n muscular durante el ejercicio.<\/p>","protected":false},"featured_media":10642,"comment_status":"open","ping_status":"closed","template":"","meta":{"site-sidebar-layout":"default","site-content-layout":"","ast-site-content-layout":"default","site-content-style":"default","site-sidebar-style":"default","ast-global-header-display":"","ast-banner-title-visibility":"","ast-main-header-display":"","ast-hfb-above-header-display":"","ast-hfb-below-header-display":"","ast-hfb-mobile-header-display":"","site-post-title":"","ast-breadcrumbs-content":"","ast-featured-img":"","footer-sml-layout":"","ast-disable-related-posts":"","theme-transparent-header-meta":"default","adv-header-id-meta":"","stick-header-meta":"default","header-above-stick-meta":"","header-main-stick-meta":"","header-below-stick-meta":"","astra-migrate-meta-layouts":"set","ast-page-background-enabled":"default","ast-page-background-meta":{"desktop":{"background-color":"","background-image":"","background-repeat":"repeat","background-position":"center center","background-size":"auto","background-attachment":"scroll","background-type":"","background-media":"","overlay-type":"","overlay-color":"","overlay-opacity":"","overlay-gradient":""},"tablet":{"background-color":"","background-image":"","background-repeat":"repeat","background-position":"center center","background-size":"auto","background-attachment":"scroll","background-type":"","background-media":"","overlay-type":"","overlay-color":"","overlay-opacity":"","overlay-gradient":""},"mobile":{"background-color":"","background-image":"","background-repeat":"repeat","background-position":"center center","background-size":"auto","background-attachment":"scroll","background-type":"","background-media":"","overlay-type":"","overlay-color":"","overlay-opacity":"","overlay-gradient":""}},"ast-content-background-meta":{"desktop":{"background-color":"var(--ast-global-color-5)","background-image":"","background-repeat":"repeat","background-position":"center center","background-size":"auto","background-attachment":"scroll","background-type":"","background-media":"","overlay-type":"","overlay-color":"","overlay-opacity":"","overlay-gradient":""},"tablet":{"background-color":"var(--ast-global-color-5)","background-image":"","background-repeat":"repeat","background-position":"center center","background-size":"auto","background-attachment":"scroll","background-type":"","background-media":"","overlay-type":"","overlay-color":"","overlay-opacity":"","overlay-gradient":""},"mobile":{"background-color":"var(--ast-global-color-5)","background-image":"","background-repeat":"repeat","background-position":"center center","background-size":"auto","background-attachment":"scroll","background-type":"","background-media":"","overlay-type":"","overlay-color":"","overlay-opacity":"","overlay-gradient":""}}},"product_brand":[],"product_cat":[65,76,734,736],"product_tag":[863,143,663,646,489,822,811,148,145,862],"class_list":{"0":"post-10641","1":"product","2":"type-product","3":"status-publish","4":"has-post-thumbnail","6":"product_cat-best-sellers","7":"product_cat-new-arrivels","8":"product_cat-yoga-suits","9":"product_cat-yoga-shorts","10":"product_tag-back-hollow","11":"product_tag-backless","12":"product_tag-belly","13":"product_tag-comfortable","14":"product_tag-compression","15":"product_tag-high-stretch","16":"product_tag-hip-lifting","17":"product_tag-one-piece","18":"product_tag-sexy","19":"product_tag-unitard","20":"pa_color-brown","21":"pa_color-dark-green","22":"pa_color-gray","23":"pa_color-khaki","24":"pa_color-light-green","25":"pa_size-l","26":"pa_size-m","27":"pa_size-s","28":"desktop-align-center","29":"tablet-align-left","30":"mobile-align-left","31":"ast-product-gallery-layout-horizontal-slider","32":"ast-product-single-variable","33":"ast-product-tabs-layout-horizontal","34":"ast-qv-on-image","36":"first","37":"instock","38":"shipping-taxable","39":"purchasable","40":"product-type-variable"},"tiered_pricing_type":"fixed","tiered_pricing_fixed_rules":{"5":6.9,"50":6,"100":4.6},"tiered_pricing_product_settings":{"layout":"default","base_unit_name":{"singular":null,"plural":null},"default_variation":null},"tiered_pricing_minimum_quantity":null,"tiered_pricing_roles_data":[],"tiered_pricing_percentage_rules":[],"_links":{"self":[{"href":"https:\/\/yume-silm.com\/es\/wp-json\/wp\/v2\/product\/10641","targetHints":{"allow":["GET"]}}],"collection":[{"href":"https:\/\/yume-silm.com\/es\/wp-json\/wp\/v2\/product"}],"about":[{"href":"https:\/\/yume-silm.com\/es\/wp-json\/wp\/v2\/types\/product"}],"replies":[{"embeddable":true,"href":"https:\/\/yume-silm.com\/es\/wp-json\/wp\/v2\/comments?post=10641"}],"wp:featuredmedia":[{"embeddable":true,"href":"https:\/\/yume-silm.com\/es\/wp-json\/wp\/v2\/media\/10642"}],"wp:attachment":[{"href":"https:\/\/yume-silm.com\/es\/wp-json\/wp\/v2\/media?parent=10641"}],"wp:term":[{"taxonomy":"product_brand","embeddable":true,"href":"https:\/\/yume-silm.com\/es\/wp-json\/wp\/v2\/product_brand?post=10641"},{"taxonomy":"product_cat","embeddable":true,"href":"https:\/\/yume-silm.com\/es\/wp-json\/wp\/v2\/product_cat?post=10641"},{"taxonomy":"product_tag","embeddable":true,"href":"https:\/\/yume-silm.com\/es\/wp-json\/wp\/v2\/product_tag?post=10641"}],"curies":[{"name":"wp","href":"https:\/\/api.w.org\/{rel}","templated":true}]}}