{"id":10761,"date":"2024-08-29T05:57:18","date_gmt":"2024-08-29T05:57:18","guid":{"rendered":"https:\/\/yume-silm.com\/?post_type=product&#038;p=10761"},"modified":"2024-08-29T05:59:03","modified_gmt":"2024-08-29T05:59:03","slug":"faja-reductora-de-abdomen-con-cremallera","status":"publish","type":"product","link":"https:\/\/yume-silm.com\/es\/producto-2\/faja-reductora-de-abdomen-con-cremallera\/","title":{"rendered":"Faja moldeadora de cintura con control de abdomen y cremallera para mujer de talla grande"},"content":{"rendered":"<h5>Caracteristicas de dise\u00f1o<\/h5>\n<ul>\n<li><strong>MEJORAR LA POSTURA DE LA ESPALDA<\/strong>:Hecho de tela de compresi\u00f3n de alta elasticidad, el entrenador de cintura con control de abdomen con cremallera es f\u00e1cil de doblar y puede volver r\u00e1pidamente a su forma original, brind\u00e1ndole soporte lateral para la espalda, ayudando a levantar el pecho, aliviando el dolor corporal y corrigiendo la mala postura.<\/li>\n<li><strong>ACELERA LA P\u00c9RDIDA DE PESO<\/strong>:A trav\u00e9s de la tecnolog\u00eda avanzada de forma corporal artificial, el \u00e1rea central transpira r\u00e1pidamente, lo que eleva la temperatura del abdomen y estimula la quema de grasa, lo que le ayuda a acelerar sus objetivos de p\u00e9rdida de peso.<\/li>\n<li><strong>DISE\u00d1O INVISIBLE<\/strong>El dise\u00f1o suave y c\u00f3modo del cintur\u00f3n envolvente es completamente invisible, ya sea que lo uses dentro o fuera de la ropa. La banda para el sudor sin costuras te permite estilizarte con confianza sin preocuparte por llamar la atenci\u00f3n.<\/li>\n<li><strong>OCASIONES<\/strong>:Es ideal para el trabajo, el d\u00eda a d\u00eda, yoga, recuperaci\u00f3n posparto, gimnasio, deportes, modelado corporal, etc. y asegura una postura adecuada para un uso prolongado.<\/li>\n<\/ul>\n<h6><em>Entrenador de cintura de alta intensidad para mujeres<\/em><\/h6>\n<ul>\n<li>Este entrenador de cintura de alta intensidad para mujer incluye correas de soporte adicionales que brindan una mayor compresi\u00f3n y te ayudan a perder peso r\u00e1pidamente durante el entrenamiento de alta intensidad. Ya sea que est\u00e9s entrenando o bajando de peso, es tu aliado indispensable. Recuerda que la confianza es lo m\u00e1s importante para todos.<\/li>\n<\/ul>","protected":false},"excerpt":{"rendered":"<p>Dise\u00f1ado para aplanar el abdomen, reducir la cintura, sujetar la espalda y mejorar tu figura, este cintur\u00f3n reductor de abdomen con cremallera para mujer en talla grande es el compa\u00f1ero ideal para tu rutina de ejercicio y p\u00e9rdida de peso. Recuerda: la confianza es la mejor decoraci\u00f3n.<\/p>","protected":false},"featured_media":10762,"comment_status":"open","ping_status":"closed","template":"","meta":{"site-sidebar-layout":"default","site-content-layout":"","ast-site-content-layout":"default","site-content-style":"default","site-sidebar-style":"default","ast-global-header-display":"","ast-banner-title-visibility":"","ast-main-header-display":"","ast-hfb-above-header-display":"","ast-hfb-below-header-display":"","ast-hfb-mobile-header-display":"","site-post-title":"","ast-breadcrumbs-content":"","ast-featured-img":"","footer-sml-layout":"","ast-disable-related-posts":"","theme-transparent-header-meta":"default","adv-header-id-meta":"","stick-header-meta":"default","header-above-stick-meta":"","header-main-stick-meta":"","header-below-stick-meta":"","astra-migrate-meta-layouts":"set","ast-page-background-enabled":"default","ast-page-background-meta":{"desktop":{"background-color":"","background-image":"","background-repeat":"repeat","background-position":"center center","background-size":"auto","background-attachment":"scroll","background-type":"","background-media":"","overlay-type":"","overlay-color":"","overlay-opacity":"","overlay-gradient":""},"tablet":{"background-color":"","background-image":"","background-repeat":"repeat","background-position":"center center","background-size":"auto","background-attachment":"scroll","background-type":"","background-media":"","overlay-type":"","overlay-color":"","overlay-opacity":"","overlay-gradient":""},"mobile":{"background-color":"","background-image":"","background-repeat":"repeat","background-position":"center center","background-size":"auto","background-attachment":"scroll","background-type":"","background-media":"","overlay-type":"","overlay-color":"","overlay-opacity":"","overlay-gradient":""}},"ast-content-background-meta":{"desktop":{"background-color":"var(--ast-global-color-5)","background-image":"","background-repeat":"repeat","background-position":"center center","background-size":"auto","background-attachment":"scroll","background-type":"","background-media":"","overlay-type":"","overlay-color":"","overlay-opacity":"","overlay-gradient":""},"tablet":{"background-color":"var(--ast-global-color-5)","background-image":"","background-repeat":"repeat","background-position":"center center","background-size":"auto","background-attachment":"scroll","background-type":"","background-media":"","overlay-type":"","overlay-color":"","overlay-opacity":"","overlay-gradient":""},"mobile":{"background-color":"var(--ast-global-color-5)","background-image":"","background-repeat":"repeat","background-position":"center center","background-size":"auto","background-attachment":"scroll","background-type":"","background-media":"","overlay-type":"","overlay-color":"","overlay-opacity":"","overlay-gradient":""}}},"product_brand":[],"product_cat":[65,76,90,93,96,95],"product_tag":[663,646,885,886,887,888,697,884,491,687,500],"class_list":{"0":"post-10761","1":"product","2":"type-product","3":"status-publish","4":"has-post-thumbnail","6":"product_cat-best-sellers","7":"product_cat-new-arrivels","8":"product_cat-wholesale-waist-trainer","9":"product_cat-wholesale-plus-size-waist-trainer","10":"product_cat-sweat-waist-trainer","11":"product_cat-waist-cincher","12":"product_tag-belly","13":"product_tag-comfortable","14":"product_tag-high-intensity","15":"product_tag-improve-back","16":"product_tag-invisible-design","17":"product_tag-lift-up","18":"product_tag-loss-weight","19":"product_tag-plus-szie","20":"product_tag-seamless","21":"product_tag-soft","22":"product_tag-tummy-control","23":"pa_color-black","24":"pa_color-gray","25":"pa_size-2xl","26":"pa_size-3xl","27":"pa_size-4xl","28":"pa_size-5xl","29":"pa_size-6xl","30":"pa_size-l","31":"pa_size-m","32":"pa_size-s","33":"pa_size-xl","34":"desktop-align-center","35":"tablet-align-left","36":"mobile-align-left","37":"ast-product-gallery-layout-horizontal-slider","38":"ast-product-single-variable","39":"ast-product-tabs-layout-horizontal","40":"ast-qv-on-image","42":"first","43":"instock","44":"shipping-taxable","45":"purchasable","46":"product-type-variable"},"tiered_pricing_type":"fixed","tiered_pricing_fixed_rules":{"5":13.85,"50":12.3,"100":10.8},"tiered_pricing_product_settings":{"layout":"default","base_unit_name":{"singular":null,"plural":null},"default_variation":null},"tiered_pricing_minimum_quantity":null,"tiered_pricing_roles_data":[],"tiered_pricing_percentage_rules":[],"_links":{"self":[{"href":"https:\/\/yume-silm.com\/es\/wp-json\/wp\/v2\/product\/10761","targetHints":{"allow":["GET"]}}],"collection":[{"href":"https:\/\/yume-silm.com\/es\/wp-json\/wp\/v2\/product"}],"about":[{"href":"https:\/\/yume-silm.com\/es\/wp-json\/wp\/v2\/types\/product"}],"replies":[{"embeddable":true,"href":"https:\/\/yume-silm.com\/es\/wp-json\/wp\/v2\/comments?post=10761"}],"wp:featuredmedia":[{"embeddable":true,"href":"https:\/\/yume-silm.com\/es\/wp-json\/wp\/v2\/media\/10762"}],"wp:attachment":[{"href":"https:\/\/yume-silm.com\/es\/wp-json\/wp\/v2\/media?parent=10761"}],"wp:term":[{"taxonomy":"product_brand","embeddable":true,"href":"https:\/\/yume-silm.com\/es\/wp-json\/wp\/v2\/product_brand?post=10761"},{"taxonomy":"product_cat","embeddable":true,"href":"https:\/\/yume-silm.com\/es\/wp-json\/wp\/v2\/product_cat?post=10761"},{"taxonomy":"product_tag","embeddable":true,"href":"https:\/\/yume-silm.com\/es\/wp-json\/wp\/v2\/product_tag?post=10761"}],"curies":[{"name":"wp","href":"https:\/\/api.w.org\/{rel}","templated":true}]}}