{"id":10818,"date":"2024-08-30T06:24:52","date_gmt":"2024-08-30T06:24:52","guid":{"rendered":"https:\/\/yume-silm.com\/?post_type=product&#038;p=10818"},"modified":"2024-08-30T06:30:03","modified_gmt":"2024-08-30T06:30:03","slug":"camiseta-de-manga-corta-ajustada-de-secado-rapido-para-fitness","status":"publish","type":"product","link":"https:\/\/yume-silm.com\/es\/producto-2\/camiseta-de-manga-corta-ajustada-de-secado-rapido-para-fitness\/","title":{"rendered":"Mallas de compresi\u00f3n de secado r\u00e1pido para hombre, de manga corta"},"content":{"rendered":"<h5>Caracteristicas de dise\u00f1o<\/h5>\n<ul>\n<li><strong>DISE\u00d1O TRANSPIRABLE:<\/strong> La manga corta de compresi\u00f3n de doble capa para hombre presenta un dise\u00f1o de malla en T en la espalda transpirable que ayuda a absorber el sudor r\u00e1pidamente, manteni\u00e9ndote fresco y c\u00f3modo durante tu entrenamiento y mejorando los resultados de tu entrenamiento.<\/li>\n<li><strong>DISE\u00d1O INCONS\u00daTIL:<\/strong> Fabricada en spandex y nailon superel\u00e1stico, no te sentir\u00e1s apretada ni inc\u00f3moda durante tus entrenamientos. Su fibra altamente el\u00e1stica garantiza un ajuste c\u00f3modo, reduce las rozaduras y cuida tu piel.<\/li>\n<li><strong>DISE\u00d1O DE COMPRESI\u00d3N DE DOBLE CARA:<\/strong> Las mangas cortas ajustadas de fitness de secado r\u00e1pido para hombres protegen el tejido muscular del cuerpo a trav\u00e9s de una compresi\u00f3n de doble cara, mejoran la circulaci\u00f3n sangu\u00ednea en la superficie de la piel, reducen las molestias y el dolor durante el ejercicio y hacen que el entrenamiento sea m\u00e1s eficiente.<\/li>\n<li><strong>OCASI\u00d3N:<\/strong> Con la funci\u00f3n de ajuste abdominal, perfecto para todo tipo de actividades, compresi\u00f3n dirigida a su abdomen, mejora la presi\u00f3n abdominal, es una gran herramienta para que usted logre una forma corporal m\u00e1s en forma.<\/li>\n<\/ul>\n<p><a href=\"https:\/\/yume-silm.com\/wp-content\/uploads\/2024\/08\/Mens-Compression-Quick-Dry-Fitness-Tight-Short-Sleeve-4.png\"><img fetchpriority=\"high\" decoding=\"async\" class=\"alignnone wp-image-10826 size-medium\" src=\"https:\/\/yume-silm.com\/wp-content\/uploads\/2024\/08\/Mens-Compression-Quick-Dry-Fitness-Tight-Short-Sleeve-4-300x300.png\" alt=\"Mallas de compresi\u00f3n de secado r\u00e1pido para hombre (Yumesilm)\" width=\"300\" height=\"300\" title=\"\" srcset=\"https:\/\/yume-silm.com\/wp-content\/uploads\/2024\/08\/Mens-Compression-Quick-Dry-Fitness-Tight-Short-Sleeve-4-300x300.png 300w, https:\/\/yume-silm.com\/wp-content\/uploads\/2024\/08\/Mens-Compression-Quick-Dry-Fitness-Tight-Short-Sleeve-4-150x150.png 150w, https:\/\/yume-silm.com\/wp-content\/uploads\/2024\/08\/Mens-Compression-Quick-Dry-Fitness-Tight-Short-Sleeve-4-768x768.png 768w, https:\/\/yume-silm.com\/wp-content\/uploads\/2024\/08\/Mens-Compression-Quick-Dry-Fitness-Tight-Short-Sleeve-4-12x12.png 12w, https:\/\/yume-silm.com\/wp-content\/uploads\/2024\/08\/Mens-Compression-Quick-Dry-Fitness-Tight-Short-Sleeve-4-100x100.png 100w, https:\/\/yume-silm.com\/wp-content\/uploads\/2024\/08\/Mens-Compression-Quick-Dry-Fitness-Tight-Short-Sleeve-4.png 800w\" sizes=\"(max-width: 300px) 100vw, 300px\" \/><\/a><a href=\"https:\/\/yume-silm.com\/wp-content\/uploads\/2024\/08\/Mens-Compression-Quick-Dry-Fitness-Tight-Short-Sleeve-1-1.png\"><img decoding=\"async\" class=\"alignnone wp-image-10827 size-medium\" src=\"https:\/\/yume-silm.com\/wp-content\/uploads\/2024\/08\/Mens-Compression-Quick-Dry-Fitness-Tight-Short-Sleeve-1-1-300x300.png\" alt=\"Mallas de compresi\u00f3n de secado r\u00e1pido para hombre (Yumesilm)\" width=\"300\" height=\"300\" title=\"\" srcset=\"https:\/\/yume-silm.com\/wp-content\/uploads\/2024\/08\/Mens-Compression-Quick-Dry-Fitness-Tight-Short-Sleeve-1-1-300x300.png 300w, https:\/\/yume-silm.com\/wp-content\/uploads\/2024\/08\/Mens-Compression-Quick-Dry-Fitness-Tight-Short-Sleeve-1-1-150x150.png 150w, https:\/\/yume-silm.com\/wp-content\/uploads\/2024\/08\/Mens-Compression-Quick-Dry-Fitness-Tight-Short-Sleeve-1-1-768x768.png 768w, https:\/\/yume-silm.com\/wp-content\/uploads\/2024\/08\/Mens-Compression-Quick-Dry-Fitness-Tight-Short-Sleeve-1-1-12x12.png 12w, https:\/\/yume-silm.com\/wp-content\/uploads\/2024\/08\/Mens-Compression-Quick-Dry-Fitness-Tight-Short-Sleeve-1-1-100x100.png 100w, https:\/\/yume-silm.com\/wp-content\/uploads\/2024\/08\/Mens-Compression-Quick-Dry-Fitness-Tight-Short-Sleeve-1-1.png 800w\" sizes=\"(max-width: 300px) 100vw, 300px\" \/><\/a><\/p>\n<h6><em>Camiseta de running el\u00e1stica de secado r\u00e1pido para hombre<\/em><\/h6>\n<ul>\n<li>Con excelente elasticidad y libertad de movimiento, esta camiseta es liviana y c\u00f3moda para garantizar que disfrutes de una flexibilidad completa mientras corres o entrenas sin restricciones de movimiento.<\/li>\n<\/ul>","protected":false},"excerpt":{"rendered":"<p>Perfecta para usar durante todo el d\u00eda, esta camiseta de manga corta ajustada para fitness de secado r\u00e1pido est\u00e1 confeccionada con tela s\u00faper el\u00e1stica y presenta una espalda de malla en T estrat\u00e9gica para ayudar a absorber la transpiraci\u00f3n r\u00e1pidamente, lo que garantiza que te mantengas fresco y c\u00f3modo durante tu entrenamiento.<\/p>","protected":false},"featured_media":10822,"comment_status":"open","ping_status":"closed","template":"","meta":{"site-sidebar-layout":"default","site-content-layout":"","ast-site-content-layout":"default","site-content-style":"default","site-sidebar-style":"default","ast-global-header-display":"","ast-banner-title-visibility":"","ast-main-header-display":"","ast-hfb-above-header-display":"","ast-hfb-below-header-display":"","ast-hfb-mobile-header-display":"","site-post-title":"","ast-breadcrumbs-content":"","ast-featured-img":"","footer-sml-layout":"","ast-disable-related-posts":"","theme-transparent-header-meta":"default","adv-header-id-meta":"","stick-header-meta":"default","header-above-stick-meta":"","header-main-stick-meta":"","header-below-stick-meta":"","astra-migrate-meta-layouts":"set","ast-page-background-enabled":"default","ast-page-background-meta":{"desktop":{"background-color":"","background-image":"","background-repeat":"repeat","background-position":"center center","background-size":"auto","background-attachment":"scroll","background-type":"","background-media":"","overlay-type":"","overlay-color":"","overlay-opacity":"","overlay-gradient":""},"tablet":{"background-color":"","background-image":"","background-repeat":"repeat","background-position":"center center","background-size":"auto","background-attachment":"scroll","background-type":"","background-media":"","overlay-type":"","overlay-color":"","overlay-opacity":"","overlay-gradient":""},"mobile":{"background-color":"","background-image":"","background-repeat":"repeat","background-position":"center center","background-size":"auto","background-attachment":"scroll","background-type":"","background-media":"","overlay-type":"","overlay-color":"","overlay-opacity":"","overlay-gradient":""}},"ast-content-background-meta":{"desktop":{"background-color":"var(--ast-global-color-5)","background-image":"","background-repeat":"repeat","background-position":"center center","background-size":"auto","background-attachment":"scroll","background-type":"","background-media":"","overlay-type":"","overlay-color":"","overlay-opacity":"","overlay-gradient":""},"tablet":{"background-color":"var(--ast-global-color-5)","background-image":"","background-repeat":"repeat","background-position":"center center","background-size":"auto","background-attachment":"scroll","background-type":"","background-media":"","overlay-type":"","overlay-color":"","overlay-opacity":"","overlay-gradient":""},"mobile":{"background-color":"var(--ast-global-color-5)","background-image":"","background-repeat":"repeat","background-position":"center center","background-size":"auto","background-attachment":"scroll","background-type":"","background-media":"","overlay-type":"","overlay-color":"","overlay-opacity":"","overlay-gradient":""}}},"product_brand":[],"product_cat":[65,76,85,88],"product_tag":[492,646,783,413,892,778,491,566,891,654,185],"class_list":{"0":"post-10818","1":"product","2":"type-product","3":"status-publish","4":"has-post-thumbnail","6":"product_cat-best-sellers","7":"product_cat-new-arrivels","8":"product_cat-wholesale-mens-shapewear","9":"product_cat-wholesale-men-t-shirt-shaper","10":"product_tag-breathable","11":"product_tag-comfortable","12":"product_tag-double-layer-compression","13":"product_tag-fitness","14":"product_tag-healthy","15":"product_tag-quick-dry","16":"product_tag-seamless","17":"product_tag-short-sleeves","18":"product_tag-t-mesh-back","19":"product_tag-tight","20":"product_tag-workout","21":"pa_color-black","22":"pa_color-blue","23":"pa_color-red","24":"pa_color-white","25":"pa_size-l","26":"pa_size-m","27":"pa_size-s","28":"pa_size-xl","29":"desktop-align-center","30":"tablet-align-left","31":"mobile-align-left","32":"ast-product-gallery-layout-horizontal-slider","33":"ast-product-single-variable","34":"ast-product-tabs-layout-horizontal","35":"ast-qv-on-image","37":"first","38":"instock","39":"shipping-taxable","40":"purchasable","41":"product-type-variable"},"tiered_pricing_type":"fixed","tiered_pricing_fixed_rules":{"2":7.5,"50":7,"100":6},"tiered_pricing_product_settings":{"layout":"default","base_unit_name":{"singular":null,"plural":null},"default_variation":null},"tiered_pricing_minimum_quantity":null,"tiered_pricing_roles_data":[],"tiered_pricing_percentage_rules":[],"_links":{"self":[{"href":"https:\/\/yume-silm.com\/es\/wp-json\/wp\/v2\/product\/10818","targetHints":{"allow":["GET"]}}],"collection":[{"href":"https:\/\/yume-silm.com\/es\/wp-json\/wp\/v2\/product"}],"about":[{"href":"https:\/\/yume-silm.com\/es\/wp-json\/wp\/v2\/types\/product"}],"replies":[{"embeddable":true,"href":"https:\/\/yume-silm.com\/es\/wp-json\/wp\/v2\/comments?post=10818"}],"wp:featuredmedia":[{"embeddable":true,"href":"https:\/\/yume-silm.com\/es\/wp-json\/wp\/v2\/media\/10822"}],"wp:attachment":[{"href":"https:\/\/yume-silm.com\/es\/wp-json\/wp\/v2\/media?parent=10818"}],"wp:term":[{"taxonomy":"product_brand","embeddable":true,"href":"https:\/\/yume-silm.com\/es\/wp-json\/wp\/v2\/product_brand?post=10818"},{"taxonomy":"product_cat","embeddable":true,"href":"https:\/\/yume-silm.com\/es\/wp-json\/wp\/v2\/product_cat?post=10818"},{"taxonomy":"product_tag","embeddable":true,"href":"https:\/\/yume-silm.com\/es\/wp-json\/wp\/v2\/product_tag?post=10818"}],"curies":[{"name":"wp","href":"https:\/\/api.w.org\/{rel}","templated":true}]}}