{"id":11002,"date":"2024-09-02T06:10:05","date_gmt":"2024-09-02T06:10:05","guid":{"rendered":"https:\/\/yume-silm.com\/?post_type=product&#038;p=11002"},"modified":"2025-09-26T01:52:02","modified_gmt":"2025-09-26T01:52:02","slug":"pantalones-cortos-de-yoga-con-realce-de-gluteos-sin-costuras-y-degradados","status":"publish","type":"product","link":"https:\/\/yume-silm.com\/es\/producto-2\/pantalones-cortos-de-yoga-con-realce-de-gluteos-sin-costuras-y-degradados\/","title":{"rendered":"Pantalones cortos de yoga con efecto degradado y realce de gl\u00fateos para mujer"},"content":{"rendered":"<h5>Caracteristicas de dise\u00f1o<\/h5>\n<ul>\n<li><strong>DISE\u00d1O INCONS\u00daTIL:<\/strong>Estos pantalones cortos de yoga con realce de gl\u00fateos sin costuras y degradados pueden decir adi\u00f3s a las limitaciones de las costuras tradicionales, adaptarse al cuerpo y reducir la fricci\u00f3n, lo que le permite sentirse m\u00e1s libre y c\u00f3modo al hacer ejercicio.<\/li>\n<li><strong>LEVANTAMIENTO Y MOLDEO DE CADERA:<\/strong>La tela altamente el\u00e1stica cuidadosamente cortada se adapta a la curva del cuerpo, realza eficazmente la l\u00ednea de la cadera, crea un efecto de levantamiento de cadera natural y completo y te ayuda a mostrar con confianza tu encantadora figura.<\/li>\n<li><strong>COLOR DEGRADADO:<\/strong>El dise\u00f1o de color degradado transpirable, c\u00f3modo y de moda le da a los pantalones cortos de yoga una sensaci\u00f3n \u00fanica de capas visuales, que no solo mejora el efecto del ejercicio, sino que tambi\u00e9n agrega un toque de color a tu estilo deportivo.<\/li>\n<li><strong>OPCIONES M\u00daLTIPLES:<\/strong>Hay una variedad de colores y tama\u00f1os degradados disponibles para satisfacer sus necesidades individuales, combinando moda y personalidad a la perfecci\u00f3n, haci\u00e9ndole destacar entre la multitud.<\/li>\n<\/ul>\n<p><a href=\"https:\/\/yume-silm.com\/wp-content\/uploads\/2024\/09\/Womens-Gradient-Seamless-Butt-Lifting-Yoga-Shorts-1.jpg\"><img fetchpriority=\"high\" decoding=\"async\" class=\"alignnone wp-image-11005 size-medium\" src=\"https:\/\/yume-silm.com\/wp-content\/uploads\/2024\/09\/Womens-Gradient-Seamless-Butt-Lifting-Yoga-Shorts-1-300x300.jpg\" alt=\"Pantalones cortos de yoga con efecto degradado y realce de gl\u00fateos para mujer (yumesilm)\" width=\"300\" height=\"300\" title=\"\" srcset=\"https:\/\/yume-silm.com\/wp-content\/uploads\/2024\/09\/Womens-Gradient-Seamless-Butt-Lifting-Yoga-Shorts-1-300x300.jpg 300w, https:\/\/yume-silm.com\/wp-content\/uploads\/2024\/09\/Womens-Gradient-Seamless-Butt-Lifting-Yoga-Shorts-1-150x150.jpg 150w, https:\/\/yume-silm.com\/wp-content\/uploads\/2024\/09\/Womens-Gradient-Seamless-Butt-Lifting-Yoga-Shorts-1-768x768.jpg 768w, https:\/\/yume-silm.com\/wp-content\/uploads\/2024\/09\/Womens-Gradient-Seamless-Butt-Lifting-Yoga-Shorts-1-12x12.jpg 12w, https:\/\/yume-silm.com\/wp-content\/uploads\/2024\/09\/Womens-Gradient-Seamless-Butt-Lifting-Yoga-Shorts-1-100x100.jpg 100w, https:\/\/yume-silm.com\/wp-content\/uploads\/2024\/09\/Womens-Gradient-Seamless-Butt-Lifting-Yoga-Shorts-1.jpg 800w\" sizes=\"(max-width: 300px) 100vw, 300px\" \/><\/a><a href=\"https:\/\/yume-silm.com\/wp-content\/uploads\/2024\/09\/Womens-Gradient-Seamless-Butt-Lifting-Yoga-Shorts-1-1.jpg\"><img decoding=\"async\" class=\"alignnone wp-image-11006 size-medium\" src=\"https:\/\/yume-silm.com\/wp-content\/uploads\/2024\/09\/Womens-Gradient-Seamless-Butt-Lifting-Yoga-Shorts-1-1-300x300.jpg\" alt=\"Pantalones cortos de yoga con efecto degradado y realce de gl\u00fateos para mujer (yumesilm)\" width=\"300\" height=\"300\" title=\"\" srcset=\"https:\/\/yume-silm.com\/wp-content\/uploads\/2024\/09\/Womens-Gradient-Seamless-Butt-Lifting-Yoga-Shorts-1-1-300x300.jpg 300w, https:\/\/yume-silm.com\/wp-content\/uploads\/2024\/09\/Womens-Gradient-Seamless-Butt-Lifting-Yoga-Shorts-1-1-150x150.jpg 150w, https:\/\/yume-silm.com\/wp-content\/uploads\/2024\/09\/Womens-Gradient-Seamless-Butt-Lifting-Yoga-Shorts-1-1-768x768.jpg 768w, https:\/\/yume-silm.com\/wp-content\/uploads\/2024\/09\/Womens-Gradient-Seamless-Butt-Lifting-Yoga-Shorts-1-1-12x12.jpg 12w, https:\/\/yume-silm.com\/wp-content\/uploads\/2024\/09\/Womens-Gradient-Seamless-Butt-Lifting-Yoga-Shorts-1-1-100x100.jpg 100w, https:\/\/yume-silm.com\/wp-content\/uploads\/2024\/09\/Womens-Gradient-Seamless-Butt-Lifting-Yoga-Shorts-1-1.jpg 800w\" sizes=\"(max-width: 300px) 100vw, 300px\" \/><\/a><\/p>\n<h6><em>Pantalones cortos de yoga transpirables y el\u00e1sticos con degradado para mujer<\/em><\/h6>\n<ul>\n<li>Fabricados con tela suave y transpirable para garantizar sequedad y comodidad durante los entrenamientos intensos, estos pantalones cortos de yoga te mantienen c\u00f3modo durante todo el d\u00eda y son ideales para yoga, el gimnasio o el uso diario.<\/li>\n<\/ul>","protected":false},"excerpt":{"rendered":"<p>Los pantalones cortos de yoga con realce de gl\u00fateos sin costuras y degradados se convierten en un art\u00edculo imprescindible de moda en tu equipo de entrenamiento, ayud\u00e1ndote a mostrar elegancia con confianza y crear las curvas perfectas ideales en los deportes y en la vida.<\/p>","protected":false},"featured_media":11003,"comment_status":"open","ping_status":"closed","template":"","meta":{"site-sidebar-layout":"default","site-content-layout":"","ast-site-content-layout":"default","site-content-style":"default","site-sidebar-style":"default","ast-global-header-display":"","ast-banner-title-visibility":"","ast-main-header-display":"","ast-hfb-above-header-display":"","ast-hfb-below-header-display":"","ast-hfb-mobile-header-display":"","site-post-title":"","ast-breadcrumbs-content":"","ast-featured-img":"","footer-sml-layout":"","ast-disable-related-posts":"","theme-transparent-header-meta":"default","adv-header-id-meta":"","stick-header-meta":"default","header-above-stick-meta":"","header-main-stick-meta":"","header-below-stick-meta":"","astra-migrate-meta-layouts":"set","ast-page-background-enabled":"default","ast-page-background-meta":{"desktop":{"background-color":"","background-image":"","background-repeat":"repeat","background-position":"center center","background-size":"auto","background-attachment":"scroll","background-type":"","background-media":"","overlay-type":"","overlay-color":"","overlay-opacity":"","overlay-gradient":""},"tablet":{"background-color":"","background-image":"","background-repeat":"repeat","background-position":"center center","background-size":"auto","background-attachment":"scroll","background-type":"","background-media":"","overlay-type":"","overlay-color":"","overlay-opacity":"","overlay-gradient":""},"mobile":{"background-color":"","background-image":"","background-repeat":"repeat","background-position":"center center","background-size":"auto","background-attachment":"scroll","background-type":"","background-media":"","overlay-type":"","overlay-color":"","overlay-opacity":"","overlay-gradient":""}},"ast-content-background-meta":{"desktop":{"background-color":"var(--ast-global-color-5)","background-image":"","background-repeat":"repeat","background-position":"center center","background-size":"auto","background-attachment":"scroll","background-type":"","background-media":"","overlay-type":"","overlay-color":"","overlay-opacity":"","overlay-gradient":""},"tablet":{"background-color":"var(--ast-global-color-5)","background-image":"","background-repeat":"repeat","background-position":"center center","background-size":"auto","background-attachment":"scroll","background-type":"","background-media":"","overlay-type":"","overlay-color":"","overlay-opacity":"","overlay-gradient":""},"mobile":{"background-color":"var(--ast-global-color-5)","background-image":"","background-repeat":"repeat","background-position":"center center","background-size":"auto","background-attachment":"scroll","background-type":"","background-media":"","overlay-type":"","overlay-color":"","overlay-opacity":"","overlay-gradient":""}}},"product_brand":[],"product_cat":[65,76,734,736],"product_tag":[492,910,675,777,701,924,822,811,915,925,491,185],"class_list":{"0":"post-11002","1":"product","2":"type-product","3":"status-publish","4":"has-post-thumbnail","6":"product_cat-best-sellers","7":"product_cat-new-arrivels","8":"product_cat-yoga-suits","9":"product_cat-yoga-shorts","10":"product_tag-breathable","11":"product_tag-butt-lifting","12":"product_tag-charming","13":"product_tag-confident","14":"product_tag-fashionable","15":"product_tag-gradient","16":"product_tag-high-stretch","17":"product_tag-hip-lifting","18":"product_tag-individual","19":"product_tag-multiple-choices","20":"product_tag-seamless","21":"product_tag-workout","22":"pa_color-gray-gradient-blue","23":"pa_color-gray-gradient-green","24":"pa_color-gray-gradient-white","25":"pa_color-orange-gradient-gray","26":"pa_color-orange-gradient-yellow","27":"pa_color-pink-gradient-gray","28":"pa_color-pink-gradient-white","29":"pa_color-purple-gradient-light-blue","30":"pa_size-l","31":"pa_size-m","32":"pa_size-s","33":"desktop-align-center","34":"tablet-align-left","35":"mobile-align-left","36":"ast-product-gallery-layout-horizontal-slider","37":"ast-product-single-variable","38":"ast-product-tabs-layout-horizontal","39":"ast-qv-on-image","41":"first","42":"instock","43":"shipping-taxable","44":"purchasable","45":"product-type-variable"},"tiered_pricing_type":"fixed","tiered_pricing_fixed_rules":{"5":4.1,"50":3.6,"100":3.2},"tiered_pricing_product_settings":{"layout":"default","base_unit_name":{"singular":null,"plural":null},"default_variation":null},"tiered_pricing_minimum_quantity":null,"tiered_pricing_roles_data":[],"tiered_pricing_percentage_rules":[],"_links":{"self":[{"href":"https:\/\/yume-silm.com\/es\/wp-json\/wp\/v2\/product\/11002","targetHints":{"allow":["GET"]}}],"collection":[{"href":"https:\/\/yume-silm.com\/es\/wp-json\/wp\/v2\/product"}],"about":[{"href":"https:\/\/yume-silm.com\/es\/wp-json\/wp\/v2\/types\/product"}],"replies":[{"embeddable":true,"href":"https:\/\/yume-silm.com\/es\/wp-json\/wp\/v2\/comments?post=11002"}],"wp:featuredmedia":[{"embeddable":true,"href":"https:\/\/yume-silm.com\/es\/wp-json\/wp\/v2\/media\/11003"}],"wp:attachment":[{"href":"https:\/\/yume-silm.com\/es\/wp-json\/wp\/v2\/media?parent=11002"}],"wp:term":[{"taxonomy":"product_brand","embeddable":true,"href":"https:\/\/yume-silm.com\/es\/wp-json\/wp\/v2\/product_brand?post=11002"},{"taxonomy":"product_cat","embeddable":true,"href":"https:\/\/yume-silm.com\/es\/wp-json\/wp\/v2\/product_cat?post=11002"},{"taxonomy":"product_tag","embeddable":true,"href":"https:\/\/yume-silm.com\/es\/wp-json\/wp\/v2\/product_tag?post=11002"}],"curies":[{"name":"wp","href":"https:\/\/api.w.org\/{rel}","templated":true}]}}