{"id":11251,"date":"2024-09-09T06:42:47","date_gmt":"2024-09-09T06:42:47","guid":{"rendered":"https:\/\/yume-silm.com\/?post_type=product&#038;p=11251"},"modified":"2025-07-21T01:51:54","modified_gmt":"2025-07-21T01:51:54","slug":"traje-de-yoga-de-manga-larga-con-efecto-espiral-de-secado-rapido","status":"publish","type":"product","link":"https:\/\/yume-silm.com\/es\/producto-2\/traje-de-yoga-de-manga-larga-con-efecto-espiral-de-secado-rapido\/","title":{"rendered":"Traje de yoga de manga larga con efecto espiral de secado r\u00e1pido para mujer"},"content":{"rendered":"<h5>Caracteristicas de dise\u00f1o<\/h5>\n<ul>\n<li><strong>TELA DE SECADO R\u00c1PIDO:<\/strong> El traje de yoga de manga larga de secado r\u00e1pido absorbe la humedad, mantiene la piel seca y est\u00e1 dise\u00f1ado para deportes de alta intensidad.<\/li>\n<li><strong>DISE\u00d1O ROSCADO:<\/strong> Se adapta al cuerpo, muestra hermosas l\u00edneas, mejora la elasticidad de la tela y brinda una gama completa de sensaci\u00f3n envolvente.<\/li>\n<li><strong>OCASIONES APLICABLES:<\/strong> Este conjunto de yoga se puede usar en cualquier ocasi\u00f3n, ya sea para hacer ejercicio, hacer yoga, trotar o hacer ejercicio de alta intensidad, puede hacer frente f\u00e1cilmente a diferentes ocasiones deportivas.<\/li>\n<li><strong>COLORES DE MODA:<\/strong> Una variedad de colores para satisfacer las necesidades de diferentes estilos, ya sea en el campo deportivo o en el uso diario, puedes mostrar tu yo \u00fanico.<\/li>\n<\/ul>\n<h6><em>Traje de entrenamiento ajustado sin costuras para mujer<\/em><\/h6>\n<ul>\n<li>Al usar este traje de entrenamiento ajustado, la combinaci\u00f3n de moda y personalidad, dise\u00f1o de hilo \u00fanico, todo puede brindarle una gama completa de sensaci\u00f3n de envoltura, para que pueda mostrar lo m\u00e1s seguro posible.<\/li>\n<\/ul>\n<p>&nbsp;<\/p>","protected":false},"excerpt":{"rendered":"<p>Deje que este traje de yoga de manga larga de secado r\u00e1pido se convierta en un art\u00edculo imprescindible en su guardarropa deportivo, aporte elegancia y confianza a los deportes e inspire un potencial ilimitado.<\/p>","protected":false},"featured_media":11252,"comment_status":"open","ping_status":"closed","template":"","meta":{"site-sidebar-layout":"default","site-content-layout":"","ast-site-content-layout":"default","site-content-style":"default","site-sidebar-style":"default","ast-global-header-display":"","ast-banner-title-visibility":"","ast-main-header-display":"","ast-hfb-above-header-display":"","ast-hfb-below-header-display":"","ast-hfb-mobile-header-display":"","site-post-title":"","ast-breadcrumbs-content":"","ast-featured-img":"","footer-sml-layout":"","ast-disable-related-posts":"","theme-transparent-header-meta":"default","adv-header-id-meta":"","stick-header-meta":"default","header-above-stick-meta":"","header-main-stick-meta":"","header-below-stick-meta":"","astra-migrate-meta-layouts":"set","ast-page-background-enabled":"default","ast-page-background-meta":{"desktop":{"background-color":"","background-image":"","background-repeat":"repeat","background-position":"center center","background-size":"auto","background-attachment":"scroll","background-type":"","background-media":"","overlay-type":"","overlay-color":"","overlay-opacity":"","overlay-gradient":""},"tablet":{"background-color":"","background-image":"","background-repeat":"repeat","background-position":"center center","background-size":"auto","background-attachment":"scroll","background-type":"","background-media":"","overlay-type":"","overlay-color":"","overlay-opacity":"","overlay-gradient":""},"mobile":{"background-color":"","background-image":"","background-repeat":"repeat","background-position":"center center","background-size":"auto","background-attachment":"scroll","background-type":"","background-media":"","overlay-type":"","overlay-color":"","overlay-opacity":"","overlay-gradient":""}},"ast-content-background-meta":{"desktop":{"background-color":"var(--ast-global-color-5)","background-image":"","background-repeat":"repeat","background-position":"center center","background-size":"auto","background-attachment":"scroll","background-type":"","background-media":"","overlay-type":"","overlay-color":"","overlay-opacity":"","overlay-gradient":""},"tablet":{"background-color":"var(--ast-global-color-5)","background-image":"","background-repeat":"repeat","background-position":"center center","background-size":"auto","background-attachment":"scroll","background-type":"","background-media":"","overlay-type":"","overlay-color":"","overlay-opacity":"","overlay-gradient":""},"mobile":{"background-color":"var(--ast-global-color-5)","background-image":"","background-repeat":"repeat","background-position":"center center","background-size":"auto","background-attachment":"scroll","background-type":"","background-media":"","overlay-type":"","overlay-color":"","overlay-opacity":"","overlay-gradient":""}}},"product_brand":[],"product_cat":[76,65,734,735,736],"product_tag":[701,183,778,491,952,654,896],"class_list":{"0":"post-11251","1":"product","2":"type-product","3":"status-publish","4":"has-post-thumbnail","6":"product_cat-new-arrivels","7":"product_cat-best-sellers","8":"product_cat-yoga-suits","9":"product_cat-yoga-tops","10":"product_cat-yoga-shorts","11":"product_tag-fashionable","12":"product_tag-long-sleeve","13":"product_tag-quick-dry","14":"product_tag-seamless","15":"product_tag-threaded","16":"product_tag-tight","17":"product_tag-yoga-suit","18":"pa_color-blue","19":"pa_color-green","20":"pa_color-olive","21":"pa_color-pink","22":"pa_color-red","23":"pa_size-l","24":"pa_size-m","25":"pa_size-s","26":"pa_size-xl","27":"desktop-align-center","28":"tablet-align-left","29":"mobile-align-left","30":"ast-product-gallery-layout-horizontal-slider","31":"ast-product-single-variable","32":"ast-product-tabs-layout-horizontal","33":"ast-qv-on-image","35":"first","36":"instock","37":"shipping-taxable","38":"purchasable","39":"product-type-variable"},"tiered_pricing_type":"fixed","tiered_pricing_fixed_rules":{"5":11.5,"50":11,"100":10},"tiered_pricing_product_settings":{"layout":"default","base_unit_name":{"singular":null,"plural":null},"default_variation":null},"tiered_pricing_minimum_quantity":null,"tiered_pricing_roles_data":[],"tiered_pricing_percentage_rules":[],"_links":{"self":[{"href":"https:\/\/yume-silm.com\/es\/wp-json\/wp\/v2\/product\/11251","targetHints":{"allow":["GET"]}}],"collection":[{"href":"https:\/\/yume-silm.com\/es\/wp-json\/wp\/v2\/product"}],"about":[{"href":"https:\/\/yume-silm.com\/es\/wp-json\/wp\/v2\/types\/product"}],"replies":[{"embeddable":true,"href":"https:\/\/yume-silm.com\/es\/wp-json\/wp\/v2\/comments?post=11251"}],"wp:featuredmedia":[{"embeddable":true,"href":"https:\/\/yume-silm.com\/es\/wp-json\/wp\/v2\/media\/11252"}],"wp:attachment":[{"href":"https:\/\/yume-silm.com\/es\/wp-json\/wp\/v2\/media?parent=11251"}],"wp:term":[{"taxonomy":"product_brand","embeddable":true,"href":"https:\/\/yume-silm.com\/es\/wp-json\/wp\/v2\/product_brand?post=11251"},{"taxonomy":"product_cat","embeddable":true,"href":"https:\/\/yume-silm.com\/es\/wp-json\/wp\/v2\/product_cat?post=11251"},{"taxonomy":"product_tag","embeddable":true,"href":"https:\/\/yume-silm.com\/es\/wp-json\/wp\/v2\/product_tag?post=11251"}],"curies":[{"name":"wp","href":"https:\/\/api.w.org\/{rel}","templated":true}]}}