{"id":11415,"date":"2024-09-13T08:09:24","date_gmt":"2024-09-13T08:09:24","guid":{"rendered":"https:\/\/yume-silm.com\/?post_type=product&#038;p=11415"},"modified":"2024-09-13T08:10:45","modified_gmt":"2024-09-13T08:10:45","slug":"chaleco-de-sauna-transpirable-y-ajustado-con-cremallera-para-hombre","status":"publish","type":"product","link":"https:\/\/yume-silm.com\/es\/producto-2\/chaleco-de-sauna-transpirable-y-ajustado-con-cremallera-para-hombre\/","title":{"rendered":"Chaleco de sauna transpirable y ajustado con cremallera para hombre"},"content":{"rendered":"<h5 data-slate-node=\"element\"><span data-slate-node=\"text\"><span class=\"21\" data-slate-leaf=\"true\">Caracteristicas de dise\u00f1o<\/span><\/span><\/h5>\n<ul>\n<li><strong>TELA TRANSPIRABLE<\/strong>Chaleco de sauna transpirable y ajustado con cremallera hecho de tela transpirable de alta elasticidad para garantizar que no se sienta congestionado mientras hace ejercicio, la tela de alta elasticidad se adapta mejor a su piel, lo que le permite moverse con mayor libertad y mantenerse seco y c\u00f3modo todo el d\u00eda.<\/li>\n<li><strong>AJUSTE CE\u00d1IDO<\/strong>:El dise\u00f1o de ajuste ce\u00f1ido abraza las curvas de su cuerpo y proporciona un fuerte efecto de cors\u00e9, lo que ayuda a crear una forma corporal m\u00e1s firme al tiempo que brinda mucho apoyo durante el ejercicio.<\/li>\n<li><strong>DISE\u00d1O DE CREMALLERA<\/strong>:El dise\u00f1o de cremallera no solo agrega comodidad, sino que tambi\u00e9n hace que sea m\u00e1s f\u00e1cil y c\u00f3modo de poner y quitar, adecuado para diferentes tipos de cuerpo.<\/li>\n<li><strong>P\u00c9RDIDA DE PESO<\/strong>:Ayuda a expulsar el exceso de agua del cuerpo, promueve eficazmente la sudoraci\u00f3n, aumenta el metabolismo, acelera la quema de grasa y mejora el efecto adelgazante. Efecto \u00fanico de conservaci\u00f3n del calor para lograr un cuerpo sano y adelgazante.<\/li>\n<\/ul>\n<h6><em>Chaleco de sauna para p\u00e9rdida de peso para hombres<\/em><\/h6>\n<ul>\n<li>Este chaleco para bajar de peso puede ayudarte a eliminar el exceso de agua en tu cuerpo m\u00e1s r\u00e1pido, quemar grasa, acelerar la p\u00e9rdida de peso y darte una mejor forma corporal.<\/li>\n<\/ul>","protected":false},"excerpt":{"rendered":"<p>Este chaleco de sauna ajustado y transpirable con cremallera te ayudar\u00e1 a eliminar el exceso de agua de tu cuerpo m\u00e1s r\u00e1pido, quemar grasa, acelerar la p\u00e9rdida de peso y te ayudar\u00e1 a tener un mejor cuerpo.<\/p>","protected":false},"featured_media":11416,"comment_status":"open","ping_status":"closed","template":"","meta":{"site-sidebar-layout":"default","site-content-layout":"","ast-site-content-layout":"default","site-content-style":"default","site-sidebar-style":"default","ast-global-header-display":"","ast-banner-title-visibility":"","ast-main-header-display":"","ast-hfb-above-header-display":"","ast-hfb-below-header-display":"","ast-hfb-mobile-header-display":"","site-post-title":"","ast-breadcrumbs-content":"","ast-featured-img":"","footer-sml-layout":"","ast-disable-related-posts":"","theme-transparent-header-meta":"default","adv-header-id-meta":"","stick-header-meta":"default","header-above-stick-meta":"","header-main-stick-meta":"","header-below-stick-meta":"","astra-migrate-meta-layouts":"set","ast-page-background-enabled":"default","ast-page-background-meta":{"desktop":{"background-color":"","background-image":"","background-repeat":"repeat","background-position":"center center","background-size":"auto","background-attachment":"scroll","background-type":"","background-media":"","overlay-type":"","overlay-color":"","overlay-opacity":"","overlay-gradient":""},"tablet":{"background-color":"","background-image":"","background-repeat":"repeat","background-position":"center center","background-size":"auto","background-attachment":"scroll","background-type":"","background-media":"","overlay-type":"","overlay-color":"","overlay-opacity":"","overlay-gradient":""},"mobile":{"background-color":"","background-image":"","background-repeat":"repeat","background-position":"center center","background-size":"auto","background-attachment":"scroll","background-type":"","background-media":"","overlay-type":"","overlay-color":"","overlay-opacity":"","overlay-gradient":""}},"ast-content-background-meta":{"desktop":{"background-color":"var(--ast-global-color-5)","background-image":"","background-repeat":"repeat","background-position":"center center","background-size":"auto","background-attachment":"scroll","background-type":"","background-media":"","overlay-type":"","overlay-color":"","overlay-opacity":"","overlay-gradient":""},"tablet":{"background-color":"var(--ast-global-color-5)","background-image":"","background-repeat":"repeat","background-position":"center center","background-size":"auto","background-attachment":"scroll","background-type":"","background-media":"","overlay-type":"","overlay-color":"","overlay-opacity":"","overlay-gradient":""},"mobile":{"background-color":"var(--ast-global-color-5)","background-image":"","background-repeat":"repeat","background-position":"center center","background-size":"auto","background-attachment":"scroll","background-type":"","background-media":"","overlay-type":"","overlay-color":"","overlay-opacity":"","overlay-gradient":""}}},"product_brand":[],"product_cat":[65,76,97,100],"product_tag":[492,646,460,166,522,654,558,972],"class_list":{"0":"post-11415","1":"product","2":"type-product","3":"status-publish","4":"has-post-thumbnail","6":"product_cat-best-sellers","7":"product_cat-new-arrivels","8":"product_cat-sauna-suit","9":"product_cat-sauna-tops","10":"product_tag-breathable","11":"product_tag-comfortable","12":"product_tag-high-elasticity","13":"product_tag-sauna-vest","14":"product_tag-tank-top","15":"product_tag-tight","16":"product_tag-weight-loss","17":"product_tag-zip-up","18":"pa_color-black","19":"pa_size-2xl","20":"pa_size-3xl","21":"pa_size-l","22":"pa_size-m","23":"pa_size-s","24":"pa_size-xl","25":"desktop-align-center","26":"tablet-align-left","27":"mobile-align-left","28":"ast-product-gallery-layout-horizontal-slider","29":"ast-product-single-variable","30":"ast-product-tabs-layout-horizontal","31":"ast-qv-on-image","33":"first","34":"instock","35":"shipping-taxable","36":"purchasable","37":"product-type-variable"},"tiered_pricing_type":"fixed","tiered_pricing_fixed_rules":{"2":4,"50":3.5,"100":2.99},"tiered_pricing_product_settings":{"layout":"default","base_unit_name":{"singular":null,"plural":null},"default_variation":null},"tiered_pricing_minimum_quantity":null,"tiered_pricing_roles_data":[],"tiered_pricing_percentage_rules":[],"_links":{"self":[{"href":"https:\/\/yume-silm.com\/es\/wp-json\/wp\/v2\/product\/11415","targetHints":{"allow":["GET"]}}],"collection":[{"href":"https:\/\/yume-silm.com\/es\/wp-json\/wp\/v2\/product"}],"about":[{"href":"https:\/\/yume-silm.com\/es\/wp-json\/wp\/v2\/types\/product"}],"replies":[{"embeddable":true,"href":"https:\/\/yume-silm.com\/es\/wp-json\/wp\/v2\/comments?post=11415"}],"wp:featuredmedia":[{"embeddable":true,"href":"https:\/\/yume-silm.com\/es\/wp-json\/wp\/v2\/media\/11416"}],"wp:attachment":[{"href":"https:\/\/yume-silm.com\/es\/wp-json\/wp\/v2\/media?parent=11415"}],"wp:term":[{"taxonomy":"product_brand","embeddable":true,"href":"https:\/\/yume-silm.com\/es\/wp-json\/wp\/v2\/product_brand?post=11415"},{"taxonomy":"product_cat","embeddable":true,"href":"https:\/\/yume-silm.com\/es\/wp-json\/wp\/v2\/product_cat?post=11415"},{"taxonomy":"product_tag","embeddable":true,"href":"https:\/\/yume-silm.com\/es\/wp-json\/wp\/v2\/product_tag?post=11415"}],"curies":[{"name":"wp","href":"https:\/\/api.w.org\/{rel}","templated":true}]}}